{"id":98,"date":"2010-03-15T08:40:57","date_gmt":"2010-03-15T08:40:57","guid":{"rendered":"http:\/\/www.austrianweb.at\/drucksorten\/wordpress\/?p=98"},"modified":"2017-03-15T15:13:20","modified_gmt":"2017-03-15T15:13:20","slug":"fahnen","status":"publish","type":"page","link":"https:\/\/www.austrianweb.at\/drucksorten\/fahnen\/","title":{"rendered":"Fahnen"},"content":{"rendered":"<p>Qualit\u00e4ts Fahnen \u00a0und Masten f\u00fcr jeden Einsatz. Mobil oder station\u00e4r, gro\u00df oder klein f\u00fcr Drinnen und\/oder Drau\u00dfen. Fahnen k\u00f6nnen vielfach eingesetzt werden.<\/p>\n<p>Am meisten gekauft werden bei uns folgende <a href=\"https:\/\/www.austrianweb.at\/drucksorten\/produktuebersicht\/\">Produkte<\/a>:<\/p>\n<ul>\n<li>Mobiler Fahnenmast<\/li>\n<li>Hissfahnen<\/li>\n<li>Auslegerfahnen<\/li>\n<li>Knatterfahnen<\/li>\n<li>Beachflags<\/li>\n<\/ul>\n<p>Aber auch folgendes bieten wir an:<\/p>\n<p><strong>Fahnensysteme:<\/strong><\/p>\n<ul>\n<li>Bannerfahnen<\/li>\n<li>Beachflags<\/li>\n<li>Bundesl\u00e4nder- und Gemeindefahnen<\/li>\n<li>EU Sonderfahnen<\/li>\n<li>Eventfahnen<\/li>\n<li>Fahnenb\u00e4nder<\/li>\n<li>Fahnenmasten<\/li>\n<li>Hausfahnen<\/li>\n<li>Hissfahnen<\/li>\n<li>Internationale L\u00e4nderfahnen<\/li>\n<li>Knatterfahnen<\/li>\n<li>Mobiler Fahnenmast<\/li>\n<li>Organisations- u. Sonderfahnen<\/li>\n<li>Reklamefahnen<\/li>\n<li>Sch\u00e4rpen<\/li>\n<li>Segelfahnen<\/li>\n<li>Standarten<\/li>\n<li>Tischbanner u. Tischst\u00e4nder<\/li>\n<li>Trendfahnen<\/li>\n<li>Vereins- u. Traditionsfahnen<\/li>\n<li>&#8230;&#8230;<\/li>\n<\/ul>\n<p>&nbsp;<\/p>\n<p>&nbsp;<\/p>\n<p>&nbsp;<\/p>\n","protected":false},"excerpt":{"rendered":"<p>Qualit\u00e4ts Fahnen \u00a0und Masten f\u00fcr jeden Einsatz. Mobil oder station\u00e4r, gro\u00df oder klein f\u00fcr Drinnen und\/oder Drau\u00dfen. Fahnen k\u00f6nnen vielfach eingesetzt werden. Am meisten gekauft werden bei uns folgende Produkte: Mobiler Fahnenmast Hissfahnen Auslegerfahnen Knatterfahnen Beachflags Aber auch folgendes bieten wir an: Fahnensysteme: Bannerfahnen Beachflags Bundesl\u00e4nder- und Gemeindefahnen EU Sonderfahnen Eventfahnen Fahnenb\u00e4nder Fahnenmasten Hausfahnen Hissfahnen [&hellip;]<\/p>\n","protected":false},"author":6,"featured_media":0,"parent":0,"menu_order":0,"comment_status":"closed","ping_status":"open","template":"","meta":{"footnotes":""},"yoast_head":"<!-- This site is optimized with the Yoast SEO plugin v22.5 - https:\/\/yoast.com\/wordpress\/plugins\/seo\/ -->\n<title>Fahnen und Beachflags<\/title>\n<meta name=\"description\" content=\"Mit station\u00e4ren oder flexiblen Fahnen oder Beachflags pr\u00e4sentieren Sie wahlweise Ihr Unternehmen, einen Event oder sonst eine Ihnen wichtige Botschaft.\" \/>\n<meta name=\"robots\" content=\"index, follow, max-snippet:-1, max-image-preview:large, max-video-preview:-1\" \/>\n<link rel=\"canonical\" href=\"https:\/\/www.austrianweb.at\/drucksorten\/fahnen\/\" \/>\n<meta property=\"og:locale\" content=\"de_DE\" \/>\n<meta property=\"og:type\" content=\"article\" \/>\n<meta property=\"og:title\" content=\"Fahnen und Beachflags\" \/>\n<meta property=\"og:description\" content=\"Mit station\u00e4ren oder flexiblen Fahnen oder Beachflags pr\u00e4sentieren Sie wahlweise Ihr Unternehmen, einen Event oder sonst eine Ihnen wichtige Botschaft.\" \/>\n<meta property=\"og:url\" content=\"https:\/\/www.austrianweb.at\/drucksorten\/fahnen\/\" \/>\n<meta property=\"og:site_name\" content=\"Qualitativ hochwertige Drucksorten aller Art\" \/>\n<meta property=\"article:publisher\" content=\"https:\/\/www.facebook.com\/pages\/Austrianweb-Suchmaschinenoptimierung\/\" \/>\n<meta property=\"article:modified_time\" content=\"2017-03-15T15:13:20+00:00\" \/>\n<meta property=\"og:image\" content=\"https:\/\/www.austrianweb.at\/drucksorten\/wp-content\/uploads\/Austrianweb-Logo-180.png\" \/>\n\t<meta property=\"og:image:width\" content=\"180\" \/>\n\t<meta property=\"og:image:height\" content=\"209\" \/>\n\t<meta property=\"og:image:type\" content=\"image\/png\" \/>\n<script type=\"application\/ld+json\" class=\"yoast-schema-graph\">{\"@context\":\"https:\/\/schema.org\",\"@graph\":[{\"@type\":\"WebPage\",\"@id\":\"https:\/\/www.austrianweb.at\/drucksorten\/fahnen\/\",\"url\":\"https:\/\/www.austrianweb.at\/drucksorten\/fahnen\/\",\"name\":\"Fahnen und Beachflags\",\"isPartOf\":{\"@id\":\"https:\/\/www.austrianweb.at\/drucksorten\/#website\"},\"datePublished\":\"2010-03-15T08:40:57+00:00\",\"dateModified\":\"2017-03-15T15:13:20+00:00\",\"description\":\"Mit station\u00e4ren oder flexiblen Fahnen oder Beachflags pr\u00e4sentieren Sie wahlweise Ihr Unternehmen, einen Event oder sonst eine Ihnen wichtige Botschaft.\",\"inLanguage\":\"de\",\"potentialAction\":[{\"@type\":\"ReadAction\",\"target\":[\"https:\/\/www.austrianweb.at\/drucksorten\/fahnen\/\"]}]},{\"@type\":\"WebSite\",\"@id\":\"https:\/\/www.austrianweb.at\/drucksorten\/#website\",\"url\":\"https:\/\/www.austrianweb.at\/drucksorten\/\",\"name\":\"Qualitativ hochwertige Drucksorten aller Art\",\"description\":\"Gesch\u00e4fts- u. Werbedrucksorten - Printartikel f\u00fcr Point of sale\",\"publisher\":{\"@id\":\"https:\/\/www.austrianweb.at\/drucksorten\/#organization\"},\"potentialAction\":[{\"@type\":\"SearchAction\",\"target\":{\"@type\":\"EntryPoint\",\"urlTemplate\":\"https:\/\/www.austrianweb.at\/drucksorten\/?s={search_term_string}\"},\"query-input\":\"required name=search_term_string\"}],\"inLanguage\":\"de\"},{\"@type\":\"Organization\",\"@id\":\"https:\/\/www.austrianweb.at\/drucksorten\/#organization\",\"name\":\"Austrianweb\",\"url\":\"https:\/\/www.austrianweb.at\/drucksorten\/\",\"logo\":{\"@type\":\"ImageObject\",\"inLanguage\":\"de\",\"@id\":\"https:\/\/www.austrianweb.at\/drucksorten\/#\/schema\/logo\/image\/\",\"url\":\"https:\/\/www.austrianweb.at\/drucksorten\/wp-content\/uploads\/Austrianweb-Logo-180.png\",\"contentUrl\":\"https:\/\/www.austrianweb.at\/drucksorten\/wp-content\/uploads\/Austrianweb-Logo-180.png\",\"width\":180,\"height\":209,\"caption\":\"Austrianweb\"},\"image\":{\"@id\":\"https:\/\/www.austrianweb.at\/drucksorten\/#\/schema\/logo\/image\/\"},\"sameAs\":[\"https:\/\/www.facebook.com\/pages\/Austrianweb-Suchmaschinenoptimierung\/\",\"https:\/\/x.com\/austrianweb\"]}]}<\/script>\n<!-- \/ Yoast SEO plugin. -->","yoast_head_json":{"title":"Fahnen und Beachflags","description":"Mit station\u00e4ren oder flexiblen Fahnen oder Beachflags pr\u00e4sentieren Sie wahlweise Ihr Unternehmen, einen Event oder sonst eine Ihnen wichtige Botschaft.","robots":{"index":"index","follow":"follow","max-snippet":"max-snippet:-1","max-image-preview":"max-image-preview:large","max-video-preview":"max-video-preview:-1"},"canonical":"https:\/\/www.austrianweb.at\/drucksorten\/fahnen\/","og_locale":"de_DE","og_type":"article","og_title":"Fahnen und Beachflags","og_description":"Mit station\u00e4ren oder flexiblen Fahnen oder Beachflags pr\u00e4sentieren Sie wahlweise Ihr Unternehmen, einen Event oder sonst eine Ihnen wichtige Botschaft.","og_url":"https:\/\/www.austrianweb.at\/drucksorten\/fahnen\/","og_site_name":"Qualitativ hochwertige Drucksorten aller Art","article_publisher":"https:\/\/www.facebook.com\/pages\/Austrianweb-Suchmaschinenoptimierung\/","article_modified_time":"2017-03-15T15:13:20+00:00","og_image":[{"width":180,"height":209,"url":"https:\/\/www.austrianweb.at\/drucksorten\/wp-content\/uploads\/Austrianweb-Logo-180.png","type":"image\/png"}],"schema":{"@context":"https:\/\/schema.org","@graph":[{"@type":"WebPage","@id":"https:\/\/www.austrianweb.at\/drucksorten\/fahnen\/","url":"https:\/\/www.austrianweb.at\/drucksorten\/fahnen\/","name":"Fahnen und Beachflags","isPartOf":{"@id":"https:\/\/www.austrianweb.at\/drucksorten\/#website"},"datePublished":"2010-03-15T08:40:57+00:00","dateModified":"2017-03-15T15:13:20+00:00","description":"Mit station\u00e4ren oder flexiblen Fahnen oder Beachflags pr\u00e4sentieren Sie wahlweise Ihr Unternehmen, einen Event oder sonst eine Ihnen wichtige Botschaft.","inLanguage":"de","potentialAction":[{"@type":"ReadAction","target":["https:\/\/www.austrianweb.at\/drucksorten\/fahnen\/"]}]},{"@type":"WebSite","@id":"https:\/\/www.austrianweb.at\/drucksorten\/#website","url":"https:\/\/www.austrianweb.at\/drucksorten\/","name":"Qualitativ hochwertige Drucksorten aller Art","description":"Gesch\u00e4fts- u. Werbedrucksorten - Printartikel f\u00fcr Point of sale","publisher":{"@id":"https:\/\/www.austrianweb.at\/drucksorten\/#organization"},"potentialAction":[{"@type":"SearchAction","target":{"@type":"EntryPoint","urlTemplate":"https:\/\/www.austrianweb.at\/drucksorten\/?s={search_term_string}"},"query-input":"required name=search_term_string"}],"inLanguage":"de"},{"@type":"Organization","@id":"https:\/\/www.austrianweb.at\/drucksorten\/#organization","name":"Austrianweb","url":"https:\/\/www.austrianweb.at\/drucksorten\/","logo":{"@type":"ImageObject","inLanguage":"de","@id":"https:\/\/www.austrianweb.at\/drucksorten\/#\/schema\/logo\/image\/","url":"https:\/\/www.austrianweb.at\/drucksorten\/wp-content\/uploads\/Austrianweb-Logo-180.png","contentUrl":"https:\/\/www.austrianweb.at\/drucksorten\/wp-content\/uploads\/Austrianweb-Logo-180.png","width":180,"height":209,"caption":"Austrianweb"},"image":{"@id":"https:\/\/www.austrianweb.at\/drucksorten\/#\/schema\/logo\/image\/"},"sameAs":["https:\/\/www.facebook.com\/pages\/Austrianweb-Suchmaschinenoptimierung\/","https:\/\/x.com\/austrianweb"]}]}},"_links":{"self":[{"href":"https:\/\/www.austrianweb.at\/drucksorten\/wp-json\/wp\/v2\/pages\/98"}],"collection":[{"href":"https:\/\/www.austrianweb.at\/drucksorten\/wp-json\/wp\/v2\/pages"}],"about":[{"href":"https:\/\/www.austrianweb.at\/drucksorten\/wp-json\/wp\/v2\/types\/page"}],"author":[{"embeddable":true,"href":"https:\/\/www.austrianweb.at\/drucksorten\/wp-json\/wp\/v2\/users\/6"}],"replies":[{"embeddable":true,"href":"https:\/\/www.austrianweb.at\/drucksorten\/wp-json\/wp\/v2\/comments?post=98"}],"version-history":[{"count":2,"href":"https:\/\/www.austrianweb.at\/drucksorten\/wp-json\/wp\/v2\/pages\/98\/revisions"}],"predecessor-version":[{"id":4082,"href":"https:\/\/www.austrianweb.at\/drucksorten\/wp-json\/wp\/v2\/pages\/98\/revisions\/4082"}],"wp:attachment":[{"href":"https:\/\/www.austrianweb.at\/drucksorten\/wp-json\/wp\/v2\/media?parent=98"}],"curies":[{"name":"wp","href":"https:\/\/api.w.org\/{rel}","templated":true}]}}