{"id":941,"date":"2012-08-04T12:22:39","date_gmt":"2012-08-04T12:22:39","guid":{"rendered":"http:\/\/www.austrianweb.at\/drucksorten\/wordpress\/?page_id=941"},"modified":"2021-06-07T17:39:02","modified_gmt":"2021-06-07T17:39:02","slug":"schurzen","status":"publish","type":"page","link":"https:\/\/www.austrianweb.at\/drucksorten\/event-u-lokal\/schurzen\/","title":{"rendered":"Sch\u00fcrzen"},"content":{"rendered":"<p>Wer gerne kocht oder grillt wei\u00df die Vorz\u00fcge einer Sch\u00fcrze zu sch\u00e4tzen.<\/p>\n<p>Die Sch\u00fcrzen k\u00f6nnen individuell bedruckt werden und eigenen sich zur \u00dcbermittlung von Werbung, oder mit Firmenlogo Aufdruck, zur F\u00f6rderung des Zusammengeh\u00f6rigkeitsgef\u00fchls.<\/p>\n<p>Ganz toll ist eine Sch\u00fcrze mit lustigem Aufdruck als Geschenk f\u00fcr gute freunde oder Mitbringsel zu einer Grillfete &#8230;<\/p>\n<ul>\n<li>Fixe Einheitsgr\u00f6\u00dfe von 650 x 830 mm<\/li>\n<li>mit wei\u00dfen oder schwarzen B\u00e4ndern<\/li>\n<li>220 g Textilstoff, nat\u00fcrlich auch waschbar<\/li>\n<li>4c Sublimationsdruck<\/li>\n<li>B1 zertifiziert, schwer entflammbar<\/li>\n<li>nat\u00fcrlich auch zugeschnitten und vern\u00e4ht<\/li>\n<\/ul>\n<p style=\"text-align: center;\"><a href=\"https:\/\/www.austrianweb.at\/drucksorten\/wp-content\/uploads\/Schuerzen.png\"><img decoding=\"async\" loading=\"lazy\" class=\"aligncenter  wp-image-2352\" title=\"Individuell bedruckte Sch\u00fcrzen\" alt=\"Sch\u00fcrzen\" src=\"https:\/\/www.austrianweb.at\/drucksorten\/wp-content\/uploads\/Schuerzen-490x455.png\" width=\"392\" height=\"364\" \/><\/a><\/p>\n","protected":false},"excerpt":{"rendered":"<p>Wer gerne kocht oder grillt wei\u00df die Vorz\u00fcge einer Sch\u00fcrze zu sch\u00e4tzen. Die Sch\u00fcrzen k\u00f6nnen individuell bedruckt werden und eigenen sich zur \u00dcbermittlung von Werbung, oder mit Firmenlogo Aufdruck, zur F\u00f6rderung des Zusammengeh\u00f6rigkeitsgef\u00fchls. Ganz toll ist eine Sch\u00fcrze mit lustigem Aufdruck als Geschenk f\u00fcr gute freunde oder Mitbringsel zu einer Grillfete &#8230; Fixe Einheitsgr\u00f6\u00dfe von [&hellip;]<\/p>\n","protected":false},"author":1,"featured_media":0,"parent":691,"menu_order":0,"comment_status":"closed","ping_status":"open","template":"","meta":{"footnotes":""},"yoast_head":"<!-- This site is optimized with the Yoast SEO plugin v22.5 - https:\/\/yoast.com\/wordpress\/plugins\/seo\/ -->\n<title>Sch\u00fcrzen - Qualitativ hochwertige Drucksorten aller Art<\/title>\n<meta name=\"robots\" content=\"index, follow, max-snippet:-1, max-image-preview:large, max-video-preview:-1\" \/>\n<link rel=\"canonical\" href=\"https:\/\/www.austrianweb.at\/drucksorten\/event-u-lokal\/schurzen\/\" \/>\n<meta property=\"og:locale\" content=\"de_DE\" \/>\n<meta property=\"og:type\" content=\"article\" \/>\n<meta property=\"og:title\" content=\"Sch\u00fcrzen - Qualitativ hochwertige Drucksorten aller Art\" \/>\n<meta property=\"og:description\" content=\"Wer gerne kocht oder grillt wei\u00df die Vorz\u00fcge einer Sch\u00fcrze zu sch\u00e4tzen. Die Sch\u00fcrzen k\u00f6nnen individuell bedruckt werden und eigenen sich zur \u00dcbermittlung von Werbung, oder mit Firmenlogo Aufdruck, zur F\u00f6rderung des Zusammengeh\u00f6rigkeitsgef\u00fchls. Ganz toll ist eine Sch\u00fcrze mit lustigem Aufdruck als Geschenk f\u00fcr gute freunde oder Mitbringsel zu einer Grillfete &#8230; Fixe Einheitsgr\u00f6\u00dfe von [&hellip;]\" \/>\n<meta property=\"og:url\" content=\"https:\/\/www.austrianweb.at\/drucksorten\/event-u-lokal\/schurzen\/\" \/>\n<meta property=\"og:site_name\" content=\"Qualitativ hochwertige Drucksorten aller Art\" \/>\n<meta property=\"article:publisher\" content=\"https:\/\/www.facebook.com\/pages\/Austrianweb-Suchmaschinenoptimierung\/\" \/>\n<meta property=\"article:modified_time\" content=\"2021-06-07T17:39:02+00:00\" \/>\n<meta property=\"og:image\" content=\"https:\/\/www.austrianweb.at\/drucksorten\/wp-content\/uploads\/Schuerzen-490x455.png\" \/>\n<script type=\"application\/ld+json\" class=\"yoast-schema-graph\">{\"@context\":\"https:\/\/schema.org\",\"@graph\":[{\"@type\":\"WebPage\",\"@id\":\"https:\/\/www.austrianweb.at\/drucksorten\/event-u-lokal\/schurzen\/\",\"url\":\"https:\/\/www.austrianweb.at\/drucksorten\/event-u-lokal\/schurzen\/\",\"name\":\"Sch\u00fcrzen - Qualitativ hochwertige Drucksorten aller Art\",\"isPartOf\":{\"@id\":\"https:\/\/www.austrianweb.at\/drucksorten\/#website\"},\"primaryImageOfPage\":{\"@id\":\"https:\/\/www.austrianweb.at\/drucksorten\/event-u-lokal\/schurzen\/#primaryimage\"},\"image\":{\"@id\":\"https:\/\/www.austrianweb.at\/drucksorten\/event-u-lokal\/schurzen\/#primaryimage\"},\"thumbnailUrl\":\"https:\/\/www.austrianweb.at\/drucksorten\/wp-content\/uploads\/Schuerzen-490x455.png\",\"datePublished\":\"2012-08-04T12:22:39+00:00\",\"dateModified\":\"2021-06-07T17:39:02+00:00\",\"breadcrumb\":{\"@id\":\"https:\/\/www.austrianweb.at\/drucksorten\/event-u-lokal\/schurzen\/#breadcrumb\"},\"inLanguage\":\"de\",\"potentialAction\":[{\"@type\":\"ReadAction\",\"target\":[\"https:\/\/www.austrianweb.at\/drucksorten\/event-u-lokal\/schurzen\/\"]}]},{\"@type\":\"ImageObject\",\"inLanguage\":\"de\",\"@id\":\"https:\/\/www.austrianweb.at\/drucksorten\/event-u-lokal\/schurzen\/#primaryimage\",\"url\":\"https:\/\/www.austrianweb.at\/drucksorten\/wp-content\/uploads\/Schuerzen-490x455.png\",\"contentUrl\":\"https:\/\/www.austrianweb.at\/drucksorten\/wp-content\/uploads\/Schuerzen-490x455.png\"},{\"@type\":\"BreadcrumbList\",\"@id\":\"https:\/\/www.austrianweb.at\/drucksorten\/event-u-lokal\/schurzen\/#breadcrumb\",\"itemListElement\":[{\"@type\":\"ListItem\",\"position\":1,\"name\":\"Event u. Lokal\",\"item\":\"https:\/\/www.austrianweb.at\/drucksorten\/event-u-lokal\/\"},{\"@type\":\"ListItem\",\"position\":2,\"name\":\"Sch\u00fcrzen\"}]},{\"@type\":\"WebSite\",\"@id\":\"https:\/\/www.austrianweb.at\/drucksorten\/#website\",\"url\":\"https:\/\/www.austrianweb.at\/drucksorten\/\",\"name\":\"Qualitativ hochwertige Drucksorten aller Art\",\"description\":\"Gesch\u00e4fts- u. Werbedrucksorten - Printartikel f\u00fcr Point of sale\",\"publisher\":{\"@id\":\"https:\/\/www.austrianweb.at\/drucksorten\/#organization\"},\"potentialAction\":[{\"@type\":\"SearchAction\",\"target\":{\"@type\":\"EntryPoint\",\"urlTemplate\":\"https:\/\/www.austrianweb.at\/drucksorten\/?s={search_term_string}\"},\"query-input\":\"required name=search_term_string\"}],\"inLanguage\":\"de\"},{\"@type\":\"Organization\",\"@id\":\"https:\/\/www.austrianweb.at\/drucksorten\/#organization\",\"name\":\"Austrianweb\",\"url\":\"https:\/\/www.austrianweb.at\/drucksorten\/\",\"logo\":{\"@type\":\"ImageObject\",\"inLanguage\":\"de\",\"@id\":\"https:\/\/www.austrianweb.at\/drucksorten\/#\/schema\/logo\/image\/\",\"url\":\"https:\/\/www.austrianweb.at\/drucksorten\/wp-content\/uploads\/Austrianweb-Logo-180.png\",\"contentUrl\":\"https:\/\/www.austrianweb.at\/drucksorten\/wp-content\/uploads\/Austrianweb-Logo-180.png\",\"width\":180,\"height\":209,\"caption\":\"Austrianweb\"},\"image\":{\"@id\":\"https:\/\/www.austrianweb.at\/drucksorten\/#\/schema\/logo\/image\/\"},\"sameAs\":[\"https:\/\/www.facebook.com\/pages\/Austrianweb-Suchmaschinenoptimierung\/\",\"https:\/\/x.com\/austrianweb\"]}]}<\/script>\n<!-- \/ Yoast SEO plugin. -->","yoast_head_json":{"title":"Sch\u00fcrzen - Qualitativ hochwertige Drucksorten aller Art","robots":{"index":"index","follow":"follow","max-snippet":"max-snippet:-1","max-image-preview":"max-image-preview:large","max-video-preview":"max-video-preview:-1"},"canonical":"https:\/\/www.austrianweb.at\/drucksorten\/event-u-lokal\/schurzen\/","og_locale":"de_DE","og_type":"article","og_title":"Sch\u00fcrzen - Qualitativ hochwertige Drucksorten aller Art","og_description":"Wer gerne kocht oder grillt wei\u00df die Vorz\u00fcge einer Sch\u00fcrze zu sch\u00e4tzen. Die Sch\u00fcrzen k\u00f6nnen individuell bedruckt werden und eigenen sich zur \u00dcbermittlung von Werbung, oder mit Firmenlogo Aufdruck, zur F\u00f6rderung des Zusammengeh\u00f6rigkeitsgef\u00fchls. Ganz toll ist eine Sch\u00fcrze mit lustigem Aufdruck als Geschenk f\u00fcr gute freunde oder Mitbringsel zu einer Grillfete &#8230; Fixe Einheitsgr\u00f6\u00dfe von [&hellip;]","og_url":"https:\/\/www.austrianweb.at\/drucksorten\/event-u-lokal\/schurzen\/","og_site_name":"Qualitativ hochwertige Drucksorten aller Art","article_publisher":"https:\/\/www.facebook.com\/pages\/Austrianweb-Suchmaschinenoptimierung\/","article_modified_time":"2021-06-07T17:39:02+00:00","og_image":[{"url":"https:\/\/www.austrianweb.at\/drucksorten\/wp-content\/uploads\/Schuerzen-490x455.png"}],"schema":{"@context":"https:\/\/schema.org","@graph":[{"@type":"WebPage","@id":"https:\/\/www.austrianweb.at\/drucksorten\/event-u-lokal\/schurzen\/","url":"https:\/\/www.austrianweb.at\/drucksorten\/event-u-lokal\/schurzen\/","name":"Sch\u00fcrzen - Qualitativ hochwertige Drucksorten aller Art","isPartOf":{"@id":"https:\/\/www.austrianweb.at\/drucksorten\/#website"},"primaryImageOfPage":{"@id":"https:\/\/www.austrianweb.at\/drucksorten\/event-u-lokal\/schurzen\/#primaryimage"},"image":{"@id":"https:\/\/www.austrianweb.at\/drucksorten\/event-u-lokal\/schurzen\/#primaryimage"},"thumbnailUrl":"https:\/\/www.austrianweb.at\/drucksorten\/wp-content\/uploads\/Schuerzen-490x455.png","datePublished":"2012-08-04T12:22:39+00:00","dateModified":"2021-06-07T17:39:02+00:00","breadcrumb":{"@id":"https:\/\/www.austrianweb.at\/drucksorten\/event-u-lokal\/schurzen\/#breadcrumb"},"inLanguage":"de","potentialAction":[{"@type":"ReadAction","target":["https:\/\/www.austrianweb.at\/drucksorten\/event-u-lokal\/schurzen\/"]}]},{"@type":"ImageObject","inLanguage":"de","@id":"https:\/\/www.austrianweb.at\/drucksorten\/event-u-lokal\/schurzen\/#primaryimage","url":"https:\/\/www.austrianweb.at\/drucksorten\/wp-content\/uploads\/Schuerzen-490x455.png","contentUrl":"https:\/\/www.austrianweb.at\/drucksorten\/wp-content\/uploads\/Schuerzen-490x455.png"},{"@type":"BreadcrumbList","@id":"https:\/\/www.austrianweb.at\/drucksorten\/event-u-lokal\/schurzen\/#breadcrumb","itemListElement":[{"@type":"ListItem","position":1,"name":"Event u. Lokal","item":"https:\/\/www.austrianweb.at\/drucksorten\/event-u-lokal\/"},{"@type":"ListItem","position":2,"name":"Sch\u00fcrzen"}]},{"@type":"WebSite","@id":"https:\/\/www.austrianweb.at\/drucksorten\/#website","url":"https:\/\/www.austrianweb.at\/drucksorten\/","name":"Qualitativ hochwertige Drucksorten aller Art","description":"Gesch\u00e4fts- u. Werbedrucksorten - Printartikel f\u00fcr Point of sale","publisher":{"@id":"https:\/\/www.austrianweb.at\/drucksorten\/#organization"},"potentialAction":[{"@type":"SearchAction","target":{"@type":"EntryPoint","urlTemplate":"https:\/\/www.austrianweb.at\/drucksorten\/?s={search_term_string}"},"query-input":"required name=search_term_string"}],"inLanguage":"de"},{"@type":"Organization","@id":"https:\/\/www.austrianweb.at\/drucksorten\/#organization","name":"Austrianweb","url":"https:\/\/www.austrianweb.at\/drucksorten\/","logo":{"@type":"ImageObject","inLanguage":"de","@id":"https:\/\/www.austrianweb.at\/drucksorten\/#\/schema\/logo\/image\/","url":"https:\/\/www.austrianweb.at\/drucksorten\/wp-content\/uploads\/Austrianweb-Logo-180.png","contentUrl":"https:\/\/www.austrianweb.at\/drucksorten\/wp-content\/uploads\/Austrianweb-Logo-180.png","width":180,"height":209,"caption":"Austrianweb"},"image":{"@id":"https:\/\/www.austrianweb.at\/drucksorten\/#\/schema\/logo\/image\/"},"sameAs":["https:\/\/www.facebook.com\/pages\/Austrianweb-Suchmaschinenoptimierung\/","https:\/\/x.com\/austrianweb"]}]}},"_links":{"self":[{"href":"https:\/\/www.austrianweb.at\/drucksorten\/wp-json\/wp\/v2\/pages\/941"}],"collection":[{"href":"https:\/\/www.austrianweb.at\/drucksorten\/wp-json\/wp\/v2\/pages"}],"about":[{"href":"https:\/\/www.austrianweb.at\/drucksorten\/wp-json\/wp\/v2\/types\/page"}],"author":[{"embeddable":true,"href":"https:\/\/www.austrianweb.at\/drucksorten\/wp-json\/wp\/v2\/users\/1"}],"replies":[{"embeddable":true,"href":"https:\/\/www.austrianweb.at\/drucksorten\/wp-json\/wp\/v2\/comments?post=941"}],"version-history":[{"count":2,"href":"https:\/\/www.austrianweb.at\/drucksorten\/wp-json\/wp\/v2\/pages\/941\/revisions"}],"predecessor-version":[{"id":4162,"href":"https:\/\/www.austrianweb.at\/drucksorten\/wp-json\/wp\/v2\/pages\/941\/revisions\/4162"}],"up":[{"embeddable":true,"href":"https:\/\/www.austrianweb.at\/drucksorten\/wp-json\/wp\/v2\/pages\/691"}],"wp:attachment":[{"href":"https:\/\/www.austrianweb.at\/drucksorten\/wp-json\/wp\/v2\/media?parent=941"}],"curies":[{"name":"wp","href":"https:\/\/api.w.org\/{rel}","templated":true}]}}