{"id":747,"date":"2012-06-05T12:07:40","date_gmt":"2012-06-05T12:07:40","guid":{"rendered":"http:\/\/www.austrianweb.at\/drucksorten\/wordpress\/?page_id=747"},"modified":"2021-06-17T11:36:16","modified_gmt":"2021-06-17T11:36:16","slug":"pappfiguren","status":"publish","type":"page","link":"https:\/\/www.austrianweb.at\/drucksorten\/pappfiguren\/","title":{"rendered":"Pappfiguren"},"content":{"rendered":"<h1>Pappfiguren<\/h1>\n<p><img decoding=\"async\" loading=\"lazy\" class=\"alignleft size-medium wp-image-4057\" src=\"https:\/\/www.austrianweb.at\/drucksorten\/wp-content\/uploads\/Lebensgrosse-Pappfiguren-472x650.jpg\" alt=\"\" width=\"472\" height=\"650\" srcset=\"https:\/\/www.austrianweb.at\/drucksorten\/wp-content\/uploads\/Lebensgrosse-Pappfiguren-472x650.jpg 472w, https:\/\/www.austrianweb.at\/drucksorten\/wp-content\/uploads\/Lebensgrosse-Pappfiguren-749x1030.jpg 749w, https:\/\/www.austrianweb.at\/drucksorten\/wp-content\/uploads\/Lebensgrosse-Pappfiguren-768x1057.jpg 768w, https:\/\/www.austrianweb.at\/drucksorten\/wp-content\/uploads\/Lebensgrosse-Pappfiguren-512x705.jpg 512w, https:\/\/www.austrianweb.at\/drucksorten\/wp-content\/uploads\/Lebensgrosse-Pappfiguren.jpg 1000w\" sizes=\"(max-width: 472px) 100vw, 472px\" \/><strong>Figurenaufsteller jetzt auch in wetterfester Ausf\u00fchrung!!!!<\/strong><\/p>\n<p>Passend zu unseren Displays haben wir auch noch Pappfiguren und Kartonaufsteller im Portfolio.<\/p>\n<p>Figuren aus Karton in Lebensgr\u00f6\u00dfe oder nur einfach Kartonaufsteller f\u00fcr das Messepult.<\/p>\n<p>Pappfiguren fallen nicht nur auf sondern man kann mit Ihnen auch Flugbl\u00e4tter oder \u00e4hnliches verteilen. Passende Prospekthalter k\u00f6nnen mitgeliefert werden.<\/p>\n<p>Sehr gerne genommen werden auch lebensgro\u00dfe Figuren mit einem realen Kopf auf einem Superman oder Batman K\u00f6rper. Der Phantasie sind da keine Grenzen gesetzt.<\/p>\n<p>Die Kartonfiguren bzw. Aufsteller sind einseitig bedruckte Karton- und Schaumstoffdisplays! Diese werden individuell durch 4c UV Druck bedruckt und werden mittels digitaler Stanze beliebig \u00a0zugeschnitten.<\/p>\n<p>Somit ist dieser Artikel pr\u00e4distiniert f\u00fcr Werbefiguren, Testimonials und Avatare in Lebensgr\u00f6\u00dfe!<\/p>\n<p>Die Sch\u00fctten sind praktisch um A4 Flugbl\u00e4tter, Brosch\u00fcren oder \u00e4hnliches zur anzubieten&#8220;<\/p>\n<p>Die Pappfiguren werden direkt zu Ihnen geliefert.<\/p>\n<p>&nbsp;<\/p>\n<p>&nbsp;<\/p>\n<p>&nbsp;<\/p>\n<p>&nbsp;<\/p>\n<h2><strong>Kartonfiguren\/ Kartonsteher<\/strong><\/h2>\n<ul>\n<li>Material 4mm Doppelwelle (E\/D) oder<\/li>\n<li>5mm Kartonwabenplatte oder<\/li>\n<li>5mm Polypropylen-Hohlkammerplatte<\/li>\n<li>einseitig 4c bedruckt<\/li>\n<li>Kartonsteher auf R\u00fcckseite mit Klebeband montiert<\/li>\n<\/ul>\n<div>\n<p><img decoding=\"async\" loading=\"lazy\" class=\"alignright wp-image-2654\" src=\"https:\/\/www.austrianweb.at\/drucksorten\/wp-content\/uploads\/Kartonschuetten2.png\" alt=\"Kartonschuetten\" width=\"178\" height=\"390\" \/><strong>Verkaufssch\u00fctten f\u00fcr die &#8222;Pappkameraden&#8220;<\/strong><\/p>\n<ul>\n<li>ED Kartonwelle,\u00a0einseitig bedruckt, 4mm<\/li>\n<li>4c UV Druck<\/li>\n<li>vorgerillt und gestanzt<\/li>\n<li>einfaches zusammenfalten und fixieren, ganz ohne Verkleben<\/li>\n<li>sehr leichtes Material<\/li>\n<li>Ma\u00dfe (BxHxT): 230 x 935 x 320 mm<\/li>\n<li>Einschub oben: 230 x 380 mm oder in <em>Freiform<\/em> bis maximal 600x600mm<\/li>\n<\/ul>\n<\/div>\n<p>&nbsp;<\/p>\n<p><img decoding=\"async\" loading=\"lazy\" class=\"aligncenter wp-image-1337 size-full\" title=\"Pappfiguren-Kartonaufsteller\" src=\"https:\/\/www.austrianweb.at\/drucksorten\/wp-content\/uploads\/Pappfiguren-Kartonaufsteller.png\" width=\"500\" height=\"600\" \/><\/p>\n<p>Achtung: Nur f\u00fcr Innenanwendungen geeignet!<\/p>\n<p>Beachten Sie bitte auch unser Angebot f\u00fcr Display\u00b4s, Obelisk, Totem, Standdisplay und Wave Displays<\/p>\n","protected":false},"excerpt":{"rendered":"<p>Pappfiguren Figurenaufsteller jetzt auch in wetterfester Ausf\u00fchrung!!!! Passend zu unseren Displays haben wir auch noch Pappfiguren und Kartonaufsteller im Portfolio. Figuren aus Karton in Lebensgr\u00f6\u00dfe oder nur einfach Kartonaufsteller f\u00fcr das Messepult. Pappfiguren fallen nicht nur auf sondern man kann mit Ihnen auch Flugbl\u00e4tter oder \u00e4hnliches verteilen. Passende Prospekthalter k\u00f6nnen mitgeliefert werden. Sehr gerne genommen [&hellip;]<\/p>\n","protected":false},"author":6,"featured_media":0,"parent":0,"menu_order":0,"comment_status":"closed","ping_status":"closed","template":"","meta":{"footnotes":""},"yoast_head":"<!-- This site is optimized with the Yoast SEO plugin v22.5 - https:\/\/yoast.com\/wordpress\/plugins\/seo\/ -->\n<title>Pappfiguren und Kartonaufsteller<\/title>\n<meta name=\"description\" content=\"Pappfiguren: Lebensgro\u00dfe Figuren stehen bei Ihnen am Messtand. Ideal zur Verteilung von Werbematerial und ein toller Blickfang sind sie zus\u00e4tzlich.\" \/>\n<meta name=\"robots\" content=\"index, follow, max-snippet:-1, max-image-preview:large, max-video-preview:-1\" \/>\n<link rel=\"canonical\" href=\"https:\/\/www.austrianweb.at\/drucksorten\/pappfiguren\/\" \/>\n<meta property=\"og:locale\" content=\"de_DE\" \/>\n<meta property=\"og:type\" content=\"article\" \/>\n<meta property=\"og:title\" content=\"Pappfiguren und Kartonaufsteller\" \/>\n<meta property=\"og:description\" content=\"Pappfiguren: Lebensgro\u00dfe Figuren stehen bei Ihnen am Messtand. Ideal zur Verteilung von Werbematerial und ein toller Blickfang sind sie zus\u00e4tzlich.\" \/>\n<meta property=\"og:url\" content=\"https:\/\/www.austrianweb.at\/drucksorten\/pappfiguren\/\" \/>\n<meta property=\"og:site_name\" content=\"Qualitativ hochwertige Drucksorten aller Art\" \/>\n<meta property=\"article:publisher\" content=\"https:\/\/www.facebook.com\/pages\/Austrianweb-Suchmaschinenoptimierung\/\" \/>\n<meta property=\"article:modified_time\" content=\"2021-06-17T11:36:16+00:00\" \/>\n<meta property=\"og:image\" content=\"https:\/\/www.austrianweb.at\/drucksorten\/wp-content\/uploads\/Lebensgrosse-Pappfiguren-472x650.jpg\" \/>\n<meta name=\"twitter:label1\" content=\"Gesch\u00e4tzte Lesezeit\" \/>\n\t<meta name=\"twitter:data1\" content=\"2\u00a0Minuten\" \/>\n<script type=\"application\/ld+json\" class=\"yoast-schema-graph\">{\"@context\":\"https:\/\/schema.org\",\"@graph\":[{\"@type\":\"WebPage\",\"@id\":\"https:\/\/www.austrianweb.at\/drucksorten\/pappfiguren\/\",\"url\":\"https:\/\/www.austrianweb.at\/drucksorten\/pappfiguren\/\",\"name\":\"Pappfiguren und Kartonaufsteller\",\"isPartOf\":{\"@id\":\"https:\/\/www.austrianweb.at\/drucksorten\/#website\"},\"primaryImageOfPage\":{\"@id\":\"https:\/\/www.austrianweb.at\/drucksorten\/pappfiguren\/#primaryimage\"},\"image\":{\"@id\":\"https:\/\/www.austrianweb.at\/drucksorten\/pappfiguren\/#primaryimage\"},\"thumbnailUrl\":\"https:\/\/www.austrianweb.at\/drucksorten\/wp-content\/uploads\/Lebensgrosse-Pappfiguren-472x650.jpg\",\"datePublished\":\"2012-06-05T12:07:40+00:00\",\"dateModified\":\"2021-06-17T11:36:16+00:00\",\"description\":\"Pappfiguren: Lebensgro\u00dfe Figuren stehen bei Ihnen am Messtand. Ideal zur Verteilung von Werbematerial und ein toller Blickfang sind sie zus\u00e4tzlich.\",\"inLanguage\":\"de\",\"potentialAction\":[{\"@type\":\"ReadAction\",\"target\":[\"https:\/\/www.austrianweb.at\/drucksorten\/pappfiguren\/\"]}]},{\"@type\":\"ImageObject\",\"inLanguage\":\"de\",\"@id\":\"https:\/\/www.austrianweb.at\/drucksorten\/pappfiguren\/#primaryimage\",\"url\":\"https:\/\/www.austrianweb.at\/drucksorten\/wp-content\/uploads\/Lebensgrosse-Pappfiguren.jpg\",\"contentUrl\":\"https:\/\/www.austrianweb.at\/drucksorten\/wp-content\/uploads\/Lebensgrosse-Pappfiguren.jpg\",\"width\":1000,\"height\":1376},{\"@type\":\"WebSite\",\"@id\":\"https:\/\/www.austrianweb.at\/drucksorten\/#website\",\"url\":\"https:\/\/www.austrianweb.at\/drucksorten\/\",\"name\":\"Qualitativ hochwertige Drucksorten aller Art\",\"description\":\"Gesch\u00e4fts- u. Werbedrucksorten - Printartikel f\u00fcr Point of sale\",\"publisher\":{\"@id\":\"https:\/\/www.austrianweb.at\/drucksorten\/#organization\"},\"potentialAction\":[{\"@type\":\"SearchAction\",\"target\":{\"@type\":\"EntryPoint\",\"urlTemplate\":\"https:\/\/www.austrianweb.at\/drucksorten\/?s={search_term_string}\"},\"query-input\":\"required name=search_term_string\"}],\"inLanguage\":\"de\"},{\"@type\":\"Organization\",\"@id\":\"https:\/\/www.austrianweb.at\/drucksorten\/#organization\",\"name\":\"Austrianweb\",\"url\":\"https:\/\/www.austrianweb.at\/drucksorten\/\",\"logo\":{\"@type\":\"ImageObject\",\"inLanguage\":\"de\",\"@id\":\"https:\/\/www.austrianweb.at\/drucksorten\/#\/schema\/logo\/image\/\",\"url\":\"https:\/\/www.austrianweb.at\/drucksorten\/wp-content\/uploads\/Austrianweb-Logo-180.png\",\"contentUrl\":\"https:\/\/www.austrianweb.at\/drucksorten\/wp-content\/uploads\/Austrianweb-Logo-180.png\",\"width\":180,\"height\":209,\"caption\":\"Austrianweb\"},\"image\":{\"@id\":\"https:\/\/www.austrianweb.at\/drucksorten\/#\/schema\/logo\/image\/\"},\"sameAs\":[\"https:\/\/www.facebook.com\/pages\/Austrianweb-Suchmaschinenoptimierung\/\",\"https:\/\/x.com\/austrianweb\"]}]}<\/script>\n<!-- \/ Yoast SEO plugin. -->","yoast_head_json":{"title":"Pappfiguren und Kartonaufsteller","description":"Pappfiguren: Lebensgro\u00dfe Figuren stehen bei Ihnen am Messtand. Ideal zur Verteilung von Werbematerial und ein toller Blickfang sind sie zus\u00e4tzlich.","robots":{"index":"index","follow":"follow","max-snippet":"max-snippet:-1","max-image-preview":"max-image-preview:large","max-video-preview":"max-video-preview:-1"},"canonical":"https:\/\/www.austrianweb.at\/drucksorten\/pappfiguren\/","og_locale":"de_DE","og_type":"article","og_title":"Pappfiguren und Kartonaufsteller","og_description":"Pappfiguren: Lebensgro\u00dfe Figuren stehen bei Ihnen am Messtand. Ideal zur Verteilung von Werbematerial und ein toller Blickfang sind sie zus\u00e4tzlich.","og_url":"https:\/\/www.austrianweb.at\/drucksorten\/pappfiguren\/","og_site_name":"Qualitativ hochwertige Drucksorten aller Art","article_publisher":"https:\/\/www.facebook.com\/pages\/Austrianweb-Suchmaschinenoptimierung\/","article_modified_time":"2021-06-17T11:36:16+00:00","og_image":[{"url":"https:\/\/www.austrianweb.at\/drucksorten\/wp-content\/uploads\/Lebensgrosse-Pappfiguren-472x650.jpg"}],"twitter_misc":{"Gesch\u00e4tzte Lesezeit":"2\u00a0Minuten"},"schema":{"@context":"https:\/\/schema.org","@graph":[{"@type":"WebPage","@id":"https:\/\/www.austrianweb.at\/drucksorten\/pappfiguren\/","url":"https:\/\/www.austrianweb.at\/drucksorten\/pappfiguren\/","name":"Pappfiguren und Kartonaufsteller","isPartOf":{"@id":"https:\/\/www.austrianweb.at\/drucksorten\/#website"},"primaryImageOfPage":{"@id":"https:\/\/www.austrianweb.at\/drucksorten\/pappfiguren\/#primaryimage"},"image":{"@id":"https:\/\/www.austrianweb.at\/drucksorten\/pappfiguren\/#primaryimage"},"thumbnailUrl":"https:\/\/www.austrianweb.at\/drucksorten\/wp-content\/uploads\/Lebensgrosse-Pappfiguren-472x650.jpg","datePublished":"2012-06-05T12:07:40+00:00","dateModified":"2021-06-17T11:36:16+00:00","description":"Pappfiguren: Lebensgro\u00dfe Figuren stehen bei Ihnen am Messtand. Ideal zur Verteilung von Werbematerial und ein toller Blickfang sind sie zus\u00e4tzlich.","inLanguage":"de","potentialAction":[{"@type":"ReadAction","target":["https:\/\/www.austrianweb.at\/drucksorten\/pappfiguren\/"]}]},{"@type":"ImageObject","inLanguage":"de","@id":"https:\/\/www.austrianweb.at\/drucksorten\/pappfiguren\/#primaryimage","url":"https:\/\/www.austrianweb.at\/drucksorten\/wp-content\/uploads\/Lebensgrosse-Pappfiguren.jpg","contentUrl":"https:\/\/www.austrianweb.at\/drucksorten\/wp-content\/uploads\/Lebensgrosse-Pappfiguren.jpg","width":1000,"height":1376},{"@type":"WebSite","@id":"https:\/\/www.austrianweb.at\/drucksorten\/#website","url":"https:\/\/www.austrianweb.at\/drucksorten\/","name":"Qualitativ hochwertige Drucksorten aller Art","description":"Gesch\u00e4fts- u. Werbedrucksorten - Printartikel f\u00fcr Point of sale","publisher":{"@id":"https:\/\/www.austrianweb.at\/drucksorten\/#organization"},"potentialAction":[{"@type":"SearchAction","target":{"@type":"EntryPoint","urlTemplate":"https:\/\/www.austrianweb.at\/drucksorten\/?s={search_term_string}"},"query-input":"required name=search_term_string"}],"inLanguage":"de"},{"@type":"Organization","@id":"https:\/\/www.austrianweb.at\/drucksorten\/#organization","name":"Austrianweb","url":"https:\/\/www.austrianweb.at\/drucksorten\/","logo":{"@type":"ImageObject","inLanguage":"de","@id":"https:\/\/www.austrianweb.at\/drucksorten\/#\/schema\/logo\/image\/","url":"https:\/\/www.austrianweb.at\/drucksorten\/wp-content\/uploads\/Austrianweb-Logo-180.png","contentUrl":"https:\/\/www.austrianweb.at\/drucksorten\/wp-content\/uploads\/Austrianweb-Logo-180.png","width":180,"height":209,"caption":"Austrianweb"},"image":{"@id":"https:\/\/www.austrianweb.at\/drucksorten\/#\/schema\/logo\/image\/"},"sameAs":["https:\/\/www.facebook.com\/pages\/Austrianweb-Suchmaschinenoptimierung\/","https:\/\/x.com\/austrianweb"]}]}},"_links":{"self":[{"href":"https:\/\/www.austrianweb.at\/drucksorten\/wp-json\/wp\/v2\/pages\/747"}],"collection":[{"href":"https:\/\/www.austrianweb.at\/drucksorten\/wp-json\/wp\/v2\/pages"}],"about":[{"href":"https:\/\/www.austrianweb.at\/drucksorten\/wp-json\/wp\/v2\/types\/page"}],"author":[{"embeddable":true,"href":"https:\/\/www.austrianweb.at\/drucksorten\/wp-json\/wp\/v2\/users\/6"}],"replies":[{"embeddable":true,"href":"https:\/\/www.austrianweb.at\/drucksorten\/wp-json\/wp\/v2\/comments?post=747"}],"version-history":[{"count":13,"href":"https:\/\/www.austrianweb.at\/drucksorten\/wp-json\/wp\/v2\/pages\/747\/revisions"}],"predecessor-version":[{"id":4170,"href":"https:\/\/www.austrianweb.at\/drucksorten\/wp-json\/wp\/v2\/pages\/747\/revisions\/4170"}],"wp:attachment":[{"href":"https:\/\/www.austrianweb.at\/drucksorten\/wp-json\/wp\/v2\/media?parent=747"}],"curies":[{"name":"wp","href":"https:\/\/api.w.org\/{rel}","templated":true}]}}