{"id":695,"date":"2012-06-05T11:41:46","date_gmt":"2012-06-05T11:41:46","guid":{"rendered":"http:\/\/www.austrianweb.at\/drucksorten\/wordpress\/?page_id=695"},"modified":"2017-03-15T15:13:20","modified_gmt":"2017-03-15T15:13:20","slug":"speisekarten","status":"publish","type":"page","link":"https:\/\/www.austrianweb.at\/drucksorten\/event-u-lokal\/speisekarten\/","title":{"rendered":"Speisekarten"},"content":{"rendered":"<p><a href=\"https:\/\/www.austrianweb.at\/drucksorten\/wp-content\/uploads\/Speisekarten.jpg\"><img decoding=\"async\" loading=\"lazy\" class=\"alignright size-medium wp-image-981\" src=\"https:\/\/www.austrianweb.at\/drucksorten\/wp-content\/uploads\/Speisekarten-187x300.jpg\" alt=\"Speisekarten\" width=\"187\" height=\"300\" \/><\/a><br \/>\nWer kurz dar\u00fcber nachdenkt erkennt das das Auge schon beim durchlesen der Speisekarte &#8222;mitisst&#8220;.<\/p>\n<p>Pr\u00e4sentieren Sie Ihre K\u00f6stlichkeiten wahlweise bunt und peppig oder edel und stilvoll &#8211; zu 100% so wie Sie es wollen.<\/p>\n<p>Edle Papiersorten stehen zur Auswahl und Sie k\u00f6nnen die Speisekarten wahlweise wie eine Brosch\u00fcre pr\u00e4sentieren, oder in Spirale geheftet, oder aber auch in Buchform. Nat\u00fcrlich k\u00f6nnen Sie auch einzelne Bl\u00e4tter zum einlegen in fixe Mappen bestellen.<\/p>\n<p>Selbstverst\u00e4ndlich haben wir auch Aktionskarten und Tischaufsteller im Angebot.<\/p>\n<p>&nbsp;<\/p>\n","protected":false},"excerpt":{"rendered":"<p>Wer kurz dar\u00fcber nachdenkt erkennt das das Auge schon beim durchlesen der Speisekarte &#8222;mitisst&#8220;. Pr\u00e4sentieren Sie Ihre K\u00f6stlichkeiten wahlweise bunt und peppig oder edel und stilvoll &#8211; zu 100% so wie Sie es wollen. Edle Papiersorten stehen zur Auswahl und Sie k\u00f6nnen die Speisekarten wahlweise wie eine Brosch\u00fcre pr\u00e4sentieren, oder in Spirale geheftet, oder aber [&hellip;]<\/p>\n","protected":false},"author":1,"featured_media":0,"parent":691,"menu_order":0,"comment_status":"closed","ping_status":"open","template":"","meta":{"footnotes":""},"yoast_head":"<!-- This site is optimized with the Yoast SEO plugin v22.5 - https:\/\/yoast.com\/wordpress\/plugins\/seo\/ -->\n<title>Speisekarten - Qualitativ hochwertige Drucksorten aller Art<\/title>\n<meta name=\"robots\" content=\"index, follow, max-snippet:-1, max-image-preview:large, max-video-preview:-1\" \/>\n<link rel=\"canonical\" href=\"https:\/\/www.austrianweb.at\/drucksorten\/event-u-lokal\/speisekarten\/\" \/>\n<meta property=\"og:locale\" content=\"de_DE\" \/>\n<meta property=\"og:type\" content=\"article\" \/>\n<meta property=\"og:title\" content=\"Speisekarten - Qualitativ hochwertige Drucksorten aller Art\" \/>\n<meta property=\"og:description\" content=\"Wer kurz dar\u00fcber nachdenkt erkennt das das Auge schon beim durchlesen der Speisekarte &#8222;mitisst&#8220;. Pr\u00e4sentieren Sie Ihre K\u00f6stlichkeiten wahlweise bunt und peppig oder edel und stilvoll &#8211; zu 100% so wie Sie es wollen. Edle Papiersorten stehen zur Auswahl und Sie k\u00f6nnen die Speisekarten wahlweise wie eine Brosch\u00fcre pr\u00e4sentieren, oder in Spirale geheftet, oder aber [&hellip;]\" \/>\n<meta property=\"og:url\" content=\"https:\/\/www.austrianweb.at\/drucksorten\/event-u-lokal\/speisekarten\/\" \/>\n<meta property=\"og:site_name\" content=\"Qualitativ hochwertige Drucksorten aller Art\" \/>\n<meta property=\"article:publisher\" content=\"https:\/\/www.facebook.com\/pages\/Austrianweb-Suchmaschinenoptimierung\/\" \/>\n<meta property=\"article:modified_time\" content=\"2017-03-15T15:13:20+00:00\" \/>\n<meta property=\"og:image\" content=\"https:\/\/www.austrianweb.at\/drucksorten\/wp-content\/uploads\/Speisekarten-187x300.jpg\" \/>\n<script type=\"application\/ld+json\" class=\"yoast-schema-graph\">{\"@context\":\"https:\/\/schema.org\",\"@graph\":[{\"@type\":\"WebPage\",\"@id\":\"https:\/\/www.austrianweb.at\/drucksorten\/event-u-lokal\/speisekarten\/\",\"url\":\"https:\/\/www.austrianweb.at\/drucksorten\/event-u-lokal\/speisekarten\/\",\"name\":\"Speisekarten - Qualitativ hochwertige Drucksorten aller Art\",\"isPartOf\":{\"@id\":\"https:\/\/www.austrianweb.at\/drucksorten\/#website\"},\"primaryImageOfPage\":{\"@id\":\"https:\/\/www.austrianweb.at\/drucksorten\/event-u-lokal\/speisekarten\/#primaryimage\"},\"image\":{\"@id\":\"https:\/\/www.austrianweb.at\/drucksorten\/event-u-lokal\/speisekarten\/#primaryimage\"},\"thumbnailUrl\":\"https:\/\/www.austrianweb.at\/drucksorten\/wp-content\/uploads\/Speisekarten-187x300.jpg\",\"datePublished\":\"2012-06-05T11:41:46+00:00\",\"dateModified\":\"2017-03-15T15:13:20+00:00\",\"breadcrumb\":{\"@id\":\"https:\/\/www.austrianweb.at\/drucksorten\/event-u-lokal\/speisekarten\/#breadcrumb\"},\"inLanguage\":\"de\",\"potentialAction\":[{\"@type\":\"ReadAction\",\"target\":[\"https:\/\/www.austrianweb.at\/drucksorten\/event-u-lokal\/speisekarten\/\"]}]},{\"@type\":\"ImageObject\",\"inLanguage\":\"de\",\"@id\":\"https:\/\/www.austrianweb.at\/drucksorten\/event-u-lokal\/speisekarten\/#primaryimage\",\"url\":\"https:\/\/www.austrianweb.at\/drucksorten\/wp-content\/uploads\/Speisekarten-187x300.jpg\",\"contentUrl\":\"https:\/\/www.austrianweb.at\/drucksorten\/wp-content\/uploads\/Speisekarten-187x300.jpg\"},{\"@type\":\"BreadcrumbList\",\"@id\":\"https:\/\/www.austrianweb.at\/drucksorten\/event-u-lokal\/speisekarten\/#breadcrumb\",\"itemListElement\":[{\"@type\":\"ListItem\",\"position\":1,\"name\":\"Event u. Lokal\",\"item\":\"https:\/\/www.austrianweb.at\/drucksorten\/event-u-lokal\/\"},{\"@type\":\"ListItem\",\"position\":2,\"name\":\"Speisekarten\"}]},{\"@type\":\"WebSite\",\"@id\":\"https:\/\/www.austrianweb.at\/drucksorten\/#website\",\"url\":\"https:\/\/www.austrianweb.at\/drucksorten\/\",\"name\":\"Qualitativ hochwertige Drucksorten aller Art\",\"description\":\"Gesch\u00e4fts- u. Werbedrucksorten - Printartikel f\u00fcr Point of sale\",\"publisher\":{\"@id\":\"https:\/\/www.austrianweb.at\/drucksorten\/#organization\"},\"potentialAction\":[{\"@type\":\"SearchAction\",\"target\":{\"@type\":\"EntryPoint\",\"urlTemplate\":\"https:\/\/www.austrianweb.at\/drucksorten\/?s={search_term_string}\"},\"query-input\":\"required name=search_term_string\"}],\"inLanguage\":\"de\"},{\"@type\":\"Organization\",\"@id\":\"https:\/\/www.austrianweb.at\/drucksorten\/#organization\",\"name\":\"Austrianweb\",\"url\":\"https:\/\/www.austrianweb.at\/drucksorten\/\",\"logo\":{\"@type\":\"ImageObject\",\"inLanguage\":\"de\",\"@id\":\"https:\/\/www.austrianweb.at\/drucksorten\/#\/schema\/logo\/image\/\",\"url\":\"https:\/\/www.austrianweb.at\/drucksorten\/wp-content\/uploads\/Austrianweb-Logo-180.png\",\"contentUrl\":\"https:\/\/www.austrianweb.at\/drucksorten\/wp-content\/uploads\/Austrianweb-Logo-180.png\",\"width\":180,\"height\":209,\"caption\":\"Austrianweb\"},\"image\":{\"@id\":\"https:\/\/www.austrianweb.at\/drucksorten\/#\/schema\/logo\/image\/\"},\"sameAs\":[\"https:\/\/www.facebook.com\/pages\/Austrianweb-Suchmaschinenoptimierung\/\",\"https:\/\/x.com\/austrianweb\"]}]}<\/script>\n<!-- \/ Yoast SEO plugin. -->","yoast_head_json":{"title":"Speisekarten - Qualitativ hochwertige Drucksorten aller Art","robots":{"index":"index","follow":"follow","max-snippet":"max-snippet:-1","max-image-preview":"max-image-preview:large","max-video-preview":"max-video-preview:-1"},"canonical":"https:\/\/www.austrianweb.at\/drucksorten\/event-u-lokal\/speisekarten\/","og_locale":"de_DE","og_type":"article","og_title":"Speisekarten - Qualitativ hochwertige Drucksorten aller Art","og_description":"Wer kurz dar\u00fcber nachdenkt erkennt das das Auge schon beim durchlesen der Speisekarte &#8222;mitisst&#8220;. Pr\u00e4sentieren Sie Ihre K\u00f6stlichkeiten wahlweise bunt und peppig oder edel und stilvoll &#8211; zu 100% so wie Sie es wollen. Edle Papiersorten stehen zur Auswahl und Sie k\u00f6nnen die Speisekarten wahlweise wie eine Brosch\u00fcre pr\u00e4sentieren, oder in Spirale geheftet, oder aber [&hellip;]","og_url":"https:\/\/www.austrianweb.at\/drucksorten\/event-u-lokal\/speisekarten\/","og_site_name":"Qualitativ hochwertige Drucksorten aller Art","article_publisher":"https:\/\/www.facebook.com\/pages\/Austrianweb-Suchmaschinenoptimierung\/","article_modified_time":"2017-03-15T15:13:20+00:00","og_image":[{"url":"https:\/\/www.austrianweb.at\/drucksorten\/wp-content\/uploads\/Speisekarten-187x300.jpg"}],"schema":{"@context":"https:\/\/schema.org","@graph":[{"@type":"WebPage","@id":"https:\/\/www.austrianweb.at\/drucksorten\/event-u-lokal\/speisekarten\/","url":"https:\/\/www.austrianweb.at\/drucksorten\/event-u-lokal\/speisekarten\/","name":"Speisekarten - Qualitativ hochwertige Drucksorten aller Art","isPartOf":{"@id":"https:\/\/www.austrianweb.at\/drucksorten\/#website"},"primaryImageOfPage":{"@id":"https:\/\/www.austrianweb.at\/drucksorten\/event-u-lokal\/speisekarten\/#primaryimage"},"image":{"@id":"https:\/\/www.austrianweb.at\/drucksorten\/event-u-lokal\/speisekarten\/#primaryimage"},"thumbnailUrl":"https:\/\/www.austrianweb.at\/drucksorten\/wp-content\/uploads\/Speisekarten-187x300.jpg","datePublished":"2012-06-05T11:41:46+00:00","dateModified":"2017-03-15T15:13:20+00:00","breadcrumb":{"@id":"https:\/\/www.austrianweb.at\/drucksorten\/event-u-lokal\/speisekarten\/#breadcrumb"},"inLanguage":"de","potentialAction":[{"@type":"ReadAction","target":["https:\/\/www.austrianweb.at\/drucksorten\/event-u-lokal\/speisekarten\/"]}]},{"@type":"ImageObject","inLanguage":"de","@id":"https:\/\/www.austrianweb.at\/drucksorten\/event-u-lokal\/speisekarten\/#primaryimage","url":"https:\/\/www.austrianweb.at\/drucksorten\/wp-content\/uploads\/Speisekarten-187x300.jpg","contentUrl":"https:\/\/www.austrianweb.at\/drucksorten\/wp-content\/uploads\/Speisekarten-187x300.jpg"},{"@type":"BreadcrumbList","@id":"https:\/\/www.austrianweb.at\/drucksorten\/event-u-lokal\/speisekarten\/#breadcrumb","itemListElement":[{"@type":"ListItem","position":1,"name":"Event u. Lokal","item":"https:\/\/www.austrianweb.at\/drucksorten\/event-u-lokal\/"},{"@type":"ListItem","position":2,"name":"Speisekarten"}]},{"@type":"WebSite","@id":"https:\/\/www.austrianweb.at\/drucksorten\/#website","url":"https:\/\/www.austrianweb.at\/drucksorten\/","name":"Qualitativ hochwertige Drucksorten aller Art","description":"Gesch\u00e4fts- u. Werbedrucksorten - Printartikel f\u00fcr Point of sale","publisher":{"@id":"https:\/\/www.austrianweb.at\/drucksorten\/#organization"},"potentialAction":[{"@type":"SearchAction","target":{"@type":"EntryPoint","urlTemplate":"https:\/\/www.austrianweb.at\/drucksorten\/?s={search_term_string}"},"query-input":"required name=search_term_string"}],"inLanguage":"de"},{"@type":"Organization","@id":"https:\/\/www.austrianweb.at\/drucksorten\/#organization","name":"Austrianweb","url":"https:\/\/www.austrianweb.at\/drucksorten\/","logo":{"@type":"ImageObject","inLanguage":"de","@id":"https:\/\/www.austrianweb.at\/drucksorten\/#\/schema\/logo\/image\/","url":"https:\/\/www.austrianweb.at\/drucksorten\/wp-content\/uploads\/Austrianweb-Logo-180.png","contentUrl":"https:\/\/www.austrianweb.at\/drucksorten\/wp-content\/uploads\/Austrianweb-Logo-180.png","width":180,"height":209,"caption":"Austrianweb"},"image":{"@id":"https:\/\/www.austrianweb.at\/drucksorten\/#\/schema\/logo\/image\/"},"sameAs":["https:\/\/www.facebook.com\/pages\/Austrianweb-Suchmaschinenoptimierung\/","https:\/\/x.com\/austrianweb"]}]}},"_links":{"self":[{"href":"https:\/\/www.austrianweb.at\/drucksorten\/wp-json\/wp\/v2\/pages\/695"}],"collection":[{"href":"https:\/\/www.austrianweb.at\/drucksorten\/wp-json\/wp\/v2\/pages"}],"about":[{"href":"https:\/\/www.austrianweb.at\/drucksorten\/wp-json\/wp\/v2\/types\/page"}],"author":[{"embeddable":true,"href":"https:\/\/www.austrianweb.at\/drucksorten\/wp-json\/wp\/v2\/users\/1"}],"replies":[{"embeddable":true,"href":"https:\/\/www.austrianweb.at\/drucksorten\/wp-json\/wp\/v2\/comments?post=695"}],"version-history":[{"count":1,"href":"https:\/\/www.austrianweb.at\/drucksorten\/wp-json\/wp\/v2\/pages\/695\/revisions"}],"predecessor-version":[{"id":3091,"href":"https:\/\/www.austrianweb.at\/drucksorten\/wp-json\/wp\/v2\/pages\/695\/revisions\/3091"}],"up":[{"embeddable":true,"href":"https:\/\/www.austrianweb.at\/drucksorten\/wp-json\/wp\/v2\/pages\/691"}],"wp:attachment":[{"href":"https:\/\/www.austrianweb.at\/drucksorten\/wp-json\/wp\/v2\/media?parent=695"}],"curies":[{"name":"wp","href":"https:\/\/api.w.org\/{rel}","templated":true}]}}