{"id":691,"date":"2012-06-05T11:41:13","date_gmt":"2012-06-05T11:41:13","guid":{"rendered":"http:\/\/www.austrianweb.at\/drucksorten\/wordpress\/?page_id=691"},"modified":"2017-03-15T15:13:20","modified_gmt":"2017-03-15T15:13:20","slug":"event-u-lokal","status":"publish","type":"page","link":"https:\/\/www.austrianweb.at\/drucksorten\/event-u-lokal\/","title":{"rendered":"Event u. Lokal"},"content":{"rendered":"<p>Druckartikel f\u00fcr Ihre n\u00e4chste Party oder Ihren Gastronomiebetrieb.<\/p>\n<p>Werbewirksame Artikel die Ihre Werbebotschaften optimal &#8222;r\u00fcberbringen&#8220;.<\/p>\n<p>Unter anderem finden Sie hier folgende Drucksorten f\u00fcr die Gastronomie:<\/p>\n<ul>\n<li>Bierdeckel<\/li>\n<li>Einladungen<\/li>\n<li>Gutscheinh\u00fcllen<\/li>\n<li>Speisekarten<\/li>\n<li>Tischsets<\/li>\n<li>Untersetzer<\/li>\n<li>Sch\u00fcrzen<\/li>\n<li>Klatschf\u00e4cher<\/li>\n<li>Zelte und Baldachine<\/li>\n<li>Beachflags<\/li>\n<li>Fahnen<\/li>\n<li>Leuchts\u00e4ulen (Lichts\u00e4ulen)<\/li>\n<li>Folien<\/li>\n<li>Aufkleber<\/li>\n<li>Sitzs\u00e4cke, St\u00fchle und Polster<\/li>\n<li>Gesch\u00e4ftsdrucksorten<\/li>\n<li>Werbedrucksorten<\/li>\n<li>Plakate<\/li>\n<li>Pop Ups<\/li>\n<li>Display\u00b4s<\/li>\n<li>Magnetschilder<\/li>\n<li>Stofftaschen<\/li>\n<li>Startnummern<\/li>\n<li>Trikots und Longshirts<\/li>\n<li>&#8230;.<\/li>\n<\/ul>\n<div><a href=\"https:\/\/www.austrianweb.at\/drucksorten\/wp-content\/uploads\/Events-und-Party.png\"><img decoding=\"async\" loading=\"lazy\" class=\"aligncenter size-medium wp-image-2346\" title=\"Events, Partys und Sportveranstaltungen\" alt=\"\" src=\"https:\/\/www.austrianweb.at\/drucksorten\/wp-content\/uploads\/Events-und-Party-490x490.png\" width=\"490\" height=\"490\" \/><\/a><\/div>\n<p>&nbsp;<\/p>\n","protected":false},"excerpt":{"rendered":"<p>Druckartikel f\u00fcr Ihre n\u00e4chste Party oder Ihren Gastronomiebetrieb. Werbewirksame Artikel die Ihre Werbebotschaften optimal &#8222;r\u00fcberbringen&#8220;. Unter anderem finden Sie hier folgende Drucksorten f\u00fcr die Gastronomie: Bierdeckel Einladungen Gutscheinh\u00fcllen Speisekarten Tischsets Untersetzer Sch\u00fcrzen Klatschf\u00e4cher Zelte und Baldachine Beachflags Fahnen Leuchts\u00e4ulen (Lichts\u00e4ulen) Folien Aufkleber Sitzs\u00e4cke, St\u00fchle und Polster Gesch\u00e4ftsdrucksorten Werbedrucksorten Plakate Pop Ups Display\u00b4s Magnetschilder Stofftaschen Startnummern [&hellip;]<\/p>\n","protected":false},"author":1,"featured_media":0,"parent":0,"menu_order":0,"comment_status":"closed","ping_status":"open","template":"","meta":{"footnotes":""},"yoast_head":"<!-- This site is optimized with the Yoast SEO plugin v22.5 - https:\/\/yoast.com\/wordpress\/plugins\/seo\/ -->\n<title>Drucksorten f\u00fcr Ihren Event oder Ihr Lokal<\/title>\n<meta name=\"description\" content=\"Gerade auf Events oder in Gastronomiebetrieben l\u00e4sst sich Werbung gut unterbringen. Flyer, Folder oder Bierdeckel - es gibt hier unz\u00e4hlige, ausgefallene Werbetr\u00e4ger.\" \/>\n<meta name=\"robots\" content=\"index, follow, max-snippet:-1, max-image-preview:large, max-video-preview:-1\" \/>\n<link rel=\"canonical\" href=\"https:\/\/www.austrianweb.at\/drucksorten\/event-u-lokal\/\" \/>\n<meta property=\"og:locale\" content=\"de_DE\" \/>\n<meta property=\"og:type\" content=\"article\" \/>\n<meta property=\"og:title\" content=\"Drucksorten f\u00fcr Ihren Event oder Ihr Lokal\" \/>\n<meta property=\"og:description\" content=\"Gerade auf Events oder in Gastronomiebetrieben l\u00e4sst sich Werbung gut unterbringen. Flyer, Folder oder Bierdeckel - es gibt hier unz\u00e4hlige, ausgefallene Werbetr\u00e4ger.\" \/>\n<meta property=\"og:url\" content=\"https:\/\/www.austrianweb.at\/drucksorten\/event-u-lokal\/\" \/>\n<meta property=\"og:site_name\" content=\"Qualitativ hochwertige Drucksorten aller Art\" \/>\n<meta property=\"article:publisher\" content=\"https:\/\/www.facebook.com\/pages\/Austrianweb-Suchmaschinenoptimierung\/\" \/>\n<meta property=\"article:modified_time\" content=\"2017-03-15T15:13:20+00:00\" \/>\n<meta property=\"og:image\" content=\"https:\/\/www.austrianweb.at\/drucksorten\/wp-content\/uploads\/Events-und-Party-490x490.png\" \/>\n<script type=\"application\/ld+json\" class=\"yoast-schema-graph\">{\"@context\":\"https:\/\/schema.org\",\"@graph\":[{\"@type\":\"WebPage\",\"@id\":\"https:\/\/www.austrianweb.at\/drucksorten\/event-u-lokal\/\",\"url\":\"https:\/\/www.austrianweb.at\/drucksorten\/event-u-lokal\/\",\"name\":\"Drucksorten f\u00fcr Ihren Event oder Ihr Lokal\",\"isPartOf\":{\"@id\":\"https:\/\/www.austrianweb.at\/drucksorten\/#website\"},\"primaryImageOfPage\":{\"@id\":\"https:\/\/www.austrianweb.at\/drucksorten\/event-u-lokal\/#primaryimage\"},\"image\":{\"@id\":\"https:\/\/www.austrianweb.at\/drucksorten\/event-u-lokal\/#primaryimage\"},\"thumbnailUrl\":\"https:\/\/www.austrianweb.at\/drucksorten\/wp-content\/uploads\/Events-und-Party-490x490.png\",\"datePublished\":\"2012-06-05T11:41:13+00:00\",\"dateModified\":\"2017-03-15T15:13:20+00:00\",\"description\":\"Gerade auf Events oder in Gastronomiebetrieben l\u00e4sst sich Werbung gut unterbringen. Flyer, Folder oder Bierdeckel - es gibt hier unz\u00e4hlige, ausgefallene Werbetr\u00e4ger.\",\"inLanguage\":\"de\",\"potentialAction\":[{\"@type\":\"ReadAction\",\"target\":[\"https:\/\/www.austrianweb.at\/drucksorten\/event-u-lokal\/\"]}]},{\"@type\":\"ImageObject\",\"inLanguage\":\"de\",\"@id\":\"https:\/\/www.austrianweb.at\/drucksorten\/event-u-lokal\/#primaryimage\",\"url\":\"https:\/\/www.austrianweb.at\/drucksorten\/wp-content\/uploads\/Events-und-Party-490x490.png\",\"contentUrl\":\"https:\/\/www.austrianweb.at\/drucksorten\/wp-content\/uploads\/Events-und-Party-490x490.png\"},{\"@type\":\"WebSite\",\"@id\":\"https:\/\/www.austrianweb.at\/drucksorten\/#website\",\"url\":\"https:\/\/www.austrianweb.at\/drucksorten\/\",\"name\":\"Qualitativ hochwertige Drucksorten aller Art\",\"description\":\"Gesch\u00e4fts- u. Werbedrucksorten - Printartikel f\u00fcr Point of sale\",\"publisher\":{\"@id\":\"https:\/\/www.austrianweb.at\/drucksorten\/#organization\"},\"potentialAction\":[{\"@type\":\"SearchAction\",\"target\":{\"@type\":\"EntryPoint\",\"urlTemplate\":\"https:\/\/www.austrianweb.at\/drucksorten\/?s={search_term_string}\"},\"query-input\":\"required name=search_term_string\"}],\"inLanguage\":\"de\"},{\"@type\":\"Organization\",\"@id\":\"https:\/\/www.austrianweb.at\/drucksorten\/#organization\",\"name\":\"Austrianweb\",\"url\":\"https:\/\/www.austrianweb.at\/drucksorten\/\",\"logo\":{\"@type\":\"ImageObject\",\"inLanguage\":\"de\",\"@id\":\"https:\/\/www.austrianweb.at\/drucksorten\/#\/schema\/logo\/image\/\",\"url\":\"https:\/\/www.austrianweb.at\/drucksorten\/wp-content\/uploads\/Austrianweb-Logo-180.png\",\"contentUrl\":\"https:\/\/www.austrianweb.at\/drucksorten\/wp-content\/uploads\/Austrianweb-Logo-180.png\",\"width\":180,\"height\":209,\"caption\":\"Austrianweb\"},\"image\":{\"@id\":\"https:\/\/www.austrianweb.at\/drucksorten\/#\/schema\/logo\/image\/\"},\"sameAs\":[\"https:\/\/www.facebook.com\/pages\/Austrianweb-Suchmaschinenoptimierung\/\",\"https:\/\/x.com\/austrianweb\"]}]}<\/script>\n<!-- \/ Yoast SEO plugin. -->","yoast_head_json":{"title":"Drucksorten f\u00fcr Ihren Event oder Ihr Lokal","description":"Gerade auf Events oder in Gastronomiebetrieben l\u00e4sst sich Werbung gut unterbringen. Flyer, Folder oder Bierdeckel - es gibt hier unz\u00e4hlige, ausgefallene Werbetr\u00e4ger.","robots":{"index":"index","follow":"follow","max-snippet":"max-snippet:-1","max-image-preview":"max-image-preview:large","max-video-preview":"max-video-preview:-1"},"canonical":"https:\/\/www.austrianweb.at\/drucksorten\/event-u-lokal\/","og_locale":"de_DE","og_type":"article","og_title":"Drucksorten f\u00fcr Ihren Event oder Ihr Lokal","og_description":"Gerade auf Events oder in Gastronomiebetrieben l\u00e4sst sich Werbung gut unterbringen. Flyer, Folder oder Bierdeckel - es gibt hier unz\u00e4hlige, ausgefallene Werbetr\u00e4ger.","og_url":"https:\/\/www.austrianweb.at\/drucksorten\/event-u-lokal\/","og_site_name":"Qualitativ hochwertige Drucksorten aller Art","article_publisher":"https:\/\/www.facebook.com\/pages\/Austrianweb-Suchmaschinenoptimierung\/","article_modified_time":"2017-03-15T15:13:20+00:00","og_image":[{"url":"https:\/\/www.austrianweb.at\/drucksorten\/wp-content\/uploads\/Events-und-Party-490x490.png"}],"schema":{"@context":"https:\/\/schema.org","@graph":[{"@type":"WebPage","@id":"https:\/\/www.austrianweb.at\/drucksorten\/event-u-lokal\/","url":"https:\/\/www.austrianweb.at\/drucksorten\/event-u-lokal\/","name":"Drucksorten f\u00fcr Ihren Event oder Ihr Lokal","isPartOf":{"@id":"https:\/\/www.austrianweb.at\/drucksorten\/#website"},"primaryImageOfPage":{"@id":"https:\/\/www.austrianweb.at\/drucksorten\/event-u-lokal\/#primaryimage"},"image":{"@id":"https:\/\/www.austrianweb.at\/drucksorten\/event-u-lokal\/#primaryimage"},"thumbnailUrl":"https:\/\/www.austrianweb.at\/drucksorten\/wp-content\/uploads\/Events-und-Party-490x490.png","datePublished":"2012-06-05T11:41:13+00:00","dateModified":"2017-03-15T15:13:20+00:00","description":"Gerade auf Events oder in Gastronomiebetrieben l\u00e4sst sich Werbung gut unterbringen. Flyer, Folder oder Bierdeckel - es gibt hier unz\u00e4hlige, ausgefallene Werbetr\u00e4ger.","inLanguage":"de","potentialAction":[{"@type":"ReadAction","target":["https:\/\/www.austrianweb.at\/drucksorten\/event-u-lokal\/"]}]},{"@type":"ImageObject","inLanguage":"de","@id":"https:\/\/www.austrianweb.at\/drucksorten\/event-u-lokal\/#primaryimage","url":"https:\/\/www.austrianweb.at\/drucksorten\/wp-content\/uploads\/Events-und-Party-490x490.png","contentUrl":"https:\/\/www.austrianweb.at\/drucksorten\/wp-content\/uploads\/Events-und-Party-490x490.png"},{"@type":"WebSite","@id":"https:\/\/www.austrianweb.at\/drucksorten\/#website","url":"https:\/\/www.austrianweb.at\/drucksorten\/","name":"Qualitativ hochwertige Drucksorten aller Art","description":"Gesch\u00e4fts- u. Werbedrucksorten - Printartikel f\u00fcr Point of sale","publisher":{"@id":"https:\/\/www.austrianweb.at\/drucksorten\/#organization"},"potentialAction":[{"@type":"SearchAction","target":{"@type":"EntryPoint","urlTemplate":"https:\/\/www.austrianweb.at\/drucksorten\/?s={search_term_string}"},"query-input":"required name=search_term_string"}],"inLanguage":"de"},{"@type":"Organization","@id":"https:\/\/www.austrianweb.at\/drucksorten\/#organization","name":"Austrianweb","url":"https:\/\/www.austrianweb.at\/drucksorten\/","logo":{"@type":"ImageObject","inLanguage":"de","@id":"https:\/\/www.austrianweb.at\/drucksorten\/#\/schema\/logo\/image\/","url":"https:\/\/www.austrianweb.at\/drucksorten\/wp-content\/uploads\/Austrianweb-Logo-180.png","contentUrl":"https:\/\/www.austrianweb.at\/drucksorten\/wp-content\/uploads\/Austrianweb-Logo-180.png","width":180,"height":209,"caption":"Austrianweb"},"image":{"@id":"https:\/\/www.austrianweb.at\/drucksorten\/#\/schema\/logo\/image\/"},"sameAs":["https:\/\/www.facebook.com\/pages\/Austrianweb-Suchmaschinenoptimierung\/","https:\/\/x.com\/austrianweb"]}]}},"_links":{"self":[{"href":"https:\/\/www.austrianweb.at\/drucksorten\/wp-json\/wp\/v2\/pages\/691"}],"collection":[{"href":"https:\/\/www.austrianweb.at\/drucksorten\/wp-json\/wp\/v2\/pages"}],"about":[{"href":"https:\/\/www.austrianweb.at\/drucksorten\/wp-json\/wp\/v2\/types\/page"}],"author":[{"embeddable":true,"href":"https:\/\/www.austrianweb.at\/drucksorten\/wp-json\/wp\/v2\/users\/1"}],"replies":[{"embeddable":true,"href":"https:\/\/www.austrianweb.at\/drucksorten\/wp-json\/wp\/v2\/comments?post=691"}],"version-history":[{"count":2,"href":"https:\/\/www.austrianweb.at\/drucksorten\/wp-json\/wp\/v2\/pages\/691\/revisions"}],"predecessor-version":[{"id":4232,"href":"https:\/\/www.austrianweb.at\/drucksorten\/wp-json\/wp\/v2\/pages\/691\/revisions\/4232"}],"wp:attachment":[{"href":"https:\/\/www.austrianweb.at\/drucksorten\/wp-json\/wp\/v2\/media?parent=691"}],"curies":[{"name":"wp","href":"https:\/\/api.w.org\/{rel}","templated":true}]}}