{"id":604,"date":"2012-05-31T17:00:18","date_gmt":"2012-05-31T17:00:18","guid":{"rendered":"http:\/\/www.austrianweb.at\/drucksorten\/wordpress\/?page_id=604"},"modified":"2016-08-03T14:15:42","modified_gmt":"2016-08-03T14:15:42","slug":"sitzsacke-stuhle-und-polster","status":"publish","type":"page","link":"https:\/\/www.austrianweb.at\/drucksorten\/sitzsacke-stuhle-und-polster\/","title":{"rendered":"Sitzs\u00e4cke, St\u00fchle und Polster"},"content":{"rendered":"<p>Werbetr\u00e4ger auf denen man sitzen kann &#8230;&#8230;&#8230; \u00a0mit beliebigen Motiven aufgedruckt.<\/p>\n<p>Gern gesehene Werbegeschenke oder auff\u00e4llige Sitzgelegenheiten am Messestand.<\/p>\n<ul>\n<li>Liegest\u00fchle<\/li>\n<li>Sitzs\u00e4cke<\/li>\n<li>Polster<\/li>\n<\/ul>\n<p><img decoding=\"async\" loading=\"lazy\" class=\"aligncenter wp-image-1634 size-full\" title=\"Sitzsaecke, Liegest\u00fchle und Polster\" src=\"https:\/\/www.austrianweb.at\/drucksorten\/wp-content\/uploads\/Sitzsaecke-Liegestuehle-Polster.png\" width=\"510\" height=\"397\" \/><\/p>\n<p>&nbsp;<\/p>\n","protected":false},"excerpt":{"rendered":"<p>Werbetr\u00e4ger auf denen man sitzen kann &#8230;&#8230;&#8230; \u00a0mit beliebigen Motiven aufgedruckt. Gern gesehene Werbegeschenke oder auff\u00e4llige Sitzgelegenheiten am Messestand. Liegest\u00fchle Sitzs\u00e4cke Polster &nbsp;<\/p>\n","protected":false},"author":6,"featured_media":0,"parent":0,"menu_order":0,"comment_status":"closed","ping_status":"open","template":"","meta":{"footnotes":""},"yoast_head":"<!-- This site is optimized with the Yoast SEO plugin v22.5 - https:\/\/yoast.com\/wordpress\/plugins\/seo\/ -->\n<title>Sitzs\u00e4cke, St\u00fchle und Polster<\/title>\n<meta name=\"description\" content=\"Personalisierte Sitzm\u00f6bel zum ... sitzen nat\u00fcrlich. Werbung oder Style - seien Sie kreativ.\" \/>\n<meta name=\"robots\" content=\"index, follow, max-snippet:-1, max-image-preview:large, max-video-preview:-1\" \/>\n<link rel=\"canonical\" href=\"https:\/\/www.austrianweb.at\/drucksorten\/sitzsacke-stuhle-und-polster\/\" \/>\n<meta property=\"og:locale\" content=\"de_DE\" \/>\n<meta property=\"og:type\" content=\"article\" \/>\n<meta property=\"og:title\" content=\"Sitzs\u00e4cke, St\u00fchle und Polster\" \/>\n<meta property=\"og:description\" content=\"Personalisierte Sitzm\u00f6bel zum ... sitzen nat\u00fcrlich. Werbung oder Style - seien Sie kreativ.\" \/>\n<meta property=\"og:url\" content=\"https:\/\/www.austrianweb.at\/drucksorten\/sitzsacke-stuhle-und-polster\/\" \/>\n<meta property=\"og:site_name\" content=\"Qualitativ hochwertige Drucksorten aller Art\" \/>\n<meta property=\"article:publisher\" content=\"https:\/\/www.facebook.com\/pages\/Austrianweb-Suchmaschinenoptimierung\/\" \/>\n<meta property=\"article:modified_time\" content=\"2016-08-03T14:15:42+00:00\" \/>\n<meta property=\"og:image\" content=\"https:\/\/www.austrianweb.at\/drucksorten\/wp-content\/uploads\/Sitzsaecke-Liegestuehle-Polster.png\" \/>\n<script type=\"application\/ld+json\" class=\"yoast-schema-graph\">{\"@context\":\"https:\/\/schema.org\",\"@graph\":[{\"@type\":\"WebPage\",\"@id\":\"https:\/\/www.austrianweb.at\/drucksorten\/sitzsacke-stuhle-und-polster\/\",\"url\":\"https:\/\/www.austrianweb.at\/drucksorten\/sitzsacke-stuhle-und-polster\/\",\"name\":\"Sitzs\u00e4cke, St\u00fchle und Polster\",\"isPartOf\":{\"@id\":\"https:\/\/www.austrianweb.at\/drucksorten\/#website\"},\"primaryImageOfPage\":{\"@id\":\"https:\/\/www.austrianweb.at\/drucksorten\/sitzsacke-stuhle-und-polster\/#primaryimage\"},\"image\":{\"@id\":\"https:\/\/www.austrianweb.at\/drucksorten\/sitzsacke-stuhle-und-polster\/#primaryimage\"},\"thumbnailUrl\":\"https:\/\/www.austrianweb.at\/drucksorten\/wp-content\/uploads\/Sitzsaecke-Liegestuehle-Polster.png\",\"datePublished\":\"2012-05-31T17:00:18+00:00\",\"dateModified\":\"2016-08-03T14:15:42+00:00\",\"description\":\"Personalisierte Sitzm\u00f6bel zum ... sitzen nat\u00fcrlich. Werbung oder Style - seien Sie kreativ.\",\"inLanguage\":\"de\",\"potentialAction\":[{\"@type\":\"ReadAction\",\"target\":[\"https:\/\/www.austrianweb.at\/drucksorten\/sitzsacke-stuhle-und-polster\/\"]}]},{\"@type\":\"ImageObject\",\"inLanguage\":\"de\",\"@id\":\"https:\/\/www.austrianweb.at\/drucksorten\/sitzsacke-stuhle-und-polster\/#primaryimage\",\"url\":\"https:\/\/www.austrianweb.at\/drucksorten\/wp-content\/uploads\/Sitzsaecke-Liegestuehle-Polster.png\",\"contentUrl\":\"https:\/\/www.austrianweb.at\/drucksorten\/wp-content\/uploads\/Sitzsaecke-Liegestuehle-Polster.png\"},{\"@type\":\"WebSite\",\"@id\":\"https:\/\/www.austrianweb.at\/drucksorten\/#website\",\"url\":\"https:\/\/www.austrianweb.at\/drucksorten\/\",\"name\":\"Qualitativ hochwertige Drucksorten aller Art\",\"description\":\"Gesch\u00e4fts- u. Werbedrucksorten - Printartikel f\u00fcr Point of sale\",\"publisher\":{\"@id\":\"https:\/\/www.austrianweb.at\/drucksorten\/#organization\"},\"potentialAction\":[{\"@type\":\"SearchAction\",\"target\":{\"@type\":\"EntryPoint\",\"urlTemplate\":\"https:\/\/www.austrianweb.at\/drucksorten\/?s={search_term_string}\"},\"query-input\":\"required name=search_term_string\"}],\"inLanguage\":\"de\"},{\"@type\":\"Organization\",\"@id\":\"https:\/\/www.austrianweb.at\/drucksorten\/#organization\",\"name\":\"Austrianweb\",\"url\":\"https:\/\/www.austrianweb.at\/drucksorten\/\",\"logo\":{\"@type\":\"ImageObject\",\"inLanguage\":\"de\",\"@id\":\"https:\/\/www.austrianweb.at\/drucksorten\/#\/schema\/logo\/image\/\",\"url\":\"https:\/\/www.austrianweb.at\/drucksorten\/wp-content\/uploads\/Austrianweb-Logo-180.png\",\"contentUrl\":\"https:\/\/www.austrianweb.at\/drucksorten\/wp-content\/uploads\/Austrianweb-Logo-180.png\",\"width\":180,\"height\":209,\"caption\":\"Austrianweb\"},\"image\":{\"@id\":\"https:\/\/www.austrianweb.at\/drucksorten\/#\/schema\/logo\/image\/\"},\"sameAs\":[\"https:\/\/www.facebook.com\/pages\/Austrianweb-Suchmaschinenoptimierung\/\",\"https:\/\/x.com\/austrianweb\"]}]}<\/script>\n<!-- \/ Yoast SEO plugin. -->","yoast_head_json":{"title":"Sitzs\u00e4cke, St\u00fchle und Polster","description":"Personalisierte Sitzm\u00f6bel zum ... sitzen nat\u00fcrlich. Werbung oder Style - seien Sie kreativ.","robots":{"index":"index","follow":"follow","max-snippet":"max-snippet:-1","max-image-preview":"max-image-preview:large","max-video-preview":"max-video-preview:-1"},"canonical":"https:\/\/www.austrianweb.at\/drucksorten\/sitzsacke-stuhle-und-polster\/","og_locale":"de_DE","og_type":"article","og_title":"Sitzs\u00e4cke, St\u00fchle und Polster","og_description":"Personalisierte Sitzm\u00f6bel zum ... sitzen nat\u00fcrlich. Werbung oder Style - seien Sie kreativ.","og_url":"https:\/\/www.austrianweb.at\/drucksorten\/sitzsacke-stuhle-und-polster\/","og_site_name":"Qualitativ hochwertige Drucksorten aller Art","article_publisher":"https:\/\/www.facebook.com\/pages\/Austrianweb-Suchmaschinenoptimierung\/","article_modified_time":"2016-08-03T14:15:42+00:00","og_image":[{"url":"https:\/\/www.austrianweb.at\/drucksorten\/wp-content\/uploads\/Sitzsaecke-Liegestuehle-Polster.png"}],"schema":{"@context":"https:\/\/schema.org","@graph":[{"@type":"WebPage","@id":"https:\/\/www.austrianweb.at\/drucksorten\/sitzsacke-stuhle-und-polster\/","url":"https:\/\/www.austrianweb.at\/drucksorten\/sitzsacke-stuhle-und-polster\/","name":"Sitzs\u00e4cke, St\u00fchle und Polster","isPartOf":{"@id":"https:\/\/www.austrianweb.at\/drucksorten\/#website"},"primaryImageOfPage":{"@id":"https:\/\/www.austrianweb.at\/drucksorten\/sitzsacke-stuhle-und-polster\/#primaryimage"},"image":{"@id":"https:\/\/www.austrianweb.at\/drucksorten\/sitzsacke-stuhle-und-polster\/#primaryimage"},"thumbnailUrl":"https:\/\/www.austrianweb.at\/drucksorten\/wp-content\/uploads\/Sitzsaecke-Liegestuehle-Polster.png","datePublished":"2012-05-31T17:00:18+00:00","dateModified":"2016-08-03T14:15:42+00:00","description":"Personalisierte Sitzm\u00f6bel zum ... sitzen nat\u00fcrlich. Werbung oder Style - seien Sie kreativ.","inLanguage":"de","potentialAction":[{"@type":"ReadAction","target":["https:\/\/www.austrianweb.at\/drucksorten\/sitzsacke-stuhle-und-polster\/"]}]},{"@type":"ImageObject","inLanguage":"de","@id":"https:\/\/www.austrianweb.at\/drucksorten\/sitzsacke-stuhle-und-polster\/#primaryimage","url":"https:\/\/www.austrianweb.at\/drucksorten\/wp-content\/uploads\/Sitzsaecke-Liegestuehle-Polster.png","contentUrl":"https:\/\/www.austrianweb.at\/drucksorten\/wp-content\/uploads\/Sitzsaecke-Liegestuehle-Polster.png"},{"@type":"WebSite","@id":"https:\/\/www.austrianweb.at\/drucksorten\/#website","url":"https:\/\/www.austrianweb.at\/drucksorten\/","name":"Qualitativ hochwertige Drucksorten aller Art","description":"Gesch\u00e4fts- u. Werbedrucksorten - Printartikel f\u00fcr Point of sale","publisher":{"@id":"https:\/\/www.austrianweb.at\/drucksorten\/#organization"},"potentialAction":[{"@type":"SearchAction","target":{"@type":"EntryPoint","urlTemplate":"https:\/\/www.austrianweb.at\/drucksorten\/?s={search_term_string}"},"query-input":"required name=search_term_string"}],"inLanguage":"de"},{"@type":"Organization","@id":"https:\/\/www.austrianweb.at\/drucksorten\/#organization","name":"Austrianweb","url":"https:\/\/www.austrianweb.at\/drucksorten\/","logo":{"@type":"ImageObject","inLanguage":"de","@id":"https:\/\/www.austrianweb.at\/drucksorten\/#\/schema\/logo\/image\/","url":"https:\/\/www.austrianweb.at\/drucksorten\/wp-content\/uploads\/Austrianweb-Logo-180.png","contentUrl":"https:\/\/www.austrianweb.at\/drucksorten\/wp-content\/uploads\/Austrianweb-Logo-180.png","width":180,"height":209,"caption":"Austrianweb"},"image":{"@id":"https:\/\/www.austrianweb.at\/drucksorten\/#\/schema\/logo\/image\/"},"sameAs":["https:\/\/www.facebook.com\/pages\/Austrianweb-Suchmaschinenoptimierung\/","https:\/\/x.com\/austrianweb"]}]}},"_links":{"self":[{"href":"https:\/\/www.austrianweb.at\/drucksorten\/wp-json\/wp\/v2\/pages\/604"}],"collection":[{"href":"https:\/\/www.austrianweb.at\/drucksorten\/wp-json\/wp\/v2\/pages"}],"about":[{"href":"https:\/\/www.austrianweb.at\/drucksorten\/wp-json\/wp\/v2\/types\/page"}],"author":[{"embeddable":true,"href":"https:\/\/www.austrianweb.at\/drucksorten\/wp-json\/wp\/v2\/users\/6"}],"replies":[{"embeddable":true,"href":"https:\/\/www.austrianweb.at\/drucksorten\/wp-json\/wp\/v2\/comments?post=604"}],"version-history":[{"count":2,"href":"https:\/\/www.austrianweb.at\/drucksorten\/wp-json\/wp\/v2\/pages\/604\/revisions"}],"predecessor-version":[{"id":3484,"href":"https:\/\/www.austrianweb.at\/drucksorten\/wp-json\/wp\/v2\/pages\/604\/revisions\/3484"}],"wp:attachment":[{"href":"https:\/\/www.austrianweb.at\/drucksorten\/wp-json\/wp\/v2\/media?parent=604"}],"curies":[{"name":"wp","href":"https:\/\/api.w.org\/{rel}","templated":true}]}}