{"id":2629,"date":"2013-09-02T10:07:42","date_gmt":"2013-09-02T10:07:42","guid":{"rendered":"http:\/\/www.austrianweb.at\/drucksorten\/?page_id=2629"},"modified":"2015-09-17T19:03:13","modified_gmt":"2015-09-17T19:03:13","slug":"katalogbestellung","status":"publish","type":"page","link":"https:\/\/www.austrianweb.at\/drucksorten\/katalogbestellung\/","title":{"rendered":"Katalogbestellung"},"content":{"rendered":"<p>Wir senden Ihnen gerne, kostenlos und unverbindlich unseren Druck Gesamtkatalog.<\/p>\n<p>Unsere aktuellen Druck Prospekte finden Sie \u00a0<a title=\"Prospekte als Pdf Download\" href=\"https:\/\/www.austrianweb.at\/drucksorten\/fragen-und-antworten\/prospekte-als-pdf-download\/\"><strong>H I E R<\/strong><\/a> \u00a0auch als PDF Kataloge zum downloaden.<\/p>\n<p>Sollten Sie einen Prospekt in Papierform w\u00fcnschen f\u00fcllen Sie dazu bitte dieses Formular aus.<\/p>\n\n<div class=\"wpcf7 no-js\" id=\"wpcf7-f2631-o1\" lang=\"de-DE\" dir=\"ltr\">\n<div class=\"screen-reader-response\"><p role=\"status\" aria-live=\"polite\" aria-atomic=\"true\"><\/p> <ul><\/ul><\/div>\n<form action=\"\/drucksorten\/wp-json\/wp\/v2\/pages\/2629#wpcf7-f2631-o1\" method=\"post\" class=\"wpcf7-form init\" aria-label=\"Kontaktformular\" novalidate=\"novalidate\" data-status=\"init\">\n<div style=\"display: none;\">\n<input type=\"hidden\" name=\"_wpcf7\" value=\"2631\" \/>\n<input type=\"hidden\" name=\"_wpcf7_version\" value=\"5.9.3\" \/>\n<input type=\"hidden\" name=\"_wpcf7_locale\" value=\"de_DE\" \/>\n<input type=\"hidden\" name=\"_wpcf7_unit_tag\" value=\"wpcf7-f2631-o1\" \/>\n<input type=\"hidden\" name=\"_wpcf7_container_post\" value=\"0\" \/>\n<input type=\"hidden\" name=\"_wpcf7_posted_data_hash\" value=\"\" \/>\n<\/div>\n<p>Firmenname\n<\/p>\n<p><span class=\"wpcf7-form-control-wrap\" data-name=\"text-632\"><input size=\"40\" class=\"wpcf7-form-control wpcf7-text\" aria-invalid=\"false\" value=\"\" type=\"text\" name=\"text-632\" \/><\/span>\n<\/p>\n<p>Ihr Name (Pflichtfeld)\n<\/p>\n<p><span class=\"wpcf7-form-control-wrap\" data-name=\"your-name\"><input size=\"40\" class=\"wpcf7-form-control wpcf7-text wpcf7-validates-as-required\" aria-required=\"true\" aria-invalid=\"false\" value=\"\" type=\"text\" name=\"your-name\" \/><\/span>\n<\/p>\n<p>Ihre E-Mail-Adresse (Pflichtfeld)\n<\/p>\n<p><span class=\"wpcf7-form-control-wrap\" data-name=\"your-email\"><input size=\"40\" class=\"wpcf7-form-control wpcf7-email wpcf7-validates-as-required wpcf7-text wpcf7-validates-as-email\" aria-required=\"true\" aria-invalid=\"false\" value=\"\" type=\"email\" name=\"your-email\" \/><\/span>\n<\/p>\n<p>Stra\u00dfe \/ Nummer (Pflichtfeld)\n<\/p>\n<p><span class=\"wpcf7-form-control-wrap\" data-name=\"text-570\"><input size=\"40\" class=\"wpcf7-form-control wpcf7-text wpcf7-validates-as-required\" aria-required=\"true\" aria-invalid=\"false\" value=\"\" type=\"text\" name=\"text-570\" \/><\/span>\n<\/p>\n<p>Postleitzahl und Ort (Pflichtfeld)\n<\/p>\n<p><span class=\"wpcf7-form-control-wrap\" data-name=\"text-380\"><input size=\"40\" class=\"wpcf7-form-control wpcf7-text wpcf7-validates-as-required\" aria-required=\"true\" aria-invalid=\"false\" value=\"\" type=\"text\" name=\"text-380\" \/><\/span>\n<\/p>\n<p>Hiermit bestelle ich kostenlos und unverbindlich (Pflichtfeld)\n<\/p>\n<p><span class=\"wpcf7-form-control-wrap\" data-name=\"menu-547\"><select class=\"wpcf7-form-control wpcf7-select\" aria-invalid=\"false\" name=\"menu-547\"><option value=\"Druck Gesamtkatalog per Post\">Druck Gesamtkatalog per Post<\/option><option value=\"Druck Gesamtkatalog als Pdf per Email\">Druck Gesamtkatalog als Pdf per Email<\/option><\/select><\/span>\n<\/p>\n<p>M\u00f6chten Sie uns noch etwas mitteilen?\n<\/p>\n<p><span class=\"wpcf7-form-control-wrap\" data-name=\"your-message\"><textarea cols=\"40\" rows=\"10\" class=\"wpcf7-form-control wpcf7-textarea\" aria-invalid=\"false\" name=\"your-message\"><\/textarea><\/span>\n<\/p>\n<p><input class=\"wpcf7-form-control wpcf7-submit has-spinner\" type=\"submit\" value=\"Senden\" \/>\n<\/p><div class=\"wpcf7-response-output\" aria-hidden=\"true\"><\/div>\n<\/form>\n<\/div>\n\n<p>Sie abbonieren damit keinen Newsletter oder \u00e4hnliches. Daten werden auch nicht weiter gegeben!<\/p>\n<p>&nbsp;<\/p>\n","protected":false},"excerpt":{"rendered":"<p>Wir senden Ihnen gerne, kostenlos und unverbindlich unseren Druck Gesamtkatalog. Unsere aktuellen Druck Prospekte finden Sie \u00a0H I E R \u00a0auch als PDF Kataloge zum downloaden. Sollten Sie einen Prospekt in Papierform w\u00fcnschen f\u00fcllen Sie dazu bitte dieses Formular aus. Sie abbonieren damit keinen Newsletter oder \u00e4hnliches. Daten werden auch nicht weiter gegeben! &nbsp;<\/p>\n","protected":false},"author":1,"featured_media":0,"parent":0,"menu_order":0,"comment_status":"closed","ping_status":"open","template":"","meta":{"footnotes":""},"yoast_head":"<!-- This site is optimized with the Yoast SEO plugin v22.5 - https:\/\/yoast.com\/wordpress\/plugins\/seo\/ -->\n<title>Katalogbestellung - Qualitativ hochwertige Drucksorten aller Art<\/title>\n<meta name=\"robots\" content=\"index, follow, max-snippet:-1, max-image-preview:large, max-video-preview:-1\" \/>\n<link rel=\"canonical\" href=\"https:\/\/www.austrianweb.at\/drucksorten\/katalogbestellung\/\" \/>\n<meta property=\"og:locale\" content=\"de_DE\" \/>\n<meta property=\"og:type\" content=\"article\" \/>\n<meta property=\"og:title\" content=\"Katalogbestellung - Qualitativ hochwertige Drucksorten aller Art\" \/>\n<meta property=\"og:description\" content=\"Wir senden Ihnen gerne, kostenlos und unverbindlich unseren Druck Gesamtkatalog. Unsere aktuellen Druck Prospekte finden Sie \u00a0H I E R \u00a0auch als PDF Kataloge zum downloaden. Sollten Sie einen Prospekt in Papierform w\u00fcnschen f\u00fcllen Sie dazu bitte dieses Formular aus. Sie abbonieren damit keinen Newsletter oder \u00e4hnliches. Daten werden auch nicht weiter gegeben! &nbsp;\" \/>\n<meta property=\"og:url\" content=\"https:\/\/www.austrianweb.at\/drucksorten\/katalogbestellung\/\" \/>\n<meta property=\"og:site_name\" content=\"Qualitativ hochwertige Drucksorten aller Art\" \/>\n<meta property=\"article:publisher\" content=\"https:\/\/www.facebook.com\/pages\/Austrianweb-Suchmaschinenoptimierung\/\" \/>\n<meta property=\"article:modified_time\" content=\"2015-09-17T19:03:13+00:00\" \/>\n<meta property=\"og:image\" content=\"https:\/\/www.austrianweb.at\/drucksorten\/wp-content\/uploads\/Austrianweb-Logo-180.png\" \/>\n\t<meta property=\"og:image:width\" content=\"180\" \/>\n\t<meta property=\"og:image:height\" content=\"209\" \/>\n\t<meta property=\"og:image:type\" content=\"image\/png\" \/>\n<script type=\"application\/ld+json\" class=\"yoast-schema-graph\">{\"@context\":\"https:\/\/schema.org\",\"@graph\":[{\"@type\":\"WebPage\",\"@id\":\"https:\/\/www.austrianweb.at\/drucksorten\/katalogbestellung\/\",\"url\":\"https:\/\/www.austrianweb.at\/drucksorten\/katalogbestellung\/\",\"name\":\"Katalogbestellung - Qualitativ hochwertige Drucksorten aller Art\",\"isPartOf\":{\"@id\":\"https:\/\/www.austrianweb.at\/drucksorten\/#website\"},\"datePublished\":\"2013-09-02T10:07:42+00:00\",\"dateModified\":\"2015-09-17T19:03:13+00:00\",\"inLanguage\":\"de\",\"potentialAction\":[{\"@type\":\"ReadAction\",\"target\":[\"https:\/\/www.austrianweb.at\/drucksorten\/katalogbestellung\/\"]}]},{\"@type\":\"WebSite\",\"@id\":\"https:\/\/www.austrianweb.at\/drucksorten\/#website\",\"url\":\"https:\/\/www.austrianweb.at\/drucksorten\/\",\"name\":\"Qualitativ hochwertige Drucksorten aller Art\",\"description\":\"Gesch\u00e4fts- u. Werbedrucksorten - Printartikel f\u00fcr Point of sale\",\"publisher\":{\"@id\":\"https:\/\/www.austrianweb.at\/drucksorten\/#organization\"},\"potentialAction\":[{\"@type\":\"SearchAction\",\"target\":{\"@type\":\"EntryPoint\",\"urlTemplate\":\"https:\/\/www.austrianweb.at\/drucksorten\/?s={search_term_string}\"},\"query-input\":\"required name=search_term_string\"}],\"inLanguage\":\"de\"},{\"@type\":\"Organization\",\"@id\":\"https:\/\/www.austrianweb.at\/drucksorten\/#organization\",\"name\":\"Austrianweb\",\"url\":\"https:\/\/www.austrianweb.at\/drucksorten\/\",\"logo\":{\"@type\":\"ImageObject\",\"inLanguage\":\"de\",\"@id\":\"https:\/\/www.austrianweb.at\/drucksorten\/#\/schema\/logo\/image\/\",\"url\":\"https:\/\/www.austrianweb.at\/drucksorten\/wp-content\/uploads\/Austrianweb-Logo-180.png\",\"contentUrl\":\"https:\/\/www.austrianweb.at\/drucksorten\/wp-content\/uploads\/Austrianweb-Logo-180.png\",\"width\":180,\"height\":209,\"caption\":\"Austrianweb\"},\"image\":{\"@id\":\"https:\/\/www.austrianweb.at\/drucksorten\/#\/schema\/logo\/image\/\"},\"sameAs\":[\"https:\/\/www.facebook.com\/pages\/Austrianweb-Suchmaschinenoptimierung\/\",\"https:\/\/x.com\/austrianweb\"]}]}<\/script>\n<!-- \/ Yoast SEO plugin. -->","yoast_head_json":{"title":"Katalogbestellung - Qualitativ hochwertige Drucksorten aller Art","robots":{"index":"index","follow":"follow","max-snippet":"max-snippet:-1","max-image-preview":"max-image-preview:large","max-video-preview":"max-video-preview:-1"},"canonical":"https:\/\/www.austrianweb.at\/drucksorten\/katalogbestellung\/","og_locale":"de_DE","og_type":"article","og_title":"Katalogbestellung - Qualitativ hochwertige Drucksorten aller Art","og_description":"Wir senden Ihnen gerne, kostenlos und unverbindlich unseren Druck Gesamtkatalog. Unsere aktuellen Druck Prospekte finden Sie \u00a0H I E R \u00a0auch als PDF Kataloge zum downloaden. Sollten Sie einen Prospekt in Papierform w\u00fcnschen f\u00fcllen Sie dazu bitte dieses Formular aus. Sie abbonieren damit keinen Newsletter oder \u00e4hnliches. Daten werden auch nicht weiter gegeben! &nbsp;","og_url":"https:\/\/www.austrianweb.at\/drucksorten\/katalogbestellung\/","og_site_name":"Qualitativ hochwertige Drucksorten aller Art","article_publisher":"https:\/\/www.facebook.com\/pages\/Austrianweb-Suchmaschinenoptimierung\/","article_modified_time":"2015-09-17T19:03:13+00:00","og_image":[{"width":180,"height":209,"url":"https:\/\/www.austrianweb.at\/drucksorten\/wp-content\/uploads\/Austrianweb-Logo-180.png","type":"image\/png"}],"schema":{"@context":"https:\/\/schema.org","@graph":[{"@type":"WebPage","@id":"https:\/\/www.austrianweb.at\/drucksorten\/katalogbestellung\/","url":"https:\/\/www.austrianweb.at\/drucksorten\/katalogbestellung\/","name":"Katalogbestellung - Qualitativ hochwertige Drucksorten aller Art","isPartOf":{"@id":"https:\/\/www.austrianweb.at\/drucksorten\/#website"},"datePublished":"2013-09-02T10:07:42+00:00","dateModified":"2015-09-17T19:03:13+00:00","inLanguage":"de","potentialAction":[{"@type":"ReadAction","target":["https:\/\/www.austrianweb.at\/drucksorten\/katalogbestellung\/"]}]},{"@type":"WebSite","@id":"https:\/\/www.austrianweb.at\/drucksorten\/#website","url":"https:\/\/www.austrianweb.at\/drucksorten\/","name":"Qualitativ hochwertige Drucksorten aller Art","description":"Gesch\u00e4fts- u. Werbedrucksorten - Printartikel f\u00fcr Point of sale","publisher":{"@id":"https:\/\/www.austrianweb.at\/drucksorten\/#organization"},"potentialAction":[{"@type":"SearchAction","target":{"@type":"EntryPoint","urlTemplate":"https:\/\/www.austrianweb.at\/drucksorten\/?s={search_term_string}"},"query-input":"required name=search_term_string"}],"inLanguage":"de"},{"@type":"Organization","@id":"https:\/\/www.austrianweb.at\/drucksorten\/#organization","name":"Austrianweb","url":"https:\/\/www.austrianweb.at\/drucksorten\/","logo":{"@type":"ImageObject","inLanguage":"de","@id":"https:\/\/www.austrianweb.at\/drucksorten\/#\/schema\/logo\/image\/","url":"https:\/\/www.austrianweb.at\/drucksorten\/wp-content\/uploads\/Austrianweb-Logo-180.png","contentUrl":"https:\/\/www.austrianweb.at\/drucksorten\/wp-content\/uploads\/Austrianweb-Logo-180.png","width":180,"height":209,"caption":"Austrianweb"},"image":{"@id":"https:\/\/www.austrianweb.at\/drucksorten\/#\/schema\/logo\/image\/"},"sameAs":["https:\/\/www.facebook.com\/pages\/Austrianweb-Suchmaschinenoptimierung\/","https:\/\/x.com\/austrianweb"]}]}},"_links":{"self":[{"href":"https:\/\/www.austrianweb.at\/drucksorten\/wp-json\/wp\/v2\/pages\/2629"}],"collection":[{"href":"https:\/\/www.austrianweb.at\/drucksorten\/wp-json\/wp\/v2\/pages"}],"about":[{"href":"https:\/\/www.austrianweb.at\/drucksorten\/wp-json\/wp\/v2\/types\/page"}],"author":[{"embeddable":true,"href":"https:\/\/www.austrianweb.at\/drucksorten\/wp-json\/wp\/v2\/users\/1"}],"replies":[{"embeddable":true,"href":"https:\/\/www.austrianweb.at\/drucksorten\/wp-json\/wp\/v2\/comments?post=2629"}],"version-history":[{"count":1,"href":"https:\/\/www.austrianweb.at\/drucksorten\/wp-json\/wp\/v2\/pages\/2629\/revisions"}],"predecessor-version":[{"id":3128,"href":"https:\/\/www.austrianweb.at\/drucksorten\/wp-json\/wp\/v2\/pages\/2629\/revisions\/3128"}],"wp:attachment":[{"href":"https:\/\/www.austrianweb.at\/drucksorten\/wp-json\/wp\/v2\/media?parent=2629"}],"curies":[{"name":"wp","href":"https:\/\/api.w.org\/{rel}","templated":true}]}}