{"id":2471,"date":"2013-07-30T11:40:33","date_gmt":"2013-07-30T11:40:33","guid":{"rendered":"http:\/\/www.austrianweb.at\/drucksorten\/?page_id=2471"},"modified":"2021-06-07T17:28:10","modified_gmt":"2021-06-07T17:28:10","slug":"hinterglaskleber","status":"publish","type":"page","link":"https:\/\/www.austrianweb.at\/drucksorten\/folien\/hinterglaskleber\/","title":{"rendered":"Hinterglaskleber"},"content":{"rendered":"<p>Wie der Name schon sagt werden diese Folien hinter dem Glas angebracht.<\/p>\n<p>Formen sind alle m\u00f6glich aber Sie m\u00fcssen zwischen diesen beiden Arten w\u00e4hlen:<\/p>\n<ul>\n<li>Hinterglaskleber\u00a0wei\u00df<\/li>\n<li>Hinterglaskleber partiell wei\u00df<\/li>\n<\/ul>\n<p>Je nach Ihrem Motivwunsch \/Aufdruck kann eine der beiden Folien &#8222;besser aussehen&#8220; als die andere.<\/p>\n<p><a href=\"https:\/\/www.austrianweb.at\/drucksorten\/wp-content\/uploads\/Hinterglaskleber.png\"><img decoding=\"async\" loading=\"lazy\" class=\"size-medium wp-image-2477 aligncenter\" alt=\"Hinterglasfolien\" src=\"https:\/\/www.austrianweb.at\/drucksorten\/wp-content\/uploads\/Hinterglaskleber-490x588.png\" width=\"490\" height=\"588\" \/><\/a><\/p>\n","protected":false},"excerpt":{"rendered":"<p>Wie der Name schon sagt werden diese Folien hinter dem Glas angebracht. Formen sind alle m\u00f6glich aber Sie m\u00fcssen zwischen diesen beiden Arten w\u00e4hlen: Hinterglaskleber\u00a0wei\u00df Hinterglaskleber partiell wei\u00df Je nach Ihrem Motivwunsch \/Aufdruck kann eine der beiden Folien &#8222;besser aussehen&#8220; als die andere.<\/p>\n","protected":false},"author":1,"featured_media":0,"parent":91,"menu_order":0,"comment_status":"closed","ping_status":"open","template":"","meta":{"footnotes":""},"yoast_head":"<!-- This site is optimized with the Yoast SEO plugin v22.5 - https:\/\/yoast.com\/wordpress\/plugins\/seo\/ -->\n<title>Hinterglaskleber - Qualitativ hochwertige Drucksorten aller Art<\/title>\n<meta name=\"robots\" content=\"index, follow, max-snippet:-1, max-image-preview:large, max-video-preview:-1\" \/>\n<link rel=\"canonical\" href=\"https:\/\/www.austrianweb.at\/drucksorten\/folien\/hinterglaskleber\/\" \/>\n<meta property=\"og:locale\" content=\"de_DE\" \/>\n<meta property=\"og:type\" content=\"article\" \/>\n<meta property=\"og:title\" content=\"Hinterglaskleber - Qualitativ hochwertige Drucksorten aller Art\" \/>\n<meta property=\"og:description\" content=\"Wie der Name schon sagt werden diese Folien hinter dem Glas angebracht. Formen sind alle m\u00f6glich aber Sie m\u00fcssen zwischen diesen beiden Arten w\u00e4hlen: Hinterglaskleber\u00a0wei\u00df Hinterglaskleber partiell wei\u00df Je nach Ihrem Motivwunsch \/Aufdruck kann eine der beiden Folien &#8222;besser aussehen&#8220; als die andere.\" \/>\n<meta property=\"og:url\" content=\"https:\/\/www.austrianweb.at\/drucksorten\/folien\/hinterglaskleber\/\" \/>\n<meta property=\"og:site_name\" content=\"Qualitativ hochwertige Drucksorten aller Art\" \/>\n<meta property=\"article:publisher\" content=\"https:\/\/www.facebook.com\/pages\/Austrianweb-Suchmaschinenoptimierung\/\" \/>\n<meta property=\"article:modified_time\" content=\"2021-06-07T17:28:10+00:00\" \/>\n<meta property=\"og:image\" content=\"https:\/\/www.austrianweb.at\/drucksorten\/wp-content\/uploads\/Hinterglaskleber-490x588.png\" \/>\n<script type=\"application\/ld+json\" class=\"yoast-schema-graph\">{\"@context\":\"https:\/\/schema.org\",\"@graph\":[{\"@type\":\"WebPage\",\"@id\":\"https:\/\/www.austrianweb.at\/drucksorten\/folien\/hinterglaskleber\/\",\"url\":\"https:\/\/www.austrianweb.at\/drucksorten\/folien\/hinterglaskleber\/\",\"name\":\"Hinterglaskleber - Qualitativ hochwertige Drucksorten aller Art\",\"isPartOf\":{\"@id\":\"https:\/\/www.austrianweb.at\/drucksorten\/#website\"},\"primaryImageOfPage\":{\"@id\":\"https:\/\/www.austrianweb.at\/drucksorten\/folien\/hinterglaskleber\/#primaryimage\"},\"image\":{\"@id\":\"https:\/\/www.austrianweb.at\/drucksorten\/folien\/hinterglaskleber\/#primaryimage\"},\"thumbnailUrl\":\"https:\/\/www.austrianweb.at\/drucksorten\/wp-content\/uploads\/Hinterglaskleber-490x588.png\",\"datePublished\":\"2013-07-30T11:40:33+00:00\",\"dateModified\":\"2021-06-07T17:28:10+00:00\",\"breadcrumb\":{\"@id\":\"https:\/\/www.austrianweb.at\/drucksorten\/folien\/hinterglaskleber\/#breadcrumb\"},\"inLanguage\":\"de\",\"potentialAction\":[{\"@type\":\"ReadAction\",\"target\":[\"https:\/\/www.austrianweb.at\/drucksorten\/folien\/hinterglaskleber\/\"]}]},{\"@type\":\"ImageObject\",\"inLanguage\":\"de\",\"@id\":\"https:\/\/www.austrianweb.at\/drucksorten\/folien\/hinterglaskleber\/#primaryimage\",\"url\":\"https:\/\/www.austrianweb.at\/drucksorten\/wp-content\/uploads\/Hinterglaskleber-490x588.png\",\"contentUrl\":\"https:\/\/www.austrianweb.at\/drucksorten\/wp-content\/uploads\/Hinterglaskleber-490x588.png\"},{\"@type\":\"BreadcrumbList\",\"@id\":\"https:\/\/www.austrianweb.at\/drucksorten\/folien\/hinterglaskleber\/#breadcrumb\",\"itemListElement\":[{\"@type\":\"ListItem\",\"position\":1,\"name\":\"Folien\",\"item\":\"https:\/\/www.austrianweb.at\/drucksorten\/folien\/\"},{\"@type\":\"ListItem\",\"position\":2,\"name\":\"Hinterglaskleber\"}]},{\"@type\":\"WebSite\",\"@id\":\"https:\/\/www.austrianweb.at\/drucksorten\/#website\",\"url\":\"https:\/\/www.austrianweb.at\/drucksorten\/\",\"name\":\"Qualitativ hochwertige Drucksorten aller Art\",\"description\":\"Gesch\u00e4fts- u. Werbedrucksorten - Printartikel f\u00fcr Point of sale\",\"publisher\":{\"@id\":\"https:\/\/www.austrianweb.at\/drucksorten\/#organization\"},\"potentialAction\":[{\"@type\":\"SearchAction\",\"target\":{\"@type\":\"EntryPoint\",\"urlTemplate\":\"https:\/\/www.austrianweb.at\/drucksorten\/?s={search_term_string}\"},\"query-input\":\"required name=search_term_string\"}],\"inLanguage\":\"de\"},{\"@type\":\"Organization\",\"@id\":\"https:\/\/www.austrianweb.at\/drucksorten\/#organization\",\"name\":\"Austrianweb\",\"url\":\"https:\/\/www.austrianweb.at\/drucksorten\/\",\"logo\":{\"@type\":\"ImageObject\",\"inLanguage\":\"de\",\"@id\":\"https:\/\/www.austrianweb.at\/drucksorten\/#\/schema\/logo\/image\/\",\"url\":\"https:\/\/www.austrianweb.at\/drucksorten\/wp-content\/uploads\/Austrianweb-Logo-180.png\",\"contentUrl\":\"https:\/\/www.austrianweb.at\/drucksorten\/wp-content\/uploads\/Austrianweb-Logo-180.png\",\"width\":180,\"height\":209,\"caption\":\"Austrianweb\"},\"image\":{\"@id\":\"https:\/\/www.austrianweb.at\/drucksorten\/#\/schema\/logo\/image\/\"},\"sameAs\":[\"https:\/\/www.facebook.com\/pages\/Austrianweb-Suchmaschinenoptimierung\/\",\"https:\/\/x.com\/austrianweb\"]}]}<\/script>\n<!-- \/ Yoast SEO plugin. -->","yoast_head_json":{"title":"Hinterglaskleber - Qualitativ hochwertige Drucksorten aller Art","robots":{"index":"index","follow":"follow","max-snippet":"max-snippet:-1","max-image-preview":"max-image-preview:large","max-video-preview":"max-video-preview:-1"},"canonical":"https:\/\/www.austrianweb.at\/drucksorten\/folien\/hinterglaskleber\/","og_locale":"de_DE","og_type":"article","og_title":"Hinterglaskleber - Qualitativ hochwertige Drucksorten aller Art","og_description":"Wie der Name schon sagt werden diese Folien hinter dem Glas angebracht. Formen sind alle m\u00f6glich aber Sie m\u00fcssen zwischen diesen beiden Arten w\u00e4hlen: Hinterglaskleber\u00a0wei\u00df Hinterglaskleber partiell wei\u00df Je nach Ihrem Motivwunsch \/Aufdruck kann eine der beiden Folien &#8222;besser aussehen&#8220; als die andere.","og_url":"https:\/\/www.austrianweb.at\/drucksorten\/folien\/hinterglaskleber\/","og_site_name":"Qualitativ hochwertige Drucksorten aller Art","article_publisher":"https:\/\/www.facebook.com\/pages\/Austrianweb-Suchmaschinenoptimierung\/","article_modified_time":"2021-06-07T17:28:10+00:00","og_image":[{"url":"https:\/\/www.austrianweb.at\/drucksorten\/wp-content\/uploads\/Hinterglaskleber-490x588.png"}],"schema":{"@context":"https:\/\/schema.org","@graph":[{"@type":"WebPage","@id":"https:\/\/www.austrianweb.at\/drucksorten\/folien\/hinterglaskleber\/","url":"https:\/\/www.austrianweb.at\/drucksorten\/folien\/hinterglaskleber\/","name":"Hinterglaskleber - Qualitativ hochwertige Drucksorten aller Art","isPartOf":{"@id":"https:\/\/www.austrianweb.at\/drucksorten\/#website"},"primaryImageOfPage":{"@id":"https:\/\/www.austrianweb.at\/drucksorten\/folien\/hinterglaskleber\/#primaryimage"},"image":{"@id":"https:\/\/www.austrianweb.at\/drucksorten\/folien\/hinterglaskleber\/#primaryimage"},"thumbnailUrl":"https:\/\/www.austrianweb.at\/drucksorten\/wp-content\/uploads\/Hinterglaskleber-490x588.png","datePublished":"2013-07-30T11:40:33+00:00","dateModified":"2021-06-07T17:28:10+00:00","breadcrumb":{"@id":"https:\/\/www.austrianweb.at\/drucksorten\/folien\/hinterglaskleber\/#breadcrumb"},"inLanguage":"de","potentialAction":[{"@type":"ReadAction","target":["https:\/\/www.austrianweb.at\/drucksorten\/folien\/hinterglaskleber\/"]}]},{"@type":"ImageObject","inLanguage":"de","@id":"https:\/\/www.austrianweb.at\/drucksorten\/folien\/hinterglaskleber\/#primaryimage","url":"https:\/\/www.austrianweb.at\/drucksorten\/wp-content\/uploads\/Hinterglaskleber-490x588.png","contentUrl":"https:\/\/www.austrianweb.at\/drucksorten\/wp-content\/uploads\/Hinterglaskleber-490x588.png"},{"@type":"BreadcrumbList","@id":"https:\/\/www.austrianweb.at\/drucksorten\/folien\/hinterglaskleber\/#breadcrumb","itemListElement":[{"@type":"ListItem","position":1,"name":"Folien","item":"https:\/\/www.austrianweb.at\/drucksorten\/folien\/"},{"@type":"ListItem","position":2,"name":"Hinterglaskleber"}]},{"@type":"WebSite","@id":"https:\/\/www.austrianweb.at\/drucksorten\/#website","url":"https:\/\/www.austrianweb.at\/drucksorten\/","name":"Qualitativ hochwertige Drucksorten aller Art","description":"Gesch\u00e4fts- u. Werbedrucksorten - Printartikel f\u00fcr Point of sale","publisher":{"@id":"https:\/\/www.austrianweb.at\/drucksorten\/#organization"},"potentialAction":[{"@type":"SearchAction","target":{"@type":"EntryPoint","urlTemplate":"https:\/\/www.austrianweb.at\/drucksorten\/?s={search_term_string}"},"query-input":"required name=search_term_string"}],"inLanguage":"de"},{"@type":"Organization","@id":"https:\/\/www.austrianweb.at\/drucksorten\/#organization","name":"Austrianweb","url":"https:\/\/www.austrianweb.at\/drucksorten\/","logo":{"@type":"ImageObject","inLanguage":"de","@id":"https:\/\/www.austrianweb.at\/drucksorten\/#\/schema\/logo\/image\/","url":"https:\/\/www.austrianweb.at\/drucksorten\/wp-content\/uploads\/Austrianweb-Logo-180.png","contentUrl":"https:\/\/www.austrianweb.at\/drucksorten\/wp-content\/uploads\/Austrianweb-Logo-180.png","width":180,"height":209,"caption":"Austrianweb"},"image":{"@id":"https:\/\/www.austrianweb.at\/drucksorten\/#\/schema\/logo\/image\/"},"sameAs":["https:\/\/www.facebook.com\/pages\/Austrianweb-Suchmaschinenoptimierung\/","https:\/\/x.com\/austrianweb"]}]}},"_links":{"self":[{"href":"https:\/\/www.austrianweb.at\/drucksorten\/wp-json\/wp\/v2\/pages\/2471"}],"collection":[{"href":"https:\/\/www.austrianweb.at\/drucksorten\/wp-json\/wp\/v2\/pages"}],"about":[{"href":"https:\/\/www.austrianweb.at\/drucksorten\/wp-json\/wp\/v2\/types\/page"}],"author":[{"embeddable":true,"href":"https:\/\/www.austrianweb.at\/drucksorten\/wp-json\/wp\/v2\/users\/1"}],"replies":[{"embeddable":true,"href":"https:\/\/www.austrianweb.at\/drucksorten\/wp-json\/wp\/v2\/comments?post=2471"}],"version-history":[{"count":3,"href":"https:\/\/www.austrianweb.at\/drucksorten\/wp-json\/wp\/v2\/pages\/2471\/revisions"}],"predecessor-version":[{"id":4138,"href":"https:\/\/www.austrianweb.at\/drucksorten\/wp-json\/wp\/v2\/pages\/2471\/revisions\/4138"}],"up":[{"embeddable":true,"href":"https:\/\/www.austrianweb.at\/drucksorten\/wp-json\/wp\/v2\/pages\/91"}],"wp:attachment":[{"href":"https:\/\/www.austrianweb.at\/drucksorten\/wp-json\/wp\/v2\/media?parent=2471"}],"curies":[{"name":"wp","href":"https:\/\/api.w.org\/{rel}","templated":true}]}}