{"id":2394,"date":"2013-07-29T12:25:59","date_gmt":"2013-07-29T12:25:59","guid":{"rendered":"http:\/\/www.austrianweb.at\/drucksorten\/?page_id=2394"},"modified":"2021-04-11T12:17:29","modified_gmt":"2021-04-11T12:17:29","slug":"auto-klebefolien","status":"publish","type":"page","link":"https:\/\/www.austrianweb.at\/drucksorten\/folien\/auto-klebefolien\/","title":{"rendered":"Auto Klebefolien"},"content":{"rendered":"\n<style type=\"text\/css\" data-created_by=\"avia_inline_auto\" id=\"style-css-av-knd4likb-dca5a0d6e2d80052e4c72de1efcd445e\">\n#top .av-special-heading.av-knd4likb-dca5a0d6e2d80052e4c72de1efcd445e{\npadding-bottom:10px;\n}\nbody .av-special-heading.av-knd4likb-dca5a0d6e2d80052e4c72de1efcd445e .av-special-heading-tag .heading-char{\nfont-size:25px;\n}\n.av-special-heading.av-knd4likb-dca5a0d6e2d80052e4c72de1efcd445e .av-subheading{\nfont-size:15px;\n}\n<\/style>\n<div  class='av-special-heading av-knd4likb-dca5a0d6e2d80052e4c72de1efcd445e av-special-heading-h2  avia-builder-el-0  el_before_av_textblock  avia-builder-el-first '><h2 class='av-special-heading-tag '  itemprop=\"headline\"  >KFZ Beschriftungen<\/h2><div class=\"special-heading-border\"><div class=\"special-heading-inner-border\"><\/div><\/div><\/div>\n<section  class='av_textblock_section av-knd4tg4i-8748be76191c07c79c77139cca2f49a2 '   itemscope=\"itemscope\" itemtype=\"https:\/\/schema.org\/CreativeWork\" ><div class='avia_textblock'  itemprop=\"text\" ><p><strong>KFZ Werbung \u2013 Autowerbung<\/strong><\/p>\n<p>Folien sind ideal f\u00fcr Autobeklebungen aller Art.<\/p>\n<p>Viele unterschiedliche Klebefolien in zahlreichen Ausf\u00fchrungen und Formaten f\u00fcr Innen- und Au\u00dfenbereich erh\u00e4ltlich. Gerne auch mit Konturschnitt \u2013 so fallen Sie auf!<\/p>\n<p>Ihr Auto kann vielf\u00e4ltig beschriftet bzw. foliert werden:<\/p>\n<ul>\n<li>Klebefolien mit unterschiedlichen Eigenschaften f\u00fcr Karosserie und Fenster<\/li>\n<li>Folien f\u00fcr komplettes &#8222;Carwrapping&#8220;, die Alternative zur Neulackierung<\/li>\n<li>Magnetfolien: Beliebig oft am Auto anbringen und wieder abnehmen. R\u00fcckstandsfrei. So machen Sie aus Ihrem privaten Wagen im nu ein Firmenfahrzeug mit Logo \u2026.<\/li>\n<\/ul>\n<h2>Werbung auf dem Auto<\/h2>\n<p>Peppen Sie Ihre Firmenflotte auf. Die Folien sind UV Best\u00e4ndig und extrem stapazierf\u00e4hig.<\/p>\n<p>Cast inkl. Schutzlaminat diese ist 7 bis 10 Jahr haltbar.<\/p>\n<p>Folien sind auch Ideal um \u00e4ltere Gebrauchtwagen aufzupimpen. Als Werbefl\u00e4che oder in stylischen Formen wie Flammen, Drachen usw\u2026<\/p>\n<p>Eine weitere gute Auto Werbung sind Magnetfolien. Beliebig bedruckt l\u00e4sst sich die Folie jederzeit leicht am PKW anbringen und auch schnell wieder entfernen. Nat\u00fcrlich r\u00fcckstandsfrei.<\/p>\n<p>Buchstaben oder beliebig andere Formen &#8211;\u00a0 Ihrer Kreativit\u00e4t ist keine Grenze gesetzt.<\/p>\n<p><img decoding=\"async\" loading=\"lazy\" class=\"aligncenter size-large wp-image-3490\" src=\"https:\/\/www.austrianweb.at\/drucksorten\/wp-content\/uploads\/Klebefolien_transparent-510x510.jpg\" alt=\"Klebefolien_transparent\" width=\"510\" height=\"510\" srcset=\"https:\/\/www.austrianweb.at\/drucksorten\/wp-content\/uploads\/Klebefolien_transparent-510x510.jpg 510w, https:\/\/www.austrianweb.at\/drucksorten\/wp-content\/uploads\/Klebefolien_transparent-150x150.jpg 150w, https:\/\/www.austrianweb.at\/drucksorten\/wp-content\/uploads\/Klebefolien_transparent-490x490.jpg 490w, https:\/\/www.austrianweb.at\/drucksorten\/wp-content\/uploads\/Klebefolien_transparent-768x768.jpg 768w, https:\/\/www.austrianweb.at\/drucksorten\/wp-content\/uploads\/Klebefolien_transparent.jpg 2000w\" sizes=\"(max-width: 510px) 100vw, 510px\" \/><\/p>\n<\/div><\/section>\n","protected":false},"excerpt":{"rendered":"","protected":false},"author":6,"featured_media":3490,"parent":91,"menu_order":0,"comment_status":"closed","ping_status":"open","template":"","meta":{"footnotes":""},"yoast_head":"<!-- This site is optimized with the Yoast SEO plugin v22.5 - https:\/\/yoast.com\/wordpress\/plugins\/seo\/ -->\n<title>Autoklebefolien - KFZ Beschriftungen<\/title>\n<meta name=\"description\" content=\"Autoklebefolien als Eycatcher. Das Firmenlogo, Ihre Domain oder ganze Botschaften - Auto Klebefolien sind auff\u00e4llig aber g\u00fcnstig i.d. Anschaffung.\" \/>\n<meta name=\"robots\" content=\"index, follow, max-snippet:-1, max-image-preview:large, max-video-preview:-1\" \/>\n<link rel=\"canonical\" href=\"https:\/\/www.austrianweb.at\/drucksorten\/folien\/auto-klebefolien\/\" \/>\n<meta property=\"og:locale\" content=\"de_DE\" \/>\n<meta property=\"og:type\" content=\"article\" \/>\n<meta property=\"og:title\" content=\"So fallen Sie f\u00fcr wenig Geld so richtig auf. Ihr Auto als Werbetr\u00e4ger.\" \/>\n<meta property=\"og:description\" content=\"Nutzen sie Ihre KFZ Flotte als Werbetr\u00e4ger. Vollfl\u00e4chig oder nur Ihre Logo bzw. eine Werbebotschaft. Das Werbepotential ist grenzenlos. Wo Ihr Auto ist da ist auch Ihre Werbung!\" \/>\n<meta property=\"og:url\" content=\"https:\/\/www.austrianweb.at\/drucksorten\/folien\/auto-klebefolien\/\" \/>\n<meta property=\"og:site_name\" content=\"Qualitativ hochwertige Drucksorten aller Art\" \/>\n<meta property=\"article:publisher\" content=\"https:\/\/www.facebook.com\/pages\/Austrianweb-Suchmaschinenoptimierung\/\" \/>\n<meta property=\"article:modified_time\" content=\"2021-04-11T12:17:29+00:00\" \/>\n<meta property=\"og:image\" content=\"https:\/\/www.austrianweb.at\/drucksorten\/wp-content\/uploads\/Klebefolien_transparent.jpg\" \/>\n<meta name=\"twitter:label1\" content=\"Gesch\u00e4tzte Lesezeit\" \/>\n\t<meta name=\"twitter:data1\" content=\"1\u00a0Minute\" \/>\n<script type=\"application\/ld+json\" class=\"yoast-schema-graph\">{\"@context\":\"https:\/\/schema.org\",\"@graph\":[{\"@type\":\"WebPage\",\"@id\":\"https:\/\/www.austrianweb.at\/drucksorten\/folien\/auto-klebefolien\/\",\"url\":\"https:\/\/www.austrianweb.at\/drucksorten\/folien\/auto-klebefolien\/\",\"name\":\"Autoklebefolien - KFZ Beschriftungen\",\"isPartOf\":{\"@id\":\"https:\/\/www.austrianweb.at\/drucksorten\/#website\"},\"primaryImageOfPage\":{\"@id\":\"https:\/\/www.austrianweb.at\/drucksorten\/folien\/auto-klebefolien\/#primaryimage\"},\"image\":{\"@id\":\"https:\/\/www.austrianweb.at\/drucksorten\/folien\/auto-klebefolien\/#primaryimage\"},\"thumbnailUrl\":\"https:\/\/www.austrianweb.at\/drucksorten\/wp-content\/uploads\/Klebefolien_transparent.jpg\",\"datePublished\":\"2013-07-29T12:25:59+00:00\",\"dateModified\":\"2021-04-11T12:17:29+00:00\",\"description\":\"Autoklebefolien als Eycatcher. Das Firmenlogo, Ihre Domain oder ganze Botschaften - Auto Klebefolien sind auff\u00e4llig aber g\u00fcnstig i.d. Anschaffung.\",\"breadcrumb\":{\"@id\":\"https:\/\/www.austrianweb.at\/drucksorten\/folien\/auto-klebefolien\/#breadcrumb\"},\"inLanguage\":\"de\",\"potentialAction\":[{\"@type\":\"ReadAction\",\"target\":[\"https:\/\/www.austrianweb.at\/drucksorten\/folien\/auto-klebefolien\/\"]}]},{\"@type\":\"ImageObject\",\"inLanguage\":\"de\",\"@id\":\"https:\/\/www.austrianweb.at\/drucksorten\/folien\/auto-klebefolien\/#primaryimage\",\"url\":\"https:\/\/www.austrianweb.at\/drucksorten\/wp-content\/uploads\/Klebefolien_transparent.jpg\",\"contentUrl\":\"https:\/\/www.austrianweb.at\/drucksorten\/wp-content\/uploads\/Klebefolien_transparent.jpg\",\"width\":2000,\"height\":2000},{\"@type\":\"BreadcrumbList\",\"@id\":\"https:\/\/www.austrianweb.at\/drucksorten\/folien\/auto-klebefolien\/#breadcrumb\",\"itemListElement\":[{\"@type\":\"ListItem\",\"position\":1,\"name\":\"Folien\",\"item\":\"https:\/\/www.austrianweb.at\/drucksorten\/folien\/\"},{\"@type\":\"ListItem\",\"position\":2,\"name\":\"Auto Klebefolien\"}]},{\"@type\":\"WebSite\",\"@id\":\"https:\/\/www.austrianweb.at\/drucksorten\/#website\",\"url\":\"https:\/\/www.austrianweb.at\/drucksorten\/\",\"name\":\"Qualitativ hochwertige Drucksorten aller Art\",\"description\":\"Gesch\u00e4fts- u. Werbedrucksorten - Printartikel f\u00fcr Point of sale\",\"publisher\":{\"@id\":\"https:\/\/www.austrianweb.at\/drucksorten\/#organization\"},\"potentialAction\":[{\"@type\":\"SearchAction\",\"target\":{\"@type\":\"EntryPoint\",\"urlTemplate\":\"https:\/\/www.austrianweb.at\/drucksorten\/?s={search_term_string}\"},\"query-input\":\"required name=search_term_string\"}],\"inLanguage\":\"de\"},{\"@type\":\"Organization\",\"@id\":\"https:\/\/www.austrianweb.at\/drucksorten\/#organization\",\"name\":\"Austrianweb\",\"url\":\"https:\/\/www.austrianweb.at\/drucksorten\/\",\"logo\":{\"@type\":\"ImageObject\",\"inLanguage\":\"de\",\"@id\":\"https:\/\/www.austrianweb.at\/drucksorten\/#\/schema\/logo\/image\/\",\"url\":\"https:\/\/www.austrianweb.at\/drucksorten\/wp-content\/uploads\/Austrianweb-Logo-180.png\",\"contentUrl\":\"https:\/\/www.austrianweb.at\/drucksorten\/wp-content\/uploads\/Austrianweb-Logo-180.png\",\"width\":180,\"height\":209,\"caption\":\"Austrianweb\"},\"image\":{\"@id\":\"https:\/\/www.austrianweb.at\/drucksorten\/#\/schema\/logo\/image\/\"},\"sameAs\":[\"https:\/\/www.facebook.com\/pages\/Austrianweb-Suchmaschinenoptimierung\/\",\"https:\/\/x.com\/austrianweb\"]}]}<\/script>\n<!-- \/ Yoast SEO plugin. -->","yoast_head_json":{"title":"Autoklebefolien - KFZ Beschriftungen","description":"Autoklebefolien als Eycatcher. Das Firmenlogo, Ihre Domain oder ganze Botschaften - Auto Klebefolien sind auff\u00e4llig aber g\u00fcnstig i.d. Anschaffung.","robots":{"index":"index","follow":"follow","max-snippet":"max-snippet:-1","max-image-preview":"max-image-preview:large","max-video-preview":"max-video-preview:-1"},"canonical":"https:\/\/www.austrianweb.at\/drucksorten\/folien\/auto-klebefolien\/","og_locale":"de_DE","og_type":"article","og_title":"So fallen Sie f\u00fcr wenig Geld so richtig auf. Ihr Auto als Werbetr\u00e4ger.","og_description":"Nutzen sie Ihre KFZ Flotte als Werbetr\u00e4ger. Vollfl\u00e4chig oder nur Ihre Logo bzw. eine Werbebotschaft. Das Werbepotential ist grenzenlos. Wo Ihr Auto ist da ist auch Ihre Werbung!","og_url":"https:\/\/www.austrianweb.at\/drucksorten\/folien\/auto-klebefolien\/","og_site_name":"Qualitativ hochwertige Drucksorten aller Art","article_publisher":"https:\/\/www.facebook.com\/pages\/Austrianweb-Suchmaschinenoptimierung\/","article_modified_time":"2021-04-11T12:17:29+00:00","og_image":[{"url":"https:\/\/www.austrianweb.at\/drucksorten\/wp-content\/uploads\/Klebefolien_transparent.jpg"}],"twitter_misc":{"Gesch\u00e4tzte Lesezeit":"1\u00a0Minute"},"schema":{"@context":"https:\/\/schema.org","@graph":[{"@type":"WebPage","@id":"https:\/\/www.austrianweb.at\/drucksorten\/folien\/auto-klebefolien\/","url":"https:\/\/www.austrianweb.at\/drucksorten\/folien\/auto-klebefolien\/","name":"Autoklebefolien - KFZ Beschriftungen","isPartOf":{"@id":"https:\/\/www.austrianweb.at\/drucksorten\/#website"},"primaryImageOfPage":{"@id":"https:\/\/www.austrianweb.at\/drucksorten\/folien\/auto-klebefolien\/#primaryimage"},"image":{"@id":"https:\/\/www.austrianweb.at\/drucksorten\/folien\/auto-klebefolien\/#primaryimage"},"thumbnailUrl":"https:\/\/www.austrianweb.at\/drucksorten\/wp-content\/uploads\/Klebefolien_transparent.jpg","datePublished":"2013-07-29T12:25:59+00:00","dateModified":"2021-04-11T12:17:29+00:00","description":"Autoklebefolien als Eycatcher. Das Firmenlogo, Ihre Domain oder ganze Botschaften - Auto Klebefolien sind auff\u00e4llig aber g\u00fcnstig i.d. Anschaffung.","breadcrumb":{"@id":"https:\/\/www.austrianweb.at\/drucksorten\/folien\/auto-klebefolien\/#breadcrumb"},"inLanguage":"de","potentialAction":[{"@type":"ReadAction","target":["https:\/\/www.austrianweb.at\/drucksorten\/folien\/auto-klebefolien\/"]}]},{"@type":"ImageObject","inLanguage":"de","@id":"https:\/\/www.austrianweb.at\/drucksorten\/folien\/auto-klebefolien\/#primaryimage","url":"https:\/\/www.austrianweb.at\/drucksorten\/wp-content\/uploads\/Klebefolien_transparent.jpg","contentUrl":"https:\/\/www.austrianweb.at\/drucksorten\/wp-content\/uploads\/Klebefolien_transparent.jpg","width":2000,"height":2000},{"@type":"BreadcrumbList","@id":"https:\/\/www.austrianweb.at\/drucksorten\/folien\/auto-klebefolien\/#breadcrumb","itemListElement":[{"@type":"ListItem","position":1,"name":"Folien","item":"https:\/\/www.austrianweb.at\/drucksorten\/folien\/"},{"@type":"ListItem","position":2,"name":"Auto Klebefolien"}]},{"@type":"WebSite","@id":"https:\/\/www.austrianweb.at\/drucksorten\/#website","url":"https:\/\/www.austrianweb.at\/drucksorten\/","name":"Qualitativ hochwertige Drucksorten aller Art","description":"Gesch\u00e4fts- u. Werbedrucksorten - Printartikel f\u00fcr Point of sale","publisher":{"@id":"https:\/\/www.austrianweb.at\/drucksorten\/#organization"},"potentialAction":[{"@type":"SearchAction","target":{"@type":"EntryPoint","urlTemplate":"https:\/\/www.austrianweb.at\/drucksorten\/?s={search_term_string}"},"query-input":"required name=search_term_string"}],"inLanguage":"de"},{"@type":"Organization","@id":"https:\/\/www.austrianweb.at\/drucksorten\/#organization","name":"Austrianweb","url":"https:\/\/www.austrianweb.at\/drucksorten\/","logo":{"@type":"ImageObject","inLanguage":"de","@id":"https:\/\/www.austrianweb.at\/drucksorten\/#\/schema\/logo\/image\/","url":"https:\/\/www.austrianweb.at\/drucksorten\/wp-content\/uploads\/Austrianweb-Logo-180.png","contentUrl":"https:\/\/www.austrianweb.at\/drucksorten\/wp-content\/uploads\/Austrianweb-Logo-180.png","width":180,"height":209,"caption":"Austrianweb"},"image":{"@id":"https:\/\/www.austrianweb.at\/drucksorten\/#\/schema\/logo\/image\/"},"sameAs":["https:\/\/www.facebook.com\/pages\/Austrianweb-Suchmaschinenoptimierung\/","https:\/\/x.com\/austrianweb"]}]}},"_links":{"self":[{"href":"https:\/\/www.austrianweb.at\/drucksorten\/wp-json\/wp\/v2\/pages\/2394"}],"collection":[{"href":"https:\/\/www.austrianweb.at\/drucksorten\/wp-json\/wp\/v2\/pages"}],"about":[{"href":"https:\/\/www.austrianweb.at\/drucksorten\/wp-json\/wp\/v2\/types\/page"}],"author":[{"embeddable":true,"href":"https:\/\/www.austrianweb.at\/drucksorten\/wp-json\/wp\/v2\/users\/6"}],"replies":[{"embeddable":true,"href":"https:\/\/www.austrianweb.at\/drucksorten\/wp-json\/wp\/v2\/comments?post=2394"}],"version-history":[{"count":4,"href":"https:\/\/www.austrianweb.at\/drucksorten\/wp-json\/wp\/v2\/pages\/2394\/revisions"}],"predecessor-version":[{"id":3489,"href":"https:\/\/www.austrianweb.at\/drucksorten\/wp-json\/wp\/v2\/pages\/2394\/revisions\/3489"}],"up":[{"embeddable":true,"href":"https:\/\/www.austrianweb.at\/drucksorten\/wp-json\/wp\/v2\/pages\/91"}],"wp:featuredmedia":[{"embeddable":true,"href":"https:\/\/www.austrianweb.at\/drucksorten\/wp-json\/wp\/v2\/media\/3490"}],"wp:attachment":[{"href":"https:\/\/www.austrianweb.at\/drucksorten\/wp-json\/wp\/v2\/media?parent=2394"}],"curies":[{"name":"wp","href":"https:\/\/api.w.org\/{rel}","templated":true}]}}