{"id":2244,"date":"2012-12-02T13:19:35","date_gmt":"2012-12-02T13:19:35","guid":{"rendered":"http:\/\/www.austrianweb.at\/drucksorten\/?page_id=2244"},"modified":"2025-10-24T14:14:20","modified_gmt":"2025-10-24T14:14:20","slug":"tennisblenden","status":"publish","type":"page","link":"https:\/\/www.austrianweb.at\/drucksorten\/banner-transparente\/tennisblenden\/","title":{"rendered":"Tennisblenden"},"content":{"rendered":"<p>Sie kennen sicher die umlaufenden <a href=\"https:\/\/www.austrianweb.at\/drucksorten\/banner-transparente\/transparente\/\">Transparente<\/a> auf den Gittern von Sport- und Tennispl\u00e4tzen. Diese Gitter haben den zweck B\u00e4lle usw. &#8222;aufzuhalten&#8220;.<\/p>\n<p>Speziell f\u00fcr diese Gitter bzw. Z\u00e4une gibt es Tennisblenden.<\/p>\n<p>Hierbei handelt es sich um ein farbig (!!!) bedrucktes Polynetz, 1.200 x 200cm gro\u00df. Rundherum sind \u00d6sen u. Gute angebracht. In den \u00d6sen sind Karabiner eingeh\u00e4ngt.<\/p>\n<p>&nbsp;<\/p>\n","protected":false},"excerpt":{"rendered":"<p>Sie kennen sicher die umlaufenden Transparente auf den Gittern von Sport- und Tennispl\u00e4tzen. Diese Gitter haben den zweck B\u00e4lle usw. &#8222;aufzuhalten&#8220;. Speziell f\u00fcr diese Gitter bzw. Z\u00e4une gibt es Tennisblenden. Hierbei handelt es sich um ein farbig (!!!) bedrucktes Polynetz, 1.200 x 200cm gro\u00df. Rundherum sind \u00d6sen u. Gute angebracht. In den \u00d6sen sind Karabiner [&hellip;]<\/p>\n","protected":false},"author":6,"featured_media":0,"parent":4589,"menu_order":0,"comment_status":"closed","ping_status":"open","template":"","meta":{"footnotes":""},"yoast_head":"<!-- This site is optimized with the Yoast SEO plugin v22.5 - https:\/\/yoast.com\/wordpress\/plugins\/seo\/ -->\n<title>Tennisblenden - Qualitativ hochwertige Drucksorten aller Art<\/title>\n<meta name=\"robots\" content=\"index, follow, max-snippet:-1, max-image-preview:large, max-video-preview:-1\" \/>\n<link rel=\"canonical\" href=\"https:\/\/www.austrianweb.at\/drucksorten\/banner-transparente\/tennisblenden\/\" \/>\n<meta property=\"og:locale\" content=\"de_DE\" \/>\n<meta property=\"og:type\" content=\"article\" \/>\n<meta property=\"og:title\" content=\"Tennisblenden - Qualitativ hochwertige Drucksorten aller Art\" \/>\n<meta property=\"og:description\" content=\"Sie kennen sicher die umlaufenden Transparente auf den Gittern von Sport- und Tennispl\u00e4tzen. Diese Gitter haben den zweck B\u00e4lle usw. &#8222;aufzuhalten&#8220;. Speziell f\u00fcr diese Gitter bzw. Z\u00e4une gibt es Tennisblenden. Hierbei handelt es sich um ein farbig (!!!) bedrucktes Polynetz, 1.200 x 200cm gro\u00df. Rundherum sind \u00d6sen u. Gute angebracht. In den \u00d6sen sind Karabiner [&hellip;]\" \/>\n<meta property=\"og:url\" content=\"https:\/\/www.austrianweb.at\/drucksorten\/banner-transparente\/tennisblenden\/\" \/>\n<meta property=\"og:site_name\" content=\"Qualitativ hochwertige Drucksorten aller Art\" \/>\n<meta property=\"article:publisher\" content=\"https:\/\/www.facebook.com\/pages\/Austrianweb-Suchmaschinenoptimierung\/\" \/>\n<meta property=\"article:modified_time\" content=\"2025-10-24T14:14:20+00:00\" \/>\n<meta property=\"og:image\" content=\"https:\/\/www.austrianweb.at\/drucksorten\/wp-content\/uploads\/Austrianweb-Logo-180.png\" \/>\n\t<meta property=\"og:image:width\" content=\"180\" \/>\n\t<meta property=\"og:image:height\" content=\"209\" \/>\n\t<meta property=\"og:image:type\" content=\"image\/png\" \/>\n<meta name=\"twitter:label1\" content=\"Gesch\u00e4tzte Lesezeit\" \/>\n\t<meta name=\"twitter:data1\" content=\"1\u00a0Minute\" \/>\n<script type=\"application\/ld+json\" class=\"yoast-schema-graph\">{\"@context\":\"https:\/\/schema.org\",\"@graph\":[{\"@type\":\"WebPage\",\"@id\":\"https:\/\/www.austrianweb.at\/drucksorten\/banner-transparente\/tennisblenden\/\",\"url\":\"https:\/\/www.austrianweb.at\/drucksorten\/banner-transparente\/tennisblenden\/\",\"name\":\"Tennisblenden - Qualitativ hochwertige Drucksorten aller Art\",\"isPartOf\":{\"@id\":\"https:\/\/www.austrianweb.at\/drucksorten\/#website\"},\"datePublished\":\"2012-12-02T13:19:35+00:00\",\"dateModified\":\"2025-10-24T14:14:20+00:00\",\"breadcrumb\":{\"@id\":\"https:\/\/www.austrianweb.at\/drucksorten\/banner-transparente\/tennisblenden\/#breadcrumb\"},\"inLanguage\":\"de\",\"potentialAction\":[{\"@type\":\"ReadAction\",\"target\":[\"https:\/\/www.austrianweb.at\/drucksorten\/banner-transparente\/tennisblenden\/\"]}]},{\"@type\":\"BreadcrumbList\",\"@id\":\"https:\/\/www.austrianweb.at\/drucksorten\/banner-transparente\/tennisblenden\/#breadcrumb\",\"itemListElement\":[{\"@type\":\"ListItem\",\"position\":1,\"name\":\"Banner &#8211; Transparente\",\"item\":\"https:\/\/www.austrianweb.at\/drucksorten\/banner-transparente\/\"},{\"@type\":\"ListItem\",\"position\":2,\"name\":\"Tennisblenden\"}]},{\"@type\":\"WebSite\",\"@id\":\"https:\/\/www.austrianweb.at\/drucksorten\/#website\",\"url\":\"https:\/\/www.austrianweb.at\/drucksorten\/\",\"name\":\"Qualitativ hochwertige Drucksorten aller Art\",\"description\":\"Gesch\u00e4fts- u. Werbedrucksorten - Printartikel f\u00fcr Point of sale\",\"publisher\":{\"@id\":\"https:\/\/www.austrianweb.at\/drucksorten\/#organization\"},\"potentialAction\":[{\"@type\":\"SearchAction\",\"target\":{\"@type\":\"EntryPoint\",\"urlTemplate\":\"https:\/\/www.austrianweb.at\/drucksorten\/?s={search_term_string}\"},\"query-input\":\"required name=search_term_string\"}],\"inLanguage\":\"de\"},{\"@type\":\"Organization\",\"@id\":\"https:\/\/www.austrianweb.at\/drucksorten\/#organization\",\"name\":\"Austrianweb\",\"url\":\"https:\/\/www.austrianweb.at\/drucksorten\/\",\"logo\":{\"@type\":\"ImageObject\",\"inLanguage\":\"de\",\"@id\":\"https:\/\/www.austrianweb.at\/drucksorten\/#\/schema\/logo\/image\/\",\"url\":\"https:\/\/www.austrianweb.at\/drucksorten\/wp-content\/uploads\/Austrianweb-Logo-180.png\",\"contentUrl\":\"https:\/\/www.austrianweb.at\/drucksorten\/wp-content\/uploads\/Austrianweb-Logo-180.png\",\"width\":180,\"height\":209,\"caption\":\"Austrianweb\"},\"image\":{\"@id\":\"https:\/\/www.austrianweb.at\/drucksorten\/#\/schema\/logo\/image\/\"},\"sameAs\":[\"https:\/\/www.facebook.com\/pages\/Austrianweb-Suchmaschinenoptimierung\/\",\"https:\/\/x.com\/austrianweb\"]}]}<\/script>\n<!-- \/ Yoast SEO plugin. -->","yoast_head_json":{"title":"Tennisblenden - Qualitativ hochwertige Drucksorten aller Art","robots":{"index":"index","follow":"follow","max-snippet":"max-snippet:-1","max-image-preview":"max-image-preview:large","max-video-preview":"max-video-preview:-1"},"canonical":"https:\/\/www.austrianweb.at\/drucksorten\/banner-transparente\/tennisblenden\/","og_locale":"de_DE","og_type":"article","og_title":"Tennisblenden - Qualitativ hochwertige Drucksorten aller Art","og_description":"Sie kennen sicher die umlaufenden Transparente auf den Gittern von Sport- und Tennispl\u00e4tzen. Diese Gitter haben den zweck B\u00e4lle usw. &#8222;aufzuhalten&#8220;. Speziell f\u00fcr diese Gitter bzw. Z\u00e4une gibt es Tennisblenden. Hierbei handelt es sich um ein farbig (!!!) bedrucktes Polynetz, 1.200 x 200cm gro\u00df. Rundherum sind \u00d6sen u. Gute angebracht. In den \u00d6sen sind Karabiner [&hellip;]","og_url":"https:\/\/www.austrianweb.at\/drucksorten\/banner-transparente\/tennisblenden\/","og_site_name":"Qualitativ hochwertige Drucksorten aller Art","article_publisher":"https:\/\/www.facebook.com\/pages\/Austrianweb-Suchmaschinenoptimierung\/","article_modified_time":"2025-10-24T14:14:20+00:00","og_image":[{"width":180,"height":209,"url":"https:\/\/www.austrianweb.at\/drucksorten\/wp-content\/uploads\/Austrianweb-Logo-180.png","type":"image\/png"}],"twitter_misc":{"Gesch\u00e4tzte Lesezeit":"1\u00a0Minute"},"schema":{"@context":"https:\/\/schema.org","@graph":[{"@type":"WebPage","@id":"https:\/\/www.austrianweb.at\/drucksorten\/banner-transparente\/tennisblenden\/","url":"https:\/\/www.austrianweb.at\/drucksorten\/banner-transparente\/tennisblenden\/","name":"Tennisblenden - Qualitativ hochwertige Drucksorten aller Art","isPartOf":{"@id":"https:\/\/www.austrianweb.at\/drucksorten\/#website"},"datePublished":"2012-12-02T13:19:35+00:00","dateModified":"2025-10-24T14:14:20+00:00","breadcrumb":{"@id":"https:\/\/www.austrianweb.at\/drucksorten\/banner-transparente\/tennisblenden\/#breadcrumb"},"inLanguage":"de","potentialAction":[{"@type":"ReadAction","target":["https:\/\/www.austrianweb.at\/drucksorten\/banner-transparente\/tennisblenden\/"]}]},{"@type":"BreadcrumbList","@id":"https:\/\/www.austrianweb.at\/drucksorten\/banner-transparente\/tennisblenden\/#breadcrumb","itemListElement":[{"@type":"ListItem","position":1,"name":"Banner &#8211; Transparente","item":"https:\/\/www.austrianweb.at\/drucksorten\/banner-transparente\/"},{"@type":"ListItem","position":2,"name":"Tennisblenden"}]},{"@type":"WebSite","@id":"https:\/\/www.austrianweb.at\/drucksorten\/#website","url":"https:\/\/www.austrianweb.at\/drucksorten\/","name":"Qualitativ hochwertige Drucksorten aller Art","description":"Gesch\u00e4fts- u. Werbedrucksorten - Printartikel f\u00fcr Point of sale","publisher":{"@id":"https:\/\/www.austrianweb.at\/drucksorten\/#organization"},"potentialAction":[{"@type":"SearchAction","target":{"@type":"EntryPoint","urlTemplate":"https:\/\/www.austrianweb.at\/drucksorten\/?s={search_term_string}"},"query-input":"required name=search_term_string"}],"inLanguage":"de"},{"@type":"Organization","@id":"https:\/\/www.austrianweb.at\/drucksorten\/#organization","name":"Austrianweb","url":"https:\/\/www.austrianweb.at\/drucksorten\/","logo":{"@type":"ImageObject","inLanguage":"de","@id":"https:\/\/www.austrianweb.at\/drucksorten\/#\/schema\/logo\/image\/","url":"https:\/\/www.austrianweb.at\/drucksorten\/wp-content\/uploads\/Austrianweb-Logo-180.png","contentUrl":"https:\/\/www.austrianweb.at\/drucksorten\/wp-content\/uploads\/Austrianweb-Logo-180.png","width":180,"height":209,"caption":"Austrianweb"},"image":{"@id":"https:\/\/www.austrianweb.at\/drucksorten\/#\/schema\/logo\/image\/"},"sameAs":["https:\/\/www.facebook.com\/pages\/Austrianweb-Suchmaschinenoptimierung\/","https:\/\/x.com\/austrianweb"]}]}},"_links":{"self":[{"href":"https:\/\/www.austrianweb.at\/drucksorten\/wp-json\/wp\/v2\/pages\/2244"}],"collection":[{"href":"https:\/\/www.austrianweb.at\/drucksorten\/wp-json\/wp\/v2\/pages"}],"about":[{"href":"https:\/\/www.austrianweb.at\/drucksorten\/wp-json\/wp\/v2\/types\/page"}],"author":[{"embeddable":true,"href":"https:\/\/www.austrianweb.at\/drucksorten\/wp-json\/wp\/v2\/users\/6"}],"replies":[{"embeddable":true,"href":"https:\/\/www.austrianweb.at\/drucksorten\/wp-json\/wp\/v2\/comments?post=2244"}],"version-history":[{"count":2,"href":"https:\/\/www.austrianweb.at\/drucksorten\/wp-json\/wp\/v2\/pages\/2244\/revisions"}],"predecessor-version":[{"id":4596,"href":"https:\/\/www.austrianweb.at\/drucksorten\/wp-json\/wp\/v2\/pages\/2244\/revisions\/4596"}],"up":[{"embeddable":true,"href":"https:\/\/www.austrianweb.at\/drucksorten\/wp-json\/wp\/v2\/pages\/4589"}],"wp:attachment":[{"href":"https:\/\/www.austrianweb.at\/drucksorten\/wp-json\/wp\/v2\/media?parent=2244"}],"curies":[{"name":"wp","href":"https:\/\/api.w.org\/{rel}","templated":true}]}}