{"id":2072,"date":"2012-09-29T13:44:39","date_gmt":"2012-09-29T13:44:39","guid":{"rendered":"http:\/\/www.austrianweb.at\/drucksorten\/wordpress\/?page_id=2072"},"modified":"2017-03-15T15:13:19","modified_gmt":"2017-03-15T15:13:19","slug":"faltschilder","status":"publish","type":"page","link":"https:\/\/www.austrianweb.at\/drucksorten\/banner-tafel-schilder\/faltschilder\/","title":{"rendered":"Faltschilder"},"content":{"rendered":"<p>Man sieht Faltschilder oft an H\u00e4userfronten angebracht. Immobilienmakler zeigen damit an das ein Objekt zum Verkauf oder zur Miete steht.<\/p>\n<p><img decoding=\"async\" loading=\"lazy\" class=\"aligncenter size-full wp-image-2167\" title=\"Faltschilder\" src=\"https:\/\/www.austrianweb.at\/drucksorten\/wp-content\/uploads\/Faltschilder.png\" alt=\"\" width=\"510\" height=\"339\" \/><\/p>\n<p>Gr\u00f6\u00dfen:<\/p>\n<ul>\n<li>140 x 50 cm<\/li>\n<li>100 x 70 cm<\/li>\n<li>140 x 100cm<\/li>\n<\/ul>\n<p>Spezifikation:<\/p>\n<ul>\n<li>Die Faltschilder k\u00f6nnen direkt auf glatten Fl\u00e4chen &#8222;montiert&#8220; werden<\/li>\n<li>inkl. doppelseitigem Klebeband verklebt<\/li>\n<li>Zum einsatz kommt eine 3 mm starke Polypropylen Hohlkammerplatte<\/li>\n<li>fertig vorgerillt und zugeschnitten<\/li>\n<li>einseitiger UV Druck, wetterfest<\/li>\n<\/ul>\n","protected":false},"excerpt":{"rendered":"<p>Man sieht Faltschilder oft an H\u00e4userfronten angebracht. Immobilienmakler zeigen damit an das ein Objekt zum Verkauf oder zur Miete steht. Gr\u00f6\u00dfen: 140 x 50 cm 100 x 70 cm 140 x 100cm Spezifikation: Die Faltschilder k\u00f6nnen direkt auf glatten Fl\u00e4chen &#8222;montiert&#8220; werden inkl. doppelseitigem Klebeband verklebt Zum einsatz kommt eine 3 mm starke Polypropylen Hohlkammerplatte [&hellip;]<\/p>\n","protected":false},"author":1,"featured_media":0,"parent":132,"menu_order":0,"comment_status":"closed","ping_status":"open","template":"","meta":{"footnotes":""},"yoast_head":"<!-- This site is optimized with the Yoast SEO plugin v22.5 - https:\/\/yoast.com\/wordpress\/plugins\/seo\/ -->\n<title>Faltschilder - Qualitativ hochwertige Drucksorten aller Art<\/title>\n<meta name=\"description\" content=\"Man sieht Faltschilder oft an H\u00e4userfronten angebracht. Immobilienmakler zeigen damit an das ein Objekt zum Verkauf oder zur Miete steht.\" \/>\n<meta name=\"robots\" content=\"index, follow, max-snippet:-1, max-image-preview:large, max-video-preview:-1\" \/>\n<link rel=\"canonical\" href=\"https:\/\/www.austrianweb.at\/drucksorten\/banner-tafel-schilder\/faltschilder\/\" \/>\n<meta property=\"og:locale\" content=\"de_DE\" \/>\n<meta property=\"og:type\" content=\"article\" \/>\n<meta property=\"og:title\" content=\"Faltschilder - Qualitativ hochwertige Drucksorten aller Art\" \/>\n<meta property=\"og:description\" content=\"Man sieht Faltschilder oft an H\u00e4userfronten angebracht. Immobilienmakler zeigen damit an das ein Objekt zum Verkauf oder zur Miete steht.\" \/>\n<meta property=\"og:url\" content=\"https:\/\/www.austrianweb.at\/drucksorten\/banner-tafel-schilder\/faltschilder\/\" \/>\n<meta property=\"og:site_name\" content=\"Qualitativ hochwertige Drucksorten aller Art\" \/>\n<meta property=\"article:publisher\" content=\"https:\/\/www.facebook.com\/pages\/Austrianweb-Suchmaschinenoptimierung\/\" \/>\n<meta property=\"article:modified_time\" content=\"2017-03-15T15:13:19+00:00\" \/>\n<meta property=\"og:image\" content=\"https:\/\/www.austrianweb.at\/drucksorten\/wp-content\/uploads\/Faltschilder.png\" \/>\n<script type=\"application\/ld+json\" class=\"yoast-schema-graph\">{\"@context\":\"https:\/\/schema.org\",\"@graph\":[{\"@type\":\"WebPage\",\"@id\":\"https:\/\/www.austrianweb.at\/drucksorten\/banner-tafel-schilder\/faltschilder\/\",\"url\":\"https:\/\/www.austrianweb.at\/drucksorten\/banner-tafel-schilder\/faltschilder\/\",\"name\":\"Faltschilder - Qualitativ hochwertige Drucksorten aller Art\",\"isPartOf\":{\"@id\":\"https:\/\/www.austrianweb.at\/drucksorten\/#website\"},\"primaryImageOfPage\":{\"@id\":\"https:\/\/www.austrianweb.at\/drucksorten\/banner-tafel-schilder\/faltschilder\/#primaryimage\"},\"image\":{\"@id\":\"https:\/\/www.austrianweb.at\/drucksorten\/banner-tafel-schilder\/faltschilder\/#primaryimage\"},\"thumbnailUrl\":\"https:\/\/www.austrianweb.at\/drucksorten\/wp-content\/uploads\/Faltschilder.png\",\"datePublished\":\"2012-09-29T13:44:39+00:00\",\"dateModified\":\"2017-03-15T15:13:19+00:00\",\"description\":\"Man sieht Faltschilder oft an H\u00e4userfronten angebracht. Immobilienmakler zeigen damit an das ein Objekt zum Verkauf oder zur Miete steht.\",\"breadcrumb\":{\"@id\":\"https:\/\/www.austrianweb.at\/drucksorten\/banner-tafel-schilder\/faltschilder\/#breadcrumb\"},\"inLanguage\":\"de\",\"potentialAction\":[{\"@type\":\"ReadAction\",\"target\":[\"https:\/\/www.austrianweb.at\/drucksorten\/banner-tafel-schilder\/faltschilder\/\"]}]},{\"@type\":\"ImageObject\",\"inLanguage\":\"de\",\"@id\":\"https:\/\/www.austrianweb.at\/drucksorten\/banner-tafel-schilder\/faltschilder\/#primaryimage\",\"url\":\"https:\/\/www.austrianweb.at\/drucksorten\/wp-content\/uploads\/Faltschilder.png\",\"contentUrl\":\"https:\/\/www.austrianweb.at\/drucksorten\/wp-content\/uploads\/Faltschilder.png\"},{\"@type\":\"BreadcrumbList\",\"@id\":\"https:\/\/www.austrianweb.at\/drucksorten\/banner-tafel-schilder\/faltschilder\/#breadcrumb\",\"itemListElement\":[{\"@type\":\"ListItem\",\"position\":1,\"name\":\"Schilder, Platten u. Tafeln\",\"item\":\"https:\/\/www.austrianweb.at\/drucksorten\/banner-tafel-schilder\/\"},{\"@type\":\"ListItem\",\"position\":2,\"name\":\"Faltschilder\"}]},{\"@type\":\"WebSite\",\"@id\":\"https:\/\/www.austrianweb.at\/drucksorten\/#website\",\"url\":\"https:\/\/www.austrianweb.at\/drucksorten\/\",\"name\":\"Qualitativ hochwertige Drucksorten aller Art\",\"description\":\"Gesch\u00e4fts- u. Werbedrucksorten - Printartikel f\u00fcr Point of sale\",\"publisher\":{\"@id\":\"https:\/\/www.austrianweb.at\/drucksorten\/#organization\"},\"potentialAction\":[{\"@type\":\"SearchAction\",\"target\":{\"@type\":\"EntryPoint\",\"urlTemplate\":\"https:\/\/www.austrianweb.at\/drucksorten\/?s={search_term_string}\"},\"query-input\":\"required name=search_term_string\"}],\"inLanguage\":\"de\"},{\"@type\":\"Organization\",\"@id\":\"https:\/\/www.austrianweb.at\/drucksorten\/#organization\",\"name\":\"Austrianweb\",\"url\":\"https:\/\/www.austrianweb.at\/drucksorten\/\",\"logo\":{\"@type\":\"ImageObject\",\"inLanguage\":\"de\",\"@id\":\"https:\/\/www.austrianweb.at\/drucksorten\/#\/schema\/logo\/image\/\",\"url\":\"https:\/\/www.austrianweb.at\/drucksorten\/wp-content\/uploads\/Austrianweb-Logo-180.png\",\"contentUrl\":\"https:\/\/www.austrianweb.at\/drucksorten\/wp-content\/uploads\/Austrianweb-Logo-180.png\",\"width\":180,\"height\":209,\"caption\":\"Austrianweb\"},\"image\":{\"@id\":\"https:\/\/www.austrianweb.at\/drucksorten\/#\/schema\/logo\/image\/\"},\"sameAs\":[\"https:\/\/www.facebook.com\/pages\/Austrianweb-Suchmaschinenoptimierung\/\",\"https:\/\/x.com\/austrianweb\"]}]}<\/script>\n<!-- \/ Yoast SEO plugin. -->","yoast_head_json":{"title":"Faltschilder - Qualitativ hochwertige Drucksorten aller Art","description":"Man sieht Faltschilder oft an H\u00e4userfronten angebracht. Immobilienmakler zeigen damit an das ein Objekt zum Verkauf oder zur Miete steht.","robots":{"index":"index","follow":"follow","max-snippet":"max-snippet:-1","max-image-preview":"max-image-preview:large","max-video-preview":"max-video-preview:-1"},"canonical":"https:\/\/www.austrianweb.at\/drucksorten\/banner-tafel-schilder\/faltschilder\/","og_locale":"de_DE","og_type":"article","og_title":"Faltschilder - Qualitativ hochwertige Drucksorten aller Art","og_description":"Man sieht Faltschilder oft an H\u00e4userfronten angebracht. Immobilienmakler zeigen damit an das ein Objekt zum Verkauf oder zur Miete steht.","og_url":"https:\/\/www.austrianweb.at\/drucksorten\/banner-tafel-schilder\/faltschilder\/","og_site_name":"Qualitativ hochwertige Drucksorten aller Art","article_publisher":"https:\/\/www.facebook.com\/pages\/Austrianweb-Suchmaschinenoptimierung\/","article_modified_time":"2017-03-15T15:13:19+00:00","og_image":[{"url":"https:\/\/www.austrianweb.at\/drucksorten\/wp-content\/uploads\/Faltschilder.png"}],"schema":{"@context":"https:\/\/schema.org","@graph":[{"@type":"WebPage","@id":"https:\/\/www.austrianweb.at\/drucksorten\/banner-tafel-schilder\/faltschilder\/","url":"https:\/\/www.austrianweb.at\/drucksorten\/banner-tafel-schilder\/faltschilder\/","name":"Faltschilder - Qualitativ hochwertige Drucksorten aller Art","isPartOf":{"@id":"https:\/\/www.austrianweb.at\/drucksorten\/#website"},"primaryImageOfPage":{"@id":"https:\/\/www.austrianweb.at\/drucksorten\/banner-tafel-schilder\/faltschilder\/#primaryimage"},"image":{"@id":"https:\/\/www.austrianweb.at\/drucksorten\/banner-tafel-schilder\/faltschilder\/#primaryimage"},"thumbnailUrl":"https:\/\/www.austrianweb.at\/drucksorten\/wp-content\/uploads\/Faltschilder.png","datePublished":"2012-09-29T13:44:39+00:00","dateModified":"2017-03-15T15:13:19+00:00","description":"Man sieht Faltschilder oft an H\u00e4userfronten angebracht. Immobilienmakler zeigen damit an das ein Objekt zum Verkauf oder zur Miete steht.","breadcrumb":{"@id":"https:\/\/www.austrianweb.at\/drucksorten\/banner-tafel-schilder\/faltschilder\/#breadcrumb"},"inLanguage":"de","potentialAction":[{"@type":"ReadAction","target":["https:\/\/www.austrianweb.at\/drucksorten\/banner-tafel-schilder\/faltschilder\/"]}]},{"@type":"ImageObject","inLanguage":"de","@id":"https:\/\/www.austrianweb.at\/drucksorten\/banner-tafel-schilder\/faltschilder\/#primaryimage","url":"https:\/\/www.austrianweb.at\/drucksorten\/wp-content\/uploads\/Faltschilder.png","contentUrl":"https:\/\/www.austrianweb.at\/drucksorten\/wp-content\/uploads\/Faltschilder.png"},{"@type":"BreadcrumbList","@id":"https:\/\/www.austrianweb.at\/drucksorten\/banner-tafel-schilder\/faltschilder\/#breadcrumb","itemListElement":[{"@type":"ListItem","position":1,"name":"Schilder, Platten u. Tafeln","item":"https:\/\/www.austrianweb.at\/drucksorten\/banner-tafel-schilder\/"},{"@type":"ListItem","position":2,"name":"Faltschilder"}]},{"@type":"WebSite","@id":"https:\/\/www.austrianweb.at\/drucksorten\/#website","url":"https:\/\/www.austrianweb.at\/drucksorten\/","name":"Qualitativ hochwertige Drucksorten aller Art","description":"Gesch\u00e4fts- u. Werbedrucksorten - Printartikel f\u00fcr Point of sale","publisher":{"@id":"https:\/\/www.austrianweb.at\/drucksorten\/#organization"},"potentialAction":[{"@type":"SearchAction","target":{"@type":"EntryPoint","urlTemplate":"https:\/\/www.austrianweb.at\/drucksorten\/?s={search_term_string}"},"query-input":"required name=search_term_string"}],"inLanguage":"de"},{"@type":"Organization","@id":"https:\/\/www.austrianweb.at\/drucksorten\/#organization","name":"Austrianweb","url":"https:\/\/www.austrianweb.at\/drucksorten\/","logo":{"@type":"ImageObject","inLanguage":"de","@id":"https:\/\/www.austrianweb.at\/drucksorten\/#\/schema\/logo\/image\/","url":"https:\/\/www.austrianweb.at\/drucksorten\/wp-content\/uploads\/Austrianweb-Logo-180.png","contentUrl":"https:\/\/www.austrianweb.at\/drucksorten\/wp-content\/uploads\/Austrianweb-Logo-180.png","width":180,"height":209,"caption":"Austrianweb"},"image":{"@id":"https:\/\/www.austrianweb.at\/drucksorten\/#\/schema\/logo\/image\/"},"sameAs":["https:\/\/www.facebook.com\/pages\/Austrianweb-Suchmaschinenoptimierung\/","https:\/\/x.com\/austrianweb"]}]}},"_links":{"self":[{"href":"https:\/\/www.austrianweb.at\/drucksorten\/wp-json\/wp\/v2\/pages\/2072"}],"collection":[{"href":"https:\/\/www.austrianweb.at\/drucksorten\/wp-json\/wp\/v2\/pages"}],"about":[{"href":"https:\/\/www.austrianweb.at\/drucksorten\/wp-json\/wp\/v2\/types\/page"}],"author":[{"embeddable":true,"href":"https:\/\/www.austrianweb.at\/drucksorten\/wp-json\/wp\/v2\/users\/1"}],"replies":[{"embeddable":true,"href":"https:\/\/www.austrianweb.at\/drucksorten\/wp-json\/wp\/v2\/comments?post=2072"}],"version-history":[{"count":1,"href":"https:\/\/www.austrianweb.at\/drucksorten\/wp-json\/wp\/v2\/pages\/2072\/revisions"}],"predecessor-version":[{"id":3062,"href":"https:\/\/www.austrianweb.at\/drucksorten\/wp-json\/wp\/v2\/pages\/2072\/revisions\/3062"}],"up":[{"embeddable":true,"href":"https:\/\/www.austrianweb.at\/drucksorten\/wp-json\/wp\/v2\/pages\/132"}],"wp:attachment":[{"href":"https:\/\/www.austrianweb.at\/drucksorten\/wp-json\/wp\/v2\/media?parent=2072"}],"curies":[{"name":"wp","href":"https:\/\/api.w.org\/{rel}","templated":true}]}}