{"id":2010,"date":"2012-09-25T14:20:29","date_gmt":"2012-09-25T14:20:29","guid":{"rendered":"http:\/\/www.austrianweb.at\/drucksorten\/wordpress\/?page_id=2010"},"modified":"2017-03-15T15:13:19","modified_gmt":"2017-03-15T15:13:19","slug":"outdoor","status":"publish","type":"page","link":"https:\/\/www.austrianweb.at\/drucksorten\/anwendungen\/outdoor\/","title":{"rendered":"Outdoor"},"content":{"rendered":"<p>Im Freien z\u00e4hlt bei Druckartikeln die Qualit\u00e4t. Eine lange Haltbarkeit muss auch bei Sonnenschein, Regen, Schnee und Hagel gew\u00e4hrleistet sein.<\/p>\n<table style=\"width: 100%;\" border=\"0\">\n<tbody>\n<tr>\n<td style=\"width: 33%;\" align=\"center\" valign=\"top\">\u00a0<a href=\"https:\/\/www.austrianweb.at\/drucksorten\/banner-transparente\/transparente\/\">Transparente<\/a><\/td>\n<td style=\"width: 33%;\" align=\"center\" valign=\"top\">\u00a0Plakatw\u00e4nde<\/td>\n<td style=\"width: 33%;\" align=\"center\" valign=\"top\">\u00a0Fahnen<\/td>\n<\/tr>\n<tr>\n<td style=\"width: 33%;\" align=\"center\" valign=\"top\">\u00a0Banner-Tafeln-Schilder<\/td>\n<td style=\"width: 33%;\" align=\"center\" valign=\"top\">Citylights \u2013 Backlight<\/td>\n<td style=\"width: 33%;\" align=\"center\" valign=\"top\">\u00a0Klebefolien<\/td>\n<\/tr>\n<tr>\n<td style=\"width: 33%;\" align=\"center\" valign=\"top\">Faltschilder<\/td>\n<td style=\"width: 33%;\" align=\"center\" valign=\"top\">\u00a0Zelte und Baldachine<\/td>\n<td style=\"width: 33%;\" align=\"center\" valign=\"top\">\u00a0Trikots und Longshirts<\/td>\n<\/tr>\n<tr>\n<td style=\"width: 33%;\" align=\"center\" valign=\"top\">\u00a0Laminierte Plakate<\/td>\n<td style=\"width: 33%;\" align=\"center\" valign=\"top\"><\/td>\n<td style=\"width: 33%;\" align=\"center\" valign=\"top\"><\/td>\n<\/tr>\n<tr>\n<td style=\"width: 33%;\" align=\"center\" valign=\"top\"><\/td>\n<td style=\"width: 33%;\" align=\"center\" valign=\"top\"><\/td>\n<td style=\"width: 33%;\" align=\"center\" valign=\"top\"><\/td>\n<\/tr>\n<tr>\n<td style=\"width: 33%;\" align=\"center\" valign=\"top\"><\/td>\n<td style=\"width: 33%;\" align=\"center\" valign=\"top\"><\/td>\n<td style=\"width: 33%;\" align=\"center\" valign=\"top\"><\/td>\n<\/tr>\n<tr>\n<td style=\"width: 33%;\" align=\"center\" valign=\"top\"><\/td>\n<td style=\"width: 33%;\" align=\"center\" valign=\"top\"><\/td>\n<td style=\"width: 33%;\" align=\"center\" valign=\"top\"><\/td>\n<\/tr>\n<tr>\n<td style=\"width: 33%;\" align=\"center\" valign=\"top\"><\/td>\n<td style=\"width: 33%;\" align=\"center\" valign=\"top\"><\/td>\n<td style=\"width: 33%;\" align=\"center\" valign=\"top\"><\/td>\n<\/tr>\n<tr>\n<td style=\"width: 33%;\" align=\"center\" valign=\"top\"><\/td>\n<td style=\"width: 33%;\" align=\"center\" valign=\"top\"><\/td>\n<td style=\"width: 33%;\" align=\"center\" valign=\"top\"><\/td>\n<\/tr>\n<tr>\n<td style=\"width: 33%;\" align=\"center\" valign=\"top\"><\/td>\n<td style=\"width: 33%;\" align=\"center\" valign=\"top\"><\/td>\n<td style=\"width: 33%;\" align=\"center\" valign=\"top\"><\/td>\n<\/tr>\n<\/tbody>\n<\/table>\n","protected":false},"excerpt":{"rendered":"<p>Im Freien z\u00e4hlt bei Druckartikeln die Qualit\u00e4t. Eine lange Haltbarkeit muss auch bei Sonnenschein, Regen, Schnee und Hagel gew\u00e4hrleistet sein. \u00a0Transparente \u00a0Plakatw\u00e4nde \u00a0Fahnen \u00a0Banner-Tafeln-Schilder Citylights \u2013 Backlight \u00a0Klebefolien Faltschilder \u00a0Zelte und Baldachine \u00a0Trikots und Longshirts \u00a0Laminierte Plakate<\/p>\n","protected":false},"author":1,"featured_media":0,"parent":2000,"menu_order":0,"comment_status":"closed","ping_status":"open","template":"","meta":{"footnotes":""},"yoast_head":"<!-- This site is optimized with the Yoast SEO plugin v22.5 - https:\/\/yoast.com\/wordpress\/plugins\/seo\/ -->\n<title>Outdoor - Qualitativ hochwertige Drucksorten aller Art<\/title>\n<meta name=\"robots\" content=\"index, follow, max-snippet:-1, max-image-preview:large, max-video-preview:-1\" \/>\n<link rel=\"canonical\" href=\"https:\/\/www.austrianweb.at\/drucksorten\/anwendungen\/outdoor\/\" \/>\n<meta property=\"og:locale\" content=\"de_DE\" \/>\n<meta property=\"og:type\" content=\"article\" \/>\n<meta property=\"og:title\" content=\"Outdoor - Qualitativ hochwertige Drucksorten aller Art\" \/>\n<meta property=\"og:description\" content=\"Im Freien z\u00e4hlt bei Druckartikeln die Qualit\u00e4t. Eine lange Haltbarkeit muss auch bei Sonnenschein, Regen, Schnee und Hagel gew\u00e4hrleistet sein. \u00a0Transparente \u00a0Plakatw\u00e4nde \u00a0Fahnen \u00a0Banner-Tafeln-Schilder Citylights \u2013 Backlight \u00a0Klebefolien Faltschilder \u00a0Zelte und Baldachine \u00a0Trikots und Longshirts \u00a0Laminierte Plakate\" \/>\n<meta property=\"og:url\" content=\"https:\/\/www.austrianweb.at\/drucksorten\/anwendungen\/outdoor\/\" \/>\n<meta property=\"og:site_name\" content=\"Qualitativ hochwertige Drucksorten aller Art\" \/>\n<meta property=\"article:publisher\" content=\"https:\/\/www.facebook.com\/pages\/Austrianweb-Suchmaschinenoptimierung\/\" \/>\n<meta property=\"article:modified_time\" content=\"2017-03-15T15:13:19+00:00\" \/>\n<meta property=\"og:image\" content=\"https:\/\/www.austrianweb.at\/drucksorten\/wp-content\/uploads\/Austrianweb-Logo-180.png\" \/>\n\t<meta property=\"og:image:width\" content=\"180\" \/>\n\t<meta property=\"og:image:height\" content=\"209\" \/>\n\t<meta property=\"og:image:type\" content=\"image\/png\" \/>\n<script type=\"application\/ld+json\" class=\"yoast-schema-graph\">{\"@context\":\"https:\/\/schema.org\",\"@graph\":[{\"@type\":\"WebPage\",\"@id\":\"https:\/\/www.austrianweb.at\/drucksorten\/anwendungen\/outdoor\/\",\"url\":\"https:\/\/www.austrianweb.at\/drucksorten\/anwendungen\/outdoor\/\",\"name\":\"Outdoor - Qualitativ hochwertige Drucksorten aller Art\",\"isPartOf\":{\"@id\":\"https:\/\/www.austrianweb.at\/drucksorten\/#website\"},\"datePublished\":\"2012-09-25T14:20:29+00:00\",\"dateModified\":\"2017-03-15T15:13:19+00:00\",\"breadcrumb\":{\"@id\":\"https:\/\/www.austrianweb.at\/drucksorten\/anwendungen\/outdoor\/#breadcrumb\"},\"inLanguage\":\"de\",\"potentialAction\":[{\"@type\":\"ReadAction\",\"target\":[\"https:\/\/www.austrianweb.at\/drucksorten\/anwendungen\/outdoor\/\"]}]},{\"@type\":\"BreadcrumbList\",\"@id\":\"https:\/\/www.austrianweb.at\/drucksorten\/anwendungen\/outdoor\/#breadcrumb\",\"itemListElement\":[{\"@type\":\"ListItem\",\"position\":1,\"name\":\"Anwendungen\",\"item\":\"https:\/\/www.austrianweb.at\/drucksorten\/anwendungen\/\"},{\"@type\":\"ListItem\",\"position\":2,\"name\":\"Outdoor\"}]},{\"@type\":\"WebSite\",\"@id\":\"https:\/\/www.austrianweb.at\/drucksorten\/#website\",\"url\":\"https:\/\/www.austrianweb.at\/drucksorten\/\",\"name\":\"Qualitativ hochwertige Drucksorten aller Art\",\"description\":\"Gesch\u00e4fts- u. Werbedrucksorten - Printartikel f\u00fcr Point of sale\",\"publisher\":{\"@id\":\"https:\/\/www.austrianweb.at\/drucksorten\/#organization\"},\"potentialAction\":[{\"@type\":\"SearchAction\",\"target\":{\"@type\":\"EntryPoint\",\"urlTemplate\":\"https:\/\/www.austrianweb.at\/drucksorten\/?s={search_term_string}\"},\"query-input\":\"required name=search_term_string\"}],\"inLanguage\":\"de\"},{\"@type\":\"Organization\",\"@id\":\"https:\/\/www.austrianweb.at\/drucksorten\/#organization\",\"name\":\"Austrianweb\",\"url\":\"https:\/\/www.austrianweb.at\/drucksorten\/\",\"logo\":{\"@type\":\"ImageObject\",\"inLanguage\":\"de\",\"@id\":\"https:\/\/www.austrianweb.at\/drucksorten\/#\/schema\/logo\/image\/\",\"url\":\"https:\/\/www.austrianweb.at\/drucksorten\/wp-content\/uploads\/Austrianweb-Logo-180.png\",\"contentUrl\":\"https:\/\/www.austrianweb.at\/drucksorten\/wp-content\/uploads\/Austrianweb-Logo-180.png\",\"width\":180,\"height\":209,\"caption\":\"Austrianweb\"},\"image\":{\"@id\":\"https:\/\/www.austrianweb.at\/drucksorten\/#\/schema\/logo\/image\/\"},\"sameAs\":[\"https:\/\/www.facebook.com\/pages\/Austrianweb-Suchmaschinenoptimierung\/\",\"https:\/\/x.com\/austrianweb\"]}]}<\/script>\n<!-- \/ Yoast SEO plugin. -->","yoast_head_json":{"title":"Outdoor - Qualitativ hochwertige Drucksorten aller Art","robots":{"index":"index","follow":"follow","max-snippet":"max-snippet:-1","max-image-preview":"max-image-preview:large","max-video-preview":"max-video-preview:-1"},"canonical":"https:\/\/www.austrianweb.at\/drucksorten\/anwendungen\/outdoor\/","og_locale":"de_DE","og_type":"article","og_title":"Outdoor - Qualitativ hochwertige Drucksorten aller Art","og_description":"Im Freien z\u00e4hlt bei Druckartikeln die Qualit\u00e4t. Eine lange Haltbarkeit muss auch bei Sonnenschein, Regen, Schnee und Hagel gew\u00e4hrleistet sein. \u00a0Transparente \u00a0Plakatw\u00e4nde \u00a0Fahnen \u00a0Banner-Tafeln-Schilder Citylights \u2013 Backlight \u00a0Klebefolien Faltschilder \u00a0Zelte und Baldachine \u00a0Trikots und Longshirts \u00a0Laminierte Plakate","og_url":"https:\/\/www.austrianweb.at\/drucksorten\/anwendungen\/outdoor\/","og_site_name":"Qualitativ hochwertige Drucksorten aller Art","article_publisher":"https:\/\/www.facebook.com\/pages\/Austrianweb-Suchmaschinenoptimierung\/","article_modified_time":"2017-03-15T15:13:19+00:00","og_image":[{"width":180,"height":209,"url":"https:\/\/www.austrianweb.at\/drucksorten\/wp-content\/uploads\/Austrianweb-Logo-180.png","type":"image\/png"}],"schema":{"@context":"https:\/\/schema.org","@graph":[{"@type":"WebPage","@id":"https:\/\/www.austrianweb.at\/drucksorten\/anwendungen\/outdoor\/","url":"https:\/\/www.austrianweb.at\/drucksorten\/anwendungen\/outdoor\/","name":"Outdoor - Qualitativ hochwertige Drucksorten aller Art","isPartOf":{"@id":"https:\/\/www.austrianweb.at\/drucksorten\/#website"},"datePublished":"2012-09-25T14:20:29+00:00","dateModified":"2017-03-15T15:13:19+00:00","breadcrumb":{"@id":"https:\/\/www.austrianweb.at\/drucksorten\/anwendungen\/outdoor\/#breadcrumb"},"inLanguage":"de","potentialAction":[{"@type":"ReadAction","target":["https:\/\/www.austrianweb.at\/drucksorten\/anwendungen\/outdoor\/"]}]},{"@type":"BreadcrumbList","@id":"https:\/\/www.austrianweb.at\/drucksorten\/anwendungen\/outdoor\/#breadcrumb","itemListElement":[{"@type":"ListItem","position":1,"name":"Anwendungen","item":"https:\/\/www.austrianweb.at\/drucksorten\/anwendungen\/"},{"@type":"ListItem","position":2,"name":"Outdoor"}]},{"@type":"WebSite","@id":"https:\/\/www.austrianweb.at\/drucksorten\/#website","url":"https:\/\/www.austrianweb.at\/drucksorten\/","name":"Qualitativ hochwertige Drucksorten aller Art","description":"Gesch\u00e4fts- u. Werbedrucksorten - Printartikel f\u00fcr Point of sale","publisher":{"@id":"https:\/\/www.austrianweb.at\/drucksorten\/#organization"},"potentialAction":[{"@type":"SearchAction","target":{"@type":"EntryPoint","urlTemplate":"https:\/\/www.austrianweb.at\/drucksorten\/?s={search_term_string}"},"query-input":"required name=search_term_string"}],"inLanguage":"de"},{"@type":"Organization","@id":"https:\/\/www.austrianweb.at\/drucksorten\/#organization","name":"Austrianweb","url":"https:\/\/www.austrianweb.at\/drucksorten\/","logo":{"@type":"ImageObject","inLanguage":"de","@id":"https:\/\/www.austrianweb.at\/drucksorten\/#\/schema\/logo\/image\/","url":"https:\/\/www.austrianweb.at\/drucksorten\/wp-content\/uploads\/Austrianweb-Logo-180.png","contentUrl":"https:\/\/www.austrianweb.at\/drucksorten\/wp-content\/uploads\/Austrianweb-Logo-180.png","width":180,"height":209,"caption":"Austrianweb"},"image":{"@id":"https:\/\/www.austrianweb.at\/drucksorten\/#\/schema\/logo\/image\/"},"sameAs":["https:\/\/www.facebook.com\/pages\/Austrianweb-Suchmaschinenoptimierung\/","https:\/\/x.com\/austrianweb"]}]}},"_links":{"self":[{"href":"https:\/\/www.austrianweb.at\/drucksorten\/wp-json\/wp\/v2\/pages\/2010"}],"collection":[{"href":"https:\/\/www.austrianweb.at\/drucksorten\/wp-json\/wp\/v2\/pages"}],"about":[{"href":"https:\/\/www.austrianweb.at\/drucksorten\/wp-json\/wp\/v2\/types\/page"}],"author":[{"embeddable":true,"href":"https:\/\/www.austrianweb.at\/drucksorten\/wp-json\/wp\/v2\/users\/1"}],"replies":[{"embeddable":true,"href":"https:\/\/www.austrianweb.at\/drucksorten\/wp-json\/wp\/v2\/comments?post=2010"}],"version-history":[{"count":1,"href":"https:\/\/www.austrianweb.at\/drucksorten\/wp-json\/wp\/v2\/pages\/2010\/revisions"}],"predecessor-version":[{"id":3058,"href":"https:\/\/www.austrianweb.at\/drucksorten\/wp-json\/wp\/v2\/pages\/2010\/revisions\/3058"}],"up":[{"embeddable":true,"href":"https:\/\/www.austrianweb.at\/drucksorten\/wp-json\/wp\/v2\/pages\/2000"}],"wp:attachment":[{"href":"https:\/\/www.austrianweb.at\/drucksorten\/wp-json\/wp\/v2\/media?parent=2010"}],"curies":[{"name":"wp","href":"https:\/\/api.w.org\/{rel}","templated":true}]}}