{"id":2006,"date":"2012-09-25T14:19:52","date_gmt":"2012-09-25T14:19:52","guid":{"rendered":"http:\/\/www.austrianweb.at\/drucksorten\/wordpress\/?page_id=2006"},"modified":"2017-03-15T15:13:19","modified_gmt":"2017-03-15T15:13:19","slug":"privat","status":"publish","type":"page","link":"https:\/\/www.austrianweb.at\/drucksorten\/anwendungen\/privat\/","title":{"rendered":"Privat"},"content":{"rendered":"<p>Auch in Privathaushalten gibt es Bedarf an gedruckten Artikeln.<\/p>\n<table style=\"width: 100%;\" border=\"0\">\n<tbody>\n<tr>\n<td style=\"width: 33%;\" align=\"center\" valign=\"top\">Fotodruck<\/td>\n<td style=\"width: 33%;\" align=\"center\" valign=\"top\">Fototapete<\/td>\n<td style=\"width: 33%;\" align=\"center\" valign=\"top\">Poster<\/td>\n<\/tr>\n<tr>\n<td style=\"width: 33%;\" align=\"center\" valign=\"top\">Sitzs\u00e4cke, St\u00fchle und Polster<\/td>\n<td style=\"width: 33%;\" align=\"center\" valign=\"top\">Sch\u00fcrzen<\/td>\n<td style=\"width: 33%;\" align=\"center\" valign=\"top\">Kalender und Jahresplaner<\/td>\n<\/tr>\n<tr>\n<td style=\"width: 33%;\" align=\"center\" valign=\"top\">Uhren<\/td>\n<td style=\"width: 33%;\" align=\"center\" valign=\"top\">Lesezeichen<\/td>\n<td style=\"width: 33%;\" align=\"center\" valign=\"top\">B\u00fccher<\/td>\n<\/tr>\n<tr>\n<td style=\"width: 33%;\" align=\"center\" valign=\"top\">Bierdeckel<\/td>\n<td style=\"width: 33%;\" align=\"center\" valign=\"top\">Tischsets<\/td>\n<td style=\"width: 33%;\" align=\"center\" valign=\"top\">Banner-Tafeln-Schilder<\/td>\n<\/tr>\n<tr>\n<td style=\"width: 33%;\" align=\"center\" valign=\"top\">Keilrahmen<\/td>\n<td style=\"width: 33%;\" align=\"center\" valign=\"top\">Vorh\u00e4nge und Rollos<\/td>\n<td style=\"width: 33%;\" align=\"center\" valign=\"top\">Zelte und Baldachine<\/td>\n<\/tr>\n<tr>\n<td style=\"width: 33%;\" align=\"center\" valign=\"top\">Stofftaschen<\/td>\n<td style=\"width: 33%;\" align=\"center\" valign=\"top\">Klatschf\u00e4cher<\/td>\n<td style=\"width: 33%;\" align=\"center\" valign=\"top\">Trikots und Longshirts<\/td>\n<\/tr>\n<tr>\n<td style=\"width: 33%;\" align=\"center\" valign=\"top\">Weihnachtskarten<\/td>\n<td style=\"width: 33%;\" align=\"center\" valign=\"top\"><\/td>\n<td style=\"width: 33%;\" align=\"center\" valign=\"top\"><\/td>\n<\/tr>\n<tr>\n<td style=\"width: 33%;\" align=\"center\" valign=\"top\"><\/td>\n<td style=\"width: 33%;\" align=\"center\" valign=\"top\"><\/td>\n<td style=\"width: 33%;\" align=\"center\" valign=\"top\"><\/td>\n<\/tr>\n<tr>\n<td style=\"width: 33%;\" align=\"center\" valign=\"top\"><\/td>\n<td style=\"width: 33%;\" align=\"center\" valign=\"top\"><\/td>\n<td style=\"width: 33%;\" align=\"center\" valign=\"top\"><\/td>\n<\/tr>\n<tr>\n<td style=\"width: 33%;\" align=\"center\" valign=\"top\"><\/td>\n<td style=\"width: 33%;\" align=\"center\" valign=\"top\"><\/td>\n<td style=\"width: 33%;\" align=\"center\" valign=\"top\"><\/td>\n<\/tr>\n<\/tbody>\n<\/table>\n","protected":false},"excerpt":{"rendered":"<p>Auch in Privathaushalten gibt es Bedarf an gedruckten Artikeln. Fotodruck Fototapete Poster Sitzs\u00e4cke, St\u00fchle und Polster Sch\u00fcrzen Kalender und Jahresplaner Uhren Lesezeichen B\u00fccher Bierdeckel Tischsets Banner-Tafeln-Schilder Keilrahmen Vorh\u00e4nge und Rollos Zelte und Baldachine Stofftaschen Klatschf\u00e4cher Trikots und Longshirts Weihnachtskarten<\/p>\n","protected":false},"author":1,"featured_media":0,"parent":2000,"menu_order":0,"comment_status":"closed","ping_status":"open","template":"","meta":{"footnotes":""},"yoast_head":"<!-- This site is optimized with the Yoast SEO plugin v22.5 - https:\/\/yoast.com\/wordpress\/plugins\/seo\/ -->\n<title>Privat - Qualitativ hochwertige Drucksorten aller Art<\/title>\n<meta name=\"robots\" content=\"index, follow, max-snippet:-1, max-image-preview:large, max-video-preview:-1\" \/>\n<link rel=\"canonical\" href=\"https:\/\/www.austrianweb.at\/drucksorten\/anwendungen\/privat\/\" \/>\n<meta property=\"og:locale\" content=\"de_DE\" \/>\n<meta property=\"og:type\" content=\"article\" \/>\n<meta property=\"og:title\" content=\"Privat - Qualitativ hochwertige Drucksorten aller Art\" \/>\n<meta property=\"og:description\" content=\"Auch in Privathaushalten gibt es Bedarf an gedruckten Artikeln. Fotodruck Fototapete Poster Sitzs\u00e4cke, St\u00fchle und Polster Sch\u00fcrzen Kalender und Jahresplaner Uhren Lesezeichen B\u00fccher Bierdeckel Tischsets Banner-Tafeln-Schilder Keilrahmen Vorh\u00e4nge und Rollos Zelte und Baldachine Stofftaschen Klatschf\u00e4cher Trikots und Longshirts Weihnachtskarten\" \/>\n<meta property=\"og:url\" content=\"https:\/\/www.austrianweb.at\/drucksorten\/anwendungen\/privat\/\" \/>\n<meta property=\"og:site_name\" content=\"Qualitativ hochwertige Drucksorten aller Art\" \/>\n<meta property=\"article:publisher\" content=\"https:\/\/www.facebook.com\/pages\/Austrianweb-Suchmaschinenoptimierung\/\" \/>\n<meta property=\"article:modified_time\" content=\"2017-03-15T15:13:19+00:00\" \/>\n<meta property=\"og:image\" content=\"https:\/\/www.austrianweb.at\/drucksorten\/wp-content\/uploads\/Austrianweb-Logo-180.png\" \/>\n\t<meta property=\"og:image:width\" content=\"180\" \/>\n\t<meta property=\"og:image:height\" content=\"209\" \/>\n\t<meta property=\"og:image:type\" content=\"image\/png\" \/>\n<script type=\"application\/ld+json\" class=\"yoast-schema-graph\">{\"@context\":\"https:\/\/schema.org\",\"@graph\":[{\"@type\":\"WebPage\",\"@id\":\"https:\/\/www.austrianweb.at\/drucksorten\/anwendungen\/privat\/\",\"url\":\"https:\/\/www.austrianweb.at\/drucksorten\/anwendungen\/privat\/\",\"name\":\"Privat - Qualitativ hochwertige Drucksorten aller Art\",\"isPartOf\":{\"@id\":\"https:\/\/www.austrianweb.at\/drucksorten\/#website\"},\"datePublished\":\"2012-09-25T14:19:52+00:00\",\"dateModified\":\"2017-03-15T15:13:19+00:00\",\"breadcrumb\":{\"@id\":\"https:\/\/www.austrianweb.at\/drucksorten\/anwendungen\/privat\/#breadcrumb\"},\"inLanguage\":\"de\",\"potentialAction\":[{\"@type\":\"ReadAction\",\"target\":[\"https:\/\/www.austrianweb.at\/drucksorten\/anwendungen\/privat\/\"]}]},{\"@type\":\"BreadcrumbList\",\"@id\":\"https:\/\/www.austrianweb.at\/drucksorten\/anwendungen\/privat\/#breadcrumb\",\"itemListElement\":[{\"@type\":\"ListItem\",\"position\":1,\"name\":\"Anwendungen\",\"item\":\"https:\/\/www.austrianweb.at\/drucksorten\/anwendungen\/\"},{\"@type\":\"ListItem\",\"position\":2,\"name\":\"Privat\"}]},{\"@type\":\"WebSite\",\"@id\":\"https:\/\/www.austrianweb.at\/drucksorten\/#website\",\"url\":\"https:\/\/www.austrianweb.at\/drucksorten\/\",\"name\":\"Qualitativ hochwertige Drucksorten aller Art\",\"description\":\"Gesch\u00e4fts- u. Werbedrucksorten - Printartikel f\u00fcr Point of sale\",\"publisher\":{\"@id\":\"https:\/\/www.austrianweb.at\/drucksorten\/#organization\"},\"potentialAction\":[{\"@type\":\"SearchAction\",\"target\":{\"@type\":\"EntryPoint\",\"urlTemplate\":\"https:\/\/www.austrianweb.at\/drucksorten\/?s={search_term_string}\"},\"query-input\":\"required name=search_term_string\"}],\"inLanguage\":\"de\"},{\"@type\":\"Organization\",\"@id\":\"https:\/\/www.austrianweb.at\/drucksorten\/#organization\",\"name\":\"Austrianweb\",\"url\":\"https:\/\/www.austrianweb.at\/drucksorten\/\",\"logo\":{\"@type\":\"ImageObject\",\"inLanguage\":\"de\",\"@id\":\"https:\/\/www.austrianweb.at\/drucksorten\/#\/schema\/logo\/image\/\",\"url\":\"https:\/\/www.austrianweb.at\/drucksorten\/wp-content\/uploads\/Austrianweb-Logo-180.png\",\"contentUrl\":\"https:\/\/www.austrianweb.at\/drucksorten\/wp-content\/uploads\/Austrianweb-Logo-180.png\",\"width\":180,\"height\":209,\"caption\":\"Austrianweb\"},\"image\":{\"@id\":\"https:\/\/www.austrianweb.at\/drucksorten\/#\/schema\/logo\/image\/\"},\"sameAs\":[\"https:\/\/www.facebook.com\/pages\/Austrianweb-Suchmaschinenoptimierung\/\",\"https:\/\/x.com\/austrianweb\"]}]}<\/script>\n<!-- \/ Yoast SEO plugin. -->","yoast_head_json":{"title":"Privat - Qualitativ hochwertige Drucksorten aller Art","robots":{"index":"index","follow":"follow","max-snippet":"max-snippet:-1","max-image-preview":"max-image-preview:large","max-video-preview":"max-video-preview:-1"},"canonical":"https:\/\/www.austrianweb.at\/drucksorten\/anwendungen\/privat\/","og_locale":"de_DE","og_type":"article","og_title":"Privat - Qualitativ hochwertige Drucksorten aller Art","og_description":"Auch in Privathaushalten gibt es Bedarf an gedruckten Artikeln. Fotodruck Fototapete Poster Sitzs\u00e4cke, St\u00fchle und Polster Sch\u00fcrzen Kalender und Jahresplaner Uhren Lesezeichen B\u00fccher Bierdeckel Tischsets Banner-Tafeln-Schilder Keilrahmen Vorh\u00e4nge und Rollos Zelte und Baldachine Stofftaschen Klatschf\u00e4cher Trikots und Longshirts Weihnachtskarten","og_url":"https:\/\/www.austrianweb.at\/drucksorten\/anwendungen\/privat\/","og_site_name":"Qualitativ hochwertige Drucksorten aller Art","article_publisher":"https:\/\/www.facebook.com\/pages\/Austrianweb-Suchmaschinenoptimierung\/","article_modified_time":"2017-03-15T15:13:19+00:00","og_image":[{"width":180,"height":209,"url":"https:\/\/www.austrianweb.at\/drucksorten\/wp-content\/uploads\/Austrianweb-Logo-180.png","type":"image\/png"}],"schema":{"@context":"https:\/\/schema.org","@graph":[{"@type":"WebPage","@id":"https:\/\/www.austrianweb.at\/drucksorten\/anwendungen\/privat\/","url":"https:\/\/www.austrianweb.at\/drucksorten\/anwendungen\/privat\/","name":"Privat - Qualitativ hochwertige Drucksorten aller Art","isPartOf":{"@id":"https:\/\/www.austrianweb.at\/drucksorten\/#website"},"datePublished":"2012-09-25T14:19:52+00:00","dateModified":"2017-03-15T15:13:19+00:00","breadcrumb":{"@id":"https:\/\/www.austrianweb.at\/drucksorten\/anwendungen\/privat\/#breadcrumb"},"inLanguage":"de","potentialAction":[{"@type":"ReadAction","target":["https:\/\/www.austrianweb.at\/drucksorten\/anwendungen\/privat\/"]}]},{"@type":"BreadcrumbList","@id":"https:\/\/www.austrianweb.at\/drucksorten\/anwendungen\/privat\/#breadcrumb","itemListElement":[{"@type":"ListItem","position":1,"name":"Anwendungen","item":"https:\/\/www.austrianweb.at\/drucksorten\/anwendungen\/"},{"@type":"ListItem","position":2,"name":"Privat"}]},{"@type":"WebSite","@id":"https:\/\/www.austrianweb.at\/drucksorten\/#website","url":"https:\/\/www.austrianweb.at\/drucksorten\/","name":"Qualitativ hochwertige Drucksorten aller Art","description":"Gesch\u00e4fts- u. Werbedrucksorten - Printartikel f\u00fcr Point of sale","publisher":{"@id":"https:\/\/www.austrianweb.at\/drucksorten\/#organization"},"potentialAction":[{"@type":"SearchAction","target":{"@type":"EntryPoint","urlTemplate":"https:\/\/www.austrianweb.at\/drucksorten\/?s={search_term_string}"},"query-input":"required name=search_term_string"}],"inLanguage":"de"},{"@type":"Organization","@id":"https:\/\/www.austrianweb.at\/drucksorten\/#organization","name":"Austrianweb","url":"https:\/\/www.austrianweb.at\/drucksorten\/","logo":{"@type":"ImageObject","inLanguage":"de","@id":"https:\/\/www.austrianweb.at\/drucksorten\/#\/schema\/logo\/image\/","url":"https:\/\/www.austrianweb.at\/drucksorten\/wp-content\/uploads\/Austrianweb-Logo-180.png","contentUrl":"https:\/\/www.austrianweb.at\/drucksorten\/wp-content\/uploads\/Austrianweb-Logo-180.png","width":180,"height":209,"caption":"Austrianweb"},"image":{"@id":"https:\/\/www.austrianweb.at\/drucksorten\/#\/schema\/logo\/image\/"},"sameAs":["https:\/\/www.facebook.com\/pages\/Austrianweb-Suchmaschinenoptimierung\/","https:\/\/x.com\/austrianweb"]}]}},"_links":{"self":[{"href":"https:\/\/www.austrianweb.at\/drucksorten\/wp-json\/wp\/v2\/pages\/2006"}],"collection":[{"href":"https:\/\/www.austrianweb.at\/drucksorten\/wp-json\/wp\/v2\/pages"}],"about":[{"href":"https:\/\/www.austrianweb.at\/drucksorten\/wp-json\/wp\/v2\/types\/page"}],"author":[{"embeddable":true,"href":"https:\/\/www.austrianweb.at\/drucksorten\/wp-json\/wp\/v2\/users\/1"}],"replies":[{"embeddable":true,"href":"https:\/\/www.austrianweb.at\/drucksorten\/wp-json\/wp\/v2\/comments?post=2006"}],"version-history":[{"count":1,"href":"https:\/\/www.austrianweb.at\/drucksorten\/wp-json\/wp\/v2\/pages\/2006\/revisions"}],"predecessor-version":[{"id":3056,"href":"https:\/\/www.austrianweb.at\/drucksorten\/wp-json\/wp\/v2\/pages\/2006\/revisions\/3056"}],"up":[{"embeddable":true,"href":"https:\/\/www.austrianweb.at\/drucksorten\/wp-json\/wp\/v2\/pages\/2000"}],"wp:attachment":[{"href":"https:\/\/www.austrianweb.at\/drucksorten\/wp-json\/wp\/v2\/media?parent=2006"}],"curies":[{"name":"wp","href":"https:\/\/api.w.org\/{rel}","templated":true}]}}