{"id":2004,"date":"2012-09-25T14:19:34","date_gmt":"2012-09-25T14:19:34","guid":{"rendered":"http:\/\/www.austrianweb.at\/drucksorten\/wordpress\/?page_id=2004"},"modified":"2017-03-15T15:13:19","modified_gmt":"2017-03-15T15:13:19","slug":"events","status":"publish","type":"page","link":"https:\/\/www.austrianweb.at\/drucksorten\/anwendungen\/events\/","title":{"rendered":"Events"},"content":{"rendered":"<p>Printartikel f\u00fcr Veranstaltungen aller Art. Messen, Gastromomie oder Sportevents. Druckartikel sind hier nicht wegzudenken!<\/p>\n<table style=\"width: 100%;\" border=\"0\">\n<tbody>\n<tr>\n<td style=\"text-align: center;\" valign=\"top\">Flyer<\/td>\n<td style=\"text-align: center;\" valign=\"top\">Folder<\/td>\n<td style=\"text-align: center;\" valign=\"top\">Postkarten<\/td>\n<\/tr>\n<tr>\n<td style=\"text-align: center;\" valign=\"top\">Plakate<\/td>\n<td style=\"text-align: center;\" valign=\"top\">Aufkleber und Klebeetiketten<\/td>\n<td style=\"text-align: center;\" valign=\"top\"><a href=\"https:\/\/www.austrianweb.at\/drucksorten\/banner-transparente\/transparente\/\">Transparente<\/a><\/td>\n<\/tr>\n<tr>\n<td style=\"text-align: center;\" valign=\"top\">Klebefolien<\/td>\n<td style=\"text-align: center;\" valign=\"top\">Mailings<\/td>\n<td style=\"text-align: center;\" valign=\"top\">Fahnen<\/td>\n<\/tr>\n<tr>\n<td style=\"text-align: center;\" valign=\"top\">Rollup<\/td>\n<td style=\"text-align: center;\" valign=\"top\">Display\u00b4s<\/td>\n<td style=\"text-align: center;\" valign=\"top\">Bierdeckel<\/td>\n<\/tr>\n<tr>\n<td style=\"text-align: center;\" valign=\"top\">Tischsets<\/td>\n<td style=\"text-align: center;\" valign=\"top\">Untersetzer<\/td>\n<td style=\"text-align: center;\" valign=\"top\">Sitzs\u00e4cke, St\u00fchle und Polster<\/td>\n<\/tr>\n<tr>\n<td style=\"text-align: center;\" valign=\"top\">Klatschf\u00e4cher<\/td>\n<td style=\"text-align: center;\" valign=\"top\">Startnummern<\/td>\n<td style=\"text-align: center;\" valign=\"top\">Trikots und Longshirts<\/td>\n<\/tr>\n<tr>\n<td style=\"text-align: center;\" valign=\"top\">Pop Ups<\/td>\n<td style=\"text-align: center;\" valign=\"top\">T\u00fcrh\u00e4nger<\/td>\n<td style=\"text-align: center;\" valign=\"top\">Stofftaschen<\/td>\n<\/tr>\n<tr>\n<td style=\"text-align: center;\" valign=\"top\">Einladungen<\/td>\n<td style=\"text-align: center;\" valign=\"top\">Pappfiguren<\/td>\n<td style=\"text-align: center;\" valign=\"top\">Sch\u00fcrzen<\/td>\n<\/tr>\n<tr>\n<td style=\"text-align: center;\" valign=\"top\">Zelte und Baldachine<\/td>\n<td style=\"text-align: center;\" valign=\"top\">Leuchts\u00e4ulen<\/td>\n<td style=\"text-align: center;\" valign=\"top\">Tischaufsteller<\/td>\n<\/tr>\n<tr>\n<td valign=\"top\"><\/td>\n<td valign=\"top\"><\/td>\n<td valign=\"top\"><\/td>\n<\/tr>\n<\/tbody>\n<\/table>\n","protected":false},"excerpt":{"rendered":"<p>Printartikel f\u00fcr Veranstaltungen aller Art. Messen, Gastromomie oder Sportevents. Druckartikel sind hier nicht wegzudenken! Flyer Folder Postkarten Plakate Aufkleber und Klebeetiketten Transparente Klebefolien Mailings Fahnen Rollup Display\u00b4s Bierdeckel Tischsets Untersetzer Sitzs\u00e4cke, St\u00fchle und Polster Klatschf\u00e4cher Startnummern Trikots und Longshirts Pop Ups T\u00fcrh\u00e4nger Stofftaschen Einladungen Pappfiguren Sch\u00fcrzen Zelte und Baldachine Leuchts\u00e4ulen Tischaufsteller<\/p>\n","protected":false},"author":1,"featured_media":0,"parent":2000,"menu_order":0,"comment_status":"closed","ping_status":"open","template":"","meta":{"footnotes":""},"yoast_head":"<!-- This site is optimized with the Yoast SEO plugin v22.5 - https:\/\/yoast.com\/wordpress\/plugins\/seo\/ -->\n<title>Events - Qualitativ hochwertige Drucksorten aller Art<\/title>\n<meta name=\"robots\" content=\"index, follow, max-snippet:-1, max-image-preview:large, max-video-preview:-1\" \/>\n<link rel=\"canonical\" href=\"https:\/\/www.austrianweb.at\/drucksorten\/anwendungen\/events\/\" \/>\n<meta property=\"og:locale\" content=\"de_DE\" \/>\n<meta property=\"og:type\" content=\"article\" \/>\n<meta property=\"og:title\" content=\"Events - Qualitativ hochwertige Drucksorten aller Art\" \/>\n<meta property=\"og:description\" content=\"Printartikel f\u00fcr Veranstaltungen aller Art. Messen, Gastromomie oder Sportevents. Druckartikel sind hier nicht wegzudenken! Flyer Folder Postkarten Plakate Aufkleber und Klebeetiketten Transparente Klebefolien Mailings Fahnen Rollup Display\u00b4s Bierdeckel Tischsets Untersetzer Sitzs\u00e4cke, St\u00fchle und Polster Klatschf\u00e4cher Startnummern Trikots und Longshirts Pop Ups T\u00fcrh\u00e4nger Stofftaschen Einladungen Pappfiguren Sch\u00fcrzen Zelte und Baldachine Leuchts\u00e4ulen Tischaufsteller\" \/>\n<meta property=\"og:url\" content=\"https:\/\/www.austrianweb.at\/drucksorten\/anwendungen\/events\/\" \/>\n<meta property=\"og:site_name\" content=\"Qualitativ hochwertige Drucksorten aller Art\" \/>\n<meta property=\"article:publisher\" content=\"https:\/\/www.facebook.com\/pages\/Austrianweb-Suchmaschinenoptimierung\/\" \/>\n<meta property=\"article:modified_time\" content=\"2017-03-15T15:13:19+00:00\" \/>\n<meta property=\"og:image\" content=\"https:\/\/www.austrianweb.at\/drucksorten\/wp-content\/uploads\/Austrianweb-Logo-180.png\" \/>\n\t<meta property=\"og:image:width\" content=\"180\" \/>\n\t<meta property=\"og:image:height\" content=\"209\" \/>\n\t<meta property=\"og:image:type\" content=\"image\/png\" \/>\n<script type=\"application\/ld+json\" class=\"yoast-schema-graph\">{\"@context\":\"https:\/\/schema.org\",\"@graph\":[{\"@type\":\"WebPage\",\"@id\":\"https:\/\/www.austrianweb.at\/drucksorten\/anwendungen\/events\/\",\"url\":\"https:\/\/www.austrianweb.at\/drucksorten\/anwendungen\/events\/\",\"name\":\"Events - Qualitativ hochwertige Drucksorten aller Art\",\"isPartOf\":{\"@id\":\"https:\/\/www.austrianweb.at\/drucksorten\/#website\"},\"datePublished\":\"2012-09-25T14:19:34+00:00\",\"dateModified\":\"2017-03-15T15:13:19+00:00\",\"breadcrumb\":{\"@id\":\"https:\/\/www.austrianweb.at\/drucksorten\/anwendungen\/events\/#breadcrumb\"},\"inLanguage\":\"de\",\"potentialAction\":[{\"@type\":\"ReadAction\",\"target\":[\"https:\/\/www.austrianweb.at\/drucksorten\/anwendungen\/events\/\"]}]},{\"@type\":\"BreadcrumbList\",\"@id\":\"https:\/\/www.austrianweb.at\/drucksorten\/anwendungen\/events\/#breadcrumb\",\"itemListElement\":[{\"@type\":\"ListItem\",\"position\":1,\"name\":\"Anwendungen\",\"item\":\"https:\/\/www.austrianweb.at\/drucksorten\/anwendungen\/\"},{\"@type\":\"ListItem\",\"position\":2,\"name\":\"Events\"}]},{\"@type\":\"WebSite\",\"@id\":\"https:\/\/www.austrianweb.at\/drucksorten\/#website\",\"url\":\"https:\/\/www.austrianweb.at\/drucksorten\/\",\"name\":\"Qualitativ hochwertige Drucksorten aller Art\",\"description\":\"Gesch\u00e4fts- u. Werbedrucksorten - Printartikel f\u00fcr Point of sale\",\"publisher\":{\"@id\":\"https:\/\/www.austrianweb.at\/drucksorten\/#organization\"},\"potentialAction\":[{\"@type\":\"SearchAction\",\"target\":{\"@type\":\"EntryPoint\",\"urlTemplate\":\"https:\/\/www.austrianweb.at\/drucksorten\/?s={search_term_string}\"},\"query-input\":\"required name=search_term_string\"}],\"inLanguage\":\"de\"},{\"@type\":\"Organization\",\"@id\":\"https:\/\/www.austrianweb.at\/drucksorten\/#organization\",\"name\":\"Austrianweb\",\"url\":\"https:\/\/www.austrianweb.at\/drucksorten\/\",\"logo\":{\"@type\":\"ImageObject\",\"inLanguage\":\"de\",\"@id\":\"https:\/\/www.austrianweb.at\/drucksorten\/#\/schema\/logo\/image\/\",\"url\":\"https:\/\/www.austrianweb.at\/drucksorten\/wp-content\/uploads\/Austrianweb-Logo-180.png\",\"contentUrl\":\"https:\/\/www.austrianweb.at\/drucksorten\/wp-content\/uploads\/Austrianweb-Logo-180.png\",\"width\":180,\"height\":209,\"caption\":\"Austrianweb\"},\"image\":{\"@id\":\"https:\/\/www.austrianweb.at\/drucksorten\/#\/schema\/logo\/image\/\"},\"sameAs\":[\"https:\/\/www.facebook.com\/pages\/Austrianweb-Suchmaschinenoptimierung\/\",\"https:\/\/x.com\/austrianweb\"]}]}<\/script>\n<!-- \/ Yoast SEO plugin. -->","yoast_head_json":{"title":"Events - Qualitativ hochwertige Drucksorten aller Art","robots":{"index":"index","follow":"follow","max-snippet":"max-snippet:-1","max-image-preview":"max-image-preview:large","max-video-preview":"max-video-preview:-1"},"canonical":"https:\/\/www.austrianweb.at\/drucksorten\/anwendungen\/events\/","og_locale":"de_DE","og_type":"article","og_title":"Events - Qualitativ hochwertige Drucksorten aller Art","og_description":"Printartikel f\u00fcr Veranstaltungen aller Art. Messen, Gastromomie oder Sportevents. Druckartikel sind hier nicht wegzudenken! Flyer Folder Postkarten Plakate Aufkleber und Klebeetiketten Transparente Klebefolien Mailings Fahnen Rollup Display\u00b4s Bierdeckel Tischsets Untersetzer Sitzs\u00e4cke, St\u00fchle und Polster Klatschf\u00e4cher Startnummern Trikots und Longshirts Pop Ups T\u00fcrh\u00e4nger Stofftaschen Einladungen Pappfiguren Sch\u00fcrzen Zelte und Baldachine Leuchts\u00e4ulen Tischaufsteller","og_url":"https:\/\/www.austrianweb.at\/drucksorten\/anwendungen\/events\/","og_site_name":"Qualitativ hochwertige Drucksorten aller Art","article_publisher":"https:\/\/www.facebook.com\/pages\/Austrianweb-Suchmaschinenoptimierung\/","article_modified_time":"2017-03-15T15:13:19+00:00","og_image":[{"width":180,"height":209,"url":"https:\/\/www.austrianweb.at\/drucksorten\/wp-content\/uploads\/Austrianweb-Logo-180.png","type":"image\/png"}],"schema":{"@context":"https:\/\/schema.org","@graph":[{"@type":"WebPage","@id":"https:\/\/www.austrianweb.at\/drucksorten\/anwendungen\/events\/","url":"https:\/\/www.austrianweb.at\/drucksorten\/anwendungen\/events\/","name":"Events - Qualitativ hochwertige Drucksorten aller Art","isPartOf":{"@id":"https:\/\/www.austrianweb.at\/drucksorten\/#website"},"datePublished":"2012-09-25T14:19:34+00:00","dateModified":"2017-03-15T15:13:19+00:00","breadcrumb":{"@id":"https:\/\/www.austrianweb.at\/drucksorten\/anwendungen\/events\/#breadcrumb"},"inLanguage":"de","potentialAction":[{"@type":"ReadAction","target":["https:\/\/www.austrianweb.at\/drucksorten\/anwendungen\/events\/"]}]},{"@type":"BreadcrumbList","@id":"https:\/\/www.austrianweb.at\/drucksorten\/anwendungen\/events\/#breadcrumb","itemListElement":[{"@type":"ListItem","position":1,"name":"Anwendungen","item":"https:\/\/www.austrianweb.at\/drucksorten\/anwendungen\/"},{"@type":"ListItem","position":2,"name":"Events"}]},{"@type":"WebSite","@id":"https:\/\/www.austrianweb.at\/drucksorten\/#website","url":"https:\/\/www.austrianweb.at\/drucksorten\/","name":"Qualitativ hochwertige Drucksorten aller Art","description":"Gesch\u00e4fts- u. Werbedrucksorten - Printartikel f\u00fcr Point of sale","publisher":{"@id":"https:\/\/www.austrianweb.at\/drucksorten\/#organization"},"potentialAction":[{"@type":"SearchAction","target":{"@type":"EntryPoint","urlTemplate":"https:\/\/www.austrianweb.at\/drucksorten\/?s={search_term_string}"},"query-input":"required name=search_term_string"}],"inLanguage":"de"},{"@type":"Organization","@id":"https:\/\/www.austrianweb.at\/drucksorten\/#organization","name":"Austrianweb","url":"https:\/\/www.austrianweb.at\/drucksorten\/","logo":{"@type":"ImageObject","inLanguage":"de","@id":"https:\/\/www.austrianweb.at\/drucksorten\/#\/schema\/logo\/image\/","url":"https:\/\/www.austrianweb.at\/drucksorten\/wp-content\/uploads\/Austrianweb-Logo-180.png","contentUrl":"https:\/\/www.austrianweb.at\/drucksorten\/wp-content\/uploads\/Austrianweb-Logo-180.png","width":180,"height":209,"caption":"Austrianweb"},"image":{"@id":"https:\/\/www.austrianweb.at\/drucksorten\/#\/schema\/logo\/image\/"},"sameAs":["https:\/\/www.facebook.com\/pages\/Austrianweb-Suchmaschinenoptimierung\/","https:\/\/x.com\/austrianweb"]}]}},"_links":{"self":[{"href":"https:\/\/www.austrianweb.at\/drucksorten\/wp-json\/wp\/v2\/pages\/2004"}],"collection":[{"href":"https:\/\/www.austrianweb.at\/drucksorten\/wp-json\/wp\/v2\/pages"}],"about":[{"href":"https:\/\/www.austrianweb.at\/drucksorten\/wp-json\/wp\/v2\/types\/page"}],"author":[{"embeddable":true,"href":"https:\/\/www.austrianweb.at\/drucksorten\/wp-json\/wp\/v2\/users\/1"}],"replies":[{"embeddable":true,"href":"https:\/\/www.austrianweb.at\/drucksorten\/wp-json\/wp\/v2\/comments?post=2004"}],"version-history":[{"count":1,"href":"https:\/\/www.austrianweb.at\/drucksorten\/wp-json\/wp\/v2\/pages\/2004\/revisions"}],"predecessor-version":[{"id":3055,"href":"https:\/\/www.austrianweb.at\/drucksorten\/wp-json\/wp\/v2\/pages\/2004\/revisions\/3055"}],"up":[{"embeddable":true,"href":"https:\/\/www.austrianweb.at\/drucksorten\/wp-json\/wp\/v2\/pages\/2000"}],"wp:attachment":[{"href":"https:\/\/www.austrianweb.at\/drucksorten\/wp-json\/wp\/v2\/media?parent=2004"}],"curies":[{"name":"wp","href":"https:\/\/api.w.org\/{rel}","templated":true}]}}