{"id":2002,"date":"2012-09-25T14:19:12","date_gmt":"2012-09-25T14:19:12","guid":{"rendered":"http:\/\/www.austrianweb.at\/drucksorten\/wordpress\/?page_id=2002"},"modified":"2017-03-15T15:13:19","modified_gmt":"2017-03-15T15:13:19","slug":"buro","status":"publish","type":"page","link":"https:\/\/www.austrianweb.at\/drucksorten\/anwendungen\/buro\/","title":{"rendered":"B\u00fcro"},"content":{"rendered":"<p>Ohne Drucksorten geht nichts in einem B\u00fcro. Man braucht sie f\u00fcr die t\u00e4gliche Arbeit, zur Administration, Werbung usw.<\/p>\n<table style=\"width: 100%; background-color: #ffffff;\" border=\"0\">\n<tbody>\n<tr>\n<td style=\"width: 33%; text-align: center;\" valign=\"top\"><strong>Visitenkarten<img decoding=\"async\" loading=\"lazy\" class=\"aligncenter size-thumbnail wp-image-2147\" style=\"border: 0px;\" title=\"Gesch\u00e4ftsdrucksorten-Visitenkarten\" src=\"https:\/\/www.austrianweb.at\/drucksorten\/wp-content\/uploads\/Geschaeftsdrucksorten-Visitenkarten-150x150.png\" alt=\"\" width=\"150\" height=\"150\" \/><\/strong><\/td>\n<td style=\"width: 33%; text-align: center;\" valign=\"top\"><strong>Briefpapier<\/strong><\/p>\n<p style=\"text-align: center;\"><strong><img decoding=\"async\" loading=\"lazy\" class=\"aligncenter size-thumbnail wp-image-2150\" title=\"Gesch\u00e4ftsdrucksorten Briefpapier\" src=\"https:\/\/www.austrianweb.at\/drucksorten\/wp-content\/uploads\/Geschaeftsdrucksorten-Briefpapier-150x150.png\" alt=\"\" width=\"150\" height=\"150\" \/><\/strong><\/p>\n<\/td>\n<td style=\"width: 33%; text-align: center;\" valign=\"top\"><strong>Kuverts<img decoding=\"async\" loading=\"lazy\" class=\"aligncenter size-thumbnail wp-image-2152\" title=\"Geschaeftsdrucksorten-Kuverts\" src=\"https:\/\/www.austrianweb.at\/drucksorten\/wp-content\/uploads\/Geschaeftsdrucksorten-Kuverts-150x150.png\" alt=\"\" width=\"150\" height=\"150\" \/><\/strong><\/td>\n<\/tr>\n<tr>\n<td style=\"width: 33%; text-align: center;\" valign=\"top\"><strong>Stempel<img decoding=\"async\" loading=\"lazy\" class=\"aligncenter size-thumbnail wp-image-2154\" title=\"Gesch\u00e4ftsdrucksorten Stempel\" src=\"https:\/\/www.austrianweb.at\/drucksorten\/wp-content\/uploads\/Geschaeftsdrucksorten-Stempel-150x150.png\" alt=\"\" width=\"150\" height=\"150\" \/><\/strong><\/td>\n<td style=\"width: 33%; text-align: center;\" valign=\"top\"><strong>Bl\u00f6cke<img decoding=\"async\" loading=\"lazy\" class=\"aligncenter size-thumbnail wp-image-2157\" title=\"Gesch\u00e4ftsdrucksorten Bl\u00f6cke\" src=\"https:\/\/www.austrianweb.at\/drucksorten\/wp-content\/uploads\/Geschaeftsdrucksorten-Bloecke-150x150.png\" alt=\"\" width=\"150\" height=\"150\" \/><\/strong><\/td>\n<td style=\"width: 33%; text-align: center;\" valign=\"top\"><strong>Schreibtischunterlagen<img decoding=\"async\" loading=\"lazy\" class=\"aligncenter size-thumbnail wp-image-2159\" title=\"Gesch\u00e4ftsdrucksorten Scheibtischunterlagen\" src=\"https:\/\/www.austrianweb.at\/drucksorten\/wp-content\/uploads\/Geschaeftsdrucksorten-Scheibtischunterlagen-150x150.png\" alt=\"\" width=\"150\" height=\"150\" \/><\/strong><\/td>\n<\/tr>\n<tr>\n<td style=\"width: 33%; text-align: center;\" valign=\"top\"><strong>Fl\u00fcgelmappen und Taschen<img decoding=\"async\" loading=\"lazy\" class=\"aligncenter size-thumbnail wp-image-2163\" title=\"Gesch\u00e4ftsdrucksorten Fl\u00fcgelmappen\" src=\"https:\/\/www.austrianweb.at\/drucksorten\/wp-content\/uploads\/Geschaeftsdrucksorten-Fluegelmappen-150x150.png\" alt=\"\" width=\"150\" height=\"150\" \/><\/strong><\/td>\n<td style=\"width: 33%; text-align: center;\" valign=\"top\"><strong>Banner-Tafeln-Schilder<img decoding=\"async\" loading=\"lazy\" class=\"aligncenter size-thumbnail wp-image-2169\" title=\"Gesch\u00e4ftsdrucksorten Schilder und Firmenschilder\" src=\"https:\/\/www.austrianweb.at\/drucksorten\/wp-content\/uploads\/Geschaeftsdrucksorten-Schilder-und-Firmenschilder-150x150.png\" alt=\"\" width=\"150\" height=\"150\" \/><\/strong><\/td>\n<td style=\"width: 33%; text-align: center;\" valign=\"top\"><strong>Display\u00b4s<img decoding=\"async\" loading=\"lazy\" class=\"aligncenter size-thumbnail wp-image-2171\" title=\"Gesch\u00e4ftsdrucksorten Displays\" src=\"https:\/\/www.austrianweb.at\/drucksorten\/wp-content\/uploads\/Geschaeftsdrucksorten-Displays-150x150.png\" alt=\"\" width=\"150\" height=\"150\" \/><\/strong><\/td>\n<\/tr>\n<tr>\n<td style=\"width: 33%; text-align: center;\" valign=\"top\"><strong>Rollup<img decoding=\"async\" loading=\"lazy\" class=\"aligncenter size-thumbnail wp-image-2173\" title=\"Gesch\u00e4ftsdrucksorten RollUps\" src=\"https:\/\/www.austrianweb.at\/drucksorten\/wp-content\/uploads\/Geschaeftsdrucksorten-RollUps-150x150.png\" alt=\"\" width=\"150\" height=\"150\" \/><\/strong><\/td>\n<td style=\"width: 33%; text-align: center;\" valign=\"top\"><strong>Kalender und Jahresplaner<img decoding=\"async\" loading=\"lazy\" class=\"aligncenter size-thumbnail wp-image-2165\" title=\"Gesch\u00e4ftsdrucksorten Kalender\" src=\"https:\/\/www.austrianweb.at\/drucksorten\/wp-content\/uploads\/Geschaeftsdrucksorten-Kalender-150x150.png\" alt=\"\" width=\"150\" height=\"150\" \/><\/strong><\/td>\n<td style=\"width: 33%; text-align: center;\" valign=\"top\"><strong>Vorh\u00e4nge und Rollos<img decoding=\"async\" loading=\"lazy\" class=\"aligncenter size-thumbnail wp-image-2175\" title=\"Geschaeftsdrucksorten Rollos und Vorh\u00e4nge\" src=\"https:\/\/www.austrianweb.at\/drucksorten\/wp-content\/uploads\/Geschaeftsdrucksorten-Rollos-und-Vorhaenge-150x150.png\" alt=\"\" width=\"150\" height=\"150\" \/><\/strong><\/td>\n<\/tr>\n<tr>\n<td style=\"width: 33%; text-align: center;\" valign=\"top\"><\/td>\n<td style=\"width: 33%; text-align: center;\" valign=\"top\"><\/td>\n<td style=\"width: 33%; text-align: center;\" valign=\"top\"><\/td>\n<\/tr>\n<tr>\n<td style=\"width: 33%;\" valign=\"top\"><\/td>\n<td style=\"width: 33%;\" valign=\"top\"><\/td>\n<td style=\"width: 33%;\" valign=\"top\"><\/td>\n<\/tr>\n<\/tbody>\n<\/table>\n<p>Nat\u00fcrlich gibt es noch viel mehr Arbeitshilfen und Druckartikel die man im bzw. f\u00fcr das B\u00fcro ben\u00f6tigt.<\/p>\n<p>Suchen Sie etwas spezielles? Fragen Sie doch unverbindlich bei uns an.<\/p>\n","protected":false},"excerpt":{"rendered":"<p>Ohne Drucksorten geht nichts in einem B\u00fcro. Man braucht sie f\u00fcr die t\u00e4gliche Arbeit, zur Administration, Werbung usw. Visitenkarten Briefpapier Kuverts Stempel Bl\u00f6cke Schreibtischunterlagen Fl\u00fcgelmappen und Taschen Banner-Tafeln-Schilder Display\u00b4s Rollup Kalender und Jahresplaner Vorh\u00e4nge und Rollos Nat\u00fcrlich gibt es noch viel mehr Arbeitshilfen und Druckartikel die man im bzw. f\u00fcr das B\u00fcro ben\u00f6tigt. Suchen Sie [&hellip;]<\/p>\n","protected":false},"author":1,"featured_media":0,"parent":2000,"menu_order":0,"comment_status":"closed","ping_status":"open","template":"","meta":{"footnotes":""},"yoast_head":"<!-- This site is optimized with the Yoast SEO plugin v22.5 - https:\/\/yoast.com\/wordpress\/plugins\/seo\/ -->\n<title>Druckartikel f\u00fcr das Office<\/title>\n<meta name=\"description\" content=\"In jedem B\u00fcro braucht man Drucksorten. Egal ob Kuverts, Briefpapier oder Visitenkarten. Auch Stempel und andere Arbeitshilfen wie Bl\u00f6cke und Fl\u00fcgelmappen geh\u00f6ren dazu.\" \/>\n<meta name=\"robots\" content=\"index, follow, max-snippet:-1, max-image-preview:large, max-video-preview:-1\" \/>\n<link rel=\"canonical\" href=\"https:\/\/www.austrianweb.at\/drucksorten\/anwendungen\/buro\/\" \/>\n<meta property=\"og:locale\" content=\"de_DE\" \/>\n<meta property=\"og:type\" content=\"article\" \/>\n<meta property=\"og:title\" content=\"Druckartikel f\u00fcr das Office\" \/>\n<meta property=\"og:description\" content=\"In jedem B\u00fcro braucht man Drucksorten. Egal ob Kuverts, Briefpapier oder Visitenkarten. Auch Stempel und andere Arbeitshilfen wie Bl\u00f6cke und Fl\u00fcgelmappen geh\u00f6ren dazu.\" \/>\n<meta property=\"og:url\" content=\"https:\/\/www.austrianweb.at\/drucksorten\/anwendungen\/buro\/\" \/>\n<meta property=\"og:site_name\" content=\"Qualitativ hochwertige Drucksorten aller Art\" \/>\n<meta property=\"article:publisher\" content=\"https:\/\/www.facebook.com\/pages\/Austrianweb-Suchmaschinenoptimierung\/\" \/>\n<meta property=\"article:modified_time\" content=\"2017-03-15T15:13:19+00:00\" \/>\n<meta property=\"og:image\" content=\"https:\/\/www.austrianweb.at\/drucksorten\/wp-content\/uploads\/Geschaeftsdrucksorten-Visitenkarten-150x150.png\" \/>\n<script type=\"application\/ld+json\" class=\"yoast-schema-graph\">{\"@context\":\"https:\/\/schema.org\",\"@graph\":[{\"@type\":\"WebPage\",\"@id\":\"https:\/\/www.austrianweb.at\/drucksorten\/anwendungen\/buro\/\",\"url\":\"https:\/\/www.austrianweb.at\/drucksorten\/anwendungen\/buro\/\",\"name\":\"Druckartikel f\u00fcr das Office\",\"isPartOf\":{\"@id\":\"https:\/\/www.austrianweb.at\/drucksorten\/#website\"},\"primaryImageOfPage\":{\"@id\":\"https:\/\/www.austrianweb.at\/drucksorten\/anwendungen\/buro\/#primaryimage\"},\"image\":{\"@id\":\"https:\/\/www.austrianweb.at\/drucksorten\/anwendungen\/buro\/#primaryimage\"},\"thumbnailUrl\":\"https:\/\/www.austrianweb.at\/drucksorten\/wp-content\/uploads\/Geschaeftsdrucksorten-Visitenkarten-150x150.png\",\"datePublished\":\"2012-09-25T14:19:12+00:00\",\"dateModified\":\"2017-03-15T15:13:19+00:00\",\"description\":\"In jedem B\u00fcro braucht man Drucksorten. Egal ob Kuverts, Briefpapier oder Visitenkarten. Auch Stempel und andere Arbeitshilfen wie Bl\u00f6cke und Fl\u00fcgelmappen geh\u00f6ren dazu.\",\"breadcrumb\":{\"@id\":\"https:\/\/www.austrianweb.at\/drucksorten\/anwendungen\/buro\/#breadcrumb\"},\"inLanguage\":\"de\",\"potentialAction\":[{\"@type\":\"ReadAction\",\"target\":[\"https:\/\/www.austrianweb.at\/drucksorten\/anwendungen\/buro\/\"]}]},{\"@type\":\"ImageObject\",\"inLanguage\":\"de\",\"@id\":\"https:\/\/www.austrianweb.at\/drucksorten\/anwendungen\/buro\/#primaryimage\",\"url\":\"https:\/\/www.austrianweb.at\/drucksorten\/wp-content\/uploads\/Geschaeftsdrucksorten-Visitenkarten-150x150.png\",\"contentUrl\":\"https:\/\/www.austrianweb.at\/drucksorten\/wp-content\/uploads\/Geschaeftsdrucksorten-Visitenkarten-150x150.png\"},{\"@type\":\"BreadcrumbList\",\"@id\":\"https:\/\/www.austrianweb.at\/drucksorten\/anwendungen\/buro\/#breadcrumb\",\"itemListElement\":[{\"@type\":\"ListItem\",\"position\":1,\"name\":\"Anwendungen\",\"item\":\"https:\/\/www.austrianweb.at\/drucksorten\/anwendungen\/\"},{\"@type\":\"ListItem\",\"position\":2,\"name\":\"B\u00fcro\"}]},{\"@type\":\"WebSite\",\"@id\":\"https:\/\/www.austrianweb.at\/drucksorten\/#website\",\"url\":\"https:\/\/www.austrianweb.at\/drucksorten\/\",\"name\":\"Qualitativ hochwertige Drucksorten aller Art\",\"description\":\"Gesch\u00e4fts- u. Werbedrucksorten - Printartikel f\u00fcr Point of sale\",\"publisher\":{\"@id\":\"https:\/\/www.austrianweb.at\/drucksorten\/#organization\"},\"potentialAction\":[{\"@type\":\"SearchAction\",\"target\":{\"@type\":\"EntryPoint\",\"urlTemplate\":\"https:\/\/www.austrianweb.at\/drucksorten\/?s={search_term_string}\"},\"query-input\":\"required name=search_term_string\"}],\"inLanguage\":\"de\"},{\"@type\":\"Organization\",\"@id\":\"https:\/\/www.austrianweb.at\/drucksorten\/#organization\",\"name\":\"Austrianweb\",\"url\":\"https:\/\/www.austrianweb.at\/drucksorten\/\",\"logo\":{\"@type\":\"ImageObject\",\"inLanguage\":\"de\",\"@id\":\"https:\/\/www.austrianweb.at\/drucksorten\/#\/schema\/logo\/image\/\",\"url\":\"https:\/\/www.austrianweb.at\/drucksorten\/wp-content\/uploads\/Austrianweb-Logo-180.png\",\"contentUrl\":\"https:\/\/www.austrianweb.at\/drucksorten\/wp-content\/uploads\/Austrianweb-Logo-180.png\",\"width\":180,\"height\":209,\"caption\":\"Austrianweb\"},\"image\":{\"@id\":\"https:\/\/www.austrianweb.at\/drucksorten\/#\/schema\/logo\/image\/\"},\"sameAs\":[\"https:\/\/www.facebook.com\/pages\/Austrianweb-Suchmaschinenoptimierung\/\",\"https:\/\/x.com\/austrianweb\"]}]}<\/script>\n<!-- \/ Yoast SEO plugin. -->","yoast_head_json":{"title":"Druckartikel f\u00fcr das Office","description":"In jedem B\u00fcro braucht man Drucksorten. Egal ob Kuverts, Briefpapier oder Visitenkarten. Auch Stempel und andere Arbeitshilfen wie Bl\u00f6cke und Fl\u00fcgelmappen geh\u00f6ren dazu.","robots":{"index":"index","follow":"follow","max-snippet":"max-snippet:-1","max-image-preview":"max-image-preview:large","max-video-preview":"max-video-preview:-1"},"canonical":"https:\/\/www.austrianweb.at\/drucksorten\/anwendungen\/buro\/","og_locale":"de_DE","og_type":"article","og_title":"Druckartikel f\u00fcr das Office","og_description":"In jedem B\u00fcro braucht man Drucksorten. Egal ob Kuverts, Briefpapier oder Visitenkarten. Auch Stempel und andere Arbeitshilfen wie Bl\u00f6cke und Fl\u00fcgelmappen geh\u00f6ren dazu.","og_url":"https:\/\/www.austrianweb.at\/drucksorten\/anwendungen\/buro\/","og_site_name":"Qualitativ hochwertige Drucksorten aller Art","article_publisher":"https:\/\/www.facebook.com\/pages\/Austrianweb-Suchmaschinenoptimierung\/","article_modified_time":"2017-03-15T15:13:19+00:00","og_image":[{"url":"https:\/\/www.austrianweb.at\/drucksorten\/wp-content\/uploads\/Geschaeftsdrucksorten-Visitenkarten-150x150.png"}],"schema":{"@context":"https:\/\/schema.org","@graph":[{"@type":"WebPage","@id":"https:\/\/www.austrianweb.at\/drucksorten\/anwendungen\/buro\/","url":"https:\/\/www.austrianweb.at\/drucksorten\/anwendungen\/buro\/","name":"Druckartikel f\u00fcr das Office","isPartOf":{"@id":"https:\/\/www.austrianweb.at\/drucksorten\/#website"},"primaryImageOfPage":{"@id":"https:\/\/www.austrianweb.at\/drucksorten\/anwendungen\/buro\/#primaryimage"},"image":{"@id":"https:\/\/www.austrianweb.at\/drucksorten\/anwendungen\/buro\/#primaryimage"},"thumbnailUrl":"https:\/\/www.austrianweb.at\/drucksorten\/wp-content\/uploads\/Geschaeftsdrucksorten-Visitenkarten-150x150.png","datePublished":"2012-09-25T14:19:12+00:00","dateModified":"2017-03-15T15:13:19+00:00","description":"In jedem B\u00fcro braucht man Drucksorten. Egal ob Kuverts, Briefpapier oder Visitenkarten. Auch Stempel und andere Arbeitshilfen wie Bl\u00f6cke und Fl\u00fcgelmappen geh\u00f6ren dazu.","breadcrumb":{"@id":"https:\/\/www.austrianweb.at\/drucksorten\/anwendungen\/buro\/#breadcrumb"},"inLanguage":"de","potentialAction":[{"@type":"ReadAction","target":["https:\/\/www.austrianweb.at\/drucksorten\/anwendungen\/buro\/"]}]},{"@type":"ImageObject","inLanguage":"de","@id":"https:\/\/www.austrianweb.at\/drucksorten\/anwendungen\/buro\/#primaryimage","url":"https:\/\/www.austrianweb.at\/drucksorten\/wp-content\/uploads\/Geschaeftsdrucksorten-Visitenkarten-150x150.png","contentUrl":"https:\/\/www.austrianweb.at\/drucksorten\/wp-content\/uploads\/Geschaeftsdrucksorten-Visitenkarten-150x150.png"},{"@type":"BreadcrumbList","@id":"https:\/\/www.austrianweb.at\/drucksorten\/anwendungen\/buro\/#breadcrumb","itemListElement":[{"@type":"ListItem","position":1,"name":"Anwendungen","item":"https:\/\/www.austrianweb.at\/drucksorten\/anwendungen\/"},{"@type":"ListItem","position":2,"name":"B\u00fcro"}]},{"@type":"WebSite","@id":"https:\/\/www.austrianweb.at\/drucksorten\/#website","url":"https:\/\/www.austrianweb.at\/drucksorten\/","name":"Qualitativ hochwertige Drucksorten aller Art","description":"Gesch\u00e4fts- u. Werbedrucksorten - Printartikel f\u00fcr Point of sale","publisher":{"@id":"https:\/\/www.austrianweb.at\/drucksorten\/#organization"},"potentialAction":[{"@type":"SearchAction","target":{"@type":"EntryPoint","urlTemplate":"https:\/\/www.austrianweb.at\/drucksorten\/?s={search_term_string}"},"query-input":"required name=search_term_string"}],"inLanguage":"de"},{"@type":"Organization","@id":"https:\/\/www.austrianweb.at\/drucksorten\/#organization","name":"Austrianweb","url":"https:\/\/www.austrianweb.at\/drucksorten\/","logo":{"@type":"ImageObject","inLanguage":"de","@id":"https:\/\/www.austrianweb.at\/drucksorten\/#\/schema\/logo\/image\/","url":"https:\/\/www.austrianweb.at\/drucksorten\/wp-content\/uploads\/Austrianweb-Logo-180.png","contentUrl":"https:\/\/www.austrianweb.at\/drucksorten\/wp-content\/uploads\/Austrianweb-Logo-180.png","width":180,"height":209,"caption":"Austrianweb"},"image":{"@id":"https:\/\/www.austrianweb.at\/drucksorten\/#\/schema\/logo\/image\/"},"sameAs":["https:\/\/www.facebook.com\/pages\/Austrianweb-Suchmaschinenoptimierung\/","https:\/\/x.com\/austrianweb"]}]}},"_links":{"self":[{"href":"https:\/\/www.austrianweb.at\/drucksorten\/wp-json\/wp\/v2\/pages\/2002"}],"collection":[{"href":"https:\/\/www.austrianweb.at\/drucksorten\/wp-json\/wp\/v2\/pages"}],"about":[{"href":"https:\/\/www.austrianweb.at\/drucksorten\/wp-json\/wp\/v2\/types\/page"}],"author":[{"embeddable":true,"href":"https:\/\/www.austrianweb.at\/drucksorten\/wp-json\/wp\/v2\/users\/1"}],"replies":[{"embeddable":true,"href":"https:\/\/www.austrianweb.at\/drucksorten\/wp-json\/wp\/v2\/comments?post=2002"}],"version-history":[{"count":1,"href":"https:\/\/www.austrianweb.at\/drucksorten\/wp-json\/wp\/v2\/pages\/2002\/revisions"}],"predecessor-version":[{"id":3054,"href":"https:\/\/www.austrianweb.at\/drucksorten\/wp-json\/wp\/v2\/pages\/2002\/revisions\/3054"}],"up":[{"embeddable":true,"href":"https:\/\/www.austrianweb.at\/drucksorten\/wp-json\/wp\/v2\/pages\/2000"}],"wp:attachment":[{"href":"https:\/\/www.austrianweb.at\/drucksorten\/wp-json\/wp\/v2\/media?parent=2002"}],"curies":[{"name":"wp","href":"https:\/\/api.w.org\/{rel}","templated":true}]}}