{"id":20,"date":"2008-03-10T11:34:16","date_gmt":"2008-03-10T11:34:16","guid":{"rendered":"http:\/\/www.austrianweb.at\/drucksorten\/wordpress\/?p=20"},"modified":"2017-03-15T15:13:19","modified_gmt":"2017-03-15T15:13:19","slug":"buecher","status":"publish","type":"page","link":"https:\/\/www.austrianweb.at\/drucksorten\/buecher\/","title":{"rendered":"B\u00fccher"},"content":{"rendered":"<p>Buchdruck muss nicht teuer sein. Schon Kleinstauflagen sind leistbar.<\/p>\n<p>Unsere Highlights zum Thema B\u00fccher:<\/p>\n<ul>\n<li>Softcover<\/li>\n<li>Spiralbindung<\/li>\n<li>Lesezeichen<\/li>\n<\/ul>\n<p>Schwarzweiss Druck oder Farbe und w\u00e4hlbare Papiersorten machen eine individuelle Gestaltung m\u00f6glich. Der Umschlag kann cellophaniert werden, Schmutzbl\u00e4tter sind ebenfalls m\u00f6glich.<\/p>\n<p>Auch Ihr Wunsch Format k\u00f6nnen wir umsetzen.\u00a0Fragen Sie doch einfach unverbindlich bei uns an!<\/p>\n\n<p>&nbsp;<\/p>\n","protected":false},"excerpt":{"rendered":"<p>Buchdruck muss nicht teuer sein. Schon Kleinstauflagen sind leistbar. Unsere Highlights zum Thema B\u00fccher: Softcover Spiralbindung Lesezeichen Schwarzweiss Druck oder Farbe und w\u00e4hlbare Papiersorten machen eine individuelle Gestaltung m\u00f6glich. Der Umschlag kann cellophaniert werden, Schmutzbl\u00e4tter sind ebenfalls m\u00f6glich. Auch Ihr Wunsch Format k\u00f6nnen wir umsetzen.\u00a0Fragen Sie doch einfach unverbindlich bei uns an! &nbsp;<\/p>\n","protected":false},"author":1,"featured_media":0,"parent":0,"menu_order":0,"comment_status":"closed","ping_status":"open","template":"","meta":{"footnotes":""},"yoast_head":"<!-- This site is optimized with the Yoast SEO plugin v22.5 - https:\/\/yoast.com\/wordpress\/plugins\/seo\/ -->\n<title>B\u00fccher - Buchdruck auch in Kleinstauflagen<\/title>\n<meta name=\"description\" content=\"B\u00fccher mit Softcover oder Spitalbindung. Ob Roman oder detaillierte Gebrauchsanweisung, B\u00fccher sind top anzusehen und werden meistens auch aufgehoben.\" \/>\n<meta name=\"robots\" content=\"index, follow, max-snippet:-1, max-image-preview:large, max-video-preview:-1\" \/>\n<link rel=\"canonical\" href=\"https:\/\/www.austrianweb.at\/drucksorten\/buecher\/\" \/>\n<meta property=\"og:locale\" content=\"de_DE\" \/>\n<meta property=\"og:type\" content=\"article\" \/>\n<meta property=\"og:title\" content=\"B\u00fccher - Buchdruck auch in Kleinstauflagen\" \/>\n<meta property=\"og:description\" content=\"B\u00fccher mit Softcover oder Spitalbindung. Ob Roman oder detaillierte Gebrauchsanweisung, B\u00fccher sind top anzusehen und werden meistens auch aufgehoben.\" \/>\n<meta property=\"og:url\" content=\"https:\/\/www.austrianweb.at\/drucksorten\/buecher\/\" \/>\n<meta property=\"og:site_name\" content=\"Qualitativ hochwertige Drucksorten aller Art\" \/>\n<meta property=\"article:publisher\" content=\"https:\/\/www.facebook.com\/pages\/Austrianweb-Suchmaschinenoptimierung\/\" \/>\n<meta property=\"article:modified_time\" content=\"2017-03-15T15:13:19+00:00\" \/>\n<meta property=\"og:image\" content=\"https:\/\/www.austrianweb.at\/drucksorten\/wp-content\/uploads\/Austrianweb-Logo-180.png\" \/>\n\t<meta property=\"og:image:width\" content=\"180\" \/>\n\t<meta property=\"og:image:height\" content=\"209\" \/>\n\t<meta property=\"og:image:type\" content=\"image\/png\" \/>\n<script type=\"application\/ld+json\" class=\"yoast-schema-graph\">{\"@context\":\"https:\/\/schema.org\",\"@graph\":[{\"@type\":\"WebPage\",\"@id\":\"https:\/\/www.austrianweb.at\/drucksorten\/buecher\/\",\"url\":\"https:\/\/www.austrianweb.at\/drucksorten\/buecher\/\",\"name\":\"B\u00fccher - Buchdruck auch in Kleinstauflagen\",\"isPartOf\":{\"@id\":\"https:\/\/www.austrianweb.at\/drucksorten\/#website\"},\"datePublished\":\"2008-03-10T11:34:16+00:00\",\"dateModified\":\"2017-03-15T15:13:19+00:00\",\"description\":\"B\u00fccher mit Softcover oder Spitalbindung. Ob Roman oder detaillierte Gebrauchsanweisung, B\u00fccher sind top anzusehen und werden meistens auch aufgehoben.\",\"inLanguage\":\"de\",\"potentialAction\":[{\"@type\":\"ReadAction\",\"target\":[\"https:\/\/www.austrianweb.at\/drucksorten\/buecher\/\"]}]},{\"@type\":\"WebSite\",\"@id\":\"https:\/\/www.austrianweb.at\/drucksorten\/#website\",\"url\":\"https:\/\/www.austrianweb.at\/drucksorten\/\",\"name\":\"Qualitativ hochwertige Drucksorten aller Art\",\"description\":\"Gesch\u00e4fts- u. Werbedrucksorten - Printartikel f\u00fcr Point of sale\",\"publisher\":{\"@id\":\"https:\/\/www.austrianweb.at\/drucksorten\/#organization\"},\"potentialAction\":[{\"@type\":\"SearchAction\",\"target\":{\"@type\":\"EntryPoint\",\"urlTemplate\":\"https:\/\/www.austrianweb.at\/drucksorten\/?s={search_term_string}\"},\"query-input\":\"required name=search_term_string\"}],\"inLanguage\":\"de\"},{\"@type\":\"Organization\",\"@id\":\"https:\/\/www.austrianweb.at\/drucksorten\/#organization\",\"name\":\"Austrianweb\",\"url\":\"https:\/\/www.austrianweb.at\/drucksorten\/\",\"logo\":{\"@type\":\"ImageObject\",\"inLanguage\":\"de\",\"@id\":\"https:\/\/www.austrianweb.at\/drucksorten\/#\/schema\/logo\/image\/\",\"url\":\"https:\/\/www.austrianweb.at\/drucksorten\/wp-content\/uploads\/Austrianweb-Logo-180.png\",\"contentUrl\":\"https:\/\/www.austrianweb.at\/drucksorten\/wp-content\/uploads\/Austrianweb-Logo-180.png\",\"width\":180,\"height\":209,\"caption\":\"Austrianweb\"},\"image\":{\"@id\":\"https:\/\/www.austrianweb.at\/drucksorten\/#\/schema\/logo\/image\/\"},\"sameAs\":[\"https:\/\/www.facebook.com\/pages\/Austrianweb-Suchmaschinenoptimierung\/\",\"https:\/\/x.com\/austrianweb\"]}]}<\/script>\n<!-- \/ Yoast SEO plugin. -->","yoast_head_json":{"title":"B\u00fccher - Buchdruck auch in Kleinstauflagen","description":"B\u00fccher mit Softcover oder Spitalbindung. Ob Roman oder detaillierte Gebrauchsanweisung, B\u00fccher sind top anzusehen und werden meistens auch aufgehoben.","robots":{"index":"index","follow":"follow","max-snippet":"max-snippet:-1","max-image-preview":"max-image-preview:large","max-video-preview":"max-video-preview:-1"},"canonical":"https:\/\/www.austrianweb.at\/drucksorten\/buecher\/","og_locale":"de_DE","og_type":"article","og_title":"B\u00fccher - Buchdruck auch in Kleinstauflagen","og_description":"B\u00fccher mit Softcover oder Spitalbindung. Ob Roman oder detaillierte Gebrauchsanweisung, B\u00fccher sind top anzusehen und werden meistens auch aufgehoben.","og_url":"https:\/\/www.austrianweb.at\/drucksorten\/buecher\/","og_site_name":"Qualitativ hochwertige Drucksorten aller Art","article_publisher":"https:\/\/www.facebook.com\/pages\/Austrianweb-Suchmaschinenoptimierung\/","article_modified_time":"2017-03-15T15:13:19+00:00","og_image":[{"width":180,"height":209,"url":"https:\/\/www.austrianweb.at\/drucksorten\/wp-content\/uploads\/Austrianweb-Logo-180.png","type":"image\/png"}],"schema":{"@context":"https:\/\/schema.org","@graph":[{"@type":"WebPage","@id":"https:\/\/www.austrianweb.at\/drucksorten\/buecher\/","url":"https:\/\/www.austrianweb.at\/drucksorten\/buecher\/","name":"B\u00fccher - Buchdruck auch in Kleinstauflagen","isPartOf":{"@id":"https:\/\/www.austrianweb.at\/drucksorten\/#website"},"datePublished":"2008-03-10T11:34:16+00:00","dateModified":"2017-03-15T15:13:19+00:00","description":"B\u00fccher mit Softcover oder Spitalbindung. Ob Roman oder detaillierte Gebrauchsanweisung, B\u00fccher sind top anzusehen und werden meistens auch aufgehoben.","inLanguage":"de","potentialAction":[{"@type":"ReadAction","target":["https:\/\/www.austrianweb.at\/drucksorten\/buecher\/"]}]},{"@type":"WebSite","@id":"https:\/\/www.austrianweb.at\/drucksorten\/#website","url":"https:\/\/www.austrianweb.at\/drucksorten\/","name":"Qualitativ hochwertige Drucksorten aller Art","description":"Gesch\u00e4fts- u. Werbedrucksorten - Printartikel f\u00fcr Point of sale","publisher":{"@id":"https:\/\/www.austrianweb.at\/drucksorten\/#organization"},"potentialAction":[{"@type":"SearchAction","target":{"@type":"EntryPoint","urlTemplate":"https:\/\/www.austrianweb.at\/drucksorten\/?s={search_term_string}"},"query-input":"required name=search_term_string"}],"inLanguage":"de"},{"@type":"Organization","@id":"https:\/\/www.austrianweb.at\/drucksorten\/#organization","name":"Austrianweb","url":"https:\/\/www.austrianweb.at\/drucksorten\/","logo":{"@type":"ImageObject","inLanguage":"de","@id":"https:\/\/www.austrianweb.at\/drucksorten\/#\/schema\/logo\/image\/","url":"https:\/\/www.austrianweb.at\/drucksorten\/wp-content\/uploads\/Austrianweb-Logo-180.png","contentUrl":"https:\/\/www.austrianweb.at\/drucksorten\/wp-content\/uploads\/Austrianweb-Logo-180.png","width":180,"height":209,"caption":"Austrianweb"},"image":{"@id":"https:\/\/www.austrianweb.at\/drucksorten\/#\/schema\/logo\/image\/"},"sameAs":["https:\/\/www.facebook.com\/pages\/Austrianweb-Suchmaschinenoptimierung\/","https:\/\/x.com\/austrianweb"]}]}},"_links":{"self":[{"href":"https:\/\/www.austrianweb.at\/drucksorten\/wp-json\/wp\/v2\/pages\/20"}],"collection":[{"href":"https:\/\/www.austrianweb.at\/drucksorten\/wp-json\/wp\/v2\/pages"}],"about":[{"href":"https:\/\/www.austrianweb.at\/drucksorten\/wp-json\/wp\/v2\/types\/page"}],"author":[{"embeddable":true,"href":"https:\/\/www.austrianweb.at\/drucksorten\/wp-json\/wp\/v2\/users\/1"}],"replies":[{"embeddable":true,"href":"https:\/\/www.austrianweb.at\/drucksorten\/wp-json\/wp\/v2\/comments?post=20"}],"version-history":[{"count":1,"href":"https:\/\/www.austrianweb.at\/drucksorten\/wp-json\/wp\/v2\/pages\/20\/revisions"}],"predecessor-version":[{"id":2979,"href":"https:\/\/www.austrianweb.at\/drucksorten\/wp-json\/wp\/v2\/pages\/20\/revisions\/2979"}],"wp:attachment":[{"href":"https:\/\/www.austrianweb.at\/drucksorten\/wp-json\/wp\/v2\/media?parent=20"}],"curies":[{"name":"wp","href":"https:\/\/api.w.org\/{rel}","templated":true}]}}