{"id":1628,"date":"2012-09-15T14:42:54","date_gmt":"2012-09-15T14:42:54","guid":{"rendered":"http:\/\/www.austrianweb.at\/drucksorten\/wordpress\/?page_id=1628"},"modified":"2016-08-03T14:16:13","modified_gmt":"2016-08-03T14:16:13","slug":"polster","status":"publish","type":"page","link":"https:\/\/www.austrianweb.at\/drucksorten\/sitzsacke-stuhle-und-polster\/polster\/","title":{"rendered":"Polster"},"content":{"rendered":"<p>Einfach aber optisch auffallend. Polster bzw. Zierkissen mit Ihrem Firmenlogo. Auch eine tolle Geschenkidee.<\/p>\n<p>Sie k\u00f6nnen zwischen einem Textil- und Satinstoff ausw\u00e4hlen. Gef\u00fcllt sind die Polster mit Polyesterfasern.<\/p>\n<p><strong>Features:<\/strong><\/p>\n<ul>\n<li>4c Sublimationsdruck<\/li>\n<li>Satin- ider Textilstoff<\/li>\n<li>Kissen inkl. <strong>vollfl\u00e4chig<\/strong> bedrucktem \u00dcberzug<\/li>\n<li>Kissenf\u00fcllung Polyesterfasern<\/li>\n<li>wasch- und austauschbar, ganz ohne Kn\u00f6pfe oder Zippverschluss<\/li>\n<li>Die R\u00fcckseite wird \u00fcberlappend zusammengen\u00e4ht (Hotelverschluss)<\/li>\n<\/ul>\n<p><img decoding=\"async\" loading=\"lazy\" class=\"aligncenter wp-image-1641 size-full\" title=\"Polster und Zierkissen\" src=\"https:\/\/www.austrianweb.at\/drucksorten\/wp-content\/uploads\/Polster-Zierkissen.png\" width=\"500\" height=\"333\" \/><\/p>\n<p>&nbsp;<\/p>\n","protected":false},"excerpt":{"rendered":"<p>Einfach aber optisch auffallend. Polster bzw. Zierkissen mit Ihrem Firmenlogo. Auch eine tolle Geschenkidee. Sie k\u00f6nnen zwischen einem Textil- und Satinstoff ausw\u00e4hlen. Gef\u00fcllt sind die Polster mit Polyesterfasern. Features: 4c Sublimationsdruck Satin- ider Textilstoff Kissen inkl. vollfl\u00e4chig bedrucktem \u00dcberzug Kissenf\u00fcllung Polyesterfasern wasch- und austauschbar, ganz ohne Kn\u00f6pfe oder Zippverschluss Die R\u00fcckseite wird \u00fcberlappend zusammengen\u00e4ht (Hotelverschluss) [&hellip;]<\/p>\n","protected":false},"author":6,"featured_media":0,"parent":604,"menu_order":0,"comment_status":"closed","ping_status":"open","template":"","meta":{"footnotes":""},"yoast_head":"<!-- This site is optimized with the Yoast SEO plugin v22.5 - https:\/\/yoast.com\/wordpress\/plugins\/seo\/ -->\n<title>Polster - Qualitativ hochwertige Drucksorten aller Art<\/title>\n<meta name=\"robots\" content=\"index, follow, max-snippet:-1, max-image-preview:large, max-video-preview:-1\" \/>\n<link rel=\"canonical\" href=\"https:\/\/www.austrianweb.at\/drucksorten\/sitzsacke-stuhle-und-polster\/polster\/\" \/>\n<meta property=\"og:locale\" content=\"de_DE\" \/>\n<meta property=\"og:type\" content=\"article\" \/>\n<meta property=\"og:title\" content=\"Polster - Qualitativ hochwertige Drucksorten aller Art\" \/>\n<meta property=\"og:description\" content=\"Einfach aber optisch auffallend. Polster bzw. Zierkissen mit Ihrem Firmenlogo. Auch eine tolle Geschenkidee. Sie k\u00f6nnen zwischen einem Textil- und Satinstoff ausw\u00e4hlen. Gef\u00fcllt sind die Polster mit Polyesterfasern. Features: 4c Sublimationsdruck Satin- ider Textilstoff Kissen inkl. vollfl\u00e4chig bedrucktem \u00dcberzug Kissenf\u00fcllung Polyesterfasern wasch- und austauschbar, ganz ohne Kn\u00f6pfe oder Zippverschluss Die R\u00fcckseite wird \u00fcberlappend zusammengen\u00e4ht (Hotelverschluss) [&hellip;]\" \/>\n<meta property=\"og:url\" content=\"https:\/\/www.austrianweb.at\/drucksorten\/sitzsacke-stuhle-und-polster\/polster\/\" \/>\n<meta property=\"og:site_name\" content=\"Qualitativ hochwertige Drucksorten aller Art\" \/>\n<meta property=\"article:publisher\" content=\"https:\/\/www.facebook.com\/pages\/Austrianweb-Suchmaschinenoptimierung\/\" \/>\n<meta property=\"article:modified_time\" content=\"2016-08-03T14:16:13+00:00\" \/>\n<meta property=\"og:image\" content=\"https:\/\/www.austrianweb.at\/drucksorten\/wp-content\/uploads\/Polster-Zierkissen.png\" \/>\n<script type=\"application\/ld+json\" class=\"yoast-schema-graph\">{\"@context\":\"https:\/\/schema.org\",\"@graph\":[{\"@type\":\"WebPage\",\"@id\":\"https:\/\/www.austrianweb.at\/drucksorten\/sitzsacke-stuhle-und-polster\/polster\/\",\"url\":\"https:\/\/www.austrianweb.at\/drucksorten\/sitzsacke-stuhle-und-polster\/polster\/\",\"name\":\"Polster - Qualitativ hochwertige Drucksorten aller Art\",\"isPartOf\":{\"@id\":\"https:\/\/www.austrianweb.at\/drucksorten\/#website\"},\"primaryImageOfPage\":{\"@id\":\"https:\/\/www.austrianweb.at\/drucksorten\/sitzsacke-stuhle-und-polster\/polster\/#primaryimage\"},\"image\":{\"@id\":\"https:\/\/www.austrianweb.at\/drucksorten\/sitzsacke-stuhle-und-polster\/polster\/#primaryimage\"},\"thumbnailUrl\":\"https:\/\/www.austrianweb.at\/drucksorten\/wp-content\/uploads\/Polster-Zierkissen.png\",\"datePublished\":\"2012-09-15T14:42:54+00:00\",\"dateModified\":\"2016-08-03T14:16:13+00:00\",\"breadcrumb\":{\"@id\":\"https:\/\/www.austrianweb.at\/drucksorten\/sitzsacke-stuhle-und-polster\/polster\/#breadcrumb\"},\"inLanguage\":\"de\",\"potentialAction\":[{\"@type\":\"ReadAction\",\"target\":[\"https:\/\/www.austrianweb.at\/drucksorten\/sitzsacke-stuhle-und-polster\/polster\/\"]}]},{\"@type\":\"ImageObject\",\"inLanguage\":\"de\",\"@id\":\"https:\/\/www.austrianweb.at\/drucksorten\/sitzsacke-stuhle-und-polster\/polster\/#primaryimage\",\"url\":\"https:\/\/www.austrianweb.at\/drucksorten\/wp-content\/uploads\/Polster-Zierkissen.png\",\"contentUrl\":\"https:\/\/www.austrianweb.at\/drucksorten\/wp-content\/uploads\/Polster-Zierkissen.png\"},{\"@type\":\"BreadcrumbList\",\"@id\":\"https:\/\/www.austrianweb.at\/drucksorten\/sitzsacke-stuhle-und-polster\/polster\/#breadcrumb\",\"itemListElement\":[{\"@type\":\"ListItem\",\"position\":1,\"name\":\"Sitzs\u00e4cke, St\u00fchle und Polster\",\"item\":\"https:\/\/www.austrianweb.at\/drucksorten\/sitzsacke-stuhle-und-polster\/\"},{\"@type\":\"ListItem\",\"position\":2,\"name\":\"Polster\"}]},{\"@type\":\"WebSite\",\"@id\":\"https:\/\/www.austrianweb.at\/drucksorten\/#website\",\"url\":\"https:\/\/www.austrianweb.at\/drucksorten\/\",\"name\":\"Qualitativ hochwertige Drucksorten aller Art\",\"description\":\"Gesch\u00e4fts- u. Werbedrucksorten - Printartikel f\u00fcr Point of sale\",\"publisher\":{\"@id\":\"https:\/\/www.austrianweb.at\/drucksorten\/#organization\"},\"potentialAction\":[{\"@type\":\"SearchAction\",\"target\":{\"@type\":\"EntryPoint\",\"urlTemplate\":\"https:\/\/www.austrianweb.at\/drucksorten\/?s={search_term_string}\"},\"query-input\":\"required name=search_term_string\"}],\"inLanguage\":\"de\"},{\"@type\":\"Organization\",\"@id\":\"https:\/\/www.austrianweb.at\/drucksorten\/#organization\",\"name\":\"Austrianweb\",\"url\":\"https:\/\/www.austrianweb.at\/drucksorten\/\",\"logo\":{\"@type\":\"ImageObject\",\"inLanguage\":\"de\",\"@id\":\"https:\/\/www.austrianweb.at\/drucksorten\/#\/schema\/logo\/image\/\",\"url\":\"https:\/\/www.austrianweb.at\/drucksorten\/wp-content\/uploads\/Austrianweb-Logo-180.png\",\"contentUrl\":\"https:\/\/www.austrianweb.at\/drucksorten\/wp-content\/uploads\/Austrianweb-Logo-180.png\",\"width\":180,\"height\":209,\"caption\":\"Austrianweb\"},\"image\":{\"@id\":\"https:\/\/www.austrianweb.at\/drucksorten\/#\/schema\/logo\/image\/\"},\"sameAs\":[\"https:\/\/www.facebook.com\/pages\/Austrianweb-Suchmaschinenoptimierung\/\",\"https:\/\/x.com\/austrianweb\"]}]}<\/script>\n<!-- \/ Yoast SEO plugin. -->","yoast_head_json":{"title":"Polster - Qualitativ hochwertige Drucksorten aller Art","robots":{"index":"index","follow":"follow","max-snippet":"max-snippet:-1","max-image-preview":"max-image-preview:large","max-video-preview":"max-video-preview:-1"},"canonical":"https:\/\/www.austrianweb.at\/drucksorten\/sitzsacke-stuhle-und-polster\/polster\/","og_locale":"de_DE","og_type":"article","og_title":"Polster - Qualitativ hochwertige Drucksorten aller Art","og_description":"Einfach aber optisch auffallend. Polster bzw. Zierkissen mit Ihrem Firmenlogo. Auch eine tolle Geschenkidee. Sie k\u00f6nnen zwischen einem Textil- und Satinstoff ausw\u00e4hlen. Gef\u00fcllt sind die Polster mit Polyesterfasern. Features: 4c Sublimationsdruck Satin- ider Textilstoff Kissen inkl. vollfl\u00e4chig bedrucktem \u00dcberzug Kissenf\u00fcllung Polyesterfasern wasch- und austauschbar, ganz ohne Kn\u00f6pfe oder Zippverschluss Die R\u00fcckseite wird \u00fcberlappend zusammengen\u00e4ht (Hotelverschluss) [&hellip;]","og_url":"https:\/\/www.austrianweb.at\/drucksorten\/sitzsacke-stuhle-und-polster\/polster\/","og_site_name":"Qualitativ hochwertige Drucksorten aller Art","article_publisher":"https:\/\/www.facebook.com\/pages\/Austrianweb-Suchmaschinenoptimierung\/","article_modified_time":"2016-08-03T14:16:13+00:00","og_image":[{"url":"https:\/\/www.austrianweb.at\/drucksorten\/wp-content\/uploads\/Polster-Zierkissen.png"}],"schema":{"@context":"https:\/\/schema.org","@graph":[{"@type":"WebPage","@id":"https:\/\/www.austrianweb.at\/drucksorten\/sitzsacke-stuhle-und-polster\/polster\/","url":"https:\/\/www.austrianweb.at\/drucksorten\/sitzsacke-stuhle-und-polster\/polster\/","name":"Polster - Qualitativ hochwertige Drucksorten aller Art","isPartOf":{"@id":"https:\/\/www.austrianweb.at\/drucksorten\/#website"},"primaryImageOfPage":{"@id":"https:\/\/www.austrianweb.at\/drucksorten\/sitzsacke-stuhle-und-polster\/polster\/#primaryimage"},"image":{"@id":"https:\/\/www.austrianweb.at\/drucksorten\/sitzsacke-stuhle-und-polster\/polster\/#primaryimage"},"thumbnailUrl":"https:\/\/www.austrianweb.at\/drucksorten\/wp-content\/uploads\/Polster-Zierkissen.png","datePublished":"2012-09-15T14:42:54+00:00","dateModified":"2016-08-03T14:16:13+00:00","breadcrumb":{"@id":"https:\/\/www.austrianweb.at\/drucksorten\/sitzsacke-stuhle-und-polster\/polster\/#breadcrumb"},"inLanguage":"de","potentialAction":[{"@type":"ReadAction","target":["https:\/\/www.austrianweb.at\/drucksorten\/sitzsacke-stuhle-und-polster\/polster\/"]}]},{"@type":"ImageObject","inLanguage":"de","@id":"https:\/\/www.austrianweb.at\/drucksorten\/sitzsacke-stuhle-und-polster\/polster\/#primaryimage","url":"https:\/\/www.austrianweb.at\/drucksorten\/wp-content\/uploads\/Polster-Zierkissen.png","contentUrl":"https:\/\/www.austrianweb.at\/drucksorten\/wp-content\/uploads\/Polster-Zierkissen.png"},{"@type":"BreadcrumbList","@id":"https:\/\/www.austrianweb.at\/drucksorten\/sitzsacke-stuhle-und-polster\/polster\/#breadcrumb","itemListElement":[{"@type":"ListItem","position":1,"name":"Sitzs\u00e4cke, St\u00fchle und Polster","item":"https:\/\/www.austrianweb.at\/drucksorten\/sitzsacke-stuhle-und-polster\/"},{"@type":"ListItem","position":2,"name":"Polster"}]},{"@type":"WebSite","@id":"https:\/\/www.austrianweb.at\/drucksorten\/#website","url":"https:\/\/www.austrianweb.at\/drucksorten\/","name":"Qualitativ hochwertige Drucksorten aller Art","description":"Gesch\u00e4fts- u. Werbedrucksorten - Printartikel f\u00fcr Point of sale","publisher":{"@id":"https:\/\/www.austrianweb.at\/drucksorten\/#organization"},"potentialAction":[{"@type":"SearchAction","target":{"@type":"EntryPoint","urlTemplate":"https:\/\/www.austrianweb.at\/drucksorten\/?s={search_term_string}"},"query-input":"required name=search_term_string"}],"inLanguage":"de"},{"@type":"Organization","@id":"https:\/\/www.austrianweb.at\/drucksorten\/#organization","name":"Austrianweb","url":"https:\/\/www.austrianweb.at\/drucksorten\/","logo":{"@type":"ImageObject","inLanguage":"de","@id":"https:\/\/www.austrianweb.at\/drucksorten\/#\/schema\/logo\/image\/","url":"https:\/\/www.austrianweb.at\/drucksorten\/wp-content\/uploads\/Austrianweb-Logo-180.png","contentUrl":"https:\/\/www.austrianweb.at\/drucksorten\/wp-content\/uploads\/Austrianweb-Logo-180.png","width":180,"height":209,"caption":"Austrianweb"},"image":{"@id":"https:\/\/www.austrianweb.at\/drucksorten\/#\/schema\/logo\/image\/"},"sameAs":["https:\/\/www.facebook.com\/pages\/Austrianweb-Suchmaschinenoptimierung\/","https:\/\/x.com\/austrianweb"]}]}},"_links":{"self":[{"href":"https:\/\/www.austrianweb.at\/drucksorten\/wp-json\/wp\/v2\/pages\/1628"}],"collection":[{"href":"https:\/\/www.austrianweb.at\/drucksorten\/wp-json\/wp\/v2\/pages"}],"about":[{"href":"https:\/\/www.austrianweb.at\/drucksorten\/wp-json\/wp\/v2\/types\/page"}],"author":[{"embeddable":true,"href":"https:\/\/www.austrianweb.at\/drucksorten\/wp-json\/wp\/v2\/users\/6"}],"replies":[{"embeddable":true,"href":"https:\/\/www.austrianweb.at\/drucksorten\/wp-json\/wp\/v2\/comments?post=1628"}],"version-history":[{"count":2,"href":"https:\/\/www.austrianweb.at\/drucksorten\/wp-json\/wp\/v2\/pages\/1628\/revisions"}],"predecessor-version":[{"id":3486,"href":"https:\/\/www.austrianweb.at\/drucksorten\/wp-json\/wp\/v2\/pages\/1628\/revisions\/3486"}],"up":[{"embeddable":true,"href":"https:\/\/www.austrianweb.at\/drucksorten\/wp-json\/wp\/v2\/pages\/604"}],"wp:attachment":[{"href":"https:\/\/www.austrianweb.at\/drucksorten\/wp-json\/wp\/v2\/media?parent=1628"}],"curies":[{"name":"wp","href":"https:\/\/api.w.org\/{rel}","templated":true}]}}