{"id":1626,"date":"2012-09-15T14:43:28","date_gmt":"2012-09-15T14:43:28","guid":{"rendered":"http:\/\/www.austrianweb.at\/drucksorten\/wordpress\/?page_id=1626"},"modified":"2015-09-17T18:59:20","modified_gmt":"2015-09-17T18:59:20","slug":"sitzsacke","status":"publish","type":"page","link":"https:\/\/www.austrianweb.at\/drucksorten\/sitzsacke-stuhle-und-polster\/sitzsacke\/","title":{"rendered":"Sitzs\u00e4cke"},"content":{"rendered":"<p>Nichts f\u00fcr Personen mit R\u00fcckenschmerzen aber auf alle F\u00e4lle eine besonders coole Sitzgelegenheit.<\/p>\n<p>Ultra-bequeme Werbetr\u00e4ger zum darauf sitzen.<\/p>\n<p>Sitzs\u00e4cke laden ein zum L\u00fcmmeln und wohlf\u00fchlen. Es muss ja nicht immer ein Werbetr\u00e4ger sein. Auch im privaten Ambiente ein Hingucker. Wie w\u00e4re es mit einem Star Wars Sitzsack im Jugendzimmer oder einem Sitzkissen mit Angelina Jolie Konterfei?<\/p>\n<p>Die Sitzs\u00e4cke sind\u00a0mit einem Granulat gef\u00fcllt (Kerngr\u00f6\u00dfe 3 &#8211; 5 mm Durchmesser) und\u00a0komplett B1 zertifiziert (schwer entflammbar).<\/p>\n<p><strong>Modell\u00fcbersicht:<\/strong><\/p>\n<ul>\n<li>Sitzsack quadratisch 120 x 120 cm<\/li>\n<li>Sitzsack rund Durchmesser 120 cm<\/li>\n<li>Sitzsack hoch mit &#8222;Lehne&#8220;\u00a0\u00a0ca. 120 cm (H) x 100 cm Durchmesser<\/li>\n<li>Sitzsack Hocker\u00a040 cm hoch und 70 cm Durchmesser<\/li>\n<\/ul>\n<p style=\"text-align: center;\"><a href=\"https:\/\/www.austrianweb.at\/drucksorten\/wp-content\/uploads\/Sitzsaecke2.jpg\"><img decoding=\"async\" loading=\"lazy\" class=\" wp-image-1645 size-medium alignnone\" title=\"Sitzs\u00e4cke\" src=\"https:\/\/www.austrianweb.at\/drucksorten\/wp-content\/uploads\/Sitzsaecke2-276x300.jpg\" alt=\"\" width=\"276\" height=\"300\" \/><\/a><\/p>\n","protected":false},"excerpt":{"rendered":"<p>Nichts f\u00fcr Personen mit R\u00fcckenschmerzen aber auf alle F\u00e4lle eine besonders coole Sitzgelegenheit. Ultra-bequeme Werbetr\u00e4ger zum darauf sitzen. Sitzs\u00e4cke laden ein zum L\u00fcmmeln und wohlf\u00fchlen. Es muss ja nicht immer ein Werbetr\u00e4ger sein. Auch im privaten Ambiente ein Hingucker. Wie w\u00e4re es mit einem Star Wars Sitzsack im Jugendzimmer oder einem Sitzkissen mit Angelina Jolie [&hellip;]<\/p>\n","protected":false},"author":1,"featured_media":0,"parent":604,"menu_order":0,"comment_status":"closed","ping_status":"open","template":"","meta":{"footnotes":""},"yoast_head":"<!-- This site is optimized with the Yoast SEO plugin v22.5 - https:\/\/yoast.com\/wordpress\/plugins\/seo\/ -->\n<title>Sitzs\u00e4cke - Qualitativ hochwertige Drucksorten aller Art<\/title>\n<meta name=\"robots\" content=\"index, follow, max-snippet:-1, max-image-preview:large, max-video-preview:-1\" \/>\n<link rel=\"canonical\" href=\"https:\/\/www.austrianweb.at\/drucksorten\/sitzsacke-stuhle-und-polster\/sitzsacke\/\" \/>\n<meta property=\"og:locale\" content=\"de_DE\" \/>\n<meta property=\"og:type\" content=\"article\" \/>\n<meta property=\"og:title\" content=\"Sitzs\u00e4cke - Qualitativ hochwertige Drucksorten aller Art\" \/>\n<meta property=\"og:description\" content=\"Nichts f\u00fcr Personen mit R\u00fcckenschmerzen aber auf alle F\u00e4lle eine besonders coole Sitzgelegenheit. Ultra-bequeme Werbetr\u00e4ger zum darauf sitzen. Sitzs\u00e4cke laden ein zum L\u00fcmmeln und wohlf\u00fchlen. Es muss ja nicht immer ein Werbetr\u00e4ger sein. Auch im privaten Ambiente ein Hingucker. Wie w\u00e4re es mit einem Star Wars Sitzsack im Jugendzimmer oder einem Sitzkissen mit Angelina Jolie [&hellip;]\" \/>\n<meta property=\"og:url\" content=\"https:\/\/www.austrianweb.at\/drucksorten\/sitzsacke-stuhle-und-polster\/sitzsacke\/\" \/>\n<meta property=\"og:site_name\" content=\"Qualitativ hochwertige Drucksorten aller Art\" \/>\n<meta property=\"article:publisher\" content=\"https:\/\/www.facebook.com\/pages\/Austrianweb-Suchmaschinenoptimierung\/\" \/>\n<meta property=\"article:modified_time\" content=\"2015-09-17T18:59:20+00:00\" \/>\n<meta property=\"og:image\" content=\"https:\/\/www.austrianweb.at\/drucksorten\/wp-content\/uploads\/Sitzsaecke2-276x300.jpg\" \/>\n<meta name=\"twitter:label1\" content=\"Gesch\u00e4tzte Lesezeit\" \/>\n\t<meta name=\"twitter:data1\" content=\"1\u00a0Minute\" \/>\n<script type=\"application\/ld+json\" class=\"yoast-schema-graph\">{\"@context\":\"https:\/\/schema.org\",\"@graph\":[{\"@type\":\"WebPage\",\"@id\":\"https:\/\/www.austrianweb.at\/drucksorten\/sitzsacke-stuhle-und-polster\/sitzsacke\/\",\"url\":\"https:\/\/www.austrianweb.at\/drucksorten\/sitzsacke-stuhle-und-polster\/sitzsacke\/\",\"name\":\"Sitzs\u00e4cke - Qualitativ hochwertige Drucksorten aller Art\",\"isPartOf\":{\"@id\":\"https:\/\/www.austrianweb.at\/drucksorten\/#website\"},\"primaryImageOfPage\":{\"@id\":\"https:\/\/www.austrianweb.at\/drucksorten\/sitzsacke-stuhle-und-polster\/sitzsacke\/#primaryimage\"},\"image\":{\"@id\":\"https:\/\/www.austrianweb.at\/drucksorten\/sitzsacke-stuhle-und-polster\/sitzsacke\/#primaryimage\"},\"thumbnailUrl\":\"https:\/\/www.austrianweb.at\/drucksorten\/wp-content\/uploads\/Sitzsaecke2-276x300.jpg\",\"datePublished\":\"2012-09-15T14:43:28+00:00\",\"dateModified\":\"2015-09-17T18:59:20+00:00\",\"breadcrumb\":{\"@id\":\"https:\/\/www.austrianweb.at\/drucksorten\/sitzsacke-stuhle-und-polster\/sitzsacke\/#breadcrumb\"},\"inLanguage\":\"de\",\"potentialAction\":[{\"@type\":\"ReadAction\",\"target\":[\"https:\/\/www.austrianweb.at\/drucksorten\/sitzsacke-stuhle-und-polster\/sitzsacke\/\"]}]},{\"@type\":\"ImageObject\",\"inLanguage\":\"de\",\"@id\":\"https:\/\/www.austrianweb.at\/drucksorten\/sitzsacke-stuhle-und-polster\/sitzsacke\/#primaryimage\",\"url\":\"https:\/\/www.austrianweb.at\/drucksorten\/wp-content\/uploads\/Sitzsaecke2-276x300.jpg\",\"contentUrl\":\"https:\/\/www.austrianweb.at\/drucksorten\/wp-content\/uploads\/Sitzsaecke2-276x300.jpg\"},{\"@type\":\"BreadcrumbList\",\"@id\":\"https:\/\/www.austrianweb.at\/drucksorten\/sitzsacke-stuhle-und-polster\/sitzsacke\/#breadcrumb\",\"itemListElement\":[{\"@type\":\"ListItem\",\"position\":1,\"name\":\"Sitzs\u00e4cke, St\u00fchle und Polster\",\"item\":\"https:\/\/www.austrianweb.at\/drucksorten\/sitzsacke-stuhle-und-polster\/\"},{\"@type\":\"ListItem\",\"position\":2,\"name\":\"Sitzs\u00e4cke\"}]},{\"@type\":\"WebSite\",\"@id\":\"https:\/\/www.austrianweb.at\/drucksorten\/#website\",\"url\":\"https:\/\/www.austrianweb.at\/drucksorten\/\",\"name\":\"Qualitativ hochwertige Drucksorten aller Art\",\"description\":\"Gesch\u00e4fts- u. Werbedrucksorten - Printartikel f\u00fcr Point of sale\",\"publisher\":{\"@id\":\"https:\/\/www.austrianweb.at\/drucksorten\/#organization\"},\"potentialAction\":[{\"@type\":\"SearchAction\",\"target\":{\"@type\":\"EntryPoint\",\"urlTemplate\":\"https:\/\/www.austrianweb.at\/drucksorten\/?s={search_term_string}\"},\"query-input\":\"required name=search_term_string\"}],\"inLanguage\":\"de\"},{\"@type\":\"Organization\",\"@id\":\"https:\/\/www.austrianweb.at\/drucksorten\/#organization\",\"name\":\"Austrianweb\",\"url\":\"https:\/\/www.austrianweb.at\/drucksorten\/\",\"logo\":{\"@type\":\"ImageObject\",\"inLanguage\":\"de\",\"@id\":\"https:\/\/www.austrianweb.at\/drucksorten\/#\/schema\/logo\/image\/\",\"url\":\"https:\/\/www.austrianweb.at\/drucksorten\/wp-content\/uploads\/Austrianweb-Logo-180.png\",\"contentUrl\":\"https:\/\/www.austrianweb.at\/drucksorten\/wp-content\/uploads\/Austrianweb-Logo-180.png\",\"width\":180,\"height\":209,\"caption\":\"Austrianweb\"},\"image\":{\"@id\":\"https:\/\/www.austrianweb.at\/drucksorten\/#\/schema\/logo\/image\/\"},\"sameAs\":[\"https:\/\/www.facebook.com\/pages\/Austrianweb-Suchmaschinenoptimierung\/\",\"https:\/\/x.com\/austrianweb\"]}]}<\/script>\n<!-- \/ Yoast SEO plugin. -->","yoast_head_json":{"title":"Sitzs\u00e4cke - Qualitativ hochwertige Drucksorten aller Art","robots":{"index":"index","follow":"follow","max-snippet":"max-snippet:-1","max-image-preview":"max-image-preview:large","max-video-preview":"max-video-preview:-1"},"canonical":"https:\/\/www.austrianweb.at\/drucksorten\/sitzsacke-stuhle-und-polster\/sitzsacke\/","og_locale":"de_DE","og_type":"article","og_title":"Sitzs\u00e4cke - Qualitativ hochwertige Drucksorten aller Art","og_description":"Nichts f\u00fcr Personen mit R\u00fcckenschmerzen aber auf alle F\u00e4lle eine besonders coole Sitzgelegenheit. Ultra-bequeme Werbetr\u00e4ger zum darauf sitzen. Sitzs\u00e4cke laden ein zum L\u00fcmmeln und wohlf\u00fchlen. Es muss ja nicht immer ein Werbetr\u00e4ger sein. Auch im privaten Ambiente ein Hingucker. Wie w\u00e4re es mit einem Star Wars Sitzsack im Jugendzimmer oder einem Sitzkissen mit Angelina Jolie [&hellip;]","og_url":"https:\/\/www.austrianweb.at\/drucksorten\/sitzsacke-stuhle-und-polster\/sitzsacke\/","og_site_name":"Qualitativ hochwertige Drucksorten aller Art","article_publisher":"https:\/\/www.facebook.com\/pages\/Austrianweb-Suchmaschinenoptimierung\/","article_modified_time":"2015-09-17T18:59:20+00:00","og_image":[{"url":"https:\/\/www.austrianweb.at\/drucksorten\/wp-content\/uploads\/Sitzsaecke2-276x300.jpg"}],"twitter_misc":{"Gesch\u00e4tzte Lesezeit":"1\u00a0Minute"},"schema":{"@context":"https:\/\/schema.org","@graph":[{"@type":"WebPage","@id":"https:\/\/www.austrianweb.at\/drucksorten\/sitzsacke-stuhle-und-polster\/sitzsacke\/","url":"https:\/\/www.austrianweb.at\/drucksorten\/sitzsacke-stuhle-und-polster\/sitzsacke\/","name":"Sitzs\u00e4cke - Qualitativ hochwertige Drucksorten aller Art","isPartOf":{"@id":"https:\/\/www.austrianweb.at\/drucksorten\/#website"},"primaryImageOfPage":{"@id":"https:\/\/www.austrianweb.at\/drucksorten\/sitzsacke-stuhle-und-polster\/sitzsacke\/#primaryimage"},"image":{"@id":"https:\/\/www.austrianweb.at\/drucksorten\/sitzsacke-stuhle-und-polster\/sitzsacke\/#primaryimage"},"thumbnailUrl":"https:\/\/www.austrianweb.at\/drucksorten\/wp-content\/uploads\/Sitzsaecke2-276x300.jpg","datePublished":"2012-09-15T14:43:28+00:00","dateModified":"2015-09-17T18:59:20+00:00","breadcrumb":{"@id":"https:\/\/www.austrianweb.at\/drucksorten\/sitzsacke-stuhle-und-polster\/sitzsacke\/#breadcrumb"},"inLanguage":"de","potentialAction":[{"@type":"ReadAction","target":["https:\/\/www.austrianweb.at\/drucksorten\/sitzsacke-stuhle-und-polster\/sitzsacke\/"]}]},{"@type":"ImageObject","inLanguage":"de","@id":"https:\/\/www.austrianweb.at\/drucksorten\/sitzsacke-stuhle-und-polster\/sitzsacke\/#primaryimage","url":"https:\/\/www.austrianweb.at\/drucksorten\/wp-content\/uploads\/Sitzsaecke2-276x300.jpg","contentUrl":"https:\/\/www.austrianweb.at\/drucksorten\/wp-content\/uploads\/Sitzsaecke2-276x300.jpg"},{"@type":"BreadcrumbList","@id":"https:\/\/www.austrianweb.at\/drucksorten\/sitzsacke-stuhle-und-polster\/sitzsacke\/#breadcrumb","itemListElement":[{"@type":"ListItem","position":1,"name":"Sitzs\u00e4cke, St\u00fchle und Polster","item":"https:\/\/www.austrianweb.at\/drucksorten\/sitzsacke-stuhle-und-polster\/"},{"@type":"ListItem","position":2,"name":"Sitzs\u00e4cke"}]},{"@type":"WebSite","@id":"https:\/\/www.austrianweb.at\/drucksorten\/#website","url":"https:\/\/www.austrianweb.at\/drucksorten\/","name":"Qualitativ hochwertige Drucksorten aller Art","description":"Gesch\u00e4fts- u. Werbedrucksorten - Printartikel f\u00fcr Point of sale","publisher":{"@id":"https:\/\/www.austrianweb.at\/drucksorten\/#organization"},"potentialAction":[{"@type":"SearchAction","target":{"@type":"EntryPoint","urlTemplate":"https:\/\/www.austrianweb.at\/drucksorten\/?s={search_term_string}"},"query-input":"required name=search_term_string"}],"inLanguage":"de"},{"@type":"Organization","@id":"https:\/\/www.austrianweb.at\/drucksorten\/#organization","name":"Austrianweb","url":"https:\/\/www.austrianweb.at\/drucksorten\/","logo":{"@type":"ImageObject","inLanguage":"de","@id":"https:\/\/www.austrianweb.at\/drucksorten\/#\/schema\/logo\/image\/","url":"https:\/\/www.austrianweb.at\/drucksorten\/wp-content\/uploads\/Austrianweb-Logo-180.png","contentUrl":"https:\/\/www.austrianweb.at\/drucksorten\/wp-content\/uploads\/Austrianweb-Logo-180.png","width":180,"height":209,"caption":"Austrianweb"},"image":{"@id":"https:\/\/www.austrianweb.at\/drucksorten\/#\/schema\/logo\/image\/"},"sameAs":["https:\/\/www.facebook.com\/pages\/Austrianweb-Suchmaschinenoptimierung\/","https:\/\/x.com\/austrianweb"]}]}},"_links":{"self":[{"href":"https:\/\/www.austrianweb.at\/drucksorten\/wp-json\/wp\/v2\/pages\/1626"}],"collection":[{"href":"https:\/\/www.austrianweb.at\/drucksorten\/wp-json\/wp\/v2\/pages"}],"about":[{"href":"https:\/\/www.austrianweb.at\/drucksorten\/wp-json\/wp\/v2\/types\/page"}],"author":[{"embeddable":true,"href":"https:\/\/www.austrianweb.at\/drucksorten\/wp-json\/wp\/v2\/users\/1"}],"replies":[{"embeddable":true,"href":"https:\/\/www.austrianweb.at\/drucksorten\/wp-json\/wp\/v2\/comments?post=1626"}],"version-history":[{"count":1,"href":"https:\/\/www.austrianweb.at\/drucksorten\/wp-json\/wp\/v2\/pages\/1626\/revisions"}],"predecessor-version":[{"id":3176,"href":"https:\/\/www.austrianweb.at\/drucksorten\/wp-json\/wp\/v2\/pages\/1626\/revisions\/3176"}],"up":[{"embeddable":true,"href":"https:\/\/www.austrianweb.at\/drucksorten\/wp-json\/wp\/v2\/pages\/604"}],"wp:attachment":[{"href":"https:\/\/www.austrianweb.at\/drucksorten\/wp-json\/wp\/v2\/media?parent=1626"}],"curies":[{"name":"wp","href":"https:\/\/api.w.org\/{rel}","templated":true}]}}