{"id":15,"date":"2008-03-25T09:11:40","date_gmt":"2008-03-25T09:11:40","guid":{"rendered":"http:\/\/www.austrianweb.at\/drucksorten\/wordpress\/?p=15"},"modified":"2025-10-24T14:13:45","modified_gmt":"2025-10-24T14:13:45","slug":"transparente","status":"publish","type":"page","link":"https:\/\/www.austrianweb.at\/drucksorten\/banner-transparente\/transparente\/","title":{"rendered":"Transparente"},"content":{"rendered":"<h1>Banner und Transparente<\/h1>\n<p>F\u00fcr Transparente gibt es viele Einsatzm\u00f6glichkeiten. Sei es als Bandenwerbung, Autobahnbanner oder Zielmarkierung. Ihre gr\u00f6\u00dfte St\u00e4rke ist aber die Flexibilit\u00e4t. Egal ob am Sportplatz, bei einem Stra\u00dfenfest oder am eigenen Firmengel\u00e4nde. Transparente verbreiten Ihre Werbebotschaft.<\/p>\n<p>Die Transparente sind\u00a0fertig konfektioniert und ge\u00f6st!<\/p>\n<p>Je nach Gegebenheit und Einsatzort bieten sich verschiedene Versionen an:<\/p>\n<ul>\n<li>550g PVC Plane &#8211; das w\u00e4re die Standard Version<\/li>\n<li>340g Mesh &#8211; besonders geeignet f\u00fcr f\u00fcr den Einsatz bei Wind<\/li>\n<li>220g Textilbanner (Displaystoff)<\/li>\n<li>120g Fahnenbanner (aus Fahnenstoff)<\/li>\n<\/ul>\n<p><strong>Besonders zu betonen w\u00e4re noch die Qualit\u00e4t:<\/strong><\/p>\n<ul>\n<li>rei\u00dffest<\/li>\n<li>wasserfest<\/li>\n<li>UV-best\u00e4ndiges Material und Druckverfahren<\/li>\n<li>max. Druckbreite 3,1m<\/li>\n<li>inkl. \u00d6sen zwecks Befestigung<\/li>\n<\/ul>\n<div><\/div>\n<div><strong>Folgende Transparent Formate sind lieferbar:<\/strong><\/div>\n<div>\n<ul>\n<li>Wunschabmessungen!!!!<\/li>\n<li>per m2 nach Ihren W\u00fcnschen (max. Druckbreite 3,1 Meter)<\/li>\n<li>3x1m<\/li>\n<li>4x1m<\/li>\n<li>5x1m<\/li>\n<li>3x1m\u00a0randverst\u00e4rkt<\/li>\n<li>4x1m\u00a0randverst\u00e4rkt<\/li>\n<li>5x1m\u00a0randverst\u00e4rkt<\/li>\n<li>6x1m\u00a0randverst\u00e4rkt<\/li>\n<li>4&#215;1,5m\u00a0randverst\u00e4rkt<\/li>\n<li>6&#215;1,5m\u00a0randverst\u00e4rkt<\/li>\n<li>8&#215;1,5m\u00a0randverst\u00e4rkt<\/li>\n<li>10&#215;1,5m\u00a0randverst\u00e4rkt<\/li>\n<li>6&#215;2,4m\u00a0randverst\u00e4rkt<\/li>\n<li>8&#215;2,4m\u00a0randverst\u00e4rkt<\/li>\n<li>10&#215;2,4m\u00a0randverst\u00e4rkt<\/li>\n<li>10&#215;3,1m\u00a0randverst\u00e4rkt<\/li>\n<\/ul>\n<div><strong>Sonderformate \/ Funktionsgr\u00f6\u00dfen:<\/strong><\/div>\n<\/div>\n<div>\n<ul>\n<li>3,36 x 2,38m f\u00fcr\u00a016 Bogen<\/li>\n<li>5,04 x 2,38m f\u00fcr\u00a024 Bogen<\/li>\n<\/ul>\n<\/div>\n<div><\/div>\n<div><\/div>\n<p>&nbsp;<\/p>\n","protected":false},"excerpt":{"rendered":"<p>Banner und Transparente F\u00fcr Transparente gibt es viele Einsatzm\u00f6glichkeiten. Sei es als Bandenwerbung, Autobahnbanner oder Zielmarkierung. Ihre gr\u00f6\u00dfte St\u00e4rke ist aber die Flexibilit\u00e4t. Egal ob am Sportplatz, bei einem Stra\u00dfenfest oder am eigenen Firmengel\u00e4nde. Transparente verbreiten Ihre Werbebotschaft. Die Transparente sind\u00a0fertig konfektioniert und ge\u00f6st! Je nach Gegebenheit und Einsatzort bieten sich verschiedene Versionen an: 550g [&hellip;]<\/p>\n","protected":false},"author":2,"featured_media":0,"parent":4589,"menu_order":0,"comment_status":"closed","ping_status":"open","template":"","meta":{"footnotes":""},"yoast_head":"<!-- This site is optimized with the Yoast SEO plugin v22.5 - https:\/\/yoast.com\/wordpress\/plugins\/seo\/ -->\n<title>Transparente und Mesh Transparente<\/title>\n<meta name=\"description\" content=\"Besonder flexible Werbetr\u00e4ger sind Transparente. Einfach u. schnell montiert pr\u00e4sentieren Sie Ihre Werbebotschaften.\" \/>\n<meta name=\"robots\" content=\"index, follow, max-snippet:-1, max-image-preview:large, max-video-preview:-1\" \/>\n<link rel=\"canonical\" href=\"https:\/\/www.austrianweb.at\/drucksorten\/banner-transparente\/transparente\/\" \/>\n<meta property=\"og:locale\" content=\"de_DE\" \/>\n<meta property=\"og:type\" content=\"article\" \/>\n<meta property=\"og:title\" content=\"Transparente und Mesh Transparente\" \/>\n<meta property=\"og:description\" content=\"Besonder flexible Werbetr\u00e4ger sind Transparente. Einfach u. schnell montiert pr\u00e4sentieren Sie Ihre Werbebotschaften.\" \/>\n<meta property=\"og:url\" content=\"https:\/\/www.austrianweb.at\/drucksorten\/banner-transparente\/transparente\/\" \/>\n<meta property=\"og:site_name\" content=\"Qualitativ hochwertige Drucksorten aller Art\" \/>\n<meta property=\"article:publisher\" content=\"https:\/\/www.facebook.com\/pages\/Austrianweb-Suchmaschinenoptimierung\/\" \/>\n<meta property=\"article:modified_time\" content=\"2025-10-24T14:13:45+00:00\" \/>\n<meta property=\"og:image\" content=\"https:\/\/www.austrianweb.at\/drucksorten\/wp-content\/uploads\/Austrianweb-Logo-180.png\" \/>\n\t<meta property=\"og:image:width\" content=\"180\" \/>\n\t<meta property=\"og:image:height\" content=\"209\" \/>\n\t<meta property=\"og:image:type\" content=\"image\/png\" \/>\n<meta name=\"twitter:label1\" content=\"Gesch\u00e4tzte Lesezeit\" \/>\n\t<meta name=\"twitter:data1\" content=\"1\u00a0Minute\" \/>\n<script type=\"application\/ld+json\" class=\"yoast-schema-graph\">{\"@context\":\"https:\/\/schema.org\",\"@graph\":[{\"@type\":\"WebPage\",\"@id\":\"https:\/\/www.austrianweb.at\/drucksorten\/banner-transparente\/transparente\/\",\"url\":\"https:\/\/www.austrianweb.at\/drucksorten\/banner-transparente\/transparente\/\",\"name\":\"Transparente und Mesh Transparente\",\"isPartOf\":{\"@id\":\"https:\/\/www.austrianweb.at\/drucksorten\/#website\"},\"datePublished\":\"2008-03-25T09:11:40+00:00\",\"dateModified\":\"2025-10-24T14:13:45+00:00\",\"description\":\"Besonder flexible Werbetr\u00e4ger sind Transparente. Einfach u. schnell montiert pr\u00e4sentieren Sie Ihre Werbebotschaften.\",\"breadcrumb\":{\"@id\":\"https:\/\/www.austrianweb.at\/drucksorten\/banner-transparente\/transparente\/#breadcrumb\"},\"inLanguage\":\"de\",\"potentialAction\":[{\"@type\":\"ReadAction\",\"target\":[\"https:\/\/www.austrianweb.at\/drucksorten\/banner-transparente\/transparente\/\"]}]},{\"@type\":\"BreadcrumbList\",\"@id\":\"https:\/\/www.austrianweb.at\/drucksorten\/banner-transparente\/transparente\/#breadcrumb\",\"itemListElement\":[{\"@type\":\"ListItem\",\"position\":1,\"name\":\"Banner &#8211; Transparente\",\"item\":\"https:\/\/www.austrianweb.at\/drucksorten\/banner-transparente\/\"},{\"@type\":\"ListItem\",\"position\":2,\"name\":\"Transparente\"}]},{\"@type\":\"WebSite\",\"@id\":\"https:\/\/www.austrianweb.at\/drucksorten\/#website\",\"url\":\"https:\/\/www.austrianweb.at\/drucksorten\/\",\"name\":\"Qualitativ hochwertige Drucksorten aller Art\",\"description\":\"Gesch\u00e4fts- u. Werbedrucksorten - Printartikel f\u00fcr Point of sale\",\"publisher\":{\"@id\":\"https:\/\/www.austrianweb.at\/drucksorten\/#organization\"},\"potentialAction\":[{\"@type\":\"SearchAction\",\"target\":{\"@type\":\"EntryPoint\",\"urlTemplate\":\"https:\/\/www.austrianweb.at\/drucksorten\/?s={search_term_string}\"},\"query-input\":\"required name=search_term_string\"}],\"inLanguage\":\"de\"},{\"@type\":\"Organization\",\"@id\":\"https:\/\/www.austrianweb.at\/drucksorten\/#organization\",\"name\":\"Austrianweb\",\"url\":\"https:\/\/www.austrianweb.at\/drucksorten\/\",\"logo\":{\"@type\":\"ImageObject\",\"inLanguage\":\"de\",\"@id\":\"https:\/\/www.austrianweb.at\/drucksorten\/#\/schema\/logo\/image\/\",\"url\":\"https:\/\/www.austrianweb.at\/drucksorten\/wp-content\/uploads\/Austrianweb-Logo-180.png\",\"contentUrl\":\"https:\/\/www.austrianweb.at\/drucksorten\/wp-content\/uploads\/Austrianweb-Logo-180.png\",\"width\":180,\"height\":209,\"caption\":\"Austrianweb\"},\"image\":{\"@id\":\"https:\/\/www.austrianweb.at\/drucksorten\/#\/schema\/logo\/image\/\"},\"sameAs\":[\"https:\/\/www.facebook.com\/pages\/Austrianweb-Suchmaschinenoptimierung\/\",\"https:\/\/x.com\/austrianweb\"]}]}<\/script>\n<!-- \/ Yoast SEO plugin. -->","yoast_head_json":{"title":"Transparente und Mesh Transparente","description":"Besonder flexible Werbetr\u00e4ger sind Transparente. Einfach u. schnell montiert pr\u00e4sentieren Sie Ihre Werbebotschaften.","robots":{"index":"index","follow":"follow","max-snippet":"max-snippet:-1","max-image-preview":"max-image-preview:large","max-video-preview":"max-video-preview:-1"},"canonical":"https:\/\/www.austrianweb.at\/drucksorten\/banner-transparente\/transparente\/","og_locale":"de_DE","og_type":"article","og_title":"Transparente und Mesh Transparente","og_description":"Besonder flexible Werbetr\u00e4ger sind Transparente. Einfach u. schnell montiert pr\u00e4sentieren Sie Ihre Werbebotschaften.","og_url":"https:\/\/www.austrianweb.at\/drucksorten\/banner-transparente\/transparente\/","og_site_name":"Qualitativ hochwertige Drucksorten aller Art","article_publisher":"https:\/\/www.facebook.com\/pages\/Austrianweb-Suchmaschinenoptimierung\/","article_modified_time":"2025-10-24T14:13:45+00:00","og_image":[{"width":180,"height":209,"url":"https:\/\/www.austrianweb.at\/drucksorten\/wp-content\/uploads\/Austrianweb-Logo-180.png","type":"image\/png"}],"twitter_misc":{"Gesch\u00e4tzte Lesezeit":"1\u00a0Minute"},"schema":{"@context":"https:\/\/schema.org","@graph":[{"@type":"WebPage","@id":"https:\/\/www.austrianweb.at\/drucksorten\/banner-transparente\/transparente\/","url":"https:\/\/www.austrianweb.at\/drucksorten\/banner-transparente\/transparente\/","name":"Transparente und Mesh Transparente","isPartOf":{"@id":"https:\/\/www.austrianweb.at\/drucksorten\/#website"},"datePublished":"2008-03-25T09:11:40+00:00","dateModified":"2025-10-24T14:13:45+00:00","description":"Besonder flexible Werbetr\u00e4ger sind Transparente. Einfach u. schnell montiert pr\u00e4sentieren Sie Ihre Werbebotschaften.","breadcrumb":{"@id":"https:\/\/www.austrianweb.at\/drucksorten\/banner-transparente\/transparente\/#breadcrumb"},"inLanguage":"de","potentialAction":[{"@type":"ReadAction","target":["https:\/\/www.austrianweb.at\/drucksorten\/banner-transparente\/transparente\/"]}]},{"@type":"BreadcrumbList","@id":"https:\/\/www.austrianweb.at\/drucksorten\/banner-transparente\/transparente\/#breadcrumb","itemListElement":[{"@type":"ListItem","position":1,"name":"Banner &#8211; Transparente","item":"https:\/\/www.austrianweb.at\/drucksorten\/banner-transparente\/"},{"@type":"ListItem","position":2,"name":"Transparente"}]},{"@type":"WebSite","@id":"https:\/\/www.austrianweb.at\/drucksorten\/#website","url":"https:\/\/www.austrianweb.at\/drucksorten\/","name":"Qualitativ hochwertige Drucksorten aller Art","description":"Gesch\u00e4fts- u. Werbedrucksorten - Printartikel f\u00fcr Point of sale","publisher":{"@id":"https:\/\/www.austrianweb.at\/drucksorten\/#organization"},"potentialAction":[{"@type":"SearchAction","target":{"@type":"EntryPoint","urlTemplate":"https:\/\/www.austrianweb.at\/drucksorten\/?s={search_term_string}"},"query-input":"required name=search_term_string"}],"inLanguage":"de"},{"@type":"Organization","@id":"https:\/\/www.austrianweb.at\/drucksorten\/#organization","name":"Austrianweb","url":"https:\/\/www.austrianweb.at\/drucksorten\/","logo":{"@type":"ImageObject","inLanguage":"de","@id":"https:\/\/www.austrianweb.at\/drucksorten\/#\/schema\/logo\/image\/","url":"https:\/\/www.austrianweb.at\/drucksorten\/wp-content\/uploads\/Austrianweb-Logo-180.png","contentUrl":"https:\/\/www.austrianweb.at\/drucksorten\/wp-content\/uploads\/Austrianweb-Logo-180.png","width":180,"height":209,"caption":"Austrianweb"},"image":{"@id":"https:\/\/www.austrianweb.at\/drucksorten\/#\/schema\/logo\/image\/"},"sameAs":["https:\/\/www.facebook.com\/pages\/Austrianweb-Suchmaschinenoptimierung\/","https:\/\/x.com\/austrianweb"]}]}},"_links":{"self":[{"href":"https:\/\/www.austrianweb.at\/drucksorten\/wp-json\/wp\/v2\/pages\/15"}],"collection":[{"href":"https:\/\/www.austrianweb.at\/drucksorten\/wp-json\/wp\/v2\/pages"}],"about":[{"href":"https:\/\/www.austrianweb.at\/drucksorten\/wp-json\/wp\/v2\/types\/page"}],"author":[{"embeddable":true,"href":"https:\/\/www.austrianweb.at\/drucksorten\/wp-json\/wp\/v2\/users\/2"}],"replies":[{"embeddable":true,"href":"https:\/\/www.austrianweb.at\/drucksorten\/wp-json\/wp\/v2\/comments?post=15"}],"version-history":[{"count":2,"href":"https:\/\/www.austrianweb.at\/drucksorten\/wp-json\/wp\/v2\/pages\/15\/revisions"}],"predecessor-version":[{"id":4198,"href":"https:\/\/www.austrianweb.at\/drucksorten\/wp-json\/wp\/v2\/pages\/15\/revisions\/4198"}],"up":[{"embeddable":true,"href":"https:\/\/www.austrianweb.at\/drucksorten\/wp-json\/wp\/v2\/pages\/4589"}],"wp:attachment":[{"href":"https:\/\/www.austrianweb.at\/drucksorten\/wp-json\/wp\/v2\/media?parent=15"}],"curies":[{"name":"wp","href":"https:\/\/api.w.org\/{rel}","templated":true}]}}