{"id":149,"date":"2008-03-10T11:37:01","date_gmt":"2008-03-10T11:37:01","guid":{"rendered":"http:\/\/www.austrianweb.at\/drucksorten\/wordpress\/?page_id=149"},"modified":"2021-06-07T17:27:26","modified_gmt":"2021-06-07T17:27:26","slug":"impressum","status":"publish","type":"page","link":"https:\/\/www.austrianweb.at\/drucksorten\/impressum\/","title":{"rendered":"Impressum"},"content":{"rendered":"<p><strong>Austrianweb Onlinemarketing<\/strong><br \/>\nStavangergasse 1\/17\/18<br \/>\nA-1220 Wien<\/p>\n<p>Tel.: +43 1 947 33 78<br \/>\nMobil: +43 699 19238168<br \/>\nFax.: +43 1 253 30 33 &#8211; 9596<br \/>\nEmail: <a href=\"mailto:druck@austrianweb.at\">druck@austrianweb.at\u00a0<\/a><\/p>\n<p>Firmeninhaber: Fr. Gerda Schmied<br \/>\nSteuernummer: 199\/3414<br \/>\nUID: ATU62567868<\/p>\n<p><a href=\"http:\/\/firmena-z.wko.at\/ecg.asp?MGID=F19C4E74471F4FC199CD3A99C7686E8B\" target=\"_blank\" rel=\"noopener\"><img decoding=\"async\" loading=\"lazy\" src=\"http:\/\/images.wko.at\/common\/icons\/ecg.gif\" alt=\"Firmendaten entsprechend g\u00fcltigem E-Commerce-Gesetz\" width=\"169\" height=\"23\" border=\"0\" \/><\/a><\/p>\n<p style=\"text-align: center;\"><strong><span class=\"style4\">BITTE BEACHTEN SIE AUCH UNSERE ALLGEMEINEN GESCH\u00c4FTSBEDINGUNGEN!<\/span><\/strong><\/p>\n<p style=\"text-align: center;\"><strong><a href=\"https:\/\/www.austrianweb.at\/AGB.pdf\" target=\"_blank\" rel=\"noopener\">\u00a0A.G.B als PDF Datei<\/a><\/strong><br \/>\n<strong>(Rechtsklick f\u00fcr Download)<\/strong><br \/>\n<strong>Es gilt \u00f6sterreichisches Recht!<\/strong><\/p>\n<p><strong>Datenschutzerkl\u00e4rung<\/strong><\/p>\n<p>Diese Website benutzt Google Analytics, einen Webanalysedienst der Google Inc. (\u201eGoogle&#8220;). Google Analytics verwendet sog. \u201eCookies&#8220;, Textdateien, die auf Ihrem Computer gespeichert werden und die eine Analyse der Benutzung der Website durch Sie erm\u00f6glichen. Die durch den Cookie erzeugten Informationen \u00fcber Ihre Benutzung dieser Website (einschlie\u00dflich Ihrer IP-Adresse) wird an einen Server von Google in den USA \u00fcbertragen und dort gespeichert. Google wird diese Informationen benutzen, um Ihre Nutzung der Website auszuwerten, um Reports \u00fcber die Websiteaktivit\u00e4ten f\u00fcr die Websitebetreiber zusammenzustellen und um weitere mit der Websitenutzung und der Internetnutzung verbundene Dienstleistungen zu erbringen. Auch wird Google diese Informationen gegebenenfalls an Dritte \u00fcbertragen, sofern dies gesetzlich vorgeschrieben oder soweit Dritte diese Daten im Auftrag von Google verarbeiten. Google wird in keinem Fall Ihre IP-Adresse mit anderen Daten von Google in Verbindung bringen. Sie k\u00f6nnen die Installation der Cookies durch eine entsprechende Einstellung Ihrer Browser Software verhindern; wir weisen Sie jedoch darauf hin, dass Sie in diesem Fall gegebenenfalls nicht s\u00e4mtliche Funktionen dieser Website vollumf\u00e4nglich nutzen k\u00f6nnen. Dieses Impressum wurde von ithelps.at zur Verf\u00fcgung gestellt.<\/p>\n<p>Durch die Nutzung dieser Website erkl\u00e4ren Sie sich mit der Bearbeitung der \u00fcber Sie erhobenen Daten durch Google in der zuvor beschriebenen Art und Weise und zu dem zuvor benannten Zweck einverstanden. Der Datenerhebung und -speicherung kann jederzeit mit Wirkung f\u00fcr die Zukunft widersprochen jederzeit mit Wirkung f\u00fcr die Zukunft widersprochen werden. Angesichts der Diskussion um den Einsatz von Analysetools mit vollst\u00e4ndigen IP-Adressen m\u00f6chten wir darauf hinweisen, dass diese Website Google Analytics mit der Erweiterung \u201e_anonymizeIp()&#8220; verwendet und daher IP-Adressen nur gek\u00fcrzt weiterverarbeitet werden, um eine direkte Personenbeziehbarkeit auszuschlie\u00dfen.<\/p>\n<p>Alle Preise in EUR zuz\u00fcgl. 20% MwSt.<\/p>\n","protected":false},"excerpt":{"rendered":"<p>Austrianweb Onlinemarketing Stavangergasse 1\/17\/18 A-1220 Wien Tel.: +43 1 947 33 78 Mobil: +43 699 19238168 Fax.: +43 1 253 30 33 &#8211; 9596 Email: druck@austrianweb.at\u00a0 Firmeninhaber: Fr. Gerda Schmied Steuernummer: 199\/3414 UID: ATU62567868 BITTE BEACHTEN SIE AUCH UNSERE ALLGEMEINEN GESCH\u00c4FTSBEDINGUNGEN! \u00a0A.G.B als PDF Datei (Rechtsklick f\u00fcr Download) Es gilt \u00f6sterreichisches Recht! Datenschutzerkl\u00e4rung Diese Website [&hellip;]<\/p>\n","protected":false},"author":6,"featured_media":0,"parent":0,"menu_order":0,"comment_status":"closed","ping_status":"open","template":"","meta":{"footnotes":""},"yoast_head":"<!-- This site is optimized with the Yoast SEO plugin v22.5 - https:\/\/yoast.com\/wordpress\/plugins\/seo\/ -->\n<title>Impressum - Qualitativ hochwertige Drucksorten aller Art<\/title>\n<meta name=\"robots\" content=\"index, follow, max-snippet:-1, max-image-preview:large, max-video-preview:-1\" \/>\n<link rel=\"canonical\" href=\"https:\/\/www.austrianweb.at\/drucksorten\/impressum\/\" \/>\n<meta property=\"og:locale\" content=\"de_DE\" \/>\n<meta property=\"og:type\" content=\"article\" \/>\n<meta property=\"og:title\" content=\"Impressum - Qualitativ hochwertige Drucksorten aller Art\" \/>\n<meta property=\"og:description\" content=\"Austrianweb Onlinemarketing Stavangergasse 1\/17\/18 A-1220 Wien Tel.: +43 1 947 33 78 Mobil: +43 699 19238168 Fax.: +43 1 253 30 33 &#8211; 9596 Email: druck@austrianweb.at\u00a0 Firmeninhaber: Fr. Gerda Schmied Steuernummer: 199\/3414 UID: ATU62567868 BITTE BEACHTEN SIE AUCH UNSERE ALLGEMEINEN GESCH\u00c4FTSBEDINGUNGEN! \u00a0A.G.B als PDF Datei (Rechtsklick f\u00fcr Download) Es gilt \u00f6sterreichisches Recht! Datenschutzerkl\u00e4rung Diese Website [&hellip;]\" \/>\n<meta property=\"og:url\" content=\"https:\/\/www.austrianweb.at\/drucksorten\/impressum\/\" \/>\n<meta property=\"og:site_name\" content=\"Qualitativ hochwertige Drucksorten aller Art\" \/>\n<meta property=\"article:publisher\" content=\"https:\/\/www.facebook.com\/pages\/Austrianweb-Suchmaschinenoptimierung\/\" \/>\n<meta property=\"article:modified_time\" content=\"2021-06-07T17:27:26+00:00\" \/>\n<meta property=\"og:image\" content=\"http:\/\/images.wko.at\/common\/icons\/ecg.gif\" \/>\n<meta name=\"twitter:label1\" content=\"Gesch\u00e4tzte Lesezeit\" \/>\n\t<meta name=\"twitter:data1\" content=\"2\u00a0Minuten\" \/>\n<script type=\"application\/ld+json\" class=\"yoast-schema-graph\">{\"@context\":\"https:\/\/schema.org\",\"@graph\":[{\"@type\":\"WebPage\",\"@id\":\"https:\/\/www.austrianweb.at\/drucksorten\/impressum\/\",\"url\":\"https:\/\/www.austrianweb.at\/drucksorten\/impressum\/\",\"name\":\"Impressum - Qualitativ hochwertige Drucksorten aller Art\",\"isPartOf\":{\"@id\":\"https:\/\/www.austrianweb.at\/drucksorten\/#website\"},\"primaryImageOfPage\":{\"@id\":\"https:\/\/www.austrianweb.at\/drucksorten\/impressum\/#primaryimage\"},\"image\":{\"@id\":\"https:\/\/www.austrianweb.at\/drucksorten\/impressum\/#primaryimage\"},\"thumbnailUrl\":\"http:\/\/images.wko.at\/common\/icons\/ecg.gif\",\"datePublished\":\"2008-03-10T11:37:01+00:00\",\"dateModified\":\"2021-06-07T17:27:26+00:00\",\"inLanguage\":\"de\",\"potentialAction\":[{\"@type\":\"ReadAction\",\"target\":[\"https:\/\/www.austrianweb.at\/drucksorten\/impressum\/\"]}]},{\"@type\":\"ImageObject\",\"inLanguage\":\"de\",\"@id\":\"https:\/\/www.austrianweb.at\/drucksorten\/impressum\/#primaryimage\",\"url\":\"http:\/\/images.wko.at\/common\/icons\/ecg.gif\",\"contentUrl\":\"http:\/\/images.wko.at\/common\/icons\/ecg.gif\"},{\"@type\":\"WebSite\",\"@id\":\"https:\/\/www.austrianweb.at\/drucksorten\/#website\",\"url\":\"https:\/\/www.austrianweb.at\/drucksorten\/\",\"name\":\"Qualitativ hochwertige Drucksorten aller Art\",\"description\":\"Gesch\u00e4fts- u. Werbedrucksorten - Printartikel f\u00fcr Point of sale\",\"publisher\":{\"@id\":\"https:\/\/www.austrianweb.at\/drucksorten\/#organization\"},\"potentialAction\":[{\"@type\":\"SearchAction\",\"target\":{\"@type\":\"EntryPoint\",\"urlTemplate\":\"https:\/\/www.austrianweb.at\/drucksorten\/?s={search_term_string}\"},\"query-input\":\"required name=search_term_string\"}],\"inLanguage\":\"de\"},{\"@type\":\"Organization\",\"@id\":\"https:\/\/www.austrianweb.at\/drucksorten\/#organization\",\"name\":\"Austrianweb\",\"url\":\"https:\/\/www.austrianweb.at\/drucksorten\/\",\"logo\":{\"@type\":\"ImageObject\",\"inLanguage\":\"de\",\"@id\":\"https:\/\/www.austrianweb.at\/drucksorten\/#\/schema\/logo\/image\/\",\"url\":\"https:\/\/www.austrianweb.at\/drucksorten\/wp-content\/uploads\/Austrianweb-Logo-180.png\",\"contentUrl\":\"https:\/\/www.austrianweb.at\/drucksorten\/wp-content\/uploads\/Austrianweb-Logo-180.png\",\"width\":180,\"height\":209,\"caption\":\"Austrianweb\"},\"image\":{\"@id\":\"https:\/\/www.austrianweb.at\/drucksorten\/#\/schema\/logo\/image\/\"},\"sameAs\":[\"https:\/\/www.facebook.com\/pages\/Austrianweb-Suchmaschinenoptimierung\/\",\"https:\/\/x.com\/austrianweb\"]}]}<\/script>\n<!-- \/ Yoast SEO plugin. -->","yoast_head_json":{"title":"Impressum - Qualitativ hochwertige Drucksorten aller Art","robots":{"index":"index","follow":"follow","max-snippet":"max-snippet:-1","max-image-preview":"max-image-preview:large","max-video-preview":"max-video-preview:-1"},"canonical":"https:\/\/www.austrianweb.at\/drucksorten\/impressum\/","og_locale":"de_DE","og_type":"article","og_title":"Impressum - Qualitativ hochwertige Drucksorten aller Art","og_description":"Austrianweb Onlinemarketing Stavangergasse 1\/17\/18 A-1220 Wien Tel.: +43 1 947 33 78 Mobil: +43 699 19238168 Fax.: +43 1 253 30 33 &#8211; 9596 Email: druck@austrianweb.at\u00a0 Firmeninhaber: Fr. Gerda Schmied Steuernummer: 199\/3414 UID: ATU62567868 BITTE BEACHTEN SIE AUCH UNSERE ALLGEMEINEN GESCH\u00c4FTSBEDINGUNGEN! \u00a0A.G.B als PDF Datei (Rechtsklick f\u00fcr Download) Es gilt \u00f6sterreichisches Recht! Datenschutzerkl\u00e4rung Diese Website [&hellip;]","og_url":"https:\/\/www.austrianweb.at\/drucksorten\/impressum\/","og_site_name":"Qualitativ hochwertige Drucksorten aller Art","article_publisher":"https:\/\/www.facebook.com\/pages\/Austrianweb-Suchmaschinenoptimierung\/","article_modified_time":"2021-06-07T17:27:26+00:00","og_image":[{"url":"http:\/\/images.wko.at\/common\/icons\/ecg.gif"}],"twitter_misc":{"Gesch\u00e4tzte Lesezeit":"2\u00a0Minuten"},"schema":{"@context":"https:\/\/schema.org","@graph":[{"@type":"WebPage","@id":"https:\/\/www.austrianweb.at\/drucksorten\/impressum\/","url":"https:\/\/www.austrianweb.at\/drucksorten\/impressum\/","name":"Impressum - Qualitativ hochwertige Drucksorten aller Art","isPartOf":{"@id":"https:\/\/www.austrianweb.at\/drucksorten\/#website"},"primaryImageOfPage":{"@id":"https:\/\/www.austrianweb.at\/drucksorten\/impressum\/#primaryimage"},"image":{"@id":"https:\/\/www.austrianweb.at\/drucksorten\/impressum\/#primaryimage"},"thumbnailUrl":"http:\/\/images.wko.at\/common\/icons\/ecg.gif","datePublished":"2008-03-10T11:37:01+00:00","dateModified":"2021-06-07T17:27:26+00:00","inLanguage":"de","potentialAction":[{"@type":"ReadAction","target":["https:\/\/www.austrianweb.at\/drucksorten\/impressum\/"]}]},{"@type":"ImageObject","inLanguage":"de","@id":"https:\/\/www.austrianweb.at\/drucksorten\/impressum\/#primaryimage","url":"http:\/\/images.wko.at\/common\/icons\/ecg.gif","contentUrl":"http:\/\/images.wko.at\/common\/icons\/ecg.gif"},{"@type":"WebSite","@id":"https:\/\/www.austrianweb.at\/drucksorten\/#website","url":"https:\/\/www.austrianweb.at\/drucksorten\/","name":"Qualitativ hochwertige Drucksorten aller Art","description":"Gesch\u00e4fts- u. Werbedrucksorten - Printartikel f\u00fcr Point of sale","publisher":{"@id":"https:\/\/www.austrianweb.at\/drucksorten\/#organization"},"potentialAction":[{"@type":"SearchAction","target":{"@type":"EntryPoint","urlTemplate":"https:\/\/www.austrianweb.at\/drucksorten\/?s={search_term_string}"},"query-input":"required name=search_term_string"}],"inLanguage":"de"},{"@type":"Organization","@id":"https:\/\/www.austrianweb.at\/drucksorten\/#organization","name":"Austrianweb","url":"https:\/\/www.austrianweb.at\/drucksorten\/","logo":{"@type":"ImageObject","inLanguage":"de","@id":"https:\/\/www.austrianweb.at\/drucksorten\/#\/schema\/logo\/image\/","url":"https:\/\/www.austrianweb.at\/drucksorten\/wp-content\/uploads\/Austrianweb-Logo-180.png","contentUrl":"https:\/\/www.austrianweb.at\/drucksorten\/wp-content\/uploads\/Austrianweb-Logo-180.png","width":180,"height":209,"caption":"Austrianweb"},"image":{"@id":"https:\/\/www.austrianweb.at\/drucksorten\/#\/schema\/logo\/image\/"},"sameAs":["https:\/\/www.facebook.com\/pages\/Austrianweb-Suchmaschinenoptimierung\/","https:\/\/x.com\/austrianweb"]}]}},"_links":{"self":[{"href":"https:\/\/www.austrianweb.at\/drucksorten\/wp-json\/wp\/v2\/pages\/149"}],"collection":[{"href":"https:\/\/www.austrianweb.at\/drucksorten\/wp-json\/wp\/v2\/pages"}],"about":[{"href":"https:\/\/www.austrianweb.at\/drucksorten\/wp-json\/wp\/v2\/types\/page"}],"author":[{"embeddable":true,"href":"https:\/\/www.austrianweb.at\/drucksorten\/wp-json\/wp\/v2\/users\/6"}],"replies":[{"embeddable":true,"href":"https:\/\/www.austrianweb.at\/drucksorten\/wp-json\/wp\/v2\/comments?post=149"}],"version-history":[{"count":5,"href":"https:\/\/www.austrianweb.at\/drucksorten\/wp-json\/wp\/v2\/pages\/149\/revisions"}],"predecessor-version":[{"id":4141,"href":"https:\/\/www.austrianweb.at\/drucksorten\/wp-json\/wp\/v2\/pages\/149\/revisions\/4141"}],"wp:attachment":[{"href":"https:\/\/www.austrianweb.at\/drucksorten\/wp-json\/wp\/v2\/media?parent=149"}],"curies":[{"name":"wp","href":"https:\/\/api.w.org\/{rel}","templated":true}]}}