{"id":148,"date":"2010-10-14T07:29:51","date_gmt":"2010-10-14T07:29:51","guid":{"rendered":"http:\/\/www.austrianweb.at\/drucksorten\/wordpress\/?p=148"},"modified":"2017-03-15T15:13:19","modified_gmt":"2017-03-15T15:13:19","slug":"buecher-in-spiralbindung","status":"publish","type":"page","link":"https:\/\/www.austrianweb.at\/drucksorten\/buecher\/buecher-in-spiralbindung\/","title":{"rendered":"Spiralbindung"},"content":{"rendered":"<p><img decoding=\"async\" loading=\"lazy\" class=\"alignright wp-image-865 size-full\" title=\"Spiralmappen-u-Buecher\" src=\"https:\/\/www.austrianweb.at\/drucksorten\/wp-content\/uploads\/Spiralmappen-u-Buecher.jpg\" alt=\"\" width=\"150\" height=\"113\" \/>B\u00fccher mit Spiralbindung f\u00fcr die Verwendung als Pr\u00e4sentationen, Schulungsunterlagen, Kalender, Gebrauchsanleitungen &#8230;&#8230;<\/p>\n<p>Jedes einzelne Blatt individuell personalisierbar<\/p>\n<p>Wahlweise in den Gr\u00f6\u00dfen A4 oder A5<\/p>\n<p>&nbsp;<\/p>\n<p><strong>Features:<\/strong><\/p>\n<ul>\n<li>Drahtspiralbindung &#8211; WIRE-O<\/li>\n<li>Das Front- und R\u00fcckblatt sind aus aus 250g Kunstdruckkarton und 1-seitig 4c bedruckt<\/li>\n<li>Der Kern kann doppelseitig SW oder aber auch 4c bedruckt werden<\/li>\n<li>max Dicke bis 14mm m\u00f6glich<\/li>\n<\/ul>\n<p>&nbsp;<\/p>\n","protected":false},"excerpt":{"rendered":"<p>B\u00fccher mit Spiralbindung f\u00fcr die Verwendung als Pr\u00e4sentationen, Schulungsunterlagen, Kalender, Gebrauchsanleitungen &#8230;&#8230; Jedes einzelne Blatt individuell personalisierbar Wahlweise in den Gr\u00f6\u00dfen A4 oder A5 &nbsp; Features: Drahtspiralbindung &#8211; WIRE-O Das Front- und R\u00fcckblatt sind aus aus 250g Kunstdruckkarton und 1-seitig 4c bedruckt Der Kern kann doppelseitig SW oder aber auch 4c bedruckt werden max Dicke [&hellip;]<\/p>\n","protected":false},"author":1,"featured_media":0,"parent":20,"menu_order":0,"comment_status":"closed","ping_status":"open","template":"","meta":{"footnotes":""},"yoast_head":"<!-- This site is optimized with the Yoast SEO plugin v22.5 - https:\/\/yoast.com\/wordpress\/plugins\/seo\/ -->\n<title>B\u00fccher mit Spiralbindung<\/title>\n<meta name=\"description\" content=\"Sprialgebundene B\u00fcche sind ideal f\u00fcr Gebrauchsanweisungen, Produktunterlagen, Schulungsmaterial usw..\" \/>\n<meta name=\"robots\" content=\"index, follow, max-snippet:-1, max-image-preview:large, max-video-preview:-1\" \/>\n<link rel=\"canonical\" href=\"https:\/\/www.austrianweb.at\/drucksorten\/buecher\/buecher-in-spiralbindung\/\" \/>\n<meta property=\"og:locale\" content=\"de_DE\" \/>\n<meta property=\"og:type\" content=\"article\" \/>\n<meta property=\"og:title\" content=\"B\u00fccher mit Spiralbindung\" \/>\n<meta property=\"og:description\" content=\"Sprialgebundene B\u00fcche sind ideal f\u00fcr Gebrauchsanweisungen, Produktunterlagen, Schulungsmaterial usw..\" \/>\n<meta property=\"og:url\" content=\"https:\/\/www.austrianweb.at\/drucksorten\/buecher\/buecher-in-spiralbindung\/\" \/>\n<meta property=\"og:site_name\" content=\"Qualitativ hochwertige Drucksorten aller Art\" \/>\n<meta property=\"article:publisher\" content=\"https:\/\/www.facebook.com\/pages\/Austrianweb-Suchmaschinenoptimierung\/\" \/>\n<meta property=\"article:modified_time\" content=\"2017-03-15T15:13:19+00:00\" \/>\n<meta property=\"og:image\" content=\"https:\/\/www.austrianweb.at\/drucksorten\/wp-content\/uploads\/Spiralmappen-u-Buecher.jpg\" \/>\n<script type=\"application\/ld+json\" class=\"yoast-schema-graph\">{\"@context\":\"https:\/\/schema.org\",\"@graph\":[{\"@type\":\"WebPage\",\"@id\":\"https:\/\/www.austrianweb.at\/drucksorten\/buecher\/buecher-in-spiralbindung\/\",\"url\":\"https:\/\/www.austrianweb.at\/drucksorten\/buecher\/buecher-in-spiralbindung\/\",\"name\":\"B\u00fccher mit Spiralbindung\",\"isPartOf\":{\"@id\":\"https:\/\/www.austrianweb.at\/drucksorten\/#website\"},\"primaryImageOfPage\":{\"@id\":\"https:\/\/www.austrianweb.at\/drucksorten\/buecher\/buecher-in-spiralbindung\/#primaryimage\"},\"image\":{\"@id\":\"https:\/\/www.austrianweb.at\/drucksorten\/buecher\/buecher-in-spiralbindung\/#primaryimage\"},\"thumbnailUrl\":\"https:\/\/www.austrianweb.at\/drucksorten\/wp-content\/uploads\/Spiralmappen-u-Buecher.jpg\",\"datePublished\":\"2010-10-14T07:29:51+00:00\",\"dateModified\":\"2017-03-15T15:13:19+00:00\",\"description\":\"Sprialgebundene B\u00fcche sind ideal f\u00fcr Gebrauchsanweisungen, Produktunterlagen, Schulungsmaterial usw..\",\"breadcrumb\":{\"@id\":\"https:\/\/www.austrianweb.at\/drucksorten\/buecher\/buecher-in-spiralbindung\/#breadcrumb\"},\"inLanguage\":\"de\",\"potentialAction\":[{\"@type\":\"ReadAction\",\"target\":[\"https:\/\/www.austrianweb.at\/drucksorten\/buecher\/buecher-in-spiralbindung\/\"]}]},{\"@type\":\"ImageObject\",\"inLanguage\":\"de\",\"@id\":\"https:\/\/www.austrianweb.at\/drucksorten\/buecher\/buecher-in-spiralbindung\/#primaryimage\",\"url\":\"https:\/\/www.austrianweb.at\/drucksorten\/wp-content\/uploads\/Spiralmappen-u-Buecher.jpg\",\"contentUrl\":\"https:\/\/www.austrianweb.at\/drucksorten\/wp-content\/uploads\/Spiralmappen-u-Buecher.jpg\"},{\"@type\":\"BreadcrumbList\",\"@id\":\"https:\/\/www.austrianweb.at\/drucksorten\/buecher\/buecher-in-spiralbindung\/#breadcrumb\",\"itemListElement\":[{\"@type\":\"ListItem\",\"position\":1,\"name\":\"B\u00fccher\",\"item\":\"https:\/\/www.austrianweb.at\/drucksorten\/buecher\/\"},{\"@type\":\"ListItem\",\"position\":2,\"name\":\"Spiralbindung\"}]},{\"@type\":\"WebSite\",\"@id\":\"https:\/\/www.austrianweb.at\/drucksorten\/#website\",\"url\":\"https:\/\/www.austrianweb.at\/drucksorten\/\",\"name\":\"Qualitativ hochwertige Drucksorten aller Art\",\"description\":\"Gesch\u00e4fts- u. Werbedrucksorten - Printartikel f\u00fcr Point of sale\",\"publisher\":{\"@id\":\"https:\/\/www.austrianweb.at\/drucksorten\/#organization\"},\"potentialAction\":[{\"@type\":\"SearchAction\",\"target\":{\"@type\":\"EntryPoint\",\"urlTemplate\":\"https:\/\/www.austrianweb.at\/drucksorten\/?s={search_term_string}\"},\"query-input\":\"required name=search_term_string\"}],\"inLanguage\":\"de\"},{\"@type\":\"Organization\",\"@id\":\"https:\/\/www.austrianweb.at\/drucksorten\/#organization\",\"name\":\"Austrianweb\",\"url\":\"https:\/\/www.austrianweb.at\/drucksorten\/\",\"logo\":{\"@type\":\"ImageObject\",\"inLanguage\":\"de\",\"@id\":\"https:\/\/www.austrianweb.at\/drucksorten\/#\/schema\/logo\/image\/\",\"url\":\"https:\/\/www.austrianweb.at\/drucksorten\/wp-content\/uploads\/Austrianweb-Logo-180.png\",\"contentUrl\":\"https:\/\/www.austrianweb.at\/drucksorten\/wp-content\/uploads\/Austrianweb-Logo-180.png\",\"width\":180,\"height\":209,\"caption\":\"Austrianweb\"},\"image\":{\"@id\":\"https:\/\/www.austrianweb.at\/drucksorten\/#\/schema\/logo\/image\/\"},\"sameAs\":[\"https:\/\/www.facebook.com\/pages\/Austrianweb-Suchmaschinenoptimierung\/\",\"https:\/\/x.com\/austrianweb\"]}]}<\/script>\n<!-- \/ Yoast SEO plugin. -->","yoast_head_json":{"title":"B\u00fccher mit Spiralbindung","description":"Sprialgebundene B\u00fcche sind ideal f\u00fcr Gebrauchsanweisungen, Produktunterlagen, Schulungsmaterial usw..","robots":{"index":"index","follow":"follow","max-snippet":"max-snippet:-1","max-image-preview":"max-image-preview:large","max-video-preview":"max-video-preview:-1"},"canonical":"https:\/\/www.austrianweb.at\/drucksorten\/buecher\/buecher-in-spiralbindung\/","og_locale":"de_DE","og_type":"article","og_title":"B\u00fccher mit Spiralbindung","og_description":"Sprialgebundene B\u00fcche sind ideal f\u00fcr Gebrauchsanweisungen, Produktunterlagen, Schulungsmaterial usw..","og_url":"https:\/\/www.austrianweb.at\/drucksorten\/buecher\/buecher-in-spiralbindung\/","og_site_name":"Qualitativ hochwertige Drucksorten aller Art","article_publisher":"https:\/\/www.facebook.com\/pages\/Austrianweb-Suchmaschinenoptimierung\/","article_modified_time":"2017-03-15T15:13:19+00:00","og_image":[{"url":"https:\/\/www.austrianweb.at\/drucksorten\/wp-content\/uploads\/Spiralmappen-u-Buecher.jpg"}],"schema":{"@context":"https:\/\/schema.org","@graph":[{"@type":"WebPage","@id":"https:\/\/www.austrianweb.at\/drucksorten\/buecher\/buecher-in-spiralbindung\/","url":"https:\/\/www.austrianweb.at\/drucksorten\/buecher\/buecher-in-spiralbindung\/","name":"B\u00fccher mit Spiralbindung","isPartOf":{"@id":"https:\/\/www.austrianweb.at\/drucksorten\/#website"},"primaryImageOfPage":{"@id":"https:\/\/www.austrianweb.at\/drucksorten\/buecher\/buecher-in-spiralbindung\/#primaryimage"},"image":{"@id":"https:\/\/www.austrianweb.at\/drucksorten\/buecher\/buecher-in-spiralbindung\/#primaryimage"},"thumbnailUrl":"https:\/\/www.austrianweb.at\/drucksorten\/wp-content\/uploads\/Spiralmappen-u-Buecher.jpg","datePublished":"2010-10-14T07:29:51+00:00","dateModified":"2017-03-15T15:13:19+00:00","description":"Sprialgebundene B\u00fcche sind ideal f\u00fcr Gebrauchsanweisungen, Produktunterlagen, Schulungsmaterial usw..","breadcrumb":{"@id":"https:\/\/www.austrianweb.at\/drucksorten\/buecher\/buecher-in-spiralbindung\/#breadcrumb"},"inLanguage":"de","potentialAction":[{"@type":"ReadAction","target":["https:\/\/www.austrianweb.at\/drucksorten\/buecher\/buecher-in-spiralbindung\/"]}]},{"@type":"ImageObject","inLanguage":"de","@id":"https:\/\/www.austrianweb.at\/drucksorten\/buecher\/buecher-in-spiralbindung\/#primaryimage","url":"https:\/\/www.austrianweb.at\/drucksorten\/wp-content\/uploads\/Spiralmappen-u-Buecher.jpg","contentUrl":"https:\/\/www.austrianweb.at\/drucksorten\/wp-content\/uploads\/Spiralmappen-u-Buecher.jpg"},{"@type":"BreadcrumbList","@id":"https:\/\/www.austrianweb.at\/drucksorten\/buecher\/buecher-in-spiralbindung\/#breadcrumb","itemListElement":[{"@type":"ListItem","position":1,"name":"B\u00fccher","item":"https:\/\/www.austrianweb.at\/drucksorten\/buecher\/"},{"@type":"ListItem","position":2,"name":"Spiralbindung"}]},{"@type":"WebSite","@id":"https:\/\/www.austrianweb.at\/drucksorten\/#website","url":"https:\/\/www.austrianweb.at\/drucksorten\/","name":"Qualitativ hochwertige Drucksorten aller Art","description":"Gesch\u00e4fts- u. Werbedrucksorten - Printartikel f\u00fcr Point of sale","publisher":{"@id":"https:\/\/www.austrianweb.at\/drucksorten\/#organization"},"potentialAction":[{"@type":"SearchAction","target":{"@type":"EntryPoint","urlTemplate":"https:\/\/www.austrianweb.at\/drucksorten\/?s={search_term_string}"},"query-input":"required name=search_term_string"}],"inLanguage":"de"},{"@type":"Organization","@id":"https:\/\/www.austrianweb.at\/drucksorten\/#organization","name":"Austrianweb","url":"https:\/\/www.austrianweb.at\/drucksorten\/","logo":{"@type":"ImageObject","inLanguage":"de","@id":"https:\/\/www.austrianweb.at\/drucksorten\/#\/schema\/logo\/image\/","url":"https:\/\/www.austrianweb.at\/drucksorten\/wp-content\/uploads\/Austrianweb-Logo-180.png","contentUrl":"https:\/\/www.austrianweb.at\/drucksorten\/wp-content\/uploads\/Austrianweb-Logo-180.png","width":180,"height":209,"caption":"Austrianweb"},"image":{"@id":"https:\/\/www.austrianweb.at\/drucksorten\/#\/schema\/logo\/image\/"},"sameAs":["https:\/\/www.facebook.com\/pages\/Austrianweb-Suchmaschinenoptimierung\/","https:\/\/x.com\/austrianweb"]}]}},"_links":{"self":[{"href":"https:\/\/www.austrianweb.at\/drucksorten\/wp-json\/wp\/v2\/pages\/148"}],"collection":[{"href":"https:\/\/www.austrianweb.at\/drucksorten\/wp-json\/wp\/v2\/pages"}],"about":[{"href":"https:\/\/www.austrianweb.at\/drucksorten\/wp-json\/wp\/v2\/types\/page"}],"author":[{"embeddable":true,"href":"https:\/\/www.austrianweb.at\/drucksorten\/wp-json\/wp\/v2\/users\/1"}],"replies":[{"embeddable":true,"href":"https:\/\/www.austrianweb.at\/drucksorten\/wp-json\/wp\/v2\/comments?post=148"}],"version-history":[{"count":1,"href":"https:\/\/www.austrianweb.at\/drucksorten\/wp-json\/wp\/v2\/pages\/148\/revisions"}],"predecessor-version":[{"id":3078,"href":"https:\/\/www.austrianweb.at\/drucksorten\/wp-json\/wp\/v2\/pages\/148\/revisions\/3078"}],"up":[{"embeddable":true,"href":"https:\/\/www.austrianweb.at\/drucksorten\/wp-json\/wp\/v2\/pages\/20"}],"wp:attachment":[{"href":"https:\/\/www.austrianweb.at\/drucksorten\/wp-json\/wp\/v2\/media?parent=148"}],"curies":[{"name":"wp","href":"https:\/\/api.w.org\/{rel}","templated":true}]}}