{"id":147,"date":"2010-10-14T07:09:45","date_gmt":"2010-10-14T07:09:45","guid":{"rendered":"http:\/\/www.austrianweb.at\/drucksorten\/wordpress\/?p=147"},"modified":"2017-03-15T15:13:19","modified_gmt":"2017-03-15T15:13:19","slug":"softcover","status":"publish","type":"page","link":"https:\/\/www.austrianweb.at\/drucksorten\/buecher\/softcover\/","title":{"rendered":"Softcover"},"content":{"rendered":"<p>B\u00fccher mit weichen Einband aus 350g Kunstdruckkarton. Bestimmen Sie selber die Seitenanzahl und auch ob der Buchkern in schwarz oder f\u00e4rbig gedruckt werden soll.<\/p>\n<ul>\n<li>Buchst\u00e4rkenbis 6cm m\u00f6glich<\/li>\n<li>Druck von Kleinstauflagen ab 10St\u00fcck<\/li>\n<li>PUR- Klebebindung &#8211; sehr haltbar<\/li>\n<li>Buchkern schwarz oder f\u00e4rbig<\/li>\n<li>Buchkern auswahl des Papiermaterials\n<ul>\n<li>90g Volumen<\/li>\n<li>90g Munken<\/li>\n<li>130g Kunstdruckkarton<\/li>\n<\/ul>\n<\/li>\n<\/ul>\n<p><strong>Formate:<\/strong><\/p>\n<ul>\n<li>170 x 240 mm Superpreis<\/li>\n<li>A6<\/li>\n<li>140x 140 mm<\/li>\n<li>A5<\/li>\n<li>A5 quer<\/li>\n<li>150 x 230 mm<\/li>\n<li>A4<\/li>\n<\/ul>\n<div><img decoding=\"async\" loading=\"lazy\" class=\"aligncenter wp-image-874 size-full\" title=\"Softcover\" src=\"https:\/\/www.austrianweb.at\/drucksorten\/wp-content\/uploads\/Softcover1.jpg\" alt=\"\" width=\"250\" height=\"199\" \/><\/div>\n<p><strong><em>Senden Sie uns Ihre Druckdateien bitte vorzugsweise wie folgt:<\/em><\/strong><\/p>\n<ol>\n<li>Als PDFx\/1a Datei<\/li>\n<li>Aufl\u00f6sung mind. 300 DPI<\/li>\n<li>Farbmodus CMYK<\/li>\n<\/ol>\n","protected":false},"excerpt":{"rendered":"<p>B\u00fccher mit weichen Einband aus 350g Kunstdruckkarton. Bestimmen Sie selber die Seitenanzahl und auch ob der Buchkern in schwarz oder f\u00e4rbig gedruckt werden soll. Buchst\u00e4rkenbis 6cm m\u00f6glich Druck von Kleinstauflagen ab 10St\u00fcck PUR- Klebebindung &#8211; sehr haltbar Buchkern schwarz oder f\u00e4rbig Buchkern auswahl des Papiermaterials 90g Volumen 90g Munken 130g Kunstdruckkarton Formate: 170 x 240 [&hellip;]<\/p>\n","protected":false},"author":1,"featured_media":0,"parent":20,"menu_order":0,"comment_status":"closed","ping_status":"open","template":"","meta":{"footnotes":""},"yoast_head":"<!-- This site is optimized with the Yoast SEO plugin v22.5 - https:\/\/yoast.com\/wordpress\/plugins\/seo\/ -->\n<title>Softcover B\u00fccher<\/title>\n<meta name=\"description\" content=\"B\u00fccher mit Softcover schon ab 10 St\u00fcck drucken lassen. Buchdruck auch f\u00fcr den privaten Einsatz.\" \/>\n<meta name=\"robots\" content=\"index, follow, max-snippet:-1, max-image-preview:large, max-video-preview:-1\" \/>\n<link rel=\"canonical\" href=\"https:\/\/www.austrianweb.at\/drucksorten\/buecher\/softcover\/\" \/>\n<meta property=\"og:locale\" content=\"de_DE\" \/>\n<meta property=\"og:type\" content=\"article\" \/>\n<meta property=\"og:title\" content=\"Softcover B\u00fccher\" \/>\n<meta property=\"og:description\" content=\"B\u00fccher mit Softcover schon ab 10 St\u00fcck drucken lassen. Buchdruck auch f\u00fcr den privaten Einsatz.\" \/>\n<meta property=\"og:url\" content=\"https:\/\/www.austrianweb.at\/drucksorten\/buecher\/softcover\/\" \/>\n<meta property=\"og:site_name\" content=\"Qualitativ hochwertige Drucksorten aller Art\" \/>\n<meta property=\"article:publisher\" content=\"https:\/\/www.facebook.com\/pages\/Austrianweb-Suchmaschinenoptimierung\/\" \/>\n<meta property=\"article:modified_time\" content=\"2017-03-15T15:13:19+00:00\" \/>\n<meta property=\"og:image\" content=\"https:\/\/www.austrianweb.at\/drucksorten\/wp-content\/uploads\/Softcover1.jpg\" \/>\n<script type=\"application\/ld+json\" class=\"yoast-schema-graph\">{\"@context\":\"https:\/\/schema.org\",\"@graph\":[{\"@type\":\"WebPage\",\"@id\":\"https:\/\/www.austrianweb.at\/drucksorten\/buecher\/softcover\/\",\"url\":\"https:\/\/www.austrianweb.at\/drucksorten\/buecher\/softcover\/\",\"name\":\"Softcover B\u00fccher\",\"isPartOf\":{\"@id\":\"https:\/\/www.austrianweb.at\/drucksorten\/#website\"},\"primaryImageOfPage\":{\"@id\":\"https:\/\/www.austrianweb.at\/drucksorten\/buecher\/softcover\/#primaryimage\"},\"image\":{\"@id\":\"https:\/\/www.austrianweb.at\/drucksorten\/buecher\/softcover\/#primaryimage\"},\"thumbnailUrl\":\"https:\/\/www.austrianweb.at\/drucksorten\/wp-content\/uploads\/Softcover1.jpg\",\"datePublished\":\"2010-10-14T07:09:45+00:00\",\"dateModified\":\"2017-03-15T15:13:19+00:00\",\"description\":\"B\u00fccher mit Softcover schon ab 10 St\u00fcck drucken lassen. Buchdruck auch f\u00fcr den privaten Einsatz.\",\"breadcrumb\":{\"@id\":\"https:\/\/www.austrianweb.at\/drucksorten\/buecher\/softcover\/#breadcrumb\"},\"inLanguage\":\"de\",\"potentialAction\":[{\"@type\":\"ReadAction\",\"target\":[\"https:\/\/www.austrianweb.at\/drucksorten\/buecher\/softcover\/\"]}]},{\"@type\":\"ImageObject\",\"inLanguage\":\"de\",\"@id\":\"https:\/\/www.austrianweb.at\/drucksorten\/buecher\/softcover\/#primaryimage\",\"url\":\"https:\/\/www.austrianweb.at\/drucksorten\/wp-content\/uploads\/Softcover1.jpg\",\"contentUrl\":\"https:\/\/www.austrianweb.at\/drucksorten\/wp-content\/uploads\/Softcover1.jpg\"},{\"@type\":\"BreadcrumbList\",\"@id\":\"https:\/\/www.austrianweb.at\/drucksorten\/buecher\/softcover\/#breadcrumb\",\"itemListElement\":[{\"@type\":\"ListItem\",\"position\":1,\"name\":\"B\u00fccher\",\"item\":\"https:\/\/www.austrianweb.at\/drucksorten\/buecher\/\"},{\"@type\":\"ListItem\",\"position\":2,\"name\":\"Softcover\"}]},{\"@type\":\"WebSite\",\"@id\":\"https:\/\/www.austrianweb.at\/drucksorten\/#website\",\"url\":\"https:\/\/www.austrianweb.at\/drucksorten\/\",\"name\":\"Qualitativ hochwertige Drucksorten aller Art\",\"description\":\"Gesch\u00e4fts- u. Werbedrucksorten - Printartikel f\u00fcr Point of sale\",\"publisher\":{\"@id\":\"https:\/\/www.austrianweb.at\/drucksorten\/#organization\"},\"potentialAction\":[{\"@type\":\"SearchAction\",\"target\":{\"@type\":\"EntryPoint\",\"urlTemplate\":\"https:\/\/www.austrianweb.at\/drucksorten\/?s={search_term_string}\"},\"query-input\":\"required name=search_term_string\"}],\"inLanguage\":\"de\"},{\"@type\":\"Organization\",\"@id\":\"https:\/\/www.austrianweb.at\/drucksorten\/#organization\",\"name\":\"Austrianweb\",\"url\":\"https:\/\/www.austrianweb.at\/drucksorten\/\",\"logo\":{\"@type\":\"ImageObject\",\"inLanguage\":\"de\",\"@id\":\"https:\/\/www.austrianweb.at\/drucksorten\/#\/schema\/logo\/image\/\",\"url\":\"https:\/\/www.austrianweb.at\/drucksorten\/wp-content\/uploads\/Austrianweb-Logo-180.png\",\"contentUrl\":\"https:\/\/www.austrianweb.at\/drucksorten\/wp-content\/uploads\/Austrianweb-Logo-180.png\",\"width\":180,\"height\":209,\"caption\":\"Austrianweb\"},\"image\":{\"@id\":\"https:\/\/www.austrianweb.at\/drucksorten\/#\/schema\/logo\/image\/\"},\"sameAs\":[\"https:\/\/www.facebook.com\/pages\/Austrianweb-Suchmaschinenoptimierung\/\",\"https:\/\/x.com\/austrianweb\"]}]}<\/script>\n<!-- \/ Yoast SEO plugin. -->","yoast_head_json":{"title":"Softcover B\u00fccher","description":"B\u00fccher mit Softcover schon ab 10 St\u00fcck drucken lassen. Buchdruck auch f\u00fcr den privaten Einsatz.","robots":{"index":"index","follow":"follow","max-snippet":"max-snippet:-1","max-image-preview":"max-image-preview:large","max-video-preview":"max-video-preview:-1"},"canonical":"https:\/\/www.austrianweb.at\/drucksorten\/buecher\/softcover\/","og_locale":"de_DE","og_type":"article","og_title":"Softcover B\u00fccher","og_description":"B\u00fccher mit Softcover schon ab 10 St\u00fcck drucken lassen. Buchdruck auch f\u00fcr den privaten Einsatz.","og_url":"https:\/\/www.austrianweb.at\/drucksorten\/buecher\/softcover\/","og_site_name":"Qualitativ hochwertige Drucksorten aller Art","article_publisher":"https:\/\/www.facebook.com\/pages\/Austrianweb-Suchmaschinenoptimierung\/","article_modified_time":"2017-03-15T15:13:19+00:00","og_image":[{"url":"https:\/\/www.austrianweb.at\/drucksorten\/wp-content\/uploads\/Softcover1.jpg"}],"schema":{"@context":"https:\/\/schema.org","@graph":[{"@type":"WebPage","@id":"https:\/\/www.austrianweb.at\/drucksorten\/buecher\/softcover\/","url":"https:\/\/www.austrianweb.at\/drucksorten\/buecher\/softcover\/","name":"Softcover B\u00fccher","isPartOf":{"@id":"https:\/\/www.austrianweb.at\/drucksorten\/#website"},"primaryImageOfPage":{"@id":"https:\/\/www.austrianweb.at\/drucksorten\/buecher\/softcover\/#primaryimage"},"image":{"@id":"https:\/\/www.austrianweb.at\/drucksorten\/buecher\/softcover\/#primaryimage"},"thumbnailUrl":"https:\/\/www.austrianweb.at\/drucksorten\/wp-content\/uploads\/Softcover1.jpg","datePublished":"2010-10-14T07:09:45+00:00","dateModified":"2017-03-15T15:13:19+00:00","description":"B\u00fccher mit Softcover schon ab 10 St\u00fcck drucken lassen. Buchdruck auch f\u00fcr den privaten Einsatz.","breadcrumb":{"@id":"https:\/\/www.austrianweb.at\/drucksorten\/buecher\/softcover\/#breadcrumb"},"inLanguage":"de","potentialAction":[{"@type":"ReadAction","target":["https:\/\/www.austrianweb.at\/drucksorten\/buecher\/softcover\/"]}]},{"@type":"ImageObject","inLanguage":"de","@id":"https:\/\/www.austrianweb.at\/drucksorten\/buecher\/softcover\/#primaryimage","url":"https:\/\/www.austrianweb.at\/drucksorten\/wp-content\/uploads\/Softcover1.jpg","contentUrl":"https:\/\/www.austrianweb.at\/drucksorten\/wp-content\/uploads\/Softcover1.jpg"},{"@type":"BreadcrumbList","@id":"https:\/\/www.austrianweb.at\/drucksorten\/buecher\/softcover\/#breadcrumb","itemListElement":[{"@type":"ListItem","position":1,"name":"B\u00fccher","item":"https:\/\/www.austrianweb.at\/drucksorten\/buecher\/"},{"@type":"ListItem","position":2,"name":"Softcover"}]},{"@type":"WebSite","@id":"https:\/\/www.austrianweb.at\/drucksorten\/#website","url":"https:\/\/www.austrianweb.at\/drucksorten\/","name":"Qualitativ hochwertige Drucksorten aller Art","description":"Gesch\u00e4fts- u. Werbedrucksorten - Printartikel f\u00fcr Point of sale","publisher":{"@id":"https:\/\/www.austrianweb.at\/drucksorten\/#organization"},"potentialAction":[{"@type":"SearchAction","target":{"@type":"EntryPoint","urlTemplate":"https:\/\/www.austrianweb.at\/drucksorten\/?s={search_term_string}"},"query-input":"required name=search_term_string"}],"inLanguage":"de"},{"@type":"Organization","@id":"https:\/\/www.austrianweb.at\/drucksorten\/#organization","name":"Austrianweb","url":"https:\/\/www.austrianweb.at\/drucksorten\/","logo":{"@type":"ImageObject","inLanguage":"de","@id":"https:\/\/www.austrianweb.at\/drucksorten\/#\/schema\/logo\/image\/","url":"https:\/\/www.austrianweb.at\/drucksorten\/wp-content\/uploads\/Austrianweb-Logo-180.png","contentUrl":"https:\/\/www.austrianweb.at\/drucksorten\/wp-content\/uploads\/Austrianweb-Logo-180.png","width":180,"height":209,"caption":"Austrianweb"},"image":{"@id":"https:\/\/www.austrianweb.at\/drucksorten\/#\/schema\/logo\/image\/"},"sameAs":["https:\/\/www.facebook.com\/pages\/Austrianweb-Suchmaschinenoptimierung\/","https:\/\/x.com\/austrianweb"]}]}},"_links":{"self":[{"href":"https:\/\/www.austrianweb.at\/drucksorten\/wp-json\/wp\/v2\/pages\/147"}],"collection":[{"href":"https:\/\/www.austrianweb.at\/drucksorten\/wp-json\/wp\/v2\/pages"}],"about":[{"href":"https:\/\/www.austrianweb.at\/drucksorten\/wp-json\/wp\/v2\/types\/page"}],"author":[{"embeddable":true,"href":"https:\/\/www.austrianweb.at\/drucksorten\/wp-json\/wp\/v2\/users\/1"}],"replies":[{"embeddable":true,"href":"https:\/\/www.austrianweb.at\/drucksorten\/wp-json\/wp\/v2\/comments?post=147"}],"version-history":[{"count":1,"href":"https:\/\/www.austrianweb.at\/drucksorten\/wp-json\/wp\/v2\/pages\/147\/revisions"}],"predecessor-version":[{"id":3077,"href":"https:\/\/www.austrianweb.at\/drucksorten\/wp-json\/wp\/v2\/pages\/147\/revisions\/3077"}],"up":[{"embeddable":true,"href":"https:\/\/www.austrianweb.at\/drucksorten\/wp-json\/wp\/v2\/pages\/20"}],"wp:attachment":[{"href":"https:\/\/www.austrianweb.at\/drucksorten\/wp-json\/wp\/v2\/media?parent=147"}],"curies":[{"name":"wp","href":"https:\/\/api.w.org\/{rel}","templated":true}]}}