{"id":144,"date":"2010-10-07T19:17:28","date_gmt":"2010-10-07T19:17:28","guid":{"rendered":"http:\/\/www.austrianweb.at\/drucksorten\/wordpress\/?p=144"},"modified":"2015-09-17T19:03:12","modified_gmt":"2015-09-17T19:03:12","slug":"rollup","status":"publish","type":"page","link":"https:\/\/www.austrianweb.at\/drucksorten\/rollup\/","title":{"rendered":"Rollup"},"content":{"rendered":"<p>Auf Messen und \u00e4hnlichen Veranstaltungen sind die handlichen und in wenigen Sekunden aufgestellten RollUps sehr beliebt.<\/p>\n<p>Als Bespannung dient wahlweise<\/p>\n<ul>\n<li>Displaystoff (4c Sublimationsdruck auf hochwertigem Displaystoff, B1 zertifiziert, schwer entflammbar, franst nicht aus, sch\u00fcsselt nicht)\u00a0oder ein<\/li>\n<li>RollUp-Film aus PET (4c Latexdruck auf blickdichter PET-Folie, lichtundurchl\u00e4ssig, B1 zertifiziert, schwer entflammbar, sch\u00fcsselt nicht, seidengl\u00e4nzende Oberfl\u00e4che)<\/li>\n<\/ul>\n<p>Alle Systeme mit automatischer Aufwicklung und Tragetasche<\/p>\n<p><strong>Modell\u00fcbersicht:<\/strong><\/p>\n<ul>\n<li><strong>Classic Rollup<\/strong><br \/>\nder Klassiker, g\u00fcnstiges Display-System<\/li>\n<li><strong>Comfort Rollup<\/strong><br \/>\nedles Aussehen mit einem schwerem Standfu\u00df<\/li>\n<li><strong>Flex Rollup<\/strong><br \/>\nh\u00f6henverstellbar mittels Teleskopstange, schneller Wechsel der &#8222;Bespannung&#8220;<\/li>\n<li><strong>Outdoor Rollup<\/strong><br \/>\ndoppelseitig<\/li>\n<\/ul>\n<div>\n\n<\/div>\n<div><\/div>\n<div>Bitte beachten Sie auch unser Portfolio \u00fcber\u00a0Display\u00b4s!<\/div>\n<p>&nbsp;<\/p>\n","protected":false},"excerpt":{"rendered":"<p>Auf Messen und \u00e4hnlichen Veranstaltungen sind die handlichen und in wenigen Sekunden aufgestellten RollUps sehr beliebt. Als Bespannung dient wahlweise Displaystoff (4c Sublimationsdruck auf hochwertigem Displaystoff, B1 zertifiziert, schwer entflammbar, franst nicht aus, sch\u00fcsselt nicht)\u00a0oder ein RollUp-Film aus PET (4c Latexdruck auf blickdichter PET-Folie, lichtundurchl\u00e4ssig, B1 zertifiziert, schwer entflammbar, sch\u00fcsselt nicht, seidengl\u00e4nzende Oberfl\u00e4che) Alle Systeme [&hellip;]<\/p>\n","protected":false},"author":1,"featured_media":0,"parent":0,"menu_order":0,"comment_status":"closed","ping_status":"open","template":"","meta":{"footnotes":""},"yoast_head":"<!-- This site is optimized with the Yoast SEO plugin v22.5 - https:\/\/yoast.com\/wordpress\/plugins\/seo\/ -->\n<title>RollUps sind auff\u00e4llig und dabei g\u00fcnstig in der Anschaffung<\/title>\n<meta name=\"description\" content=\"Rollups f\u00fcr Drinnen aber auch f\u00fcr Outdoor Eins\u00e4tze. Schnell aufgestellt sind es tolle, mobile Plakate.\" \/>\n<meta name=\"robots\" content=\"index, follow, max-snippet:-1, max-image-preview:large, max-video-preview:-1\" \/>\n<link rel=\"canonical\" href=\"https:\/\/www.austrianweb.at\/drucksorten\/rollup\/\" \/>\n<meta property=\"og:locale\" content=\"de_DE\" \/>\n<meta property=\"og:type\" content=\"article\" \/>\n<meta property=\"og:title\" content=\"RollUps sind auff\u00e4llig und dabei g\u00fcnstig in der Anschaffung\" \/>\n<meta property=\"og:description\" content=\"Rollups f\u00fcr Drinnen aber auch f\u00fcr Outdoor Eins\u00e4tze. Schnell aufgestellt sind es tolle, mobile Plakate.\" \/>\n<meta property=\"og:url\" content=\"https:\/\/www.austrianweb.at\/drucksorten\/rollup\/\" \/>\n<meta property=\"og:site_name\" content=\"Qualitativ hochwertige Drucksorten aller Art\" \/>\n<meta property=\"article:publisher\" content=\"https:\/\/www.facebook.com\/pages\/Austrianweb-Suchmaschinenoptimierung\/\" \/>\n<meta property=\"article:modified_time\" content=\"2015-09-17T19:03:12+00:00\" \/>\n<meta property=\"og:image\" content=\"https:\/\/www.austrianweb.at\/drucksorten\/wp-content\/uploads\/Austrianweb-Logo-180.png\" \/>\n\t<meta property=\"og:image:width\" content=\"180\" \/>\n\t<meta property=\"og:image:height\" content=\"209\" \/>\n\t<meta property=\"og:image:type\" content=\"image\/png\" \/>\n<meta name=\"twitter:label1\" content=\"Gesch\u00e4tzte Lesezeit\" \/>\n\t<meta name=\"twitter:data1\" content=\"1\u00a0Minute\" \/>\n<script type=\"application\/ld+json\" class=\"yoast-schema-graph\">{\"@context\":\"https:\/\/schema.org\",\"@graph\":[{\"@type\":\"WebPage\",\"@id\":\"https:\/\/www.austrianweb.at\/drucksorten\/rollup\/\",\"url\":\"https:\/\/www.austrianweb.at\/drucksorten\/rollup\/\",\"name\":\"RollUps sind auff\u00e4llig und dabei g\u00fcnstig in der Anschaffung\",\"isPartOf\":{\"@id\":\"https:\/\/www.austrianweb.at\/drucksorten\/#website\"},\"datePublished\":\"2010-10-07T19:17:28+00:00\",\"dateModified\":\"2015-09-17T19:03:12+00:00\",\"description\":\"Rollups f\u00fcr Drinnen aber auch f\u00fcr Outdoor Eins\u00e4tze. Schnell aufgestellt sind es tolle, mobile Plakate.\",\"inLanguage\":\"de\",\"potentialAction\":[{\"@type\":\"ReadAction\",\"target\":[\"https:\/\/www.austrianweb.at\/drucksorten\/rollup\/\"]}]},{\"@type\":\"WebSite\",\"@id\":\"https:\/\/www.austrianweb.at\/drucksorten\/#website\",\"url\":\"https:\/\/www.austrianweb.at\/drucksorten\/\",\"name\":\"Qualitativ hochwertige Drucksorten aller Art\",\"description\":\"Gesch\u00e4fts- u. Werbedrucksorten - Printartikel f\u00fcr Point of sale\",\"publisher\":{\"@id\":\"https:\/\/www.austrianweb.at\/drucksorten\/#organization\"},\"potentialAction\":[{\"@type\":\"SearchAction\",\"target\":{\"@type\":\"EntryPoint\",\"urlTemplate\":\"https:\/\/www.austrianweb.at\/drucksorten\/?s={search_term_string}\"},\"query-input\":\"required name=search_term_string\"}],\"inLanguage\":\"de\"},{\"@type\":\"Organization\",\"@id\":\"https:\/\/www.austrianweb.at\/drucksorten\/#organization\",\"name\":\"Austrianweb\",\"url\":\"https:\/\/www.austrianweb.at\/drucksorten\/\",\"logo\":{\"@type\":\"ImageObject\",\"inLanguage\":\"de\",\"@id\":\"https:\/\/www.austrianweb.at\/drucksorten\/#\/schema\/logo\/image\/\",\"url\":\"https:\/\/www.austrianweb.at\/drucksorten\/wp-content\/uploads\/Austrianweb-Logo-180.png\",\"contentUrl\":\"https:\/\/www.austrianweb.at\/drucksorten\/wp-content\/uploads\/Austrianweb-Logo-180.png\",\"width\":180,\"height\":209,\"caption\":\"Austrianweb\"},\"image\":{\"@id\":\"https:\/\/www.austrianweb.at\/drucksorten\/#\/schema\/logo\/image\/\"},\"sameAs\":[\"https:\/\/www.facebook.com\/pages\/Austrianweb-Suchmaschinenoptimierung\/\",\"https:\/\/x.com\/austrianweb\"]}]}<\/script>\n<!-- \/ Yoast SEO plugin. -->","yoast_head_json":{"title":"RollUps sind auff\u00e4llig und dabei g\u00fcnstig in der Anschaffung","description":"Rollups f\u00fcr Drinnen aber auch f\u00fcr Outdoor Eins\u00e4tze. Schnell aufgestellt sind es tolle, mobile Plakate.","robots":{"index":"index","follow":"follow","max-snippet":"max-snippet:-1","max-image-preview":"max-image-preview:large","max-video-preview":"max-video-preview:-1"},"canonical":"https:\/\/www.austrianweb.at\/drucksorten\/rollup\/","og_locale":"de_DE","og_type":"article","og_title":"RollUps sind auff\u00e4llig und dabei g\u00fcnstig in der Anschaffung","og_description":"Rollups f\u00fcr Drinnen aber auch f\u00fcr Outdoor Eins\u00e4tze. Schnell aufgestellt sind es tolle, mobile Plakate.","og_url":"https:\/\/www.austrianweb.at\/drucksorten\/rollup\/","og_site_name":"Qualitativ hochwertige Drucksorten aller Art","article_publisher":"https:\/\/www.facebook.com\/pages\/Austrianweb-Suchmaschinenoptimierung\/","article_modified_time":"2015-09-17T19:03:12+00:00","og_image":[{"width":180,"height":209,"url":"https:\/\/www.austrianweb.at\/drucksorten\/wp-content\/uploads\/Austrianweb-Logo-180.png","type":"image\/png"}],"twitter_misc":{"Gesch\u00e4tzte Lesezeit":"1\u00a0Minute"},"schema":{"@context":"https:\/\/schema.org","@graph":[{"@type":"WebPage","@id":"https:\/\/www.austrianweb.at\/drucksorten\/rollup\/","url":"https:\/\/www.austrianweb.at\/drucksorten\/rollup\/","name":"RollUps sind auff\u00e4llig und dabei g\u00fcnstig in der Anschaffung","isPartOf":{"@id":"https:\/\/www.austrianweb.at\/drucksorten\/#website"},"datePublished":"2010-10-07T19:17:28+00:00","dateModified":"2015-09-17T19:03:12+00:00","description":"Rollups f\u00fcr Drinnen aber auch f\u00fcr Outdoor Eins\u00e4tze. Schnell aufgestellt sind es tolle, mobile Plakate.","inLanguage":"de","potentialAction":[{"@type":"ReadAction","target":["https:\/\/www.austrianweb.at\/drucksorten\/rollup\/"]}]},{"@type":"WebSite","@id":"https:\/\/www.austrianweb.at\/drucksorten\/#website","url":"https:\/\/www.austrianweb.at\/drucksorten\/","name":"Qualitativ hochwertige Drucksorten aller Art","description":"Gesch\u00e4fts- u. Werbedrucksorten - Printartikel f\u00fcr Point of sale","publisher":{"@id":"https:\/\/www.austrianweb.at\/drucksorten\/#organization"},"potentialAction":[{"@type":"SearchAction","target":{"@type":"EntryPoint","urlTemplate":"https:\/\/www.austrianweb.at\/drucksorten\/?s={search_term_string}"},"query-input":"required name=search_term_string"}],"inLanguage":"de"},{"@type":"Organization","@id":"https:\/\/www.austrianweb.at\/drucksorten\/#organization","name":"Austrianweb","url":"https:\/\/www.austrianweb.at\/drucksorten\/","logo":{"@type":"ImageObject","inLanguage":"de","@id":"https:\/\/www.austrianweb.at\/drucksorten\/#\/schema\/logo\/image\/","url":"https:\/\/www.austrianweb.at\/drucksorten\/wp-content\/uploads\/Austrianweb-Logo-180.png","contentUrl":"https:\/\/www.austrianweb.at\/drucksorten\/wp-content\/uploads\/Austrianweb-Logo-180.png","width":180,"height":209,"caption":"Austrianweb"},"image":{"@id":"https:\/\/www.austrianweb.at\/drucksorten\/#\/schema\/logo\/image\/"},"sameAs":["https:\/\/www.facebook.com\/pages\/Austrianweb-Suchmaschinenoptimierung\/","https:\/\/x.com\/austrianweb"]}]}},"_links":{"self":[{"href":"https:\/\/www.austrianweb.at\/drucksorten\/wp-json\/wp\/v2\/pages\/144"}],"collection":[{"href":"https:\/\/www.austrianweb.at\/drucksorten\/wp-json\/wp\/v2\/pages"}],"about":[{"href":"https:\/\/www.austrianweb.at\/drucksorten\/wp-json\/wp\/v2\/types\/page"}],"author":[{"embeddable":true,"href":"https:\/\/www.austrianweb.at\/drucksorten\/wp-json\/wp\/v2\/users\/1"}],"replies":[{"embeddable":true,"href":"https:\/\/www.austrianweb.at\/drucksorten\/wp-json\/wp\/v2\/comments?post=144"}],"version-history":[{"count":1,"href":"https:\/\/www.austrianweb.at\/drucksorten\/wp-json\/wp\/v2\/pages\/144\/revisions"}],"predecessor-version":[{"id":3168,"href":"https:\/\/www.austrianweb.at\/drucksorten\/wp-json\/wp\/v2\/pages\/144\/revisions\/3168"}],"wp:attachment":[{"href":"https:\/\/www.austrianweb.at\/drucksorten\/wp-json\/wp\/v2\/media?parent=144"}],"curies":[{"name":"wp","href":"https:\/\/api.w.org\/{rel}","templated":true}]}}