{"id":142,"date":"2010-10-07T18:49:32","date_gmt":"2010-10-07T18:49:32","guid":{"rendered":"http:\/\/www.austrianweb.at\/drucksorten\/wordpress\/?p=142"},"modified":"2017-03-15T15:13:20","modified_gmt":"2017-03-15T15:13:20","slug":"standdisplay","status":"publish","type":"page","link":"https:\/\/www.austrianweb.at\/drucksorten\/display\/standdisplay\/","title":{"rendered":"Standdisplay"},"content":{"rendered":"<p><strong>Standdisplay <\/strong><\/p>\n<p>Bei jeder Messeauftritt, Neuer\u00f6ffnung, als Hinweistafeln, Informationsst\u00e4nden- \u00a0leicht\u00a0aufzustellen und wegzur\u00e4umen.<\/p>\n<ul>\n<li>Kapaplatten 5mm ( sehr leichte Tafel)<\/li>\n<li>mittels 4c UV Druckverfahren<\/li>\n<li>mit ausklappbaren Kartonst\u00e4nder<\/li>\n<li>leicht montiert mit nur einem Klebestreifen<\/li>\n<li>!ACHTUNG! durch das geringe Gewicht nur f\u00fcr den Innenbereich geeignet<\/li>\n<li>Lieferzeit: 2 &#8211; 3 Werktage ab druckfertiger Datei<\/li>\n<\/ul>\n<p style=\"text-align: center;\">\u00a0<a href=\"https:\/\/www.austrianweb.at\/drucksorten\/wp-content\/uploads\/Standdisplay.png\"><img decoding=\"async\" loading=\"lazy\" class=\"aligncenter size-medium wp-image-2334\" title=\"Standdisplay\" alt=\"\" src=\"https:\/\/www.austrianweb.at\/drucksorten\/wp-content\/uploads\/Standdisplay-300x288.png\" width=\"300\" height=\"288\" \/><\/a><\/p>\n","protected":false},"excerpt":{"rendered":"<p>Standdisplay Bei jeder Messeauftritt, Neuer\u00f6ffnung, als Hinweistafeln, Informationsst\u00e4nden- \u00a0leicht\u00a0aufzustellen und wegzur\u00e4umen. Kapaplatten 5mm ( sehr leichte Tafel) mittels 4c UV Druckverfahren mit ausklappbaren Kartonst\u00e4nder leicht montiert mit nur einem Klebestreifen !ACHTUNG! durch das geringe Gewicht nur f\u00fcr den Innenbereich geeignet Lieferzeit: 2 &#8211; 3 Werktage ab druckfertiger Datei \u00a0<\/p>\n","protected":false},"author":1,"featured_media":0,"parent":143,"menu_order":0,"comment_status":"closed","ping_status":"open","template":"","meta":{"footnotes":""},"yoast_head":"<!-- This site is optimized with the Yoast SEO plugin v22.5 - https:\/\/yoast.com\/wordpress\/plugins\/seo\/ -->\n<title>Standdisplay - Qualitativ hochwertige Drucksorten aller Art<\/title>\n<meta name=\"robots\" content=\"index, follow, max-snippet:-1, max-image-preview:large, max-video-preview:-1\" \/>\n<link rel=\"canonical\" href=\"https:\/\/www.austrianweb.at\/drucksorten\/display\/standdisplay\/\" \/>\n<meta property=\"og:locale\" content=\"de_DE\" \/>\n<meta property=\"og:type\" content=\"article\" \/>\n<meta property=\"og:title\" content=\"Standdisplay - Qualitativ hochwertige Drucksorten aller Art\" \/>\n<meta property=\"og:description\" content=\"Standdisplay Bei jeder Messeauftritt, Neuer\u00f6ffnung, als Hinweistafeln, Informationsst\u00e4nden- \u00a0leicht\u00a0aufzustellen und wegzur\u00e4umen. Kapaplatten 5mm ( sehr leichte Tafel) mittels 4c UV Druckverfahren mit ausklappbaren Kartonst\u00e4nder leicht montiert mit nur einem Klebestreifen !ACHTUNG! durch das geringe Gewicht nur f\u00fcr den Innenbereich geeignet Lieferzeit: 2 &#8211; 3 Werktage ab druckfertiger Datei \u00a0\" \/>\n<meta property=\"og:url\" content=\"https:\/\/www.austrianweb.at\/drucksorten\/display\/standdisplay\/\" \/>\n<meta property=\"og:site_name\" content=\"Qualitativ hochwertige Drucksorten aller Art\" \/>\n<meta property=\"article:publisher\" content=\"https:\/\/www.facebook.com\/pages\/Austrianweb-Suchmaschinenoptimierung\/\" \/>\n<meta property=\"article:modified_time\" content=\"2017-03-15T15:13:20+00:00\" \/>\n<meta property=\"og:image\" content=\"https:\/\/www.austrianweb.at\/drucksorten\/wp-content\/uploads\/Standdisplay-300x288.png\" \/>\n<script type=\"application\/ld+json\" class=\"yoast-schema-graph\">{\"@context\":\"https:\/\/schema.org\",\"@graph\":[{\"@type\":\"WebPage\",\"@id\":\"https:\/\/www.austrianweb.at\/drucksorten\/display\/standdisplay\/\",\"url\":\"https:\/\/www.austrianweb.at\/drucksorten\/display\/standdisplay\/\",\"name\":\"Standdisplay - Qualitativ hochwertige Drucksorten aller Art\",\"isPartOf\":{\"@id\":\"https:\/\/www.austrianweb.at\/drucksorten\/#website\"},\"primaryImageOfPage\":{\"@id\":\"https:\/\/www.austrianweb.at\/drucksorten\/display\/standdisplay\/#primaryimage\"},\"image\":{\"@id\":\"https:\/\/www.austrianweb.at\/drucksorten\/display\/standdisplay\/#primaryimage\"},\"thumbnailUrl\":\"https:\/\/www.austrianweb.at\/drucksorten\/wp-content\/uploads\/Standdisplay-300x288.png\",\"datePublished\":\"2010-10-07T18:49:32+00:00\",\"dateModified\":\"2017-03-15T15:13:20+00:00\",\"breadcrumb\":{\"@id\":\"https:\/\/www.austrianweb.at\/drucksorten\/display\/standdisplay\/#breadcrumb\"},\"inLanguage\":\"de\",\"potentialAction\":[{\"@type\":\"ReadAction\",\"target\":[\"https:\/\/www.austrianweb.at\/drucksorten\/display\/standdisplay\/\"]}]},{\"@type\":\"ImageObject\",\"inLanguage\":\"de\",\"@id\":\"https:\/\/www.austrianweb.at\/drucksorten\/display\/standdisplay\/#primaryimage\",\"url\":\"https:\/\/www.austrianweb.at\/drucksorten\/wp-content\/uploads\/Standdisplay-300x288.png\",\"contentUrl\":\"https:\/\/www.austrianweb.at\/drucksorten\/wp-content\/uploads\/Standdisplay-300x288.png\"},{\"@type\":\"BreadcrumbList\",\"@id\":\"https:\/\/www.austrianweb.at\/drucksorten\/display\/standdisplay\/#breadcrumb\",\"itemListElement\":[{\"@type\":\"ListItem\",\"position\":1,\"name\":\"Display\u00b4s\",\"item\":\"https:\/\/www.austrianweb.at\/drucksorten\/display\/\"},{\"@type\":\"ListItem\",\"position\":2,\"name\":\"Standdisplay\"}]},{\"@type\":\"WebSite\",\"@id\":\"https:\/\/www.austrianweb.at\/drucksorten\/#website\",\"url\":\"https:\/\/www.austrianweb.at\/drucksorten\/\",\"name\":\"Qualitativ hochwertige Drucksorten aller Art\",\"description\":\"Gesch\u00e4fts- u. Werbedrucksorten - Printartikel f\u00fcr Point of sale\",\"publisher\":{\"@id\":\"https:\/\/www.austrianweb.at\/drucksorten\/#organization\"},\"potentialAction\":[{\"@type\":\"SearchAction\",\"target\":{\"@type\":\"EntryPoint\",\"urlTemplate\":\"https:\/\/www.austrianweb.at\/drucksorten\/?s={search_term_string}\"},\"query-input\":\"required name=search_term_string\"}],\"inLanguage\":\"de\"},{\"@type\":\"Organization\",\"@id\":\"https:\/\/www.austrianweb.at\/drucksorten\/#organization\",\"name\":\"Austrianweb\",\"url\":\"https:\/\/www.austrianweb.at\/drucksorten\/\",\"logo\":{\"@type\":\"ImageObject\",\"inLanguage\":\"de\",\"@id\":\"https:\/\/www.austrianweb.at\/drucksorten\/#\/schema\/logo\/image\/\",\"url\":\"https:\/\/www.austrianweb.at\/drucksorten\/wp-content\/uploads\/Austrianweb-Logo-180.png\",\"contentUrl\":\"https:\/\/www.austrianweb.at\/drucksorten\/wp-content\/uploads\/Austrianweb-Logo-180.png\",\"width\":180,\"height\":209,\"caption\":\"Austrianweb\"},\"image\":{\"@id\":\"https:\/\/www.austrianweb.at\/drucksorten\/#\/schema\/logo\/image\/\"},\"sameAs\":[\"https:\/\/www.facebook.com\/pages\/Austrianweb-Suchmaschinenoptimierung\/\",\"https:\/\/x.com\/austrianweb\"]}]}<\/script>\n<!-- \/ Yoast SEO plugin. -->","yoast_head_json":{"title":"Standdisplay - Qualitativ hochwertige Drucksorten aller Art","robots":{"index":"index","follow":"follow","max-snippet":"max-snippet:-1","max-image-preview":"max-image-preview:large","max-video-preview":"max-video-preview:-1"},"canonical":"https:\/\/www.austrianweb.at\/drucksorten\/display\/standdisplay\/","og_locale":"de_DE","og_type":"article","og_title":"Standdisplay - Qualitativ hochwertige Drucksorten aller Art","og_description":"Standdisplay Bei jeder Messeauftritt, Neuer\u00f6ffnung, als Hinweistafeln, Informationsst\u00e4nden- \u00a0leicht\u00a0aufzustellen und wegzur\u00e4umen. Kapaplatten 5mm ( sehr leichte Tafel) mittels 4c UV Druckverfahren mit ausklappbaren Kartonst\u00e4nder leicht montiert mit nur einem Klebestreifen !ACHTUNG! durch das geringe Gewicht nur f\u00fcr den Innenbereich geeignet Lieferzeit: 2 &#8211; 3 Werktage ab druckfertiger Datei \u00a0","og_url":"https:\/\/www.austrianweb.at\/drucksorten\/display\/standdisplay\/","og_site_name":"Qualitativ hochwertige Drucksorten aller Art","article_publisher":"https:\/\/www.facebook.com\/pages\/Austrianweb-Suchmaschinenoptimierung\/","article_modified_time":"2017-03-15T15:13:20+00:00","og_image":[{"url":"https:\/\/www.austrianweb.at\/drucksorten\/wp-content\/uploads\/Standdisplay-300x288.png"}],"schema":{"@context":"https:\/\/schema.org","@graph":[{"@type":"WebPage","@id":"https:\/\/www.austrianweb.at\/drucksorten\/display\/standdisplay\/","url":"https:\/\/www.austrianweb.at\/drucksorten\/display\/standdisplay\/","name":"Standdisplay - Qualitativ hochwertige Drucksorten aller Art","isPartOf":{"@id":"https:\/\/www.austrianweb.at\/drucksorten\/#website"},"primaryImageOfPage":{"@id":"https:\/\/www.austrianweb.at\/drucksorten\/display\/standdisplay\/#primaryimage"},"image":{"@id":"https:\/\/www.austrianweb.at\/drucksorten\/display\/standdisplay\/#primaryimage"},"thumbnailUrl":"https:\/\/www.austrianweb.at\/drucksorten\/wp-content\/uploads\/Standdisplay-300x288.png","datePublished":"2010-10-07T18:49:32+00:00","dateModified":"2017-03-15T15:13:20+00:00","breadcrumb":{"@id":"https:\/\/www.austrianweb.at\/drucksorten\/display\/standdisplay\/#breadcrumb"},"inLanguage":"de","potentialAction":[{"@type":"ReadAction","target":["https:\/\/www.austrianweb.at\/drucksorten\/display\/standdisplay\/"]}]},{"@type":"ImageObject","inLanguage":"de","@id":"https:\/\/www.austrianweb.at\/drucksorten\/display\/standdisplay\/#primaryimage","url":"https:\/\/www.austrianweb.at\/drucksorten\/wp-content\/uploads\/Standdisplay-300x288.png","contentUrl":"https:\/\/www.austrianweb.at\/drucksorten\/wp-content\/uploads\/Standdisplay-300x288.png"},{"@type":"BreadcrumbList","@id":"https:\/\/www.austrianweb.at\/drucksorten\/display\/standdisplay\/#breadcrumb","itemListElement":[{"@type":"ListItem","position":1,"name":"Display\u00b4s","item":"https:\/\/www.austrianweb.at\/drucksorten\/display\/"},{"@type":"ListItem","position":2,"name":"Standdisplay"}]},{"@type":"WebSite","@id":"https:\/\/www.austrianweb.at\/drucksorten\/#website","url":"https:\/\/www.austrianweb.at\/drucksorten\/","name":"Qualitativ hochwertige Drucksorten aller Art","description":"Gesch\u00e4fts- u. Werbedrucksorten - Printartikel f\u00fcr Point of sale","publisher":{"@id":"https:\/\/www.austrianweb.at\/drucksorten\/#organization"},"potentialAction":[{"@type":"SearchAction","target":{"@type":"EntryPoint","urlTemplate":"https:\/\/www.austrianweb.at\/drucksorten\/?s={search_term_string}"},"query-input":"required name=search_term_string"}],"inLanguage":"de"},{"@type":"Organization","@id":"https:\/\/www.austrianweb.at\/drucksorten\/#organization","name":"Austrianweb","url":"https:\/\/www.austrianweb.at\/drucksorten\/","logo":{"@type":"ImageObject","inLanguage":"de","@id":"https:\/\/www.austrianweb.at\/drucksorten\/#\/schema\/logo\/image\/","url":"https:\/\/www.austrianweb.at\/drucksorten\/wp-content\/uploads\/Austrianweb-Logo-180.png","contentUrl":"https:\/\/www.austrianweb.at\/drucksorten\/wp-content\/uploads\/Austrianweb-Logo-180.png","width":180,"height":209,"caption":"Austrianweb"},"image":{"@id":"https:\/\/www.austrianweb.at\/drucksorten\/#\/schema\/logo\/image\/"},"sameAs":["https:\/\/www.facebook.com\/pages\/Austrianweb-Suchmaschinenoptimierung\/","https:\/\/x.com\/austrianweb"]}]}},"_links":{"self":[{"href":"https:\/\/www.austrianweb.at\/drucksorten\/wp-json\/wp\/v2\/pages\/142"}],"collection":[{"href":"https:\/\/www.austrianweb.at\/drucksorten\/wp-json\/wp\/v2\/pages"}],"about":[{"href":"https:\/\/www.austrianweb.at\/drucksorten\/wp-json\/wp\/v2\/types\/page"}],"author":[{"embeddable":true,"href":"https:\/\/www.austrianweb.at\/drucksorten\/wp-json\/wp\/v2\/users\/1"}],"replies":[{"embeddable":true,"href":"https:\/\/www.austrianweb.at\/drucksorten\/wp-json\/wp\/v2\/comments?post=142"}],"version-history":[{"count":1,"href":"https:\/\/www.austrianweb.at\/drucksorten\/wp-json\/wp\/v2\/pages\/142\/revisions"}],"predecessor-version":[{"id":2994,"href":"https:\/\/www.austrianweb.at\/drucksorten\/wp-json\/wp\/v2\/pages\/142\/revisions\/2994"}],"up":[{"embeddable":true,"href":"https:\/\/www.austrianweb.at\/drucksorten\/wp-json\/wp\/v2\/pages\/143"}],"wp:attachment":[{"href":"https:\/\/www.austrianweb.at\/drucksorten\/wp-json\/wp\/v2\/media?parent=142"}],"curies":[{"name":"wp","href":"https:\/\/api.w.org\/{rel}","templated":true}]}}