{"id":138,"date":"2012-05-31T12:13:56","date_gmt":"2012-05-31T12:13:56","guid":{"rendered":"http:\/\/www.austrianweb.at\/drucksorten\/wordpress\/?p=138"},"modified":"2025-10-24T14:14:08","modified_gmt":"2025-10-24T14:14:08","slug":"bauzaunblenden","status":"publish","type":"page","link":"https:\/\/www.austrianweb.at\/drucksorten\/banner-transparente\/bauzaunblenden\/","title":{"rendered":"Bauzaunblenden"},"content":{"rendered":"<h2>Bauzaunplanen, randverst\u00e4rkt<\/h2>\n<p>Werbeplanen auf Bauz\u00e4unen ist kosteng\u00fcnstig aber effektiv.\u00a0Der Bauzaun wird zur Werbefl\u00e4che f\u00fcr Ihr Unternehmen. Das spezielle Mesh Material ist winddurchl\u00e4ssig und robust.<\/p>\n<p>Zu besseren Haltbarkeit sind unsere Bauzaunblenden wahlweise randverst\u00e4rkt. Alle 50cm sind \u00d6sen angebracht.<\/p>\n<p>Bauzaunblenden\u00a0versch\u00f6nern Bauz\u00e4une \/ Ger\u00fcste und machen sie gro\u00dfteils sichtundurchl\u00e4ssig. Gleichzeitig sind es tolle Werbetr\u00e4ger.<\/p>\n<p>Baunetze k\u00f6nnen aus verschiedenen Materialien angefertigt werden. Textil-Netze haben den gro\u00dfen Vorteil das sie extrem winddurchl\u00e4ssig sind. Dies ist besonders bei l\u00e4ngeren Z\u00e4unen hilfreich!<\/p>\n<p><strong>Standard Format \/ Gr\u00f6\u00dfen der Baunetze \/ Bauzaunplanen:<\/strong><\/p>\n<ul>\n<li>3,4\u00d71,74m als\u00a0Bauzaunblende<\/li>\n<li>2,15\u00d70.73m als\u00a0Absperrgitter<\/li>\n<li>2\u00d72,05m f\u00fcr\u00a0Ger\u00fcstblende<\/li>\n<li>3,36\u00d72,38m f\u00fcr\u00a016 Bogen<\/li>\n<li>5,04\u00d72,38m f\u00fcr\u00a024 Bogen<\/li>\n<\/ul>\n<div><div style=\"width: 310px\" class=\"wp-caption aligncenter\"><a href=\"https:\/\/www.austrianweb.at\/drucksorten\/wp-content\/uploads\/Bauzaunblenden1.jpg\" rel=\"slb_group[1924] slb slb_internal\"><img decoding=\"async\" loading=\"lazy\" title=\"Bauzaunblenden\" src=\"https:\/\/www.austrianweb.at\/drucksorten\/wp-content\/uploads\/Bauzaunblenden1.jpg\" alt=\"\" width=\"300\" height=\"269\" \/><\/a><p class=\"wp-caption-text\">Bauzaunblenden<\/p><\/div><\/div>\n<p>Material: Hoch\u00adfes\u00adtes 260 g\/m\u00b2 Me\u00adsh-Netz\u00adge\u00adwe\u00adbe mit wirklich bril\u00adlan\u00adter Druck\u00adwie\u00adder\u00adga\u00adbe. Das Ma\u00adte\u00adri\u00adal hat die Brand\u00adschutz\u00adklas\u00adsen B1, M2 und ist REACh kon\u00adform.<\/p>\n<p>Baunetze eigenen sich bestens als Bauzaunblenden. Man versch\u00f6nert Bauz\u00e4une und macht sie gro\u00dfteils sichtundurchl\u00e4ssig. Gleichzeitig sind es tolle Werbetr\u00e4ger.\u00a0Baunetze k\u00f6nnen aus verschiedenen Materialien angefertigt werden. Textil-Netze haben den gro\u00dfen Vorteil das sie extrem winddurchl\u00e4ssig sind. Dies ist besonders bei l\u00e4ngeren Z\u00e4unen hilfreich!<\/p>\n","protected":false},"excerpt":{"rendered":"<p>Bauzaunplanen, randverst\u00e4rkt Werbeplanen auf Bauz\u00e4unen ist kosteng\u00fcnstig aber effektiv.\u00a0Der Bauzaun wird zur Werbefl\u00e4che f\u00fcr Ihr Unternehmen. Das spezielle Mesh Material ist winddurchl\u00e4ssig und robust. Zu besseren Haltbarkeit sind unsere Bauzaunblenden wahlweise randverst\u00e4rkt. Alle 50cm sind \u00d6sen angebracht. Bauzaunblenden\u00a0versch\u00f6nern Bauz\u00e4une \/ Ger\u00fcste und machen sie gro\u00dfteils sichtundurchl\u00e4ssig. Gleichzeitig sind es tolle Werbetr\u00e4ger. Baunetze k\u00f6nnen aus verschiedenen [&hellip;]<\/p>\n","protected":false},"author":6,"featured_media":0,"parent":4589,"menu_order":0,"comment_status":"closed","ping_status":"open","template":"","meta":{"footnotes":""},"yoast_head":"<!-- This site is optimized with the Yoast SEO plugin v22.5 - https:\/\/yoast.com\/wordpress\/plugins\/seo\/ -->\n<title>Bauzaunblenden, auch f. Absperrgitter. PVC, Textil oder Netzvinyl<\/title>\n<meta name=\"description\" content=\"Bauzaunblenden sind eine Art Transparent um Werbeotschaften und Hinweise zu erm\u00f6glichen. Hochwertige Qualit\u00e4t h\u00e4lt auch hohe Belastungen aus!\" \/>\n<meta name=\"robots\" content=\"index, follow, max-snippet:-1, max-image-preview:large, max-video-preview:-1\" \/>\n<link rel=\"canonical\" href=\"https:\/\/www.austrianweb.at\/drucksorten\/banner-transparente\/bauzaunblenden\/\" \/>\n<meta property=\"og:locale\" content=\"de_DE\" \/>\n<meta property=\"og:type\" content=\"article\" \/>\n<meta property=\"og:title\" content=\"Bauzaunblenden, auch f. Absperrgitter. PVC, Textil oder Netzvinyl\" \/>\n<meta property=\"og:description\" content=\"Bauzaunblenden sind eine Art Transparent um Werbeotschaften und Hinweise zu erm\u00f6glichen. Hochwertige Qualit\u00e4t h\u00e4lt auch hohe Belastungen aus!\" \/>\n<meta property=\"og:url\" content=\"https:\/\/www.austrianweb.at\/drucksorten\/banner-transparente\/bauzaunblenden\/\" \/>\n<meta property=\"og:site_name\" content=\"Qualitativ hochwertige Drucksorten aller Art\" \/>\n<meta property=\"article:publisher\" content=\"https:\/\/www.facebook.com\/pages\/Austrianweb-Suchmaschinenoptimierung\/\" \/>\n<meta property=\"article:modified_time\" content=\"2025-10-24T14:14:08+00:00\" \/>\n<meta property=\"og:image\" content=\"https:\/\/www.austrianweb.at\/drucksorten\/wp-content\/uploads\/Bauzaunblenden1.jpg\" \/>\n<meta name=\"twitter:label1\" content=\"Gesch\u00e4tzte Lesezeit\" \/>\n\t<meta name=\"twitter:data1\" content=\"2\u00a0Minuten\" \/>\n<script type=\"application\/ld+json\" class=\"yoast-schema-graph\">{\"@context\":\"https:\/\/schema.org\",\"@graph\":[{\"@type\":\"WebPage\",\"@id\":\"https:\/\/www.austrianweb.at\/drucksorten\/banner-transparente\/bauzaunblenden\/\",\"url\":\"https:\/\/www.austrianweb.at\/drucksorten\/banner-transparente\/bauzaunblenden\/\",\"name\":\"Bauzaunblenden, auch f. Absperrgitter. PVC, Textil oder Netzvinyl\",\"isPartOf\":{\"@id\":\"https:\/\/www.austrianweb.at\/drucksorten\/#website\"},\"primaryImageOfPage\":{\"@id\":\"https:\/\/www.austrianweb.at\/drucksorten\/banner-transparente\/bauzaunblenden\/#primaryimage\"},\"image\":{\"@id\":\"https:\/\/www.austrianweb.at\/drucksorten\/banner-transparente\/bauzaunblenden\/#primaryimage\"},\"thumbnailUrl\":\"https:\/\/www.austrianweb.at\/drucksorten\/wp-content\/uploads\/Bauzaunblenden1.jpg\",\"datePublished\":\"2012-05-31T12:13:56+00:00\",\"dateModified\":\"2025-10-24T14:14:08+00:00\",\"description\":\"Bauzaunblenden sind eine Art Transparent um Werbeotschaften und Hinweise zu erm\u00f6glichen. Hochwertige Qualit\u00e4t h\u00e4lt auch hohe Belastungen aus!\",\"breadcrumb\":{\"@id\":\"https:\/\/www.austrianweb.at\/drucksorten\/banner-transparente\/bauzaunblenden\/#breadcrumb\"},\"inLanguage\":\"de\",\"potentialAction\":[{\"@type\":\"ReadAction\",\"target\":[\"https:\/\/www.austrianweb.at\/drucksorten\/banner-transparente\/bauzaunblenden\/\"]}]},{\"@type\":\"ImageObject\",\"inLanguage\":\"de\",\"@id\":\"https:\/\/www.austrianweb.at\/drucksorten\/banner-transparente\/bauzaunblenden\/#primaryimage\",\"url\":\"https:\/\/www.austrianweb.at\/drucksorten\/wp-content\/uploads\/Bauzaunblenden1.jpg\",\"contentUrl\":\"https:\/\/www.austrianweb.at\/drucksorten\/wp-content\/uploads\/Bauzaunblenden1.jpg\",\"width\":300,\"height\":269},{\"@type\":\"BreadcrumbList\",\"@id\":\"https:\/\/www.austrianweb.at\/drucksorten\/banner-transparente\/bauzaunblenden\/#breadcrumb\",\"itemListElement\":[{\"@type\":\"ListItem\",\"position\":1,\"name\":\"Banner &#8211; Transparente\",\"item\":\"https:\/\/www.austrianweb.at\/drucksorten\/banner-transparente\/\"},{\"@type\":\"ListItem\",\"position\":2,\"name\":\"Bauzaunblenden\"}]},{\"@type\":\"WebSite\",\"@id\":\"https:\/\/www.austrianweb.at\/drucksorten\/#website\",\"url\":\"https:\/\/www.austrianweb.at\/drucksorten\/\",\"name\":\"Qualitativ hochwertige Drucksorten aller Art\",\"description\":\"Gesch\u00e4fts- u. Werbedrucksorten - Printartikel f\u00fcr Point of sale\",\"publisher\":{\"@id\":\"https:\/\/www.austrianweb.at\/drucksorten\/#organization\"},\"potentialAction\":[{\"@type\":\"SearchAction\",\"target\":{\"@type\":\"EntryPoint\",\"urlTemplate\":\"https:\/\/www.austrianweb.at\/drucksorten\/?s={search_term_string}\"},\"query-input\":\"required name=search_term_string\"}],\"inLanguage\":\"de\"},{\"@type\":\"Organization\",\"@id\":\"https:\/\/www.austrianweb.at\/drucksorten\/#organization\",\"name\":\"Austrianweb\",\"url\":\"https:\/\/www.austrianweb.at\/drucksorten\/\",\"logo\":{\"@type\":\"ImageObject\",\"inLanguage\":\"de\",\"@id\":\"https:\/\/www.austrianweb.at\/drucksorten\/#\/schema\/logo\/image\/\",\"url\":\"https:\/\/www.austrianweb.at\/drucksorten\/wp-content\/uploads\/Austrianweb-Logo-180.png\",\"contentUrl\":\"https:\/\/www.austrianweb.at\/drucksorten\/wp-content\/uploads\/Austrianweb-Logo-180.png\",\"width\":180,\"height\":209,\"caption\":\"Austrianweb\"},\"image\":{\"@id\":\"https:\/\/www.austrianweb.at\/drucksorten\/#\/schema\/logo\/image\/\"},\"sameAs\":[\"https:\/\/www.facebook.com\/pages\/Austrianweb-Suchmaschinenoptimierung\/\",\"https:\/\/x.com\/austrianweb\"]}]}<\/script>\n<!-- \/ Yoast SEO plugin. -->","yoast_head_json":{"title":"Bauzaunblenden, auch f. Absperrgitter. PVC, Textil oder Netzvinyl","description":"Bauzaunblenden sind eine Art Transparent um Werbeotschaften und Hinweise zu erm\u00f6glichen. Hochwertige Qualit\u00e4t h\u00e4lt auch hohe Belastungen aus!","robots":{"index":"index","follow":"follow","max-snippet":"max-snippet:-1","max-image-preview":"max-image-preview:large","max-video-preview":"max-video-preview:-1"},"canonical":"https:\/\/www.austrianweb.at\/drucksorten\/banner-transparente\/bauzaunblenden\/","og_locale":"de_DE","og_type":"article","og_title":"Bauzaunblenden, auch f. Absperrgitter. PVC, Textil oder Netzvinyl","og_description":"Bauzaunblenden sind eine Art Transparent um Werbeotschaften und Hinweise zu erm\u00f6glichen. Hochwertige Qualit\u00e4t h\u00e4lt auch hohe Belastungen aus!","og_url":"https:\/\/www.austrianweb.at\/drucksorten\/banner-transparente\/bauzaunblenden\/","og_site_name":"Qualitativ hochwertige Drucksorten aller Art","article_publisher":"https:\/\/www.facebook.com\/pages\/Austrianweb-Suchmaschinenoptimierung\/","article_modified_time":"2025-10-24T14:14:08+00:00","og_image":[{"url":"https:\/\/www.austrianweb.at\/drucksorten\/wp-content\/uploads\/Bauzaunblenden1.jpg"}],"twitter_misc":{"Gesch\u00e4tzte Lesezeit":"2\u00a0Minuten"},"schema":{"@context":"https:\/\/schema.org","@graph":[{"@type":"WebPage","@id":"https:\/\/www.austrianweb.at\/drucksorten\/banner-transparente\/bauzaunblenden\/","url":"https:\/\/www.austrianweb.at\/drucksorten\/banner-transparente\/bauzaunblenden\/","name":"Bauzaunblenden, auch f. Absperrgitter. PVC, Textil oder Netzvinyl","isPartOf":{"@id":"https:\/\/www.austrianweb.at\/drucksorten\/#website"},"primaryImageOfPage":{"@id":"https:\/\/www.austrianweb.at\/drucksorten\/banner-transparente\/bauzaunblenden\/#primaryimage"},"image":{"@id":"https:\/\/www.austrianweb.at\/drucksorten\/banner-transparente\/bauzaunblenden\/#primaryimage"},"thumbnailUrl":"https:\/\/www.austrianweb.at\/drucksorten\/wp-content\/uploads\/Bauzaunblenden1.jpg","datePublished":"2012-05-31T12:13:56+00:00","dateModified":"2025-10-24T14:14:08+00:00","description":"Bauzaunblenden sind eine Art Transparent um Werbeotschaften und Hinweise zu erm\u00f6glichen. Hochwertige Qualit\u00e4t h\u00e4lt auch hohe Belastungen aus!","breadcrumb":{"@id":"https:\/\/www.austrianweb.at\/drucksorten\/banner-transparente\/bauzaunblenden\/#breadcrumb"},"inLanguage":"de","potentialAction":[{"@type":"ReadAction","target":["https:\/\/www.austrianweb.at\/drucksorten\/banner-transparente\/bauzaunblenden\/"]}]},{"@type":"ImageObject","inLanguage":"de","@id":"https:\/\/www.austrianweb.at\/drucksorten\/banner-transparente\/bauzaunblenden\/#primaryimage","url":"https:\/\/www.austrianweb.at\/drucksorten\/wp-content\/uploads\/Bauzaunblenden1.jpg","contentUrl":"https:\/\/www.austrianweb.at\/drucksorten\/wp-content\/uploads\/Bauzaunblenden1.jpg","width":300,"height":269},{"@type":"BreadcrumbList","@id":"https:\/\/www.austrianweb.at\/drucksorten\/banner-transparente\/bauzaunblenden\/#breadcrumb","itemListElement":[{"@type":"ListItem","position":1,"name":"Banner &#8211; Transparente","item":"https:\/\/www.austrianweb.at\/drucksorten\/banner-transparente\/"},{"@type":"ListItem","position":2,"name":"Bauzaunblenden"}]},{"@type":"WebSite","@id":"https:\/\/www.austrianweb.at\/drucksorten\/#website","url":"https:\/\/www.austrianweb.at\/drucksorten\/","name":"Qualitativ hochwertige Drucksorten aller Art","description":"Gesch\u00e4fts- u. Werbedrucksorten - Printartikel f\u00fcr Point of sale","publisher":{"@id":"https:\/\/www.austrianweb.at\/drucksorten\/#organization"},"potentialAction":[{"@type":"SearchAction","target":{"@type":"EntryPoint","urlTemplate":"https:\/\/www.austrianweb.at\/drucksorten\/?s={search_term_string}"},"query-input":"required name=search_term_string"}],"inLanguage":"de"},{"@type":"Organization","@id":"https:\/\/www.austrianweb.at\/drucksorten\/#organization","name":"Austrianweb","url":"https:\/\/www.austrianweb.at\/drucksorten\/","logo":{"@type":"ImageObject","inLanguage":"de","@id":"https:\/\/www.austrianweb.at\/drucksorten\/#\/schema\/logo\/image\/","url":"https:\/\/www.austrianweb.at\/drucksorten\/wp-content\/uploads\/Austrianweb-Logo-180.png","contentUrl":"https:\/\/www.austrianweb.at\/drucksorten\/wp-content\/uploads\/Austrianweb-Logo-180.png","width":180,"height":209,"caption":"Austrianweb"},"image":{"@id":"https:\/\/www.austrianweb.at\/drucksorten\/#\/schema\/logo\/image\/"},"sameAs":["https:\/\/www.facebook.com\/pages\/Austrianweb-Suchmaschinenoptimierung\/","https:\/\/x.com\/austrianweb"]}]}},"_links":{"self":[{"href":"https:\/\/www.austrianweb.at\/drucksorten\/wp-json\/wp\/v2\/pages\/138"}],"collection":[{"href":"https:\/\/www.austrianweb.at\/drucksorten\/wp-json\/wp\/v2\/pages"}],"about":[{"href":"https:\/\/www.austrianweb.at\/drucksorten\/wp-json\/wp\/v2\/types\/page"}],"author":[{"embeddable":true,"href":"https:\/\/www.austrianweb.at\/drucksorten\/wp-json\/wp\/v2\/users\/6"}],"replies":[{"embeddable":true,"href":"https:\/\/www.austrianweb.at\/drucksorten\/wp-json\/wp\/v2\/comments?post=138"}],"version-history":[{"count":9,"href":"https:\/\/www.austrianweb.at\/drucksorten\/wp-json\/wp\/v2\/pages\/138\/revisions"}],"predecessor-version":[{"id":4595,"href":"https:\/\/www.austrianweb.at\/drucksorten\/wp-json\/wp\/v2\/pages\/138\/revisions\/4595"}],"up":[{"embeddable":true,"href":"https:\/\/www.austrianweb.at\/drucksorten\/wp-json\/wp\/v2\/pages\/4589"}],"wp:attachment":[{"href":"https:\/\/www.austrianweb.at\/drucksorten\/wp-json\/wp\/v2\/media?parent=138"}],"curies":[{"name":"wp","href":"https:\/\/api.w.org\/{rel}","templated":true}]}}