{"id":135,"date":"2010-09-28T06:51:56","date_gmt":"2010-09-28T06:51:56","guid":{"rendered":"http:\/\/www.austrianweb.at\/drucksorten\/wordpress\/?p=135"},"modified":"2017-03-15T15:13:19","modified_gmt":"2017-03-15T15:13:19","slug":"holzbilder","status":"publish","type":"page","link":"https:\/\/www.austrianweb.at\/drucksorten\/banner-tafel-schilder\/holzbilder\/","title":{"rendered":"Holzbilder \/ Holztafel (n)"},"content":{"rendered":"<p>An dieser Stelle etwas ganz besonderes. Ein Eyecatcher f\u00fcr B\u00fcro oder Wohnzimmer.<\/p>\n<p>Ihr Wunschfoto \/ Motiv \/ Logo auf einer Holzplatte. Die Holzmaserung ist durch das Motiv noch zu erkennen.<\/p>\n<p>Holzschilder &#8211; Holzbilder<\/p>\n<ul>\n<li>auf hochwertigem19mm schichtverleimten Fichtenholz<\/li>\n<li>UV Farbdruck<\/li>\n<li>4-f\u00e4rbig<\/li>\n<li>Konturschnitte m\u00f6glich<\/li>\n<li>auch schwierige Konturen sind kein Problem<\/li>\n<li>Hinweis: bei einem Konturschnitt sind die R\u00e4nder schwarz, da mit einem Laser geschnitten wird<\/li>\n<\/ul>\n<p><img decoding=\"async\" loading=\"lazy\" class=\"aligncenter wp-image-901 size-full\" title=\"Holztafeln\" src=\"https:\/\/www.austrianweb.at\/drucksorten\/wp-content\/uploads\/Holztafel.jpg\" alt=\"\" width=\"400\" height=\"236\" \/><\/p>\n<p><strong>Formate<\/strong>:<\/p>\n<ul>\n<li>A4<\/li>\n<li>A3<\/li>\n<li>A2<\/li>\n<li>A1<\/li>\n<li>A0<\/li>\n<li>bis zu einer Gr\u00f6\u00dfe von 1,2x1m<\/li>\n<li>freie Form bis zu einer Gr\u00f6\u00dfe von 1,2x1m<\/li>\n<\/ul>\n<p>&nbsp;<\/p>\n<p>&nbsp;<\/p>\n","protected":false},"excerpt":{"rendered":"<p>An dieser Stelle etwas ganz besonderes. Ein Eyecatcher f\u00fcr B\u00fcro oder Wohnzimmer. Ihr Wunschfoto \/ Motiv \/ Logo auf einer Holzplatte. Die Holzmaserung ist durch das Motiv noch zu erkennen. Holzschilder &#8211; Holzbilder auf hochwertigem19mm schichtverleimten Fichtenholz UV Farbdruck 4-f\u00e4rbig Konturschnitte m\u00f6glich auch schwierige Konturen sind kein Problem Hinweis: bei einem Konturschnitt sind die R\u00e4nder [&hellip;]<\/p>\n","protected":false},"author":1,"featured_media":0,"parent":132,"menu_order":0,"comment_status":"closed","ping_status":"open","template":"","meta":{"footnotes":""},"yoast_head":"<!-- This site is optimized with the Yoast SEO plugin v22.5 - https:\/\/yoast.com\/wordpress\/plugins\/seo\/ -->\n<title>Holzbilder und Holzschilder<\/title>\n<meta name=\"description\" content=\"Fotodruck auf Holzplatten mit durchscheinender Holzmaserung. Nicht nur im Wohnzimmer eine Hingucker!\" \/>\n<meta name=\"robots\" content=\"index, follow, max-snippet:-1, max-image-preview:large, max-video-preview:-1\" \/>\n<link rel=\"canonical\" href=\"https:\/\/www.austrianweb.at\/drucksorten\/banner-tafel-schilder\/holzbilder\/\" \/>\n<meta property=\"og:locale\" content=\"de_DE\" \/>\n<meta property=\"og:type\" content=\"article\" \/>\n<meta property=\"og:title\" content=\"Holzbilder und Holzschilder\" \/>\n<meta property=\"og:description\" content=\"Fotodruck auf Holzplatten mit durchscheinender Holzmaserung. Nicht nur im Wohnzimmer eine Hingucker!\" \/>\n<meta property=\"og:url\" content=\"https:\/\/www.austrianweb.at\/drucksorten\/banner-tafel-schilder\/holzbilder\/\" \/>\n<meta property=\"og:site_name\" content=\"Qualitativ hochwertige Drucksorten aller Art\" \/>\n<meta property=\"article:publisher\" content=\"https:\/\/www.facebook.com\/pages\/Austrianweb-Suchmaschinenoptimierung\/\" \/>\n<meta property=\"article:modified_time\" content=\"2017-03-15T15:13:19+00:00\" \/>\n<meta property=\"og:image\" content=\"https:\/\/www.austrianweb.at\/drucksorten\/wp-content\/uploads\/Holztafel.jpg\" \/>\n<script type=\"application\/ld+json\" class=\"yoast-schema-graph\">{\"@context\":\"https:\/\/schema.org\",\"@graph\":[{\"@type\":\"WebPage\",\"@id\":\"https:\/\/www.austrianweb.at\/drucksorten\/banner-tafel-schilder\/holzbilder\/\",\"url\":\"https:\/\/www.austrianweb.at\/drucksorten\/banner-tafel-schilder\/holzbilder\/\",\"name\":\"Holzbilder und Holzschilder\",\"isPartOf\":{\"@id\":\"https:\/\/www.austrianweb.at\/drucksorten\/#website\"},\"primaryImageOfPage\":{\"@id\":\"https:\/\/www.austrianweb.at\/drucksorten\/banner-tafel-schilder\/holzbilder\/#primaryimage\"},\"image\":{\"@id\":\"https:\/\/www.austrianweb.at\/drucksorten\/banner-tafel-schilder\/holzbilder\/#primaryimage\"},\"thumbnailUrl\":\"https:\/\/www.austrianweb.at\/drucksorten\/wp-content\/uploads\/Holztafel.jpg\",\"datePublished\":\"2010-09-28T06:51:56+00:00\",\"dateModified\":\"2017-03-15T15:13:19+00:00\",\"description\":\"Fotodruck auf Holzplatten mit durchscheinender Holzmaserung. Nicht nur im Wohnzimmer eine Hingucker!\",\"breadcrumb\":{\"@id\":\"https:\/\/www.austrianweb.at\/drucksorten\/banner-tafel-schilder\/holzbilder\/#breadcrumb\"},\"inLanguage\":\"de\",\"potentialAction\":[{\"@type\":\"ReadAction\",\"target\":[\"https:\/\/www.austrianweb.at\/drucksorten\/banner-tafel-schilder\/holzbilder\/\"]}]},{\"@type\":\"ImageObject\",\"inLanguage\":\"de\",\"@id\":\"https:\/\/www.austrianweb.at\/drucksorten\/banner-tafel-schilder\/holzbilder\/#primaryimage\",\"url\":\"https:\/\/www.austrianweb.at\/drucksorten\/wp-content\/uploads\/Holztafel.jpg\",\"contentUrl\":\"https:\/\/www.austrianweb.at\/drucksorten\/wp-content\/uploads\/Holztafel.jpg\"},{\"@type\":\"BreadcrumbList\",\"@id\":\"https:\/\/www.austrianweb.at\/drucksorten\/banner-tafel-schilder\/holzbilder\/#breadcrumb\",\"itemListElement\":[{\"@type\":\"ListItem\",\"position\":1,\"name\":\"Schilder, Platten u. Tafeln\",\"item\":\"https:\/\/www.austrianweb.at\/drucksorten\/banner-tafel-schilder\/\"},{\"@type\":\"ListItem\",\"position\":2,\"name\":\"Holzbilder \/ Holztafel (n)\"}]},{\"@type\":\"WebSite\",\"@id\":\"https:\/\/www.austrianweb.at\/drucksorten\/#website\",\"url\":\"https:\/\/www.austrianweb.at\/drucksorten\/\",\"name\":\"Qualitativ hochwertige Drucksorten aller Art\",\"description\":\"Gesch\u00e4fts- u. Werbedrucksorten - Printartikel f\u00fcr Point of sale\",\"publisher\":{\"@id\":\"https:\/\/www.austrianweb.at\/drucksorten\/#organization\"},\"potentialAction\":[{\"@type\":\"SearchAction\",\"target\":{\"@type\":\"EntryPoint\",\"urlTemplate\":\"https:\/\/www.austrianweb.at\/drucksorten\/?s={search_term_string}\"},\"query-input\":\"required name=search_term_string\"}],\"inLanguage\":\"de\"},{\"@type\":\"Organization\",\"@id\":\"https:\/\/www.austrianweb.at\/drucksorten\/#organization\",\"name\":\"Austrianweb\",\"url\":\"https:\/\/www.austrianweb.at\/drucksorten\/\",\"logo\":{\"@type\":\"ImageObject\",\"inLanguage\":\"de\",\"@id\":\"https:\/\/www.austrianweb.at\/drucksorten\/#\/schema\/logo\/image\/\",\"url\":\"https:\/\/www.austrianweb.at\/drucksorten\/wp-content\/uploads\/Austrianweb-Logo-180.png\",\"contentUrl\":\"https:\/\/www.austrianweb.at\/drucksorten\/wp-content\/uploads\/Austrianweb-Logo-180.png\",\"width\":180,\"height\":209,\"caption\":\"Austrianweb\"},\"image\":{\"@id\":\"https:\/\/www.austrianweb.at\/drucksorten\/#\/schema\/logo\/image\/\"},\"sameAs\":[\"https:\/\/www.facebook.com\/pages\/Austrianweb-Suchmaschinenoptimierung\/\",\"https:\/\/x.com\/austrianweb\"]}]}<\/script>\n<!-- \/ Yoast SEO plugin. -->","yoast_head_json":{"title":"Holzbilder und Holzschilder","description":"Fotodruck auf Holzplatten mit durchscheinender Holzmaserung. Nicht nur im Wohnzimmer eine Hingucker!","robots":{"index":"index","follow":"follow","max-snippet":"max-snippet:-1","max-image-preview":"max-image-preview:large","max-video-preview":"max-video-preview:-1"},"canonical":"https:\/\/www.austrianweb.at\/drucksorten\/banner-tafel-schilder\/holzbilder\/","og_locale":"de_DE","og_type":"article","og_title":"Holzbilder und Holzschilder","og_description":"Fotodruck auf Holzplatten mit durchscheinender Holzmaserung. Nicht nur im Wohnzimmer eine Hingucker!","og_url":"https:\/\/www.austrianweb.at\/drucksorten\/banner-tafel-schilder\/holzbilder\/","og_site_name":"Qualitativ hochwertige Drucksorten aller Art","article_publisher":"https:\/\/www.facebook.com\/pages\/Austrianweb-Suchmaschinenoptimierung\/","article_modified_time":"2017-03-15T15:13:19+00:00","og_image":[{"url":"https:\/\/www.austrianweb.at\/drucksorten\/wp-content\/uploads\/Holztafel.jpg"}],"schema":{"@context":"https:\/\/schema.org","@graph":[{"@type":"WebPage","@id":"https:\/\/www.austrianweb.at\/drucksorten\/banner-tafel-schilder\/holzbilder\/","url":"https:\/\/www.austrianweb.at\/drucksorten\/banner-tafel-schilder\/holzbilder\/","name":"Holzbilder und Holzschilder","isPartOf":{"@id":"https:\/\/www.austrianweb.at\/drucksorten\/#website"},"primaryImageOfPage":{"@id":"https:\/\/www.austrianweb.at\/drucksorten\/banner-tafel-schilder\/holzbilder\/#primaryimage"},"image":{"@id":"https:\/\/www.austrianweb.at\/drucksorten\/banner-tafel-schilder\/holzbilder\/#primaryimage"},"thumbnailUrl":"https:\/\/www.austrianweb.at\/drucksorten\/wp-content\/uploads\/Holztafel.jpg","datePublished":"2010-09-28T06:51:56+00:00","dateModified":"2017-03-15T15:13:19+00:00","description":"Fotodruck auf Holzplatten mit durchscheinender Holzmaserung. Nicht nur im Wohnzimmer eine Hingucker!","breadcrumb":{"@id":"https:\/\/www.austrianweb.at\/drucksorten\/banner-tafel-schilder\/holzbilder\/#breadcrumb"},"inLanguage":"de","potentialAction":[{"@type":"ReadAction","target":["https:\/\/www.austrianweb.at\/drucksorten\/banner-tafel-schilder\/holzbilder\/"]}]},{"@type":"ImageObject","inLanguage":"de","@id":"https:\/\/www.austrianweb.at\/drucksorten\/banner-tafel-schilder\/holzbilder\/#primaryimage","url":"https:\/\/www.austrianweb.at\/drucksorten\/wp-content\/uploads\/Holztafel.jpg","contentUrl":"https:\/\/www.austrianweb.at\/drucksorten\/wp-content\/uploads\/Holztafel.jpg"},{"@type":"BreadcrumbList","@id":"https:\/\/www.austrianweb.at\/drucksorten\/banner-tafel-schilder\/holzbilder\/#breadcrumb","itemListElement":[{"@type":"ListItem","position":1,"name":"Schilder, Platten u. Tafeln","item":"https:\/\/www.austrianweb.at\/drucksorten\/banner-tafel-schilder\/"},{"@type":"ListItem","position":2,"name":"Holzbilder \/ Holztafel (n)"}]},{"@type":"WebSite","@id":"https:\/\/www.austrianweb.at\/drucksorten\/#website","url":"https:\/\/www.austrianweb.at\/drucksorten\/","name":"Qualitativ hochwertige Drucksorten aller Art","description":"Gesch\u00e4fts- u. Werbedrucksorten - Printartikel f\u00fcr Point of sale","publisher":{"@id":"https:\/\/www.austrianweb.at\/drucksorten\/#organization"},"potentialAction":[{"@type":"SearchAction","target":{"@type":"EntryPoint","urlTemplate":"https:\/\/www.austrianweb.at\/drucksorten\/?s={search_term_string}"},"query-input":"required name=search_term_string"}],"inLanguage":"de"},{"@type":"Organization","@id":"https:\/\/www.austrianweb.at\/drucksorten\/#organization","name":"Austrianweb","url":"https:\/\/www.austrianweb.at\/drucksorten\/","logo":{"@type":"ImageObject","inLanguage":"de","@id":"https:\/\/www.austrianweb.at\/drucksorten\/#\/schema\/logo\/image\/","url":"https:\/\/www.austrianweb.at\/drucksorten\/wp-content\/uploads\/Austrianweb-Logo-180.png","contentUrl":"https:\/\/www.austrianweb.at\/drucksorten\/wp-content\/uploads\/Austrianweb-Logo-180.png","width":180,"height":209,"caption":"Austrianweb"},"image":{"@id":"https:\/\/www.austrianweb.at\/drucksorten\/#\/schema\/logo\/image\/"},"sameAs":["https:\/\/www.facebook.com\/pages\/Austrianweb-Suchmaschinenoptimierung\/","https:\/\/x.com\/austrianweb"]}]}},"_links":{"self":[{"href":"https:\/\/www.austrianweb.at\/drucksorten\/wp-json\/wp\/v2\/pages\/135"}],"collection":[{"href":"https:\/\/www.austrianweb.at\/drucksorten\/wp-json\/wp\/v2\/pages"}],"about":[{"href":"https:\/\/www.austrianweb.at\/drucksorten\/wp-json\/wp\/v2\/types\/page"}],"author":[{"embeddable":true,"href":"https:\/\/www.austrianweb.at\/drucksorten\/wp-json\/wp\/v2\/users\/1"}],"replies":[{"embeddable":true,"href":"https:\/\/www.austrianweb.at\/drucksorten\/wp-json\/wp\/v2\/comments?post=135"}],"version-history":[{"count":1,"href":"https:\/\/www.austrianweb.at\/drucksorten\/wp-json\/wp\/v2\/pages\/135\/revisions"}],"predecessor-version":[{"id":3073,"href":"https:\/\/www.austrianweb.at\/drucksorten\/wp-json\/wp\/v2\/pages\/135\/revisions\/3073"}],"up":[{"embeddable":true,"href":"https:\/\/www.austrianweb.at\/drucksorten\/wp-json\/wp\/v2\/pages\/132"}],"wp:attachment":[{"href":"https:\/\/www.austrianweb.at\/drucksorten\/wp-json\/wp\/v2\/media?parent=135"}],"curies":[{"name":"wp","href":"https:\/\/api.w.org\/{rel}","templated":true}]}}