{"id":1343,"date":"2012-08-23T11:00:49","date_gmt":"2012-08-23T11:00:49","guid":{"rendered":"http:\/\/www.austrianweb.at\/drucksorten\/wordpress\/?page_id=1343"},"modified":"2021-05-06T12:55:15","modified_gmt":"2021-05-06T12:55:15","slug":"pappfiguren-kartonschutten","status":"publish","type":"page","link":"https:\/\/www.austrianweb.at\/drucksorten\/display\/pappfiguren-kartonschutten\/","title":{"rendered":"Pappfiguren &#8211; Verkaufs- u. Kartonsch\u00fctten"},"content":{"rendered":"<div  class='avia-slideshow av-kocw0l1f-7d359b192331b4b096cd10168b544115 avia-slideshow-featured av_slideshow avia-slide-slider  avia-builder-el-0  el_before_av_heading  avia-builder-el-first  av-slideshow-ui av-control-default av-slideshow-manual av-loop-once av-loop-manual-endless av-default-height-applied avia-slideshow-1' data-slideshow-options=\"{&quot;animation&quot;:&quot;slide&quot;,&quot;autoplay&quot;:false,&quot;loop_autoplay&quot;:&quot;once&quot;,&quot;interval&quot;:5,&quot;loop_manual&quot;:&quot;manual-endless&quot;,&quot;autoplay_stopper&quot;:false,&quot;noNavigation&quot;:false,&quot;bg_slider&quot;:false,&quot;keep_padding&quot;:false,&quot;hoverpause&quot;:false,&quot;show_slide_delay&quot;:0}\"  itemprop=\"image\" itemscope=\"itemscope\" itemtype=\"https:\/\/schema.org\/ImageObject\" ><ul class='avia-slideshow-inner ' style='padding-bottom: 17.333333333333%;'><li  class='avia-slideshow-slide av-kocw0l1f-7d359b192331b4b096cd10168b544115__0  av-single-slide slide-1 slide-odd'><div data-rel='slideshow-1' class='avia-slide-wrap '   ><img decoding=\"async\" fetchpriority=\"high\" class=\"wp-image-4056 avia-img-lazy-loading-not-4056\"  src=\"https:\/\/www.austrianweb.at\/drucksorten\/wp-content\/uploads\/Pappfiguren-Header-1500x260.jpg\" width=\"1500\" height=\"260\" title='Pappfiguren-Header' alt=''  itemprop=\"thumbnailUrl\"   \/><\/div><\/li><\/ul><\/div>\n\n<style type=\"text\/css\" data-created_by=\"avia_inline_auto\" id=\"style-css-av-av_heading-9f500d3e9d5cdde3cb360b9efcacff19\">\n#top .av-special-heading.av-av_heading-9f500d3e9d5cdde3cb360b9efcacff19{\npadding-bottom:10px;\n}\nbody .av-special-heading.av-av_heading-9f500d3e9d5cdde3cb360b9efcacff19 .av-special-heading-tag .heading-char{\nfont-size:25px;\n}\n.av-special-heading.av-av_heading-9f500d3e9d5cdde3cb360b9efcacff19 .av-subheading{\nfont-size:15px;\n}\n<\/style>\n<div  class='av-special-heading av-av_heading-9f500d3e9d5cdde3cb360b9efcacff19 av-special-heading-h2 blockquote modern-quote  avia-builder-el-1  el_after_av_slideshow  el_before_av_one_half '><h2 class='av-special-heading-tag '  itemprop=\"headline\"  >Pappfiguren und Pappaufsteller<\/h2><div class='av-subheading av-subheading_below'><p>Kartonfiguren, Werbe Aufsteller aus Karton, Eyecatcher<\/p>\n<\/div><div class=\"special-heading-border\"><div class=\"special-heading-inner-border\"><\/div><\/div><\/div>\n\n<style type=\"text\/css\" data-created_by=\"avia_inline_auto\" id=\"style-css-av-4ig5fz-bacd32ac9ad6854725af0f605e5bd561\">\n.flex_column.av-4ig5fz-bacd32ac9ad6854725af0f605e5bd561{\nborder-radius:0px 0px 0px 0px;\npadding:5px 5px 5px 5px;\n}\n<\/style>\n<div  class='flex_column av-4ig5fz-bacd32ac9ad6854725af0f605e5bd561 av_one_half  avia-builder-el-2  el_after_av_heading  el_before_av_one_half  first flex_column_div  '     ><section  class='av_textblock_section av-kocud921-95fc88081f5bcc28c65dca68b1bda304 '   itemscope=\"itemscope\" itemtype=\"https:\/\/schema.org\/CreativeWork\" ><div class='avia_textblock'  itemprop=\"text\" ><h3>Pappfiguren<\/h3>\n<p>Figuren aus Karton in Lebensgr\u00f6\u00dfe (bis 190cm H\u00f6he) oder nur einfach Kartonaufsteller f\u00fcr das Messepult.<\/p>\n<p>Kartonfiguren fallen nicht nur auf sondern man kann \u00fcber diese auch Flugbl\u00e4tter oder \u00e4hnliches zur Verf\u00fcgung stellen. Pappaufsteller k\u00f6nnen als Wegweiser dienen, Informationen zeigen oder einfach nur als Dekoration bzw. Eyecatcher benutzt werden.\u00a0Der Phantasie sind hier keine Grenzen gesetzt.<\/p>\n<p>Die Figuren bzw. Aufsteller sind einseitig bedruckt und bestehen wahlweise aus Pappe\/Karton- oder\u00a0 wetterfesten Hohlkammerplatten.\u00a0 Die &#8222;freie Form&#8220; der Silhouette ist nochmals ein Hingucker.<\/p>\n<p>Somit ist dieser Artikel pr\u00e4distiniert f\u00fcr Werbefiguren, Testimonials und Avatare in Lebensgr\u00f6\u00dfe! Gerne werden sie aber auch f\u00fcr Feste und Geburtstagsfeiern und Jubil\u00e4en verwendet.<\/p>\n<\/div><\/section><br \/>\n\n<style type=\"text\/css\" data-created_by=\"avia_inline_auto\" id=\"style-css-av-kocw4qs4-789a1b7a59c2f99405238ad44f3f56ba\">\n.avia-image-container.av-kocw4qs4-789a1b7a59c2f99405238ad44f3f56ba img.avia_image{\nbox-shadow:none;\n}\n.avia-image-container.av-kocw4qs4-789a1b7a59c2f99405238ad44f3f56ba .av-image-caption-overlay-center{\ncolor:#ffffff;\n}\n<\/style>\n<div  class='avia-image-container av-kocw4qs4-789a1b7a59c2f99405238ad44f3f56ba av-styling- avia-align-center  avia-builder-el-4  el_after_av_textblock  avia-builder-el-last '   itemprop=\"image\" itemscope=\"itemscope\" itemtype=\"https:\/\/schema.org\/ImageObject\" ><div class=\"avia-image-container-inner\"><div class=\"avia-image-overlay-wrap\"><img decoding=\"async\" fetchpriority=\"high\" class='wp-image-4057 avia-img-lazy-loading-not-4057 avia_image ' src=\"https:\/\/www.austrianweb.at\/drucksorten\/wp-content\/uploads\/Lebensgrosse-Pappfiguren-749x1030.jpg\" alt='' title='Lebensgrosse-Pappfiguren'  height=\"1030\" width=\"749\"  itemprop=\"thumbnailUrl\" srcset=\"https:\/\/www.austrianweb.at\/drucksorten\/wp-content\/uploads\/Lebensgrosse-Pappfiguren-749x1030.jpg 749w, https:\/\/www.austrianweb.at\/drucksorten\/wp-content\/uploads\/Lebensgrosse-Pappfiguren-472x650.jpg 472w, https:\/\/www.austrianweb.at\/drucksorten\/wp-content\/uploads\/Lebensgrosse-Pappfiguren-768x1057.jpg 768w, https:\/\/www.austrianweb.at\/drucksorten\/wp-content\/uploads\/Lebensgrosse-Pappfiguren-512x705.jpg 512w, https:\/\/www.austrianweb.at\/drucksorten\/wp-content\/uploads\/Lebensgrosse-Pappfiguren.jpg 1000w\" sizes=\"(max-width: 749px) 100vw, 749px\" \/><\/div><\/div><\/div><\/p><\/div>\n<style type=\"text\/css\" data-created_by=\"avia_inline_auto\" id=\"style-css-av-35t1bj-d34c85cd4f8ba85c7ec5429b01ad30f9\">\n.flex_column.av-35t1bj-d34c85cd4f8ba85c7ec5429b01ad30f9{\nborder-radius:0px 0px 0px 0px;\npadding:0px 0px 0px 0px;\n}\n<\/style>\n<div  class='flex_column av-35t1bj-d34c85cd4f8ba85c7ec5429b01ad30f9 av_one_half  avia-builder-el-5  el_after_av_one_half  el_before_av_image  flex_column_div av-zero-column-padding  '     ><section  class='av_textblock_section av-kocw3h2b-7abb0f882eebb664e6fa002394259a59 '   itemscope=\"itemscope\" itemtype=\"https:\/\/schema.org\/CreativeWork\" ><div class='avia_textblock'  itemprop=\"text\" ><p><strong>Portfolio:<\/strong><\/p>\n<ul>\n<li>Pappfiguren (inkl. Kartonsteher)<\/li>\n<li>Pappfiguren (inkl. Polypropylen-Steher)<\/li>\n<\/ul>\n<p><strong>Materialien:<\/strong><\/p>\n<ul>\n<li>Pappfiguren in Lebensgr\u00f6\u00dfe bis 190cm H\u00f6he\n<ul>\n<li>4mm Doppelwelle, bis 110x190cm inkl.<\/li>\n<li>10mm Kartonwabenplatte, bis 110x190cm<\/li>\n<li>5mm Hohlkammerplatte, bis 110x165cm<\/li>\n<\/ul>\n<\/li>\n<li>Pappfiguren bis 145cm H\u00f6he\n<ul>\n<li>4mm Doppelwelle, bis 110x145cm<\/li>\n<li>10mm Kartonwabenplatte, bis 110x145cm<\/li>\n<li>5mm Hohlkammerplatte, bis 110x145cm<\/li>\n<\/ul>\n<\/li>\n<\/ul>\n<h3>Pappfiguren inkl. Kartonsteher<\/h3>\n<ul>\n<li>4mm Doppelwelle<\/li>\n<li>5mm Kartonwabenplatte einseitig 4c-bedruckt<\/li>\n<li>Kartonsteher auf R\u00fcckseite mit Klebeband montiert<\/li>\n<\/ul>\n<h3>Pappfiguren inkl. Polypropylen-Steher<\/h3>\n<ul>\n<li>5mm Polypropylen-Hohlkammerplatte einseitig 4c-bedruckt (wetterfest)<\/li>\n<li>Polypropylen-Steher auf R\u00fcckseite mit Klebeband montiert<\/li>\n<\/ul>\n<div>\n<h3>Praktisches Zubeh\u00f6r:<\/h3>\n<p><strong>Prospekthalter aus Klarsicht Hart-PVC<\/strong><\/p>\n<ul>\n<li>A6 hoch<\/li>\n<li>A5 hoch<\/li>\n<li>A4 hoch<\/li>\n<li>A6 quer<\/li>\n<li>A5 quer<\/li>\n<\/ul>\n<\/div>\n<\/div><\/section><\/div>\n<style type=\"text\/css\" data-created_by=\"avia_inline_auto\" id=\"style-css-av-kocw5npk-cc80c5b9e8aa8b4ca424871c09b5fae2\">\n.avia-image-container.av-kocw5npk-cc80c5b9e8aa8b4ca424871c09b5fae2 img.avia_image{\nbox-shadow:none;\n}\n.avia-image-container.av-kocw5npk-cc80c5b9e8aa8b4ca424871c09b5fae2 .av-image-caption-overlay-center{\ncolor:#ffffff;\n}\n<\/style>\n<div  class='avia-image-container av-kocw5npk-cc80c5b9e8aa8b4ca424871c09b5fae2 av-styling- avia-align-center  avia-builder-el-7  el_after_av_one_half  el_before_av_two_third '   itemprop=\"image\" itemscope=\"itemscope\" itemtype=\"https:\/\/schema.org\/ImageObject\" ><div class=\"avia-image-container-inner\"><div class=\"avia-image-overlay-wrap\"><img decoding=\"async\" fetchpriority=\"high\" class='wp-image-4058 avia-img-lazy-loading-not-4058 avia_image ' src=\"https:\/\/www.austrianweb.at\/drucksorten\/wp-content\/uploads\/Pappfiguren-und-Kartonaufsteller-896x1030.jpg\" alt='' title='Pappfiguren und Kartonaufsteller'  height=\"1030\" width=\"896\"  itemprop=\"thumbnailUrl\" srcset=\"https:\/\/www.austrianweb.at\/drucksorten\/wp-content\/uploads\/Pappfiguren-und-Kartonaufsteller-896x1030.jpg 896w, https:\/\/www.austrianweb.at\/drucksorten\/wp-content\/uploads\/Pappfiguren-und-Kartonaufsteller-490x563.jpg 490w, https:\/\/www.austrianweb.at\/drucksorten\/wp-content\/uploads\/Pappfiguren-und-Kartonaufsteller-768x883.jpg 768w, https:\/\/www.austrianweb.at\/drucksorten\/wp-content\/uploads\/Pappfiguren-und-Kartonaufsteller-613x705.jpg 613w, https:\/\/www.austrianweb.at\/drucksorten\/wp-content\/uploads\/Pappfiguren-und-Kartonaufsteller.jpg 1186w\" sizes=\"(max-width: 896px) 100vw, 896px\" \/><\/div><\/div><\/div><\/p>\n\n<style type=\"text\/css\" data-created_by=\"avia_inline_auto\" id=\"style-css-av-4ig5fz-bacd32ac9ad6854725af0f605e5bd561\">\n.flex_column.av-4ig5fz-bacd32ac9ad6854725af0f605e5bd561{\nborder-radius:0px 0px 0px 0px;\npadding:5px 5px 5px 5px;\n}\n<\/style>\n<div  class='flex_column av-4ig5fz-bacd32ac9ad6854725af0f605e5bd561 av_two_third  avia-builder-el-8  el_after_av_image  el_before_av_one_third  first flex_column_div  '     ><section  class='av_textblock_section av-kocue4ly-db2463870a61a724d631ed1aab2d8431 '   itemscope=\"itemscope\" itemtype=\"https:\/\/schema.org\/CreativeWork\" ><div class='avia_textblock'  itemprop=\"text\" ><div>\n<h3>Verkaufssch\u00fctten \/ Verkaufsdisplays<\/h3>\n<p>Individuell bedruckte Zeitschriftenhalter oder auch f\u00fcr Verkaufsunterlagen wie Folder, Flyer &amp; Co<\/p>\n<ul>\n<li>Zeitschriftenhalter mit A4 Einschub oder wahlweise individuellem Freiform-Einschub<\/li>\n<li>ED Karton Doppelwelle mit 4mm<\/li>\n<li>Gr\u00f6\u00dfe: 23&#215;93,5x32cm (BxHxT)<\/li>\n<li>Fachgr\u00f6\u00dfe: 23x12x32cm (BxHxT)<\/li>\n<li>Befestigung: Verzahnung (wir empfehlen eine Verklebung)<\/li>\n<li>Gewicht:1,2kg<\/li>\n<\/ul>\n<\/div>\n<p>Achtung: Nur f\u00fcr Innenanwendungen geeignet!<\/p>\n<p>Beachten Sie bitte auch unser Angebot f\u00fcr Display\u00b4s, Obelisk, Totem, Standdisplay und Wave Displays<\/p>\n<\/div><\/section><\/div>\n\n<style type=\"text\/css\" data-created_by=\"avia_inline_auto\" id=\"style-css-av-35t1bj-d34c85cd4f8ba85c7ec5429b01ad30f9\">\n.flex_column.av-35t1bj-d34c85cd4f8ba85c7ec5429b01ad30f9{\nborder-radius:0px 0px 0px 0px;\npadding:0px 0px 0px 0px;\n}\n<\/style>\n<div  class='flex_column av-35t1bj-d34c85cd4f8ba85c7ec5429b01ad30f9 av_one_third  avia-builder-el-10  el_after_av_two_third  avia-builder-el-last  flex_column_div av-zero-column-padding  '     ><\/div>\n","protected":false},"excerpt":{"rendered":"","protected":false},"author":6,"featured_media":0,"parent":143,"menu_order":0,"comment_status":"closed","ping_status":"open","template":"","meta":{"footnotes":""},"yoast_head":"<!-- This site is optimized with the Yoast SEO plugin v22.5 - https:\/\/yoast.com\/wordpress\/plugins\/seo\/ -->\n<title>Pappfiguren - Kartonaufsteller u. Verkaufssch\u00fctten<\/title>\n<meta name=\"description\" content=\"Lebensgro\u00dfe Pappfiguren als Verkaufsunterst\u00fctzung, Eycatcher oder Geburtstagsgeschenk. Silhouettenform!\" \/>\n<meta name=\"robots\" content=\"index, follow, max-snippet:-1, max-image-preview:large, max-video-preview:-1\" \/>\n<link rel=\"canonical\" href=\"https:\/\/www.austrianweb.at\/drucksorten\/display\/pappfiguren-kartonschutten\/\" \/>\n<meta property=\"og:locale\" content=\"de_DE\" \/>\n<meta property=\"og:type\" content=\"article\" \/>\n<meta property=\"og:title\" content=\"Pappfiguren - Kartonaufsteller u. Verkaufssch\u00fctten\" \/>\n<meta property=\"og:description\" content=\"Lebensgro\u00dfe Pappfiguren als Verkaufsunterst\u00fctzung, Eycatcher oder Geburtstagsgeschenk. Silhouettenform!\" \/>\n<meta property=\"og:url\" content=\"https:\/\/www.austrianweb.at\/drucksorten\/display\/pappfiguren-kartonschutten\/\" \/>\n<meta property=\"og:site_name\" content=\"Qualitativ hochwertige Drucksorten aller Art\" \/>\n<meta property=\"article:publisher\" content=\"https:\/\/www.facebook.com\/pages\/Austrianweb-Suchmaschinenoptimierung\/\" \/>\n<meta property=\"article:modified_time\" content=\"2021-05-06T12:55:15+00:00\" \/>\n<meta property=\"og:image\" content=\"https:\/\/www.austrianweb.at\/drucksorten\/wp-content\/uploads\/Austrianweb-Logo-180.png\" \/>\n\t<meta property=\"og:image:width\" content=\"180\" \/>\n\t<meta property=\"og:image:height\" content=\"209\" \/>\n\t<meta property=\"og:image:type\" content=\"image\/png\" \/>\n<meta name=\"twitter:label1\" content=\"Gesch\u00e4tzte Lesezeit\" \/>\n\t<meta name=\"twitter:data1\" content=\"6\u00a0Minuten\" \/>\n<script type=\"application\/ld+json\" class=\"yoast-schema-graph\">{\"@context\":\"https:\/\/schema.org\",\"@graph\":[{\"@type\":\"WebPage\",\"@id\":\"https:\/\/www.austrianweb.at\/drucksorten\/display\/pappfiguren-kartonschutten\/\",\"url\":\"https:\/\/www.austrianweb.at\/drucksorten\/display\/pappfiguren-kartonschutten\/\",\"name\":\"Pappfiguren - Kartonaufsteller u. Verkaufssch\u00fctten\",\"isPartOf\":{\"@id\":\"https:\/\/www.austrianweb.at\/drucksorten\/#website\"},\"datePublished\":\"2012-08-23T11:00:49+00:00\",\"dateModified\":\"2021-05-06T12:55:15+00:00\",\"description\":\"Lebensgro\u00dfe Pappfiguren als Verkaufsunterst\u00fctzung, Eycatcher oder Geburtstagsgeschenk. Silhouettenform!\",\"breadcrumb\":{\"@id\":\"https:\/\/www.austrianweb.at\/drucksorten\/display\/pappfiguren-kartonschutten\/#breadcrumb\"},\"inLanguage\":\"de\",\"potentialAction\":[{\"@type\":\"ReadAction\",\"target\":[\"https:\/\/www.austrianweb.at\/drucksorten\/display\/pappfiguren-kartonschutten\/\"]}]},{\"@type\":\"BreadcrumbList\",\"@id\":\"https:\/\/www.austrianweb.at\/drucksorten\/display\/pappfiguren-kartonschutten\/#breadcrumb\",\"itemListElement\":[{\"@type\":\"ListItem\",\"position\":1,\"name\":\"Display\u00b4s\",\"item\":\"https:\/\/www.austrianweb.at\/drucksorten\/display\/\"},{\"@type\":\"ListItem\",\"position\":2,\"name\":\"Pappfiguren &#8211; Verkaufs- u. Kartonsch\u00fctten\"}]},{\"@type\":\"WebSite\",\"@id\":\"https:\/\/www.austrianweb.at\/drucksorten\/#website\",\"url\":\"https:\/\/www.austrianweb.at\/drucksorten\/\",\"name\":\"Qualitativ hochwertige Drucksorten aller Art\",\"description\":\"Gesch\u00e4fts- u. Werbedrucksorten - Printartikel f\u00fcr Point of sale\",\"publisher\":{\"@id\":\"https:\/\/www.austrianweb.at\/drucksorten\/#organization\"},\"potentialAction\":[{\"@type\":\"SearchAction\",\"target\":{\"@type\":\"EntryPoint\",\"urlTemplate\":\"https:\/\/www.austrianweb.at\/drucksorten\/?s={search_term_string}\"},\"query-input\":\"required name=search_term_string\"}],\"inLanguage\":\"de\"},{\"@type\":\"Organization\",\"@id\":\"https:\/\/www.austrianweb.at\/drucksorten\/#organization\",\"name\":\"Austrianweb\",\"url\":\"https:\/\/www.austrianweb.at\/drucksorten\/\",\"logo\":{\"@type\":\"ImageObject\",\"inLanguage\":\"de\",\"@id\":\"https:\/\/www.austrianweb.at\/drucksorten\/#\/schema\/logo\/image\/\",\"url\":\"https:\/\/www.austrianweb.at\/drucksorten\/wp-content\/uploads\/Austrianweb-Logo-180.png\",\"contentUrl\":\"https:\/\/www.austrianweb.at\/drucksorten\/wp-content\/uploads\/Austrianweb-Logo-180.png\",\"width\":180,\"height\":209,\"caption\":\"Austrianweb\"},\"image\":{\"@id\":\"https:\/\/www.austrianweb.at\/drucksorten\/#\/schema\/logo\/image\/\"},\"sameAs\":[\"https:\/\/www.facebook.com\/pages\/Austrianweb-Suchmaschinenoptimierung\/\",\"https:\/\/x.com\/austrianweb\"]}]}<\/script>\n<!-- \/ Yoast SEO plugin. -->","yoast_head_json":{"title":"Pappfiguren - Kartonaufsteller u. Verkaufssch\u00fctten","description":"Lebensgro\u00dfe Pappfiguren als Verkaufsunterst\u00fctzung, Eycatcher oder Geburtstagsgeschenk. Silhouettenform!","robots":{"index":"index","follow":"follow","max-snippet":"max-snippet:-1","max-image-preview":"max-image-preview:large","max-video-preview":"max-video-preview:-1"},"canonical":"https:\/\/www.austrianweb.at\/drucksorten\/display\/pappfiguren-kartonschutten\/","og_locale":"de_DE","og_type":"article","og_title":"Pappfiguren - Kartonaufsteller u. Verkaufssch\u00fctten","og_description":"Lebensgro\u00dfe Pappfiguren als Verkaufsunterst\u00fctzung, Eycatcher oder Geburtstagsgeschenk. Silhouettenform!","og_url":"https:\/\/www.austrianweb.at\/drucksorten\/display\/pappfiguren-kartonschutten\/","og_site_name":"Qualitativ hochwertige Drucksorten aller Art","article_publisher":"https:\/\/www.facebook.com\/pages\/Austrianweb-Suchmaschinenoptimierung\/","article_modified_time":"2021-05-06T12:55:15+00:00","og_image":[{"width":180,"height":209,"url":"https:\/\/www.austrianweb.at\/drucksorten\/wp-content\/uploads\/Austrianweb-Logo-180.png","type":"image\/png"}],"twitter_misc":{"Gesch\u00e4tzte Lesezeit":"6\u00a0Minuten"},"schema":{"@context":"https:\/\/schema.org","@graph":[{"@type":"WebPage","@id":"https:\/\/www.austrianweb.at\/drucksorten\/display\/pappfiguren-kartonschutten\/","url":"https:\/\/www.austrianweb.at\/drucksorten\/display\/pappfiguren-kartonschutten\/","name":"Pappfiguren - Kartonaufsteller u. Verkaufssch\u00fctten","isPartOf":{"@id":"https:\/\/www.austrianweb.at\/drucksorten\/#website"},"datePublished":"2012-08-23T11:00:49+00:00","dateModified":"2021-05-06T12:55:15+00:00","description":"Lebensgro\u00dfe Pappfiguren als Verkaufsunterst\u00fctzung, Eycatcher oder Geburtstagsgeschenk. Silhouettenform!","breadcrumb":{"@id":"https:\/\/www.austrianweb.at\/drucksorten\/display\/pappfiguren-kartonschutten\/#breadcrumb"},"inLanguage":"de","potentialAction":[{"@type":"ReadAction","target":["https:\/\/www.austrianweb.at\/drucksorten\/display\/pappfiguren-kartonschutten\/"]}]},{"@type":"BreadcrumbList","@id":"https:\/\/www.austrianweb.at\/drucksorten\/display\/pappfiguren-kartonschutten\/#breadcrumb","itemListElement":[{"@type":"ListItem","position":1,"name":"Display\u00b4s","item":"https:\/\/www.austrianweb.at\/drucksorten\/display\/"},{"@type":"ListItem","position":2,"name":"Pappfiguren &#8211; Verkaufs- u. Kartonsch\u00fctten"}]},{"@type":"WebSite","@id":"https:\/\/www.austrianweb.at\/drucksorten\/#website","url":"https:\/\/www.austrianweb.at\/drucksorten\/","name":"Qualitativ hochwertige Drucksorten aller Art","description":"Gesch\u00e4fts- u. Werbedrucksorten - Printartikel f\u00fcr Point of sale","publisher":{"@id":"https:\/\/www.austrianweb.at\/drucksorten\/#organization"},"potentialAction":[{"@type":"SearchAction","target":{"@type":"EntryPoint","urlTemplate":"https:\/\/www.austrianweb.at\/drucksorten\/?s={search_term_string}"},"query-input":"required name=search_term_string"}],"inLanguage":"de"},{"@type":"Organization","@id":"https:\/\/www.austrianweb.at\/drucksorten\/#organization","name":"Austrianweb","url":"https:\/\/www.austrianweb.at\/drucksorten\/","logo":{"@type":"ImageObject","inLanguage":"de","@id":"https:\/\/www.austrianweb.at\/drucksorten\/#\/schema\/logo\/image\/","url":"https:\/\/www.austrianweb.at\/drucksorten\/wp-content\/uploads\/Austrianweb-Logo-180.png","contentUrl":"https:\/\/www.austrianweb.at\/drucksorten\/wp-content\/uploads\/Austrianweb-Logo-180.png","width":180,"height":209,"caption":"Austrianweb"},"image":{"@id":"https:\/\/www.austrianweb.at\/drucksorten\/#\/schema\/logo\/image\/"},"sameAs":["https:\/\/www.facebook.com\/pages\/Austrianweb-Suchmaschinenoptimierung\/","https:\/\/x.com\/austrianweb"]}]}},"_links":{"self":[{"href":"https:\/\/www.austrianweb.at\/drucksorten\/wp-json\/wp\/v2\/pages\/1343"}],"collection":[{"href":"https:\/\/www.austrianweb.at\/drucksorten\/wp-json\/wp\/v2\/pages"}],"about":[{"href":"https:\/\/www.austrianweb.at\/drucksorten\/wp-json\/wp\/v2\/types\/page"}],"author":[{"embeddable":true,"href":"https:\/\/www.austrianweb.at\/drucksorten\/wp-json\/wp\/v2\/users\/6"}],"replies":[{"embeddable":true,"href":"https:\/\/www.austrianweb.at\/drucksorten\/wp-json\/wp\/v2\/comments?post=1343"}],"version-history":[{"count":18,"href":"https:\/\/www.austrianweb.at\/drucksorten\/wp-json\/wp\/v2\/pages\/1343\/revisions"}],"predecessor-version":[{"id":4052,"href":"https:\/\/www.austrianweb.at\/drucksorten\/wp-json\/wp\/v2\/pages\/1343\/revisions\/4052"}],"up":[{"embeddable":true,"href":"https:\/\/www.austrianweb.at\/drucksorten\/wp-json\/wp\/v2\/pages\/143"}],"wp:attachment":[{"href":"https:\/\/www.austrianweb.at\/drucksorten\/wp-json\/wp\/v2\/media?parent=1343"}],"curies":[{"name":"wp","href":"https:\/\/api.w.org\/{rel}","templated":true}]}}