{"id":128,"date":"2008-04-12T07:19:24","date_gmt":"2008-04-12T07:19:24","guid":{"rendered":"http:\/\/www.austrianweb.at\/drucksorten\/wordpress\/?p=128"},"modified":"2021-04-11T12:38:45","modified_gmt":"2021-04-11T12:38:45","slug":"kapa-tafeln","status":"publish","type":"page","link":"https:\/\/www.austrianweb.at\/drucksorten\/banner-tafel-schilder\/kapa-tafeln\/","title":{"rendered":"Kapa Platten"},"content":{"rendered":"\n<style type=\"text\/css\" data-created_by=\"avia_inline_auto\" id=\"style-css-av-knd5juaq-baae361d13141648276e8e7a2ca517c3\">\n#top .av-special-heading.av-knd5juaq-baae361d13141648276e8e7a2ca517c3{\npadding-bottom:10px;\n}\nbody .av-special-heading.av-knd5juaq-baae361d13141648276e8e7a2ca517c3 .av-special-heading-tag .heading-char{\nfont-size:25px;\n}\n.av-special-heading.av-knd5juaq-baae361d13141648276e8e7a2ca517c3 .av-subheading{\nfont-size:15px;\n}\n<\/style>\n<div  class='av-special-heading av-knd5juaq-baae361d13141648276e8e7a2ca517c3 av-special-heading-h2  avia-builder-el-0  el_before_av_textblock  avia-builder-el-first '><h2 class='av-special-heading-tag '  itemprop=\"headline\"  >Kapaplatten<\/h2><div class=\"special-heading-border\"><div class=\"special-heading-inner-border\"><\/div><\/div><\/div>\n<section  class='av_textblock_section av-knd5l5wr-b5540de208f8664e82b1873aa45d5013 '   itemscope=\"itemscope\" itemtype=\"https:\/\/schema.org\/CreativeWork\" ><div class='avia_textblock'  itemprop=\"text\" ><p>Wer kennt sie nicht &#8211; Kapaplatten bzw. Tafeln. Bew\u00e4hrt bei Messebau, als Infotafeln und Werbeschilder.<\/p>\n<p>Kapaplatten mit UV-Druck. Gestaltet nach Ihren Vorgaben.<\/p>\n<p>Ideal f\u00fcr<\/p>\n<ul>\n<li>Messebau<\/li>\n<li>Wanddisplay<\/li>\n<li>leichte Montage und Abbau<\/li>\n<li>5mm , sehr leicht<\/li>\n<li>feucht abwischbar<\/li>\n<li>direkt bedruckt mittels UV Tinte<\/li>\n<\/ul>\n<p>Kapatafeln sind f\u00fcr Pr\u00e4sentationen\u00a0im Innenbereich gedacht. Wer es braucht bekommt die Kapaplatten \u00fcber uns auch in Wunschform &#8211; passend zugeschnitten.<\/p>\n<ul>\n<li>Wahlweise ein- oder beidseitig bedruckt<\/li>\n<li>St\u00e4rke 5 oder 10mm<\/li>\n<li>Auch Konturschnitt m\u00f6glich<\/li>\n<li>Auf Wunsch mit Kartonaufsteller<\/li>\n<li>Hochwertiger UV Druck garantiert lange Haltbarkeit im Innenbereich<\/li>\n<li>Lack Veredelung m\u00f6glich &#8211; UV Lack vollfl\u00e4chig seidengl\u00e4nzend oder partiell hochg\u00e4nzend<\/li>\n<li>7c-Farbdruck auf 5mm oder 10mm Kapaplatten (Direktdruck!)<\/li>\n<li>Durch ihr geringes Gewicht sind Kapaplatten auch besonders geeignet f\u00fcr den mobilen Einsatz<\/li>\n<li>Vielf\u00e4ltige Einsatzm\u00f6glichkeiten\n<ul>\n<li>Messest\u00e4nde<\/li>\n<li>Messebautafeln<\/li>\n<li>Wandbilder<\/li>\n<li>Infodisplays<\/li>\n<li>Produktbeschreibungen<\/li>\n<li>Deckenh\u00e4nger<\/li>\n<li>&#8230;&#8230;..<\/li>\n<\/ul>\n<\/li>\n<li><strong>Lieferzeit der bedruckten Kapa Platten:<\/strong> 2 &#8211; 4 Werktage<\/li>\n<\/ul>\n<p><a href=\"https:\/\/www.austrianweb.at\/drucksorten\/wp-content\/uploads\/Kapa-Platten.png\"><img decoding=\"async\" loading=\"lazy\" class=\"aligncenter size-full wp-image-2314\" src=\"https:\/\/www.austrianweb.at\/drucksorten\/wp-content\/uploads\/Kapa-Platten.png\" alt=\"Kapa-Platten\" width=\"402\" height=\"599\" \/><\/a><\/p>\n<p>Formate (ein-oder zweiseitig bedruckt):<\/p>\n<ul>\n<li>Bis A4 (210 x 297mm)<\/li>\n<li>Bis A3 (297 x 420mm)<\/li>\n<li>Bis A2 (420 x 594 mm)<\/li>\n<li>Bis A1 (594 x 840mm)<\/li>\n<li>Bis A0 (840 x 1.188mm)<\/li>\n<li>Wunschformat und Freiform ebenfalls m\u00f6glich<\/li>\n<\/ul>\n<div><\/div>\n<p><strong style=\"font-family: helvetica;\">PDF Anforderung f\u00fcr den Druck<\/strong><\/p>\n<ul>\n<li><span style=\"font-family: helvetica;\">Farbmodus CMYK<\/span><\/li>\n<li><span style=\"font-family: helvetica;\">Aufl\u00f6sung 300 DPI<\/span><\/li>\n<li><span style=\"font-family: helvetica;\">2mm \u00dcberf\u00fcller pro Kante<\/span><\/li>\n<li><span style=\"font-family: helvetica;\">Senden Sie und bitte nach M\u00f6glichkeit eine PDFx\/1a-Daten<\/span><\/li>\n<\/ul>\n<div style=\"text-align: center;\"><span style=\"font-family: helvetica;\">\u00a0 \u00a0 \u00a0 \u00a0 \u00a0<\/span><\/div>\n<\/div><\/section>\n","protected":false},"excerpt":{"rendered":"","protected":false},"author":6,"featured_media":0,"parent":132,"menu_order":0,"comment_status":"closed","ping_status":"open","template":"","meta":{"footnotes":""},"yoast_head":"<!-- This site is optimized with the Yoast SEO plugin v22.5 - https:\/\/yoast.com\/wordpress\/plugins\/seo\/ -->\n<title>Kapa Platten, 7c Druck und UV-Lack<\/title>\n<meta name=\"description\" content=\"Kapa Platten in beliebiger Form bis max 1200x2420mm in einem St\u00fcck. Bestens geeignet f\u00fcr Messest\u00e4nde usw. Ihre 1A Werbebotschaft.\" \/>\n<meta name=\"robots\" content=\"index, follow, max-snippet:-1, max-image-preview:large, max-video-preview:-1\" \/>\n<link rel=\"canonical\" href=\"https:\/\/www.austrianweb.at\/drucksorten\/banner-tafel-schilder\/kapa-tafeln\/\" \/>\n<meta property=\"og:locale\" content=\"de_DE\" \/>\n<meta property=\"og:type\" content=\"article\" \/>\n<meta property=\"og:title\" content=\"Kapa Platten, 7c Druck und UV-Lack\" \/>\n<meta property=\"og:description\" content=\"Kapa Platten in beliebiger Form bis max 1200x2420mm in einem St\u00fcck. Bestens geeignet f\u00fcr Messest\u00e4nde usw. Ihre 1A Werbebotschaft.\" \/>\n<meta property=\"og:url\" content=\"https:\/\/www.austrianweb.at\/drucksorten\/banner-tafel-schilder\/kapa-tafeln\/\" \/>\n<meta property=\"og:site_name\" content=\"Qualitativ hochwertige Drucksorten aller Art\" \/>\n<meta property=\"article:publisher\" content=\"https:\/\/www.facebook.com\/pages\/Austrianweb-Suchmaschinenoptimierung\/\" \/>\n<meta property=\"article:modified_time\" content=\"2021-04-11T12:38:45+00:00\" \/>\n<meta property=\"og:image\" content=\"https:\/\/www.austrianweb.at\/drucksorten\/wp-content\/uploads\/Kapa-Platten.png\" \/>\n<meta name=\"twitter:label1\" content=\"Gesch\u00e4tzte Lesezeit\" \/>\n\t<meta name=\"twitter:data1\" content=\"2\u00a0Minuten\" \/>\n<script type=\"application\/ld+json\" class=\"yoast-schema-graph\">{\"@context\":\"https:\/\/schema.org\",\"@graph\":[{\"@type\":\"WebPage\",\"@id\":\"https:\/\/www.austrianweb.at\/drucksorten\/banner-tafel-schilder\/kapa-tafeln\/\",\"url\":\"https:\/\/www.austrianweb.at\/drucksorten\/banner-tafel-schilder\/kapa-tafeln\/\",\"name\":\"Kapa Platten, 7c Druck und UV-Lack\",\"isPartOf\":{\"@id\":\"https:\/\/www.austrianweb.at\/drucksorten\/#website\"},\"primaryImageOfPage\":{\"@id\":\"https:\/\/www.austrianweb.at\/drucksorten\/banner-tafel-schilder\/kapa-tafeln\/#primaryimage\"},\"image\":{\"@id\":\"https:\/\/www.austrianweb.at\/drucksorten\/banner-tafel-schilder\/kapa-tafeln\/#primaryimage\"},\"thumbnailUrl\":\"https:\/\/www.austrianweb.at\/drucksorten\/wp-content\/uploads\/Kapa-Platten.png\",\"datePublished\":\"2008-04-12T07:19:24+00:00\",\"dateModified\":\"2021-04-11T12:38:45+00:00\",\"description\":\"Kapa Platten in beliebiger Form bis max 1200x2420mm in einem St\u00fcck. Bestens geeignet f\u00fcr Messest\u00e4nde usw. Ihre 1A Werbebotschaft.\",\"breadcrumb\":{\"@id\":\"https:\/\/www.austrianweb.at\/drucksorten\/banner-tafel-schilder\/kapa-tafeln\/#breadcrumb\"},\"inLanguage\":\"de\",\"potentialAction\":[{\"@type\":\"ReadAction\",\"target\":[\"https:\/\/www.austrianweb.at\/drucksorten\/banner-tafel-schilder\/kapa-tafeln\/\"]}]},{\"@type\":\"ImageObject\",\"inLanguage\":\"de\",\"@id\":\"https:\/\/www.austrianweb.at\/drucksorten\/banner-tafel-schilder\/kapa-tafeln\/#primaryimage\",\"url\":\"https:\/\/www.austrianweb.at\/drucksorten\/wp-content\/uploads\/Kapa-Platten.png\",\"contentUrl\":\"https:\/\/www.austrianweb.at\/drucksorten\/wp-content\/uploads\/Kapa-Platten.png\"},{\"@type\":\"BreadcrumbList\",\"@id\":\"https:\/\/www.austrianweb.at\/drucksorten\/banner-tafel-schilder\/kapa-tafeln\/#breadcrumb\",\"itemListElement\":[{\"@type\":\"ListItem\",\"position\":1,\"name\":\"Schilder, Platten u. Tafeln\",\"item\":\"https:\/\/www.austrianweb.at\/drucksorten\/banner-tafel-schilder\/\"},{\"@type\":\"ListItem\",\"position\":2,\"name\":\"Kapa Platten\"}]},{\"@type\":\"WebSite\",\"@id\":\"https:\/\/www.austrianweb.at\/drucksorten\/#website\",\"url\":\"https:\/\/www.austrianweb.at\/drucksorten\/\",\"name\":\"Qualitativ hochwertige Drucksorten aller Art\",\"description\":\"Gesch\u00e4fts- u. Werbedrucksorten - Printartikel f\u00fcr Point of sale\",\"publisher\":{\"@id\":\"https:\/\/www.austrianweb.at\/drucksorten\/#organization\"},\"potentialAction\":[{\"@type\":\"SearchAction\",\"target\":{\"@type\":\"EntryPoint\",\"urlTemplate\":\"https:\/\/www.austrianweb.at\/drucksorten\/?s={search_term_string}\"},\"query-input\":\"required name=search_term_string\"}],\"inLanguage\":\"de\"},{\"@type\":\"Organization\",\"@id\":\"https:\/\/www.austrianweb.at\/drucksorten\/#organization\",\"name\":\"Austrianweb\",\"url\":\"https:\/\/www.austrianweb.at\/drucksorten\/\",\"logo\":{\"@type\":\"ImageObject\",\"inLanguage\":\"de\",\"@id\":\"https:\/\/www.austrianweb.at\/drucksorten\/#\/schema\/logo\/image\/\",\"url\":\"https:\/\/www.austrianweb.at\/drucksorten\/wp-content\/uploads\/Austrianweb-Logo-180.png\",\"contentUrl\":\"https:\/\/www.austrianweb.at\/drucksorten\/wp-content\/uploads\/Austrianweb-Logo-180.png\",\"width\":180,\"height\":209,\"caption\":\"Austrianweb\"},\"image\":{\"@id\":\"https:\/\/www.austrianweb.at\/drucksorten\/#\/schema\/logo\/image\/\"},\"sameAs\":[\"https:\/\/www.facebook.com\/pages\/Austrianweb-Suchmaschinenoptimierung\/\",\"https:\/\/x.com\/austrianweb\"]}]}<\/script>\n<!-- \/ Yoast SEO plugin. -->","yoast_head_json":{"title":"Kapa Platten, 7c Druck und UV-Lack","description":"Kapa Platten in beliebiger Form bis max 1200x2420mm in einem St\u00fcck. Bestens geeignet f\u00fcr Messest\u00e4nde usw. Ihre 1A Werbebotschaft.","robots":{"index":"index","follow":"follow","max-snippet":"max-snippet:-1","max-image-preview":"max-image-preview:large","max-video-preview":"max-video-preview:-1"},"canonical":"https:\/\/www.austrianweb.at\/drucksorten\/banner-tafel-schilder\/kapa-tafeln\/","og_locale":"de_DE","og_type":"article","og_title":"Kapa Platten, 7c Druck und UV-Lack","og_description":"Kapa Platten in beliebiger Form bis max 1200x2420mm in einem St\u00fcck. Bestens geeignet f\u00fcr Messest\u00e4nde usw. Ihre 1A Werbebotschaft.","og_url":"https:\/\/www.austrianweb.at\/drucksorten\/banner-tafel-schilder\/kapa-tafeln\/","og_site_name":"Qualitativ hochwertige Drucksorten aller Art","article_publisher":"https:\/\/www.facebook.com\/pages\/Austrianweb-Suchmaschinenoptimierung\/","article_modified_time":"2021-04-11T12:38:45+00:00","og_image":[{"url":"https:\/\/www.austrianweb.at\/drucksorten\/wp-content\/uploads\/Kapa-Platten.png"}],"twitter_misc":{"Gesch\u00e4tzte Lesezeit":"2\u00a0Minuten"},"schema":{"@context":"https:\/\/schema.org","@graph":[{"@type":"WebPage","@id":"https:\/\/www.austrianweb.at\/drucksorten\/banner-tafel-schilder\/kapa-tafeln\/","url":"https:\/\/www.austrianweb.at\/drucksorten\/banner-tafel-schilder\/kapa-tafeln\/","name":"Kapa Platten, 7c Druck und UV-Lack","isPartOf":{"@id":"https:\/\/www.austrianweb.at\/drucksorten\/#website"},"primaryImageOfPage":{"@id":"https:\/\/www.austrianweb.at\/drucksorten\/banner-tafel-schilder\/kapa-tafeln\/#primaryimage"},"image":{"@id":"https:\/\/www.austrianweb.at\/drucksorten\/banner-tafel-schilder\/kapa-tafeln\/#primaryimage"},"thumbnailUrl":"https:\/\/www.austrianweb.at\/drucksorten\/wp-content\/uploads\/Kapa-Platten.png","datePublished":"2008-04-12T07:19:24+00:00","dateModified":"2021-04-11T12:38:45+00:00","description":"Kapa Platten in beliebiger Form bis max 1200x2420mm in einem St\u00fcck. Bestens geeignet f\u00fcr Messest\u00e4nde usw. Ihre 1A Werbebotschaft.","breadcrumb":{"@id":"https:\/\/www.austrianweb.at\/drucksorten\/banner-tafel-schilder\/kapa-tafeln\/#breadcrumb"},"inLanguage":"de","potentialAction":[{"@type":"ReadAction","target":["https:\/\/www.austrianweb.at\/drucksorten\/banner-tafel-schilder\/kapa-tafeln\/"]}]},{"@type":"ImageObject","inLanguage":"de","@id":"https:\/\/www.austrianweb.at\/drucksorten\/banner-tafel-schilder\/kapa-tafeln\/#primaryimage","url":"https:\/\/www.austrianweb.at\/drucksorten\/wp-content\/uploads\/Kapa-Platten.png","contentUrl":"https:\/\/www.austrianweb.at\/drucksorten\/wp-content\/uploads\/Kapa-Platten.png"},{"@type":"BreadcrumbList","@id":"https:\/\/www.austrianweb.at\/drucksorten\/banner-tafel-schilder\/kapa-tafeln\/#breadcrumb","itemListElement":[{"@type":"ListItem","position":1,"name":"Schilder, Platten u. Tafeln","item":"https:\/\/www.austrianweb.at\/drucksorten\/banner-tafel-schilder\/"},{"@type":"ListItem","position":2,"name":"Kapa Platten"}]},{"@type":"WebSite","@id":"https:\/\/www.austrianweb.at\/drucksorten\/#website","url":"https:\/\/www.austrianweb.at\/drucksorten\/","name":"Qualitativ hochwertige Drucksorten aller Art","description":"Gesch\u00e4fts- u. Werbedrucksorten - Printartikel f\u00fcr Point of sale","publisher":{"@id":"https:\/\/www.austrianweb.at\/drucksorten\/#organization"},"potentialAction":[{"@type":"SearchAction","target":{"@type":"EntryPoint","urlTemplate":"https:\/\/www.austrianweb.at\/drucksorten\/?s={search_term_string}"},"query-input":"required name=search_term_string"}],"inLanguage":"de"},{"@type":"Organization","@id":"https:\/\/www.austrianweb.at\/drucksorten\/#organization","name":"Austrianweb","url":"https:\/\/www.austrianweb.at\/drucksorten\/","logo":{"@type":"ImageObject","inLanguage":"de","@id":"https:\/\/www.austrianweb.at\/drucksorten\/#\/schema\/logo\/image\/","url":"https:\/\/www.austrianweb.at\/drucksorten\/wp-content\/uploads\/Austrianweb-Logo-180.png","contentUrl":"https:\/\/www.austrianweb.at\/drucksorten\/wp-content\/uploads\/Austrianweb-Logo-180.png","width":180,"height":209,"caption":"Austrianweb"},"image":{"@id":"https:\/\/www.austrianweb.at\/drucksorten\/#\/schema\/logo\/image\/"},"sameAs":["https:\/\/www.facebook.com\/pages\/Austrianweb-Suchmaschinenoptimierung\/","https:\/\/x.com\/austrianweb"]}]}},"_links":{"self":[{"href":"https:\/\/www.austrianweb.at\/drucksorten\/wp-json\/wp\/v2\/pages\/128"}],"collection":[{"href":"https:\/\/www.austrianweb.at\/drucksorten\/wp-json\/wp\/v2\/pages"}],"about":[{"href":"https:\/\/www.austrianweb.at\/drucksorten\/wp-json\/wp\/v2\/types\/page"}],"author":[{"embeddable":true,"href":"https:\/\/www.austrianweb.at\/drucksorten\/wp-json\/wp\/v2\/users\/6"}],"replies":[{"embeddable":true,"href":"https:\/\/www.austrianweb.at\/drucksorten\/wp-json\/wp\/v2\/comments?post=128"}],"version-history":[{"count":5,"href":"https:\/\/www.austrianweb.at\/drucksorten\/wp-json\/wp\/v2\/pages\/128\/revisions"}],"predecessor-version":[{"id":3494,"href":"https:\/\/www.austrianweb.at\/drucksorten\/wp-json\/wp\/v2\/pages\/128\/revisions\/3494"}],"up":[{"embeddable":true,"href":"https:\/\/www.austrianweb.at\/drucksorten\/wp-json\/wp\/v2\/pages\/132"}],"wp:attachment":[{"href":"https:\/\/www.austrianweb.at\/drucksorten\/wp-json\/wp\/v2\/media?parent=128"}],"curies":[{"name":"wp","href":"https:\/\/api.w.org\/{rel}","templated":true}]}}