{"id":126,"date":"2008-03-31T10:10:38","date_gmt":"2008-03-31T10:10:38","guid":{"rendered":"http:\/\/www.austrianweb.at\/drucksorten\/wordpress\/?p=126"},"modified":"2025-10-24T14:13:56","modified_gmt":"2025-10-24T14:13:56","slug":"mesh-transparente","status":"publish","type":"page","link":"https:\/\/www.austrianweb.at\/drucksorten\/banner-transparente\/mesh-transparente\/","title":{"rendered":"Transparente MESH"},"content":{"rendered":"<p>Mesh <a href=\"https:\/\/www.austrianweb.at\/drucksorten\/banner-transparente\/transparente\/\">Transparente<\/a> sind\u00a0eine Art luftdurchl\u00e4ssiges Gitter. Deswegen kann sich der Wind nicht darin fangen und es tritt kein &#8222;Segel&#8220; Effekt auf.<\/p>\n<p>MESH <a href=\"https:\/\/www.austrianweb.at\/drucksorten\/banner-transparente\/transparente\/\">Netztransparente<\/a> f\u00fcr den windigen Einsatz :-) &#8211; auch als Ger\u00fcstblenden einsetzbar!<\/p>\n<ul>\n<li>340g pro m\u00b2<\/li>\n<li>H\u00f6he\u00a0bis max. 2,40m; Breite nach\u00a0Wunsch<\/li>\n<li>inklusive \u00d6sen, alle 50cm rundherum<\/li>\n<li>4c Farbdruck mit wasser- und witterungsbest\u00e4ndigen UV-L\u00f6sungsmittelfarben<\/li>\n<li>gegen geringen Aufpreis sind auch mehrere Sujets m\u00f6glich<\/li>\n<li><strong>Lieferzeit:\u00a02 &#8211;\u00a03 Werktage ab druckfertiger Datei<\/strong><\/li>\n<\/ul>\n<p><strong>PDF Anforderung f\u00fcr den Druck<\/strong><\/p>\n<ul>\n<li>Farbmodus CMYK<\/li>\n<li>Aufl\u00f6sung 300 DPI<\/li>\n<li>Senden Sie uns bitte nach M\u00f6glichkeit eine PDFx\/1a-Daten<\/li>\n<\/ul>\n<p style=\"text-align: center;\"><a href=\"https:\/\/www.austrianweb.at\/drucksorten\/wp-content\/uploads\/Transparente-und-Werbebanner.png\"><img decoding=\"async\" loading=\"lazy\" class=\"aligncenter size-large wp-image-2309\" title=\"Mesh Transparente\" src=\"https:\/\/www.austrianweb.at\/drucksorten\/wp-content\/uploads\/Transparente-und-Werbebanner-510x510.png\" alt=\"Transparente und Werbebanner\" width=\"510\" height=\"510\" \/><\/a><\/p>\n<p style=\"text-align: left;\"><strong>Formate:<\/strong><\/p>\n<ul>\n<li>per m2<\/li>\n<li>3x1m<\/li>\n<li>4x1m<\/li>\n<li>5x1m<\/li>\n<li>3x1m\u00a0randverst\u00e4rkt<\/li>\n<li>4x1m\u00a0randverst\u00e4rkt<\/li>\n<li>5x1m\u00a0randverst\u00e4rkt<\/li>\n<li>6x1m\u00a0randverst\u00e4rkt<\/li>\n<li>4&#215;1,5m\u00a0randverst\u00e4rkt<\/li>\n<li>6&#215;1,5m\u00a0randverst\u00e4rkt<\/li>\n<li>8&#215;1,5m\u00a0randverst\u00e4rkt<\/li>\n<li>10&#215;1,5m\u00a0randverst\u00e4rkt<\/li>\n<li>6&#215;2,4m\u00a0randverst\u00e4rkt<\/li>\n<li>8&#215;2,4m\u00a0randverst\u00e4rkt<\/li>\n<li>10&#215;2,4m\u00a0randverst\u00e4rkt<\/li>\n<li>10&#215;3,1m\u00a0randverst\u00e4rkt<\/li>\n<\/ul>\n<p>Funktionsgr\u00f6\u00dfen:<\/p>\n<ul>\n<li>\u00a03,4&#215;1,74m als\u00a0<a title=\"Bauzaunblenden\" href=\"https:\/\/www.austrianweb.at\/drucksorten\/wordpress\/banner-tafel-schilder\/bauzaunblenden\/\">Bauzaunblende<\/a><\/li>\n<li>2,15&#215;0.73m als\u00a0Absperrgitter<\/li>\n<li>2&#215;2,05m f\u00fcr\u00a0Ger\u00fcstblende<\/li>\n<li>3,36&#215;2,38m f\u00fcr\u00a016 Bogen<\/li>\n<li>5,04&#215;2,38m f\u00fcr\u00a024 Bogen<\/li>\n<\/ul>\n<p>&nbsp;<\/p>\n","protected":false},"excerpt":{"rendered":"<p>Mesh Transparente sind\u00a0eine Art luftdurchl\u00e4ssiges Gitter. Deswegen kann sich der Wind nicht darin fangen und es tritt kein &#8222;Segel&#8220; Effekt auf. MESH Netztransparente f\u00fcr den windigen Einsatz :-) &#8211; auch als Ger\u00fcstblenden einsetzbar! 340g pro m\u00b2 H\u00f6he\u00a0bis max. 2,40m; Breite nach\u00a0Wunsch inklusive \u00d6sen, alle 50cm rundherum 4c Farbdruck mit wasser- und witterungsbest\u00e4ndigen UV-L\u00f6sungsmittelfarben gegen geringen [&hellip;]<\/p>\n","protected":false},"author":2,"featured_media":0,"parent":4589,"menu_order":0,"comment_status":"closed","ping_status":"open","template":"","meta":{"footnotes":""},"yoast_head":"<!-- This site is optimized with the Yoast SEO plugin v22.5 - https:\/\/yoast.com\/wordpress\/plugins\/seo\/ -->\n<title>Mesh Transparente u. Ger\u00fcstblenden<\/title>\n<meta name=\"description\" content=\"Durch mesh transparente bl\u00e4st der Wind einfach durch. Trotzdem ist der Druck klar und deutlich zu erkennen.\" \/>\n<meta name=\"robots\" content=\"index, follow, max-snippet:-1, max-image-preview:large, max-video-preview:-1\" \/>\n<link rel=\"canonical\" href=\"https:\/\/www.austrianweb.at\/drucksorten\/banner-transparente\/mesh-transparente\/\" \/>\n<meta property=\"og:locale\" content=\"de_DE\" \/>\n<meta property=\"og:type\" content=\"article\" \/>\n<meta property=\"og:title\" content=\"Mesh Transparente u. Ger\u00fcstblenden\" \/>\n<meta property=\"og:description\" content=\"Durch mesh transparente bl\u00e4st der Wind einfach durch. Trotzdem ist der Druck klar und deutlich zu erkennen.\" \/>\n<meta property=\"og:url\" content=\"https:\/\/www.austrianweb.at\/drucksorten\/banner-transparente\/mesh-transparente\/\" \/>\n<meta property=\"og:site_name\" content=\"Qualitativ hochwertige Drucksorten aller Art\" \/>\n<meta property=\"article:publisher\" content=\"https:\/\/www.facebook.com\/pages\/Austrianweb-Suchmaschinenoptimierung\/\" \/>\n<meta property=\"article:modified_time\" content=\"2025-10-24T14:13:56+00:00\" \/>\n<meta property=\"og:image\" content=\"https:\/\/www.austrianweb.at\/drucksorten\/wp-content\/uploads\/Transparente-und-Werbebanner-510x510.png\" \/>\n<meta name=\"twitter:label1\" content=\"Gesch\u00e4tzte Lesezeit\" \/>\n\t<meta name=\"twitter:data1\" content=\"1\u00a0Minute\" \/>\n<script type=\"application\/ld+json\" class=\"yoast-schema-graph\">{\"@context\":\"https:\/\/schema.org\",\"@graph\":[{\"@type\":\"WebPage\",\"@id\":\"https:\/\/www.austrianweb.at\/drucksorten\/banner-transparente\/mesh-transparente\/\",\"url\":\"https:\/\/www.austrianweb.at\/drucksorten\/banner-transparente\/mesh-transparente\/\",\"name\":\"Mesh Transparente u. Ger\u00fcstblenden\",\"isPartOf\":{\"@id\":\"https:\/\/www.austrianweb.at\/drucksorten\/#website\"},\"primaryImageOfPage\":{\"@id\":\"https:\/\/www.austrianweb.at\/drucksorten\/banner-transparente\/mesh-transparente\/#primaryimage\"},\"image\":{\"@id\":\"https:\/\/www.austrianweb.at\/drucksorten\/banner-transparente\/mesh-transparente\/#primaryimage\"},\"thumbnailUrl\":\"https:\/\/www.austrianweb.at\/drucksorten\/wp-content\/uploads\/Transparente-und-Werbebanner-510x510.png\",\"datePublished\":\"2008-03-31T10:10:38+00:00\",\"dateModified\":\"2025-10-24T14:13:56+00:00\",\"description\":\"Durch mesh transparente bl\u00e4st der Wind einfach durch. Trotzdem ist der Druck klar und deutlich zu erkennen.\",\"breadcrumb\":{\"@id\":\"https:\/\/www.austrianweb.at\/drucksorten\/banner-transparente\/mesh-transparente\/#breadcrumb\"},\"inLanguage\":\"de\",\"potentialAction\":[{\"@type\":\"ReadAction\",\"target\":[\"https:\/\/www.austrianweb.at\/drucksorten\/banner-transparente\/mesh-transparente\/\"]}]},{\"@type\":\"ImageObject\",\"inLanguage\":\"de\",\"@id\":\"https:\/\/www.austrianweb.at\/drucksorten\/banner-transparente\/mesh-transparente\/#primaryimage\",\"url\":\"https:\/\/www.austrianweb.at\/drucksorten\/wp-content\/uploads\/Transparente-und-Werbebanner-510x510.png\",\"contentUrl\":\"https:\/\/www.austrianweb.at\/drucksorten\/wp-content\/uploads\/Transparente-und-Werbebanner-510x510.png\"},{\"@type\":\"BreadcrumbList\",\"@id\":\"https:\/\/www.austrianweb.at\/drucksorten\/banner-transparente\/mesh-transparente\/#breadcrumb\",\"itemListElement\":[{\"@type\":\"ListItem\",\"position\":1,\"name\":\"Banner &#8211; Transparente\",\"item\":\"https:\/\/www.austrianweb.at\/drucksorten\/banner-transparente\/\"},{\"@type\":\"ListItem\",\"position\":2,\"name\":\"Transparente MESH\"}]},{\"@type\":\"WebSite\",\"@id\":\"https:\/\/www.austrianweb.at\/drucksorten\/#website\",\"url\":\"https:\/\/www.austrianweb.at\/drucksorten\/\",\"name\":\"Qualitativ hochwertige Drucksorten aller Art\",\"description\":\"Gesch\u00e4fts- u. Werbedrucksorten - Printartikel f\u00fcr Point of sale\",\"publisher\":{\"@id\":\"https:\/\/www.austrianweb.at\/drucksorten\/#organization\"},\"potentialAction\":[{\"@type\":\"SearchAction\",\"target\":{\"@type\":\"EntryPoint\",\"urlTemplate\":\"https:\/\/www.austrianweb.at\/drucksorten\/?s={search_term_string}\"},\"query-input\":\"required name=search_term_string\"}],\"inLanguage\":\"de\"},{\"@type\":\"Organization\",\"@id\":\"https:\/\/www.austrianweb.at\/drucksorten\/#organization\",\"name\":\"Austrianweb\",\"url\":\"https:\/\/www.austrianweb.at\/drucksorten\/\",\"logo\":{\"@type\":\"ImageObject\",\"inLanguage\":\"de\",\"@id\":\"https:\/\/www.austrianweb.at\/drucksorten\/#\/schema\/logo\/image\/\",\"url\":\"https:\/\/www.austrianweb.at\/drucksorten\/wp-content\/uploads\/Austrianweb-Logo-180.png\",\"contentUrl\":\"https:\/\/www.austrianweb.at\/drucksorten\/wp-content\/uploads\/Austrianweb-Logo-180.png\",\"width\":180,\"height\":209,\"caption\":\"Austrianweb\"},\"image\":{\"@id\":\"https:\/\/www.austrianweb.at\/drucksorten\/#\/schema\/logo\/image\/\"},\"sameAs\":[\"https:\/\/www.facebook.com\/pages\/Austrianweb-Suchmaschinenoptimierung\/\",\"https:\/\/x.com\/austrianweb\"]}]}<\/script>\n<!-- \/ Yoast SEO plugin. -->","yoast_head_json":{"title":"Mesh Transparente u. Ger\u00fcstblenden","description":"Durch mesh transparente bl\u00e4st der Wind einfach durch. Trotzdem ist der Druck klar und deutlich zu erkennen.","robots":{"index":"index","follow":"follow","max-snippet":"max-snippet:-1","max-image-preview":"max-image-preview:large","max-video-preview":"max-video-preview:-1"},"canonical":"https:\/\/www.austrianweb.at\/drucksorten\/banner-transparente\/mesh-transparente\/","og_locale":"de_DE","og_type":"article","og_title":"Mesh Transparente u. Ger\u00fcstblenden","og_description":"Durch mesh transparente bl\u00e4st der Wind einfach durch. Trotzdem ist der Druck klar und deutlich zu erkennen.","og_url":"https:\/\/www.austrianweb.at\/drucksorten\/banner-transparente\/mesh-transparente\/","og_site_name":"Qualitativ hochwertige Drucksorten aller Art","article_publisher":"https:\/\/www.facebook.com\/pages\/Austrianweb-Suchmaschinenoptimierung\/","article_modified_time":"2025-10-24T14:13:56+00:00","og_image":[{"url":"https:\/\/www.austrianweb.at\/drucksorten\/wp-content\/uploads\/Transparente-und-Werbebanner-510x510.png"}],"twitter_misc":{"Gesch\u00e4tzte Lesezeit":"1\u00a0Minute"},"schema":{"@context":"https:\/\/schema.org","@graph":[{"@type":"WebPage","@id":"https:\/\/www.austrianweb.at\/drucksorten\/banner-transparente\/mesh-transparente\/","url":"https:\/\/www.austrianweb.at\/drucksorten\/banner-transparente\/mesh-transparente\/","name":"Mesh Transparente u. Ger\u00fcstblenden","isPartOf":{"@id":"https:\/\/www.austrianweb.at\/drucksorten\/#website"},"primaryImageOfPage":{"@id":"https:\/\/www.austrianweb.at\/drucksorten\/banner-transparente\/mesh-transparente\/#primaryimage"},"image":{"@id":"https:\/\/www.austrianweb.at\/drucksorten\/banner-transparente\/mesh-transparente\/#primaryimage"},"thumbnailUrl":"https:\/\/www.austrianweb.at\/drucksorten\/wp-content\/uploads\/Transparente-und-Werbebanner-510x510.png","datePublished":"2008-03-31T10:10:38+00:00","dateModified":"2025-10-24T14:13:56+00:00","description":"Durch mesh transparente bl\u00e4st der Wind einfach durch. Trotzdem ist der Druck klar und deutlich zu erkennen.","breadcrumb":{"@id":"https:\/\/www.austrianweb.at\/drucksorten\/banner-transparente\/mesh-transparente\/#breadcrumb"},"inLanguage":"de","potentialAction":[{"@type":"ReadAction","target":["https:\/\/www.austrianweb.at\/drucksorten\/banner-transparente\/mesh-transparente\/"]}]},{"@type":"ImageObject","inLanguage":"de","@id":"https:\/\/www.austrianweb.at\/drucksorten\/banner-transparente\/mesh-transparente\/#primaryimage","url":"https:\/\/www.austrianweb.at\/drucksorten\/wp-content\/uploads\/Transparente-und-Werbebanner-510x510.png","contentUrl":"https:\/\/www.austrianweb.at\/drucksorten\/wp-content\/uploads\/Transparente-und-Werbebanner-510x510.png"},{"@type":"BreadcrumbList","@id":"https:\/\/www.austrianweb.at\/drucksorten\/banner-transparente\/mesh-transparente\/#breadcrumb","itemListElement":[{"@type":"ListItem","position":1,"name":"Banner &#8211; Transparente","item":"https:\/\/www.austrianweb.at\/drucksorten\/banner-transparente\/"},{"@type":"ListItem","position":2,"name":"Transparente MESH"}]},{"@type":"WebSite","@id":"https:\/\/www.austrianweb.at\/drucksorten\/#website","url":"https:\/\/www.austrianweb.at\/drucksorten\/","name":"Qualitativ hochwertige Drucksorten aller Art","description":"Gesch\u00e4fts- u. Werbedrucksorten - Printartikel f\u00fcr Point of sale","publisher":{"@id":"https:\/\/www.austrianweb.at\/drucksorten\/#organization"},"potentialAction":[{"@type":"SearchAction","target":{"@type":"EntryPoint","urlTemplate":"https:\/\/www.austrianweb.at\/drucksorten\/?s={search_term_string}"},"query-input":"required name=search_term_string"}],"inLanguage":"de"},{"@type":"Organization","@id":"https:\/\/www.austrianweb.at\/drucksorten\/#organization","name":"Austrianweb","url":"https:\/\/www.austrianweb.at\/drucksorten\/","logo":{"@type":"ImageObject","inLanguage":"de","@id":"https:\/\/www.austrianweb.at\/drucksorten\/#\/schema\/logo\/image\/","url":"https:\/\/www.austrianweb.at\/drucksorten\/wp-content\/uploads\/Austrianweb-Logo-180.png","contentUrl":"https:\/\/www.austrianweb.at\/drucksorten\/wp-content\/uploads\/Austrianweb-Logo-180.png","width":180,"height":209,"caption":"Austrianweb"},"image":{"@id":"https:\/\/www.austrianweb.at\/drucksorten\/#\/schema\/logo\/image\/"},"sameAs":["https:\/\/www.facebook.com\/pages\/Austrianweb-Suchmaschinenoptimierung\/","https:\/\/x.com\/austrianweb"]}]}},"_links":{"self":[{"href":"https:\/\/www.austrianweb.at\/drucksorten\/wp-json\/wp\/v2\/pages\/126"}],"collection":[{"href":"https:\/\/www.austrianweb.at\/drucksorten\/wp-json\/wp\/v2\/pages"}],"about":[{"href":"https:\/\/www.austrianweb.at\/drucksorten\/wp-json\/wp\/v2\/types\/page"}],"author":[{"embeddable":true,"href":"https:\/\/www.austrianweb.at\/drucksorten\/wp-json\/wp\/v2\/users\/2"}],"replies":[{"embeddable":true,"href":"https:\/\/www.austrianweb.at\/drucksorten\/wp-json\/wp\/v2\/comments?post=126"}],"version-history":[{"count":3,"href":"https:\/\/www.austrianweb.at\/drucksorten\/wp-json\/wp\/v2\/pages\/126\/revisions"}],"predecessor-version":[{"id":4594,"href":"https:\/\/www.austrianweb.at\/drucksorten\/wp-json\/wp\/v2\/pages\/126\/revisions\/4594"}],"up":[{"embeddable":true,"href":"https:\/\/www.austrianweb.at\/drucksorten\/wp-json\/wp\/v2\/pages\/4589"}],"wp:attachment":[{"href":"https:\/\/www.austrianweb.at\/drucksorten\/wp-json\/wp\/v2\/media?parent=126"}],"curies":[{"name":"wp","href":"https:\/\/api.w.org\/{rel}","templated":true}]}}