{"id":117,"date":"2010-03-15T10:32:04","date_gmt":"2010-03-15T10:32:04","guid":{"rendered":"http:\/\/www.austrianweb.at\/drucksorten\/wordpress\/?p=117"},"modified":"2018-03-23T12:08:11","modified_gmt":"2018-03-23T12:08:11","slug":"geschaeftsdrucksorten","status":"publish","type":"page","link":"https:\/\/www.austrianweb.at\/drucksorten\/geschaeftsdrucksorten\/","title":{"rendered":"Gesch\u00e4ftsdrucksorten"},"content":{"rendered":"<p><a href=\"https:\/\/www.austrianweb.at\/drucksorten\/wp-content\/uploads\/Geschaeftsdrucksorten.png\"><img decoding=\"async\" loading=\"lazy\" class=\"alignright size-full wp-image-2507\" src=\"https:\/\/www.austrianweb.at\/drucksorten\/wp-content\/uploads\/Geschaeftsdrucksorten.png\" alt=\"Geschaeftsdrucksorten\" width=\"170\" height=\"1180\" \/><\/a>Unser Sortiment an Gesch\u00e4ftsdrucksorten umfasst unter anderem:<\/p>\n<p><strong>Visitenkarten<\/strong><br \/>\nEinseitig, Zweiseitig, Klappvisitenkarten. cellophaniert, Ecken abgerundet &#8230;.. auch Holzvisitenkarten und auf transparenten Kunststoff erh\u00e4ltlich, 3D Effekt<\/p>\n<p><strong>Briefpapier<\/strong><br \/>\nEin oder zweiseitig bedruckt<\/p>\n<p><strong>Bl\u00f6cke<\/strong><br \/>\nin vielen, g\u00e4ngigen Gr\u00f6\u00dfen erh\u00e4ltlich<\/p>\n<p><strong>Spiralbl\u00f6cke<\/strong><br \/>\nin vielen, g\u00e4ngigen Gr\u00f6\u00dfen erh\u00e4ltlich<\/p>\n<p><strong>Flipchartbl\u00f6cke<\/strong><\/p>\n<p><strong>Fl\u00fcgelmappen und Taschen<\/strong><br \/>\nAus karton und Kunststoff<\/p>\n<p><strong>Kuverts<\/strong><br \/>\nIn allen g\u00e4ngigen Formaten, nass- oder haftklebend<\/p>\n<p><strong>Schreibtischunterlagen<\/strong><\/p>\n<p><a title=\"Ordner \u2013 Ringordner\" href=\"https:\/\/www.austrianweb.at\/drucksorten\/geschaeftsdrucksorten\/ordner\/\"><strong>Ordner und Ringordner<\/strong><\/a><\/p>\n<p><a title=\"SEPA Zahlungsanweisung \/ Zahlschein\" href=\"https:\/\/www.austrianweb.at\/drucksorten\/geschaeftsdrucksorten\/sepa-zahlungsanweisung-zahlschein\/\"><strong>SEPA Sahlungsanweisungen<\/strong><\/a><\/p>\n<p><strong>Stempel<br \/>\n<\/strong>Wahlweise von TRODAT oder als extrem preisg\u00fcnstige Alternative<\/p>\n<p>Alle Druckartikel lassen sich nach Ihren W\u00fcnsche personalisieren!<\/p>\n<p>Ausserdem stehen etliche Standard und Exklusiv-Papiersorten zur Auswahl.<\/p>\n<p><strong>Standard Papiersorten:<\/strong><\/p>\n<ul>\n<li>90g Volumenpapier: hochwei\u00df, holzfrei<\/li>\n<li>90g Recyclingpapier: 100% \u00f6sterreichisches Altpapier, chlorfrei<\/li>\n<li>100g Premium Munken: edles, cremewei\u00dfes Papier, holz- und chlorfrei<\/li>\n<li>115 g Premium Feel: exklusives Premiumpapier, matte Oberfl\u00e4che, chlorfrei<\/li>\n<li>100g Premium Leinen wei\u00df: chlor- und s\u00e4urefrei, mit klassischer Leinenpr\u00e4gung<\/li>\n<li>100g Premium Laid wei\u00df: holzfrei, chlor- und s\u00e4urefrei, mit feiner Rippung<\/li>\n<li>100g Premium Felt wei\u00df: holzfrei, chlor- und s\u00e4urefrei, mit klassischer Filzoberfl\u00e4che<\/li>\n<\/ul>\n<p><strong>Premium Papiersorten:<\/strong><\/p>\n<ul>\n<li>Feel<\/li>\n<li>Felt<\/li>\n<li>Laid<\/li>\n<li>Lei\u00adnen<\/li>\n<li>Mun\u00adken<\/li>\n<\/ul>\n<p><strong>Umweltschonend hergestellte Drucksorten aus recyceltem Papier<\/strong><\/p>\n<p><strong>Farbkern Papiere<\/strong><\/p>\n<ul>\n<li>Multiloftkarton Blau<\/li>\n<li>Multiloftkarton Gelb<\/li>\n<li>Multiloftkarton Gr\u00fcn<\/li>\n<li>Multiloftkarton Rot<\/li>\n<li>Multiloftkarton Schwarz<\/li>\n<\/ul>\n<p>Ein Mul\u00adti\u00adloft\u00adkar\u00adton be\u00adste\u00adht aus 3 Schich\u00adten mit insgesamt etwa 925g\/m\u00b2 (ca. 1,5mm)<\/p>\n<p>Die R\u00fcck\u00adsei\u00adten des Pa\u00adpiers so\u00adwie bei\u00adde Sei\u00adten des Farbkerns sind mit einem Kon\u00adtakt\u00adkle\u00adber be\u00adstri\u00adchen. In der Endverarbeitung wird durch ho\u00adhen Druck der Kle\u00adber ak\u00adti\u00adviert.<\/p>\n<p>Die bei\u00adden Au\u00ad\u00dfen\u00adschich\u00adten ha\u00adben ei\u00adne Gram\u00adma\u00adtur von je\u00adweils 325g\/m\u00b2, der f\u00e4r\u00adbi\u00adge Kern wiegt zwi\u00adschen 270-275g\/m\u00b2.<\/p>\n<p><strong>Und noch viele, weitere Papiere, Kartons und andere Materialien<\/strong><\/p>\n<p>&nbsp;<\/p>\n","protected":false},"excerpt":{"rendered":"<p>Unser Sortiment an Gesch\u00e4ftsdrucksorten umfasst unter anderem: Visitenkarten Einseitig, Zweiseitig, Klappvisitenkarten. cellophaniert, Ecken abgerundet &#8230;.. auch Holzvisitenkarten und auf transparenten Kunststoff erh\u00e4ltlich, 3D Effekt Briefpapier Ein oder zweiseitig bedruckt Bl\u00f6cke in vielen, g\u00e4ngigen Gr\u00f6\u00dfen erh\u00e4ltlich Spiralbl\u00f6cke in vielen, g\u00e4ngigen Gr\u00f6\u00dfen erh\u00e4ltlich Flipchartbl\u00f6cke Fl\u00fcgelmappen und Taschen Aus karton und Kunststoff Kuverts In allen g\u00e4ngigen Formaten, nass- [&hellip;]<\/p>\n","protected":false},"author":6,"featured_media":0,"parent":0,"menu_order":0,"comment_status":"closed","ping_status":"open","template":"","meta":{"footnotes":""},"yoast_head":"<!-- This site is optimized with the Yoast SEO plugin v22.5 - https:\/\/yoast.com\/wordpress\/plugins\/seo\/ -->\n<title>Drucksorten und Gesch\u00e4ftsdrucksorten f\u00fcr Ihr Business<\/title>\n<meta name=\"description\" content=\"Visitenkarten, Briefpapier u. Kuverts sind genau so wichtig wie z.B. Bl\u00f6cke und Schreibtischunterlagen. Hochwertige Gesch\u00e4ftsdrucksorten f\u00fcr Ihr B\u00fcro.\" \/>\n<meta name=\"robots\" content=\"index, follow, max-snippet:-1, max-image-preview:large, max-video-preview:-1\" \/>\n<link rel=\"canonical\" href=\"https:\/\/www.austrianweb.at\/drucksorten\/geschaeftsdrucksorten\/\" \/>\n<meta property=\"og:locale\" content=\"de_DE\" \/>\n<meta property=\"og:type\" content=\"article\" \/>\n<meta property=\"og:title\" content=\"Drucksorten und Gesch\u00e4ftsdrucksorten f\u00fcr Ihr Business\" \/>\n<meta property=\"og:description\" content=\"Visitenkarten, Briefpapier u. Kuverts sind genau so wichtig wie z.B. Bl\u00f6cke und Schreibtischunterlagen. Hochwertige Gesch\u00e4ftsdrucksorten f\u00fcr Ihr B\u00fcro.\" \/>\n<meta property=\"og:url\" content=\"https:\/\/www.austrianweb.at\/drucksorten\/geschaeftsdrucksorten\/\" \/>\n<meta property=\"og:site_name\" content=\"Qualitativ hochwertige Drucksorten aller Art\" \/>\n<meta property=\"article:publisher\" content=\"https:\/\/www.facebook.com\/pages\/Austrianweb-Suchmaschinenoptimierung\/\" \/>\n<meta property=\"article:modified_time\" content=\"2018-03-23T12:08:11+00:00\" \/>\n<meta property=\"og:image\" content=\"https:\/\/www.austrianweb.at\/drucksorten\/wp-content\/uploads\/Geschaeftsdrucksorten.png\" \/>\n<meta name=\"twitter:label1\" content=\"Gesch\u00e4tzte Lesezeit\" \/>\n\t<meta name=\"twitter:data1\" content=\"1\u00a0Minute\" \/>\n<script type=\"application\/ld+json\" class=\"yoast-schema-graph\">{\"@context\":\"https:\/\/schema.org\",\"@graph\":[{\"@type\":\"WebPage\",\"@id\":\"https:\/\/www.austrianweb.at\/drucksorten\/geschaeftsdrucksorten\/\",\"url\":\"https:\/\/www.austrianweb.at\/drucksorten\/geschaeftsdrucksorten\/\",\"name\":\"Drucksorten und Gesch\u00e4ftsdrucksorten f\u00fcr Ihr Business\",\"isPartOf\":{\"@id\":\"https:\/\/www.austrianweb.at\/drucksorten\/#website\"},\"primaryImageOfPage\":{\"@id\":\"https:\/\/www.austrianweb.at\/drucksorten\/geschaeftsdrucksorten\/#primaryimage\"},\"image\":{\"@id\":\"https:\/\/www.austrianweb.at\/drucksorten\/geschaeftsdrucksorten\/#primaryimage\"},\"thumbnailUrl\":\"https:\/\/www.austrianweb.at\/drucksorten\/wp-content\/uploads\/Geschaeftsdrucksorten.png\",\"datePublished\":\"2010-03-15T10:32:04+00:00\",\"dateModified\":\"2018-03-23T12:08:11+00:00\",\"description\":\"Visitenkarten, Briefpapier u. Kuverts sind genau so wichtig wie z.B. Bl\u00f6cke und Schreibtischunterlagen. Hochwertige Gesch\u00e4ftsdrucksorten f\u00fcr Ihr B\u00fcro.\",\"inLanguage\":\"de\",\"potentialAction\":[{\"@type\":\"ReadAction\",\"target\":[\"https:\/\/www.austrianweb.at\/drucksorten\/geschaeftsdrucksorten\/\"]}]},{\"@type\":\"ImageObject\",\"inLanguage\":\"de\",\"@id\":\"https:\/\/www.austrianweb.at\/drucksorten\/geschaeftsdrucksorten\/#primaryimage\",\"url\":\"https:\/\/www.austrianweb.at\/drucksorten\/wp-content\/uploads\/Geschaeftsdrucksorten.png\",\"contentUrl\":\"https:\/\/www.austrianweb.at\/drucksorten\/wp-content\/uploads\/Geschaeftsdrucksorten.png\"},{\"@type\":\"WebSite\",\"@id\":\"https:\/\/www.austrianweb.at\/drucksorten\/#website\",\"url\":\"https:\/\/www.austrianweb.at\/drucksorten\/\",\"name\":\"Qualitativ hochwertige Drucksorten aller Art\",\"description\":\"Gesch\u00e4fts- u. Werbedrucksorten - Printartikel f\u00fcr Point of sale\",\"publisher\":{\"@id\":\"https:\/\/www.austrianweb.at\/drucksorten\/#organization\"},\"potentialAction\":[{\"@type\":\"SearchAction\",\"target\":{\"@type\":\"EntryPoint\",\"urlTemplate\":\"https:\/\/www.austrianweb.at\/drucksorten\/?s={search_term_string}\"},\"query-input\":\"required name=search_term_string\"}],\"inLanguage\":\"de\"},{\"@type\":\"Organization\",\"@id\":\"https:\/\/www.austrianweb.at\/drucksorten\/#organization\",\"name\":\"Austrianweb\",\"url\":\"https:\/\/www.austrianweb.at\/drucksorten\/\",\"logo\":{\"@type\":\"ImageObject\",\"inLanguage\":\"de\",\"@id\":\"https:\/\/www.austrianweb.at\/drucksorten\/#\/schema\/logo\/image\/\",\"url\":\"https:\/\/www.austrianweb.at\/drucksorten\/wp-content\/uploads\/Austrianweb-Logo-180.png\",\"contentUrl\":\"https:\/\/www.austrianweb.at\/drucksorten\/wp-content\/uploads\/Austrianweb-Logo-180.png\",\"width\":180,\"height\":209,\"caption\":\"Austrianweb\"},\"image\":{\"@id\":\"https:\/\/www.austrianweb.at\/drucksorten\/#\/schema\/logo\/image\/\"},\"sameAs\":[\"https:\/\/www.facebook.com\/pages\/Austrianweb-Suchmaschinenoptimierung\/\",\"https:\/\/x.com\/austrianweb\"]}]}<\/script>\n<!-- \/ Yoast SEO plugin. -->","yoast_head_json":{"title":"Drucksorten und Gesch\u00e4ftsdrucksorten f\u00fcr Ihr Business","description":"Visitenkarten, Briefpapier u. Kuverts sind genau so wichtig wie z.B. Bl\u00f6cke und Schreibtischunterlagen. Hochwertige Gesch\u00e4ftsdrucksorten f\u00fcr Ihr B\u00fcro.","robots":{"index":"index","follow":"follow","max-snippet":"max-snippet:-1","max-image-preview":"max-image-preview:large","max-video-preview":"max-video-preview:-1"},"canonical":"https:\/\/www.austrianweb.at\/drucksorten\/geschaeftsdrucksorten\/","og_locale":"de_DE","og_type":"article","og_title":"Drucksorten und Gesch\u00e4ftsdrucksorten f\u00fcr Ihr Business","og_description":"Visitenkarten, Briefpapier u. Kuverts sind genau so wichtig wie z.B. Bl\u00f6cke und Schreibtischunterlagen. Hochwertige Gesch\u00e4ftsdrucksorten f\u00fcr Ihr B\u00fcro.","og_url":"https:\/\/www.austrianweb.at\/drucksorten\/geschaeftsdrucksorten\/","og_site_name":"Qualitativ hochwertige Drucksorten aller Art","article_publisher":"https:\/\/www.facebook.com\/pages\/Austrianweb-Suchmaschinenoptimierung\/","article_modified_time":"2018-03-23T12:08:11+00:00","og_image":[{"url":"https:\/\/www.austrianweb.at\/drucksorten\/wp-content\/uploads\/Geschaeftsdrucksorten.png"}],"twitter_misc":{"Gesch\u00e4tzte Lesezeit":"1\u00a0Minute"},"schema":{"@context":"https:\/\/schema.org","@graph":[{"@type":"WebPage","@id":"https:\/\/www.austrianweb.at\/drucksorten\/geschaeftsdrucksorten\/","url":"https:\/\/www.austrianweb.at\/drucksorten\/geschaeftsdrucksorten\/","name":"Drucksorten und Gesch\u00e4ftsdrucksorten f\u00fcr Ihr Business","isPartOf":{"@id":"https:\/\/www.austrianweb.at\/drucksorten\/#website"},"primaryImageOfPage":{"@id":"https:\/\/www.austrianweb.at\/drucksorten\/geschaeftsdrucksorten\/#primaryimage"},"image":{"@id":"https:\/\/www.austrianweb.at\/drucksorten\/geschaeftsdrucksorten\/#primaryimage"},"thumbnailUrl":"https:\/\/www.austrianweb.at\/drucksorten\/wp-content\/uploads\/Geschaeftsdrucksorten.png","datePublished":"2010-03-15T10:32:04+00:00","dateModified":"2018-03-23T12:08:11+00:00","description":"Visitenkarten, Briefpapier u. Kuverts sind genau so wichtig wie z.B. Bl\u00f6cke und Schreibtischunterlagen. Hochwertige Gesch\u00e4ftsdrucksorten f\u00fcr Ihr B\u00fcro.","inLanguage":"de","potentialAction":[{"@type":"ReadAction","target":["https:\/\/www.austrianweb.at\/drucksorten\/geschaeftsdrucksorten\/"]}]},{"@type":"ImageObject","inLanguage":"de","@id":"https:\/\/www.austrianweb.at\/drucksorten\/geschaeftsdrucksorten\/#primaryimage","url":"https:\/\/www.austrianweb.at\/drucksorten\/wp-content\/uploads\/Geschaeftsdrucksorten.png","contentUrl":"https:\/\/www.austrianweb.at\/drucksorten\/wp-content\/uploads\/Geschaeftsdrucksorten.png"},{"@type":"WebSite","@id":"https:\/\/www.austrianweb.at\/drucksorten\/#website","url":"https:\/\/www.austrianweb.at\/drucksorten\/","name":"Qualitativ hochwertige Drucksorten aller Art","description":"Gesch\u00e4fts- u. Werbedrucksorten - Printartikel f\u00fcr Point of sale","publisher":{"@id":"https:\/\/www.austrianweb.at\/drucksorten\/#organization"},"potentialAction":[{"@type":"SearchAction","target":{"@type":"EntryPoint","urlTemplate":"https:\/\/www.austrianweb.at\/drucksorten\/?s={search_term_string}"},"query-input":"required name=search_term_string"}],"inLanguage":"de"},{"@type":"Organization","@id":"https:\/\/www.austrianweb.at\/drucksorten\/#organization","name":"Austrianweb","url":"https:\/\/www.austrianweb.at\/drucksorten\/","logo":{"@type":"ImageObject","inLanguage":"de","@id":"https:\/\/www.austrianweb.at\/drucksorten\/#\/schema\/logo\/image\/","url":"https:\/\/www.austrianweb.at\/drucksorten\/wp-content\/uploads\/Austrianweb-Logo-180.png","contentUrl":"https:\/\/www.austrianweb.at\/drucksorten\/wp-content\/uploads\/Austrianweb-Logo-180.png","width":180,"height":209,"caption":"Austrianweb"},"image":{"@id":"https:\/\/www.austrianweb.at\/drucksorten\/#\/schema\/logo\/image\/"},"sameAs":["https:\/\/www.facebook.com\/pages\/Austrianweb-Suchmaschinenoptimierung\/","https:\/\/x.com\/austrianweb"]}]}},"_links":{"self":[{"href":"https:\/\/www.austrianweb.at\/drucksorten\/wp-json\/wp\/v2\/pages\/117"}],"collection":[{"href":"https:\/\/www.austrianweb.at\/drucksorten\/wp-json\/wp\/v2\/pages"}],"about":[{"href":"https:\/\/www.austrianweb.at\/drucksorten\/wp-json\/wp\/v2\/types\/page"}],"author":[{"embeddable":true,"href":"https:\/\/www.austrianweb.at\/drucksorten\/wp-json\/wp\/v2\/users\/6"}],"replies":[{"embeddable":true,"href":"https:\/\/www.austrianweb.at\/drucksorten\/wp-json\/wp\/v2\/comments?post=117"}],"version-history":[{"count":4,"href":"https:\/\/www.austrianweb.at\/drucksorten\/wp-json\/wp\/v2\/pages\/117\/revisions"}],"predecessor-version":[{"id":3562,"href":"https:\/\/www.austrianweb.at\/drucksorten\/wp-json\/wp\/v2\/pages\/117\/revisions\/3562"}],"wp:attachment":[{"href":"https:\/\/www.austrianweb.at\/drucksorten\/wp-json\/wp\/v2\/media?parent=117"}],"curies":[{"name":"wp","href":"https:\/\/api.w.org\/{rel}","templated":true}]}}